 {"id":10385,"date":"2022-10-05T10:06:29","date_gmt":"2022-10-05T10:06:29","guid":{"rendered":"https:\/\/zinebi.eus\/zinebi-64\/jurados-internacionales\/"},"modified":"2022-10-21T11:01:01","modified_gmt":"2022-10-21T11:01:01","slug":"jurados-internacionales","status":"publish","type":"page","link":"https:\/\/zinebi.eus\/en\/zinebi-64\/jurados-internacionales\/","title":{"rendered":"International Jury"},"content":{"rendered":"<div class=\"row\">\r\n<div class=\"col-md-12 p-b-50\">\r\n<div class=\"module-title text-center\">\r\n<h3 class=\"sidelines\"><span class=\"blanco\">Official Selection\r\nShort Film International Competition Jury\r\n<\/span><\/h3>\r\n<\/div>\r\n<\/div>\r\n<\/div>\r\n<div class=\"row justify-content-center\">\r\n<div class=\"col-md-4\">\r\n\r\n<img class=\"alignnone wp-image-10360 size-full lazyload\" alt=\"\" width=\"800\" height=\"530\" data-src=\"https:\/\/zinebi.eus\/assets\/media\/Anca-Caramelea.-Jurado-_-Jury-ZINEBI-64-2022-1.jpg\" srcset=\"https:\/\/zinebi.eus\/assets\/media\/Anca-Caramelea.-Jurado-_-Jury-ZINEBI-64-2022-1.jpg 800w, https:\/\/zinebi.eus\/assets\/media\/Anca-Caramelea.-Jurado-_-Jury-ZINEBI-64-2022-1-150x99.jpg 150w, https:\/\/zinebi.eus\/assets\/media\/Anca-Caramelea.-Jurado-_-Jury-ZINEBI-64-2022-1-300x199.jpg 300w, https:\/\/zinebi.eus\/assets\/media\/Anca-Caramelea.-Jurado-_-Jury-ZINEBI-64-2022-1-400x265.jpg 400w, https:\/\/zinebi.eus\/assets\/media\/Anca-Caramelea.-Jurado-_-Jury-ZINEBI-64-2022-1-480x318.jpg 480w, https:\/\/zinebi.eus\/assets\/media\/Anca-Caramelea.-Jurado-_-Jury-ZINEBI-64-2022-1-550x364.jpg 550w, https:\/\/zinebi.eus\/assets\/media\/Anca-Caramelea.-Jurado-_-Jury-ZINEBI-64-2022-1-768x509.jpg 768w\" sizes=\"(max-width: 800px) 100vw, 800px\" \/>\r\n<h4 class=\"m-t-20\"><b>Anca Caramelea<\/b><\/h4>\r\n<span style=\"font-weight: 400;\">Film programmer at Ecozine Film Festival. As a film professional, she has collaborated with several film festivals such as Les Films de Cannes \u00e0 Bucarest, Bucharest International Experimental Film Festival (BIEFF), NexT Film Festival. Her interest for cinema as an instrument for change has been the driving force of a long collaboration with Pelicam \u2013 International Film Festival about Environment and People, both as a programmer and a festival coordinator. Her other professional area revolves around the role films can play as educational resources, so she has worked extensively with various film education programmes (CinEd, \u00c9ducation \u00e0 l\u2019image, CineKids, Kinoteca Bloc Zero). She studied Anthropology and Sociology at the University of Bucharest and has a Masters in Film Studies from the University of East Anglia.<\/span>\r\n\r\n<\/div>\r\n<div class=\"col-md-4\">\r\n\r\n<img class=\"alignnone size-full wp-image-10366 lazyload\" alt=\"\" width=\"800\" height=\"530\" data-src=\"https:\/\/zinebi.eus\/assets\/media\/Hilke-Doering.-Jurado-_-Jury-ZINEBI-64-2022.jpg\" srcset=\"https:\/\/zinebi.eus\/assets\/media\/Hilke-Doering.-Jurado-_-Jury-ZINEBI-64-2022.jpg 800w, https:\/\/zinebi.eus\/assets\/media\/Hilke-Doering.-Jurado-_-Jury-ZINEBI-64-2022-150x99.jpg 150w, https:\/\/zinebi.eus\/assets\/media\/Hilke-Doering.-Jurado-_-Jury-ZINEBI-64-2022-300x199.jpg 300w, https:\/\/zinebi.eus\/assets\/media\/Hilke-Doering.-Jurado-_-Jury-ZINEBI-64-2022-400x265.jpg 400w, https:\/\/zinebi.eus\/assets\/media\/Hilke-Doering.-Jurado-_-Jury-ZINEBI-64-2022-480x318.jpg 480w, https:\/\/zinebi.eus\/assets\/media\/Hilke-Doering.-Jurado-_-Jury-ZINEBI-64-2022-550x364.jpg 550w, https:\/\/zinebi.eus\/assets\/media\/Hilke-Doering.-Jurado-_-Jury-ZINEBI-64-2022-768x509.jpg 768w\" sizes=\"(max-width: 800px) 100vw, 800px\" \/>\r\n<h4 class=\"m-t-20\"><b>Hilke Doering<\/b><\/h4>\r\n<span style=\"font-weight: 400;\">Born in 1966, raised in Germany and Switzerland. She studied Sociology in Bielefeld and Paris, and did research on Visual Sociology and Ethnography. She has been with the International Short Film Festival Oberhausen since 1995 as Head of the international competition and international festival relations. In this context, she has been a member of the board of the European Coordination of Film Festivals from 1996 to 2000, and has been president of the International Short Film Conference from 1998 to 2003, as well as founding member of the European Short Film Network (ESFN) in 2018. She has been jury member at numerous international film festivals and has curated film programmes worldwide. <\/span>\r\n\r\n<\/div>\r\n<div class=\"col-md-4\">\r\n\r\n<img class=\"alignnone size-full wp-image-10369 lazyload\" alt=\"\" width=\"800\" height=\"530\" data-src=\"https:\/\/zinebi.eus\/assets\/media\/Juan-Soto.-Jurado-_-Jury-ZINEBI-64-2022.jpg\" srcset=\"https:\/\/zinebi.eus\/assets\/media\/Juan-Soto.-Jurado-_-Jury-ZINEBI-64-2022.jpg 800w, https:\/\/zinebi.eus\/assets\/media\/Juan-Soto.-Jurado-_-Jury-ZINEBI-64-2022-150x99.jpg 150w, https:\/\/zinebi.eus\/assets\/media\/Juan-Soto.-Jurado-_-Jury-ZINEBI-64-2022-300x199.jpg 300w, https:\/\/zinebi.eus\/assets\/media\/Juan-Soto.-Jurado-_-Jury-ZINEBI-64-2022-400x265.jpg 400w, https:\/\/zinebi.eus\/assets\/media\/Juan-Soto.-Jurado-_-Jury-ZINEBI-64-2022-480x318.jpg 480w, https:\/\/zinebi.eus\/assets\/media\/Juan-Soto.-Jurado-_-Jury-ZINEBI-64-2022-550x364.jpg 550w, https:\/\/zinebi.eus\/assets\/media\/Juan-Soto.-Jurado-_-Jury-ZINEBI-64-2022-768x509.jpg 768w\" sizes=\"(max-width: 800px) 100vw, 800px\" \/>\r\n<h4 class=\"m-t-20\"><b>Juan Soto Taborda <\/b><\/h4>\r\n<span style=\"font-weight: 400;\">He is a film editor, director and archivist. He studied Documentary Directing at the San Antonio de los Ba\u00f1os International Film and TV School (EICTV) in Cuba. He is currently heading up a project for Filmoteca de Catalunya and the Catalonia Higher Film and Audiovisual School (ESCAC), curated by Ferr\u00e1n Alberich. In 2020 he won the Best Edited Film award at the Black Canvas Festival for <\/span><i><span style=\"font-weight: 400;\">Intimate Distances<\/span><\/i><span style=\"font-weight: 400;\">, by Philip Warnell. He has been nominated twice as Best Editor for the Colombian Film Academy\u2019s Macondo Awards. His work as an editor includes, among others: <\/span><i><span style=\"font-weight: 400;\">La<\/span><\/i> <i><span style=\"font-weight: 400;\">defensa del drag\u00f3n<\/span><\/i><span style=\"font-weight: 400;\">, by Natalia Santa; <\/span><i><span style=\"font-weight: 400;\">Agosto<\/span><\/i><span style=\"font-weight: 400;\">, by Armando Cap\u00f3; <\/span><i><span style=\"font-weight: 400;\">Pornomelancol\u00eda<\/span><\/i><span style=\"font-weight: 400;\">, by Manuel Abramovich, and <\/span><i><span style=\"font-weight: 400;\">El Father Plays<\/span><\/i> <i><span style=\"font-weight: 400;\">Himself<\/span><\/i><span style=\"font-weight: 400;\">, by Mo Scarpelli. As director he has filmed <\/span><i><span style=\"font-weight: 400;\">Revelaciones<\/span><\/i><span style=\"font-weight: 400;\"> (2020),<\/span><i><span style=\"font-weight: 400;\"> Par\u00e1bola del retorno<\/span><\/i><span style=\"font-weight: 400;\"> (2016), <\/span><i><span style=\"font-weight: 400;\">Estudio de reflejos <\/span><\/i><span style=\"font-weight: 400;\">(2013), <\/span><i><span style=\"font-weight: 400;\">Nieve<\/span><\/i><span style=\"font-weight: 400;\"> (2012), <\/span><i><span style=\"font-weight: 400;\">19\u00ba sur 65\u00ba oeste<\/span><\/i><span style=\"font-weight: 400;\"> (2010), <\/span><i><span style=\"font-weight: 400;\">El bombillo<\/span><\/i><span style=\"font-weight: 400;\"> (2009) and <\/span><i><span style=\"font-weight: 400;\">Elena dio a luz un hermoso ni\u00f1o<\/span><\/i><span style=\"font-weight: 400;\"> (codir.: Chiara Mara\u00f1\u00f3n; prod.: LaCima), funded by the Institute of Cinematography and Audiovisual Arts (ICAA), and currently at the production stage. <\/span>\r\n<br>\r\n<br>\r\n<\/div>\r\n\r\n<div class=\"col-md-4\">\r\n\r\n<img class=\"alignnone size-full wp-image-10372 lazyload\" alt=\"\" width=\"800\" height=\"530\" data-src=\"https:\/\/zinebi.eus\/assets\/media\/Sabina-Urraca.-Jurado-_-Jury-ZINEBI-64-2022.jpg\" srcset=\"https:\/\/zinebi.eus\/assets\/media\/Sabina-Urraca.-Jurado-_-Jury-ZINEBI-64-2022.jpg 800w, https:\/\/zinebi.eus\/assets\/media\/Sabina-Urraca.-Jurado-_-Jury-ZINEBI-64-2022-150x99.jpg 150w, https:\/\/zinebi.eus\/assets\/media\/Sabina-Urraca.-Jurado-_-Jury-ZINEBI-64-2022-300x199.jpg 300w, https:\/\/zinebi.eus\/assets\/media\/Sabina-Urraca.-Jurado-_-Jury-ZINEBI-64-2022-400x265.jpg 400w, https:\/\/zinebi.eus\/assets\/media\/Sabina-Urraca.-Jurado-_-Jury-ZINEBI-64-2022-480x318.jpg 480w, https:\/\/zinebi.eus\/assets\/media\/Sabina-Urraca.-Jurado-_-Jury-ZINEBI-64-2022-550x364.jpg 550w, https:\/\/zinebi.eus\/assets\/media\/Sabina-Urraca.-Jurado-_-Jury-ZINEBI-64-2022-768x509.jpg 768w\" sizes=\"(max-width: 800px) 100vw, 800px\" \/>\r\n<h4 class=\"m-t-20\"><b>Sabina Urraca<\/b><\/h4>\r\n<span style=\"font-weight: 400;\">Writer, editor and journalist. Born in the Basque Country, she grew up in Tenerife, and has lived in Madrid <\/span><span style=\"font-weight: 400;\">for<\/span><span style=\"font-weight: 400;\"> over twenty years. She holds a degree in Audiovisual Communication from Madrid\u2019s Complutense University, and a Script diploma from the Madrid Community\u2019s School of Cinematography and Audiovisual (ECAM). She has worked as a scriptwriter, television creative, waitress, insurance salesperson and marijuana cutter. She writes in several Spanish media (<\/span><i><span style=\"font-weight: 400;\">El Pa\u00eds<\/span><\/i><span style=\"font-weight: 400;\">, <\/span><i><span style=\"font-weight: 400;\">El Cultural<\/span><\/i><span style=\"font-weight: 400;\">, <\/span><i><span style=\"font-weight: 400;\">Vice<\/span><\/i><span style=\"font-weight: 400;\">, <\/span><i><span style=\"font-weight: 400;\">Cineman\u00eda<\/span><\/i><span style=\"font-weight: 400;\">, <\/span><i><span style=\"font-weight: 400;\">Eldiario.es<\/span><\/i><span style=\"font-weight: 400;\">). She is the author of the novel <\/span><i><span style=\"font-weight: 400;\">Las ni\u00f1as prodigio<\/span><\/i><span style=\"font-weight: 400;\"> (Fulgencio Pimentel, 2017), which won the Javier Morote Award, and also <\/span><i><span style=\"font-weight: 400;\">So\u00f1\u00f3 con la chica que robaba un caballo<\/span><\/i><span style=\"font-weight: 400;\"> (Lengua de trapo, 2021). She is the editor of Panza de burro, by Andrea Abreu (Barrett, 2020) and runs writing workshops at a number of cultural institutions. In 2020 she was awarded the University of Iowa\u2019s Arts Fellowship grant.<\/span>\r\n\r\n<\/div>\r\n<div class=\"col-md-4\">\r\n<h4><img class=\"alignnone size-full wp-image-10363 lazyload\" alt=\"\" width=\"800\" height=\"530\" data-src=\"https:\/\/zinebi.eus\/assets\/media\/Begona-Vicario.-Jurado-_-Jury-ZINEBI-64-2022.jpg\" srcset=\"https:\/\/zinebi.eus\/assets\/media\/Begona-Vicario.-Jurado-_-Jury-ZINEBI-64-2022.jpg 800w, https:\/\/zinebi.eus\/assets\/media\/Begona-Vicario.-Jurado-_-Jury-ZINEBI-64-2022-150x99.jpg 150w, https:\/\/zinebi.eus\/assets\/media\/Begona-Vicario.-Jurado-_-Jury-ZINEBI-64-2022-300x199.jpg 300w, https:\/\/zinebi.eus\/assets\/media\/Begona-Vicario.-Jurado-_-Jury-ZINEBI-64-2022-400x265.jpg 400w, https:\/\/zinebi.eus\/assets\/media\/Begona-Vicario.-Jurado-_-Jury-ZINEBI-64-2022-480x318.jpg 480w, https:\/\/zinebi.eus\/assets\/media\/Begona-Vicario.-Jurado-_-Jury-ZINEBI-64-2022-550x364.jpg 550w, https:\/\/zinebi.eus\/assets\/media\/Begona-Vicario.-Jurado-_-Jury-ZINEBI-64-2022-768x509.jpg 768w\" sizes=\"(max-width: 800px) 100vw, 800px\" \/><\/h4>\r\n<h4 class=\"m-t-20\"><b>Bego\u00f1a Vicario <\/b><\/h4>\r\n<span style=\"font-weight: 400;\">Doctor of Fine Arts and lecturer in Animation. She coordinates the Hauazkena animation group and conducts research work with the Akmeka Contemporary Art Research Group: <\/span><i><span style=\"font-weight: 400;\">www.akmeka.org<\/span><\/i><span style=\"font-weight: 400;\">. Her individual work as film director includes <\/span><i><span style=\"font-weight: 400;\">Pregunta por m\u00ed<\/span><\/i><span style=\"font-weight: 400;\"> (1997) and<\/span><i><span style=\"font-weight: 400;\"> Haragia \/ Carne humana<\/span><\/i><span style=\"font-weight: 400;\"> (2000), alongside joint projects such as <\/span><i><span style=\"font-weight: 400;\">Beti bezperako koplak<\/span><\/i><span style=\"font-weight: 400;\"> (2015), <\/span><i><span style=\"font-weight: 400;\">Areka<\/span><\/i><span style=\"font-weight: 400;\"> (2016), <\/span><i><span style=\"font-weight: 400;\">Ehiza<\/span><\/i><span style=\"font-weight: 400;\"> (2020) and <\/span><i><span style=\"font-weight: 400;\">Hirian ibiltzeko<\/span><\/i> <i><span style=\"font-weight: 400;\">jarraibideak<\/span><\/i><span style=\"font-weight: 400;\"> (Instrucciones para andar por la ciudad, 2021), all of which won awards at international festivals, including a Goya and the Grand Award of Basque Cinema ZINEBI 59 (2017). She has written a number of books on animated films, among which:<\/span><i><span style=\"font-weight: 400;\"> Breve historia del cine de animaci\u00f3n experimental vasco<\/span><\/i><span style=\"font-weight: 400;\"> (1998, Semana de Cine Experimental de Madrid), <\/span><i><span style=\"font-weight: 400;\">Sistiaga, el trazo vibrante<\/span><\/i><span style=\"font-weight: 400;\"> (2008 Animadrid) and <\/span><i><span style=\"font-weight: 400;\">Cortometraje de animaci\u00f3n realizado por mujeres en el Estado Espa\u00f1ol<\/span><\/i><span style=\"font-weight: 400;\"> (Cineastas emergentes. Mujeres en el cine del siglo XXI. Madrid: Iberoamericana, 2018).<\/span>\r\n\r\n<\/div>\r\n<\/div>\r\n<div class=\"row\">\r\n<div class=\"col-md-12 p-t-50 p-b-50\">\r\n<div class=\"module-title text-center\">\r\n<h3 class=\"sidelines\"><span class=\"blanco\">Official Selection\r\n<b>ZIFF \u2013 ZINEBI First Film International Competition Jury<\/b>\r\n<\/span><\/h3>\r\n<\/div>\r\n<\/div>\r\n<\/div>\r\n<div class=\"row justify-content-center\">\r\n<div class=\"col-md-4\">\r\n<h4><img class=\"alignnone size-full wp-image-10375 lazyload\" alt=\"\" width=\"800\" height=\"530\" data-src=\"https:\/\/zinebi.eus\/assets\/media\/Nicole-Brenez.-Jurado-_-Jury-ZINEBI-64-2022.jpg\" srcset=\"https:\/\/zinebi.eus\/assets\/media\/Nicole-Brenez.-Jurado-_-Jury-ZINEBI-64-2022.jpg 800w, https:\/\/zinebi.eus\/assets\/media\/Nicole-Brenez.-Jurado-_-Jury-ZINEBI-64-2022-150x99.jpg 150w, https:\/\/zinebi.eus\/assets\/media\/Nicole-Brenez.-Jurado-_-Jury-ZINEBI-64-2022-300x199.jpg 300w, https:\/\/zinebi.eus\/assets\/media\/Nicole-Brenez.-Jurado-_-Jury-ZINEBI-64-2022-400x265.jpg 400w, https:\/\/zinebi.eus\/assets\/media\/Nicole-Brenez.-Jurado-_-Jury-ZINEBI-64-2022-480x318.jpg 480w, https:\/\/zinebi.eus\/assets\/media\/Nicole-Brenez.-Jurado-_-Jury-ZINEBI-64-2022-550x364.jpg 550w, https:\/\/zinebi.eus\/assets\/media\/Nicole-Brenez.-Jurado-_-Jury-ZINEBI-64-2022-768x509.jpg 768w\" sizes=\"(max-width: 800px) 100vw, 800px\" \/><\/h4>\r\n<h4 class=\"m-t-20\"><b>Nicole Brenez<\/b><\/h4>\r\n<span style=\"font-weight: 400;\">Profesora de Estudios Cinematogr\u00e1ficos en la Universidad Sorbona Nueva, directora del Departamento de An\u00e1lisis y Cultura de la Fundaci\u00f3n Europea para las Profesiones de la Imagen y el Sonido (Femis) desde 2017 y comisaria del ciclo de cine de vanguardia de la Cinemateca Francesa desde 1996. Junto con el cineasta Philippe Grandrieux, produce la colecci\u00f3n de pel\u00edculas <\/span><i><span style=\"font-weight: 400;\">It May Be That Beauty Has Strengthened Our Resolve<\/span><\/i><span style=\"font-weight: 400;\">, dedicada a las y los cineastas revolucionarios olvidados o ignorados por las historiograf\u00edas del cine. Ha trabajado con Chantal Akerman (<\/span><i><span style=\"font-weight: 400;\">La folie Almayer<\/span><\/i><span style=\"font-weight: 400;\">, 2011), Jocelyne Saab, Maryl\u00e8ne Negro, Jean-Gabriel P\u00e9riot, Jean-Luc Godard (<\/span><i><span style=\"font-weight: 400;\">Le Livre d\u2019Image<\/span><\/i><span style=\"font-weight: 400;\">, 2018) y Jacques Kebadian. Asimismo, entre sus publicaciones podemos encontrar: <\/span><i><span style=\"font-weight: 400;\">Cin\u00e9ma d\u2019avant-garde Mode d\u2019emploi <\/span><\/i><span style=\"font-weight: 400;\">(Tokio, editorial Gendaishicho-shinsha, 2012); <\/span><i><span style=\"font-weight: 400;\">We Support Everything Since the Dawn of Time That Has Struggled and Still Struggles. Introduction to Lettrist Cinema<\/span><\/i><span style=\"font-weight: 400;\"> (Estocolmo, Moderna Museet \/ Sternberg Press, 2015); <\/span><i><span style=\"font-weight: 400;\">Jean-Luc Godard th\u00e9oricien des images <\/span><\/i><span style=\"font-weight: 400;\">(Roma, La Camera Verde, 2015);<\/span><i><span style=\"font-weight: 400;\"> Manifestations.<\/span><\/i> <i><span style=\"font-weight: 400;\">\u00c9crits politiques sur le cin\u00e9ma et autres arts filmiques<\/span><\/i><span style=\"font-weight: 400;\"> (R\u00e9ville, De l\u2019Incidence, 2020).<\/span>\r\n\r\n<\/div>\r\n<div class=\"col-md-4\">\r\n\r\n<figure id=\"attachment_10378\" aria-describedby=\"caption-attachment-10378\" style=\"width: 800px\" class=\"wp-caption alignnone\"><img class=\"wp-image-10378 size-full lazyload\" alt=\"\" width=\"800\" height=\"530\" data-src=\"https:\/\/zinebi.eus\/assets\/media\/Carlos-Maran\u0303o\u0301n.-Jurado-_-Jury-ZINEBI-64-2022.-\u00a9-Elena-Taboada.jpg\" srcset=\"https:\/\/zinebi.eus\/assets\/media\/Carlos-Maran\u0303o\u0301n.-Jurado-_-Jury-ZINEBI-64-2022.-\u00a9-Elena-Taboada.jpg 800w, https:\/\/zinebi.eus\/assets\/media\/Carlos-Maran\u0303o\u0301n.-Jurado-_-Jury-ZINEBI-64-2022.-\u00a9-Elena-Taboada-150x99.jpg 150w, https:\/\/zinebi.eus\/assets\/media\/Carlos-Maran\u0303o\u0301n.-Jurado-_-Jury-ZINEBI-64-2022.-\u00a9-Elena-Taboada-300x199.jpg 300w, https:\/\/zinebi.eus\/assets\/media\/Carlos-Maran\u0303o\u0301n.-Jurado-_-Jury-ZINEBI-64-2022.-\u00a9-Elena-Taboada-400x265.jpg 400w, https:\/\/zinebi.eus\/assets\/media\/Carlos-Maran\u0303o\u0301n.-Jurado-_-Jury-ZINEBI-64-2022.-\u00a9-Elena-Taboada-480x318.jpg 480w, https:\/\/zinebi.eus\/assets\/media\/Carlos-Maran\u0303o\u0301n.-Jurado-_-Jury-ZINEBI-64-2022.-\u00a9-Elena-Taboada-550x364.jpg 550w, https:\/\/zinebi.eus\/assets\/media\/Carlos-Maran\u0303o\u0301n.-Jurado-_-Jury-ZINEBI-64-2022.-\u00a9-Elena-Taboada-768x509.jpg 768w\" sizes=\"(max-width: 800px) 100vw, 800px\" \/><figcaption id=\"caption-attachment-10378\" class=\"wp-caption-text\">Photo: \u00a9 Elena Taboada<\/figcaption><\/figure>\r\n<h4 class=\"m-t-20\"><b>Carlos Mara\u00f1\u00f3n Canal <\/b><\/h4>\r\n<span style=\"font-weight: 400;\">Film critic and journalist with more than twenty-five years\u2019 experience. He has been director of <\/span><i><span style=\"font-weight: 400;\">Cineman\u00eda<\/span><\/i><span style=\"font-weight: 400;\"> since 2008. He holds a degree in Law from the University of Barcelona, and a degree in Journalism from the University of Navarra. He works with the Cadena SER radio station (<\/span><i><span style=\"font-weight: 400;\">La ventana,<\/span><\/i> <i><span style=\"font-weight: 400;\">Carrusel deportivo<\/span><\/i><span style=\"font-weight: 400;\">) as a film and football commentator, and is also a Movistar+ commentator on the Oscars and Spain\u2019s La Liga football league. A former footballer and columnist in <\/span><i><span style=\"font-weight: 400;\">AS,<\/span><\/i><span style=\"font-weight: 400;\"> he has also written in <\/span><i><span style=\"font-weight: 400;\">El Pa\u00eds, La Vanguardia, 20 minutos, Cinco D\u00edas, Rolling Stone <\/span><\/i><span style=\"font-weight: 400;\">and <\/span><i><span style=\"font-weight: 400;\">Gentleman. <\/span><\/i><span style=\"font-weight: 400;\">He authored the books <\/span><i><span style=\"font-weight: 400;\">F\u00fatbol y cine. El balompi\u00e9 en la gran pantalla<\/span><\/i><span style=\"font-weight: 400;\"> and <\/span><i><span style=\"font-weight: 400;\">Un partido de leyenda. Historias de <\/span><\/i><span style=\"font-weight: 400;\">\u2018<\/span><i><span style=\"font-weight: 400;\">Evasi\u00f3n o victoria<\/span><\/i><span style=\"font-weight: 400;\">\u2019. He has worked on monographic projects and co-authored books on films and football, and also was co-author along with Galder Reguera of the epistolary <\/span><i><span style=\"font-weight: 400;\">Quedar\u00e1 la ilusi\u00f3n: Una correspondencia durante el Mundial de Rusia.\u00a0<\/span><\/i>\r\n\r\n<\/div>\r\n<div class=\"col-md-4\">\r\n\r\n<figure id=\"attachment_10381\" aria-describedby=\"caption-attachment-10381\" style=\"width: 800px\" class=\"wp-caption alignnone\"><img class=\"wp-image-10381 size-full lazyload\" alt=\"\" width=\"800\" height=\"530\" data-src=\"https:\/\/zinebi.eus\/assets\/media\/2-Marta-Popivoda.-Jurado-_-Jury-ZINEBI-64-2022.-\u00a9-Maja-Medic.jpg\" srcset=\"https:\/\/zinebi.eus\/assets\/media\/2-Marta-Popivoda.-Jurado-_-Jury-ZINEBI-64-2022.-\u00a9-Maja-Medic.jpg 800w, https:\/\/zinebi.eus\/assets\/media\/2-Marta-Popivoda.-Jurado-_-Jury-ZINEBI-64-2022.-\u00a9-Maja-Medic-150x99.jpg 150w, https:\/\/zinebi.eus\/assets\/media\/2-Marta-Popivoda.-Jurado-_-Jury-ZINEBI-64-2022.-\u00a9-Maja-Medic-300x199.jpg 300w, https:\/\/zinebi.eus\/assets\/media\/2-Marta-Popivoda.-Jurado-_-Jury-ZINEBI-64-2022.-\u00a9-Maja-Medic-400x265.jpg 400w, https:\/\/zinebi.eus\/assets\/media\/2-Marta-Popivoda.-Jurado-_-Jury-ZINEBI-64-2022.-\u00a9-Maja-Medic-480x318.jpg 480w, https:\/\/zinebi.eus\/assets\/media\/2-Marta-Popivoda.-Jurado-_-Jury-ZINEBI-64-2022.-\u00a9-Maja-Medic-550x364.jpg 550w, https:\/\/zinebi.eus\/assets\/media\/2-Marta-Popivoda.-Jurado-_-Jury-ZINEBI-64-2022.-\u00a9-Maja-Medic-768x509.jpg 768w\" sizes=\"(max-width: 800px) 100vw, 800px\" \/><figcaption id=\"caption-attachment-10381\" class=\"wp-caption-text\">Photo: \u00a9 Maja Radosevic<\/figcaption><\/figure>\r\n<h4 class=\"m-t-20\"><b>Marta Popivoda<\/b><\/h4>\r\n<span style=\"font-weight: 400;\">Filmmaker, artist, and researcher living and working between Belgrade and Berlin. The main concerns in her work are the tensions between memory, history, and ideology, as well as the relations between collective and individual bodies. Popivoda approaches them from a feminist and queer perspective. Her first feature documentary,<\/span><i><span style=\"font-weight: 400;\"> Yugoslavia, How Ideology Moved Our Collective Body<\/span><\/i><span style=\"font-weight: 400;\">, premiered at the 63rd Berlin International Film Festival \u2013 Berlinale and was later screened at many international film festivals. It is also part of the film collection of MoMA New York. Her work has been featured in major art galleries, such as Tate Modern London, MoMA New York, and MAXXI Rome. She received the prestigious Berlin Art Prize for the visual arts by Akademie der K\u00fcnste Berlin and Edith-Russ-Haus Award for Emerging Media Artist. Her latest documentary, <\/span><i><span style=\"font-weight: 400;\">Landscapes of Resistance<\/span><\/i><span style=\"font-weight: 400;\">, premiered in the Tiger Competition of the 50th International Film Festival Rotterdam (IFFR) and won many awards worldwide. In 2022 her work was presented at the 12th Berlin Biennale, Manifesta 14 Biennal, and Belgrade Biennale. She regularly teaches film at SNDO, AHK in Amsterdam, and Oslo National Academy of the Arts.<\/span>\r\n\r\n<\/div>\r\n<\/div>\r\n<div class=\"row\">\r\n<div class=\"col-md-12 p-t-50 p-b-50\">\r\n<div class=\"module-title text-center\"><\/div>\r\n<\/div>\r\n<\/div>\r\n<div class=\"row justify-content-center\">\r\n<div class=\"col-md-4\">\r\n\r\n\u00a0\r\n\r\n<\/div>\r\n<\/div>","protected":false},"excerpt":{"rendered":"<p>Official Selection Short Film International Competition Jury Anca Caramelea Film programmer at Ecozine Film Festival. As a film professional, she has collaborated with several film festivals such as Les Films de Cannes \u00e0 Bucarest, Bucharest International Experimental Film Festival (BIEFF), NexT Film Festival. Her interest for cinema as an instrument for change has been the [&hellip;]<\/p>\n","protected":false},"author":2,"featured_media":10402,"parent":7727,"menu_order":0,"comment_status":"closed","ping_status":"closed","template":"templates\/page-with-container.php","meta":{"_acf_changed":false,"footnotes":""},"class_list":["post-10385","page","type-page","status-publish","has-post-thumbnail","hentry"],"acf":[],"_links":{"self":[{"href":"https:\/\/zinebi.eus\/en\/wp-json\/wp\/v2\/pages\/10385","targetHints":{"allow":["GET"]}}],"collection":[{"href":"https:\/\/zinebi.eus\/en\/wp-json\/wp\/v2\/pages"}],"about":[{"href":"https:\/\/zinebi.eus\/en\/wp-json\/wp\/v2\/types\/page"}],"author":[{"embeddable":true,"href":"https:\/\/zinebi.eus\/en\/wp-json\/wp\/v2\/users\/2"}],"replies":[{"embeddable":true,"href":"https:\/\/zinebi.eus\/en\/wp-json\/wp\/v2\/comments?post=10385"}],"version-history":[{"count":5,"href":"https:\/\/zinebi.eus\/en\/wp-json\/wp\/v2\/pages\/10385\/revisions"}],"predecessor-version":[{"id":12421,"href":"https:\/\/zinebi.eus\/en\/wp-json\/wp\/v2\/pages\/10385\/revisions\/12421"}],"up":[{"embeddable":true,"href":"https:\/\/zinebi.eus\/en\/wp-json\/wp\/v2\/pages\/7727"}],"wp:featuredmedia":[{"embeddable":true,"href":"https:\/\/zinebi.eus\/en\/wp-json\/wp\/v2\/media\/10402"}],"wp:attachment":[{"href":"https:\/\/zinebi.eus\/en\/wp-json\/wp\/v2\/media?parent=10385"}],"curies":[{"name":"wp","href":"https:\/\/api.w.org\/{rel}","templated":true}]}}