 {"id":1206,"date":"2021-10-04T15:49:30","date_gmt":"2021-10-04T15:49:30","guid":{"rendered":"https:\/\/zinebi.eus\/festival\/mikeldi-of-honor\/jean-pierre-y-luc-dardenne\/"},"modified":"2023-07-28T07:02:29","modified_gmt":"2023-07-28T07:02:29","slug":"jean-pierre-y-luc-dardenne","status":"publish","type":"page","link":"https:\/\/zinebi.eus\/en\/festival\/mikeldi-of-honour\/jean-pierre-y-luc-dardenne\/","title":{"rendered":"JEAN-PIERRE and LUC DARDENNE"},"content":{"rendered":"<div class=\"container\">\r\n<div class=\"row\">\r\n<div class=\"col-md-12\">\r\n<h2>THE DARDENNE BROTHERS. REALITY AND ITS SHADOW<\/h2>\r\n<p>As one of the most forceful and recognisable voices of European social cinema, the Dardenne brothers have forged one of the most coherent and rigorous filmographies in the recent history of the cinema. ZINEBI is awarding the brothers the Mikeldi of Honour in recognition of their indefatigable and exemplary career that began in the documentary genre.<\/p>\r\n\r\n<p>Jean-Pierre Dardenne (Engis, 1951) studied Dramatic Art at IAD (Institut des Arts de Diffusion) while his younger brother Luc (Awirs, 1954) earned a degree in Philosophy at the Catholic University of Louvain. At that time, they began making documentary videos under Armand Gatti, the French producer, writer, poet and playwright. They did not hesitate to work at a nuclear power plant to raise sufficient funds to produce their own documentary films. Thanks to that income, they set up the D\u00e9rives production company (1975) in Seraing (Wallonia), where they funded over fifty documentaries. The Dardenne brothers between them filmed a series of short and medium-length documentaries focused on Belgium\u2019s recent past and the working class setting of the Li\u00e8ge region, where they were born.<\/p>\r\n\r\n<p>Their most immediate surroundings would soon become the subject of their first documentaries\u2014some of which will be screened at ZINEBI\u2014: in 1977, they embarked on the project entitled<em> Le chant du rossignol<\/em> (The Song of the Nightingale), where seven people from the Li\u00e8ge region recall their time fighting in the Resistance during World War II; in 1979, in <em>Lorsque le bateau de L\u00e9on M. descendit la Meuse pour la premi\u00e8re fois <\/em>(When L\u00e9on M.\u2019s Boat Went Down the Meuse for the First Time), they filmed L\u00e9on Masy onboard a boat that he had built in his garage in Seraing, through the landscape where he returns to the scene of a general strike in 1960; in 1980, they looked back at an underground newspaper that was published in a Seraing factory in<em> Pour que la guerre s\u2019ach\u00e8ve les murs devaient s\u2019\u00e9crouler<\/em> (For the War to End, the Walls Should Have Crumbled); in 1981, they turned their sights to pirate radios in <em>R\u2026 ne r\u00e9pond plus <\/em>(R\u2026 No Longer Answers); while in <em>Le\u00e7ons d\u2019une universit\u00e9 volante <\/em>(Lessons from a University on the Fly), they focused on the accounts of Polish migrants in Belgium during the period that Poland was under martial law; and, in 1983, they turned the spotlight on the playwright Jean Louvet, founder of the Proletarian Theatre of La Louvi\u00e8re, in <em>Regarde Jonathan\/Jean Louvet, son oeuvre<\/em> (Look at Jonathan\/Jean Louvet, his Work).<\/p>\r\n\r\n<p>The Dardenne brothers no longer make documentaries, but they continue \u2013 as throughout their almost unknown time in the field of militant documentaries \u2013to look beyond their fictional characters. They stress that a documentary goes beyond the camera \u201cto know someone real\u201d and to establish a relationship \u201cwith their gaze.\u201d The Dardenne brothers understand that that person can agree to be filmed or may flee from the camera; they are aware that the life of a real person\u2014just like that of their characters\u2014 will continue after they have gone, and they want to give fiction that same degree of credibility.<\/p>\r\n\r\n<p>The influence of the philosopher Emmanuel Levinas\u2019s thought on the Dardenne brothers\u2019 films is no secret. The treatment of their fictional characters is based on the ethics of the Lithuania thinker: face-to-face relationship with the otherness, with the Other. They believe filming an individual is to become that person. Luc Dardenne, who attended one of the last courses that Levinas gave, has acknowledged how the philosopher\u2019s work affected his way of thinking and acting. The title of one of Levinas\u2019s essays serves to define the work of the Dardenne brothers: they believe art is the shadow of reality.<\/p>\r\n\r\n<p>Thus, with the same commitment to the Other\u2014with the filmed subject\u2014 which defined the Jewish author and philosopher, the Dardenne brothers embarked on their fictional films with the peculiar <em>Falsch<\/em> (1986), even though it would not be until the <em>La promesse<\/em> (The Promise) (1996) that they would achieve international renown. They would then go on and compete in the 1999 Cannes Official Section and win their first Palme d\u2019Or, thanks to <em>Rosetta<\/em> (1999). No filmmaker has won the top prize of the world\u2019s most important festival three times, but Dardenne do belong to the exclusive group who have won it twice (along with Alf Sj\u00f6berg, Francis Ford Coppola, Bille August, Emir Kusturica, Shohei Imamura, Ken Loach and Michael Haneke), thanks to the Palme d\u2019Or for <em>L\u2019enfant<\/em> (The Child, 2005). The success in Cannes, however, also includes the prizes for the best screenplay\u2014for <em>Le silence de Lorna <\/em>(Lorna\u2019s Silence, 2008)\u2014, for the best director\u2014for <em>Le jeune Ahmed <\/em>(Young Ahmed, 2019)\u2014 and the Grand Prix awarded by the Jury\u2014for <em>Le gamin au v\u00e9lo<\/em> (The Kid with a Bike, 2011).<\/p>\r\n\r\n<strong>Rub\u00e9n Corral<\/strong><br>\r\n<p>Programmer at ZINEBI<\/p>\r\n<br>\r\n<br>\r\n<iframe loading=\"lazy\" width=\"560\" height=\"315\" src=\"https:\/\/www.youtube.com\/embed\/pP456LcZbcc?controls=0\" title=\"YouTube video player\" frameborder=\"0\" allow=\"accelerometer; autoplay; clipboard-write; encrypted-media; gyroscope; picture-in-picture; web-share\" allowfullscreen><\/iframe>\r\n\r\n<section id=\"galeria-id-8512\" class=\"cb-galeria__block\">\n\t\t<header class=\"cb-galeria__header\">\n\t\t<div class=\"block-cross-line\">\n\t\t\t<div>\n\t\t\t\tJEAN-PIERRE and LUC DARDENNE\t   \t\t\t\t\t\t\t\t\t\t\t\n\t\t\t<\/div>\n\t\t<\/div>\n\t<\/header>\n\t\t\t<!-- style grid gallery -->\n\t\t<style type=\"text\/css\">\n\t\t\t\t\t\t\t#galeria-id-8512 .cb-galeria__grid > .cb-galeria__item {\n\t\t\t\t\twidth : 25.00%;\n\t\t\t\t}\n\t\t\t\t\t\t<\/style>\n\t\t\t\t<main class=\"cb-galeria cb-gallery\">\n\t\t\t<div class=\"cb-galeria__grid force-1x1\">\n\t\t\t\t\t\t\t\t\t\t<article class=\"cb-galeria__item\">\n\t\t\t\t\t\t\t<div class=\"cb-galeria__item-card\">\n\t\t\t\t\t\t\t\t<a href=\"https:\/\/zinebi.eus\/assets\/media\/Jean-Pierre-_-Luc-Dardenne-Irekiera-ekitaldia-_-Opening-_-Inauguracio%CC%81n-2020.jpg\" class=\"cb-gallery__item\" title=\"Jean-Pierre &amp; Luc Dardenne (Irekiera ekitaldia \/ Opening \/ Inauguraci\u00f3n, 2020)\">\n\t\t\t\t\t\t\t\t\t<picture id=\"thumbnail-8513\" class=\"lazyload cb-img-thumbnail ratio-horizontal\"><source media=\"(max-width: 150px)\" data-srcset=\"https:\/\/zinebi.eus\/assets\/media\/Jean-Pierre-_-Luc-Dardenne-Irekiera-ekitaldia-_-Opening-_-Inauguracio\u0301n-2020-150x84.jpg\"><source media=\"(max-width: 300px)\" data-srcset=\"https:\/\/zinebi.eus\/assets\/media\/Jean-Pierre-_-Luc-Dardenne-Irekiera-ekitaldia-_-Opening-_-Inauguracio\u0301n-2020-300x169.jpg\"><source media=\"(max-width: 400px)\" data-srcset=\"https:\/\/zinebi.eus\/assets\/media\/Jean-Pierre-_-Luc-Dardenne-Irekiera-ekitaldia-_-Opening-_-Inauguracio\u0301n-2020-400x225.jpg\"><source media=\"(max-width: 480px)\" data-srcset=\"https:\/\/zinebi.eus\/assets\/media\/Jean-Pierre-_-Luc-Dardenne-Irekiera-ekitaldia-_-Opening-_-Inauguracio\u0301n-2020-480x270.jpg\"><source media=\"(max-width: 550px)\" data-srcset=\"https:\/\/zinebi.eus\/assets\/media\/Jean-Pierre-_-Luc-Dardenne-Irekiera-ekitaldia-_-Opening-_-Inauguracio\u0301n-2020-550x309.jpg\"><source media=\"(max-width: 768px)\" data-srcset=\"https:\/\/zinebi.eus\/assets\/media\/Jean-Pierre-_-Luc-Dardenne-Irekiera-ekitaldia-_-Opening-_-Inauguracio\u0301n-2020-768x432.jpg\"><img class=\"lazyload \" data-src=\"https:\/\/zinebi.eus\/assets\/media\/Jean-Pierre-_-Luc-Dardenne-Irekiera-ekitaldia-_-Opening-_-Inauguracio\u0301n-2020.jpg\" alt=\"Jean-Pierre _ Luc Dardenne (Irekiera ekitaldia _ Opening _ Inauguracio\u0301n, 2020)\"><\/source><\/source><\/source><\/source><\/source><\/source><\/picture>\t\t\t\t\t\t\t\t\n\t\t\t\t\t\t\t\t\t<span class=\"cb-galeria__item-text\">\n\t\t\t\t\t\t\t\t\t\t<span class=\"cb-galeria__text-inner\">\n\t\t\t\t\t\t\t\t\t\t\t<span class=\"cb-galeria__text-capsule\">\n\t\t\t\t\t\t\t\t\t\t\t\t<small>Jean-Pierre &amp; Luc Dardenne (Irekiera ekitaldia \/ Opening \/ Inauguraci\u00f3n, 2020)<\/small>\n\t\t\t\t\t\t\t\t\t\t\t<\/span>\t\n\t\t\t\t\t\t\t\t\t\t<\/span>\t\t\t\t\t\t\t\t\t\n\t\t\t\t\t\t\t\t\t<\/span>\n\t\t\t\t\t\t\t\t\t\t\t\t\t\t\t\t\t<\/a>\n\t\t\t\t\t\t\t<\/div>\n\t\t\t\t\t\t<\/article>\n\t\t\t\t\t\t\t\t\t\t<article class=\"cb-galeria__item\">\n\t\t\t\t\t\t\t<div class=\"cb-galeria__item-card\">\n\t\t\t\t\t\t\t\t<a href=\"https:\/\/zinebi.eus\/assets\/media\/Jean-Pierre-_-Luc-Dardenne-Irekiera-ekitaldia-_-Opening-_-Inauguracio%CC%81n-2020.jpg.jpg\" class=\"cb-gallery__item\" title=\"Jean-Pierre &amp; Luc Dardenne (Irekiera ekitaldia \/ Opening \/ Inauguraci\u00f3n, 2020)\">\n\t\t\t\t\t\t\t\t\t<picture id=\"thumbnail-8516\" class=\"lazyload cb-img-thumbnail ratio-horizontal\"><source media=\"(max-width: 150px)\" data-srcset=\"https:\/\/zinebi.eus\/assets\/media\/Jean-Pierre-_-Luc-Dardenne-Irekiera-ekitaldia-_-Opening-_-Inauguracio\u0301n-2020.jpg-150x85.jpg\"><source media=\"(max-width: 300px)\" data-srcset=\"https:\/\/zinebi.eus\/assets\/media\/Jean-Pierre-_-Luc-Dardenne-Irekiera-ekitaldia-_-Opening-_-Inauguracio\u0301n-2020.jpg-300x169.jpg\"><source media=\"(max-width: 400px)\" data-srcset=\"https:\/\/zinebi.eus\/assets\/media\/Jean-Pierre-_-Luc-Dardenne-Irekiera-ekitaldia-_-Opening-_-Inauguracio\u0301n-2020.jpg-400x225.jpg\"><source media=\"(max-width: 480px)\" data-srcset=\"https:\/\/zinebi.eus\/assets\/media\/Jean-Pierre-_-Luc-Dardenne-Irekiera-ekitaldia-_-Opening-_-Inauguracio\u0301n-2020.jpg-480x270.jpg\"><source media=\"(max-width: 550px)\" data-srcset=\"https:\/\/zinebi.eus\/assets\/media\/Jean-Pierre-_-Luc-Dardenne-Irekiera-ekitaldia-_-Opening-_-Inauguracio\u0301n-2020.jpg-550x310.jpg\"><source media=\"(max-width: 768px)\" data-srcset=\"https:\/\/zinebi.eus\/assets\/media\/Jean-Pierre-_-Luc-Dardenne-Irekiera-ekitaldia-_-Opening-_-Inauguracio\u0301n-2020.jpg-768x433.jpg\"><img class=\"lazyload \" data-src=\"https:\/\/zinebi.eus\/assets\/media\/Jean-Pierre-_-Luc-Dardenne-Irekiera-ekitaldia-_-Opening-_-Inauguracio\u0301n-2020.jpg.jpg\" alt=\"Jean-Pierre _ Luc Dardenne (Irekiera ekitaldia _ Opening _ Inauguracio\u0301n, 2020).jpg\"><\/source><\/source><\/source><\/source><\/source><\/source><\/picture>\t\t\t\t\t\t\t\t\n\t\t\t\t\t\t\t\t\t<span class=\"cb-galeria__item-text\">\n\t\t\t\t\t\t\t\t\t\t<span class=\"cb-galeria__text-inner\">\n\t\t\t\t\t\t\t\t\t\t\t<span class=\"cb-galeria__text-capsule\">\n\t\t\t\t\t\t\t\t\t\t\t\t<small>Jean-Pierre &amp; Luc Dardenne (Irekiera ekitaldia \/ Opening \/ Inauguraci\u00f3n, 2020)<\/small>\n\t\t\t\t\t\t\t\t\t\t\t<\/span>\t\n\t\t\t\t\t\t\t\t\t\t<\/span>\t\t\t\t\t\t\t\t\t\n\t\t\t\t\t\t\t\t\t<\/span>\n\t\t\t\t\t\t\t\t\t\t\t\t\t\t\t\t\t<\/a>\n\t\t\t\t\t\t\t<\/div>\n\t\t\t\t\t\t<\/article>\n\t\t\t\t\t\t\t\t\t\t<article class=\"cb-galeria__item\">\n\t\t\t\t\t\t\t<div class=\"cb-galeria__item-card\">\n\t\t\t\t\t\t\t\t<a href=\"https:\/\/zinebi.eus\/assets\/media\/Jean-Pierre-_-Luc-Dardenne-Irekiera-ekitaldia-_-Opening-_-Inauguracio%CC%81n-2020.jpg1_.jpg\" class=\"cb-gallery__item\" title=\"Jean-Pierre &amp; Luc Dardenne (Irekiera ekitaldia \/ Opening \/ Inauguraci\u00f3n, 2020)\">\n\t\t\t\t\t\t\t\t\t<picture id=\"thumbnail-8519\" class=\"lazyload cb-img-thumbnail ratio-horizontal\"><source media=\"(max-width: 150px)\" data-srcset=\"https:\/\/zinebi.eus\/assets\/media\/Jean-Pierre-_-Luc-Dardenne-Irekiera-ekitaldia-_-Opening-_-Inauguracio\u0301n-2020.jpg1_-150x84.jpg\"><source media=\"(max-width: 300px)\" data-srcset=\"https:\/\/zinebi.eus\/assets\/media\/Jean-Pierre-_-Luc-Dardenne-Irekiera-ekitaldia-_-Opening-_-Inauguracio\u0301n-2020.jpg1_-300x169.jpg\"><source media=\"(max-width: 400px)\" data-srcset=\"https:\/\/zinebi.eus\/assets\/media\/Jean-Pierre-_-Luc-Dardenne-Irekiera-ekitaldia-_-Opening-_-Inauguracio\u0301n-2020.jpg1_-400x225.jpg\"><source media=\"(max-width: 480px)\" data-srcset=\"https:\/\/zinebi.eus\/assets\/media\/Jean-Pierre-_-Luc-Dardenne-Irekiera-ekitaldia-_-Opening-_-Inauguracio\u0301n-2020.jpg1_-480x270.jpg\"><source media=\"(max-width: 550px)\" data-srcset=\"https:\/\/zinebi.eus\/assets\/media\/Jean-Pierre-_-Luc-Dardenne-Irekiera-ekitaldia-_-Opening-_-Inauguracio\u0301n-2020.jpg1_-550x309.jpg\"><source media=\"(max-width: 768px)\" data-srcset=\"https:\/\/zinebi.eus\/assets\/media\/Jean-Pierre-_-Luc-Dardenne-Irekiera-ekitaldia-_-Opening-_-Inauguracio\u0301n-2020.jpg1_-768x432.jpg\"><img class=\"lazyload \" data-src=\"https:\/\/zinebi.eus\/assets\/media\/Jean-Pierre-_-Luc-Dardenne-Irekiera-ekitaldia-_-Opening-_-Inauguracio\u0301n-2020.jpg1_.jpg\" alt=\"Jean-Pierre _ Luc Dardenne (Irekiera ekitaldia _ Opening _ Inauguracio\u0301n, 2020).jpg(1)\"><\/source><\/source><\/source><\/source><\/source><\/source><\/picture>\t\t\t\t\t\t\t\t\n\t\t\t\t\t\t\t\t\t<span class=\"cb-galeria__item-text\">\n\t\t\t\t\t\t\t\t\t\t<span class=\"cb-galeria__text-inner\">\n\t\t\t\t\t\t\t\t\t\t\t<span class=\"cb-galeria__text-capsule\">\n\t\t\t\t\t\t\t\t\t\t\t\t<small>Jean-Pierre &amp; Luc Dardenne (Irekiera ekitaldia \/ Opening \/ Inauguraci\u00f3n, 2020)<\/small>\n\t\t\t\t\t\t\t\t\t\t\t<\/span>\t\n\t\t\t\t\t\t\t\t\t\t<\/span>\t\t\t\t\t\t\t\t\t\n\t\t\t\t\t\t\t\t\t<\/span>\n\t\t\t\t\t\t\t\t\t\t\t\t\t\t\t\t\t<\/a>\n\t\t\t\t\t\t\t<\/div>\n\t\t\t\t\t\t<\/article>\n\t\t\t\t\t\t\t\t\t\t<article class=\"cb-galeria__item\">\n\t\t\t\t\t\t\t<div class=\"cb-galeria__item-card\">\n\t\t\t\t\t\t\t\t<a href=\"https:\/\/zinebi.eus\/assets\/media\/Jean-Pierre-_-Luc-Dardenne-Mikeldi-Saria-_-Mikeldi-of-Honour-_-Mikeldi-de-Honor-2020.jpg\" class=\"cb-gallery__item\" title=\"Jean-Pierre &amp; Luc Dardenne (Mikeldi Saria \/ Mikeldi of Honour \/ Mikeldi de Honor (2020)\">\n\t\t\t\t\t\t\t\t\t<picture id=\"thumbnail-8522\" class=\"lazyload cb-img-thumbnail ratio-horizontal\"><source media=\"(max-width: 150px)\" data-srcset=\"https:\/\/zinebi.eus\/assets\/media\/Jean-Pierre-_-Luc-Dardenne-Mikeldi-Saria-_-Mikeldi-of-Honour-_-Mikeldi-de-Honor-2020-150x100.jpg\"><source media=\"(max-width: 300px)\" data-srcset=\"https:\/\/zinebi.eus\/assets\/media\/Jean-Pierre-_-Luc-Dardenne-Mikeldi-Saria-_-Mikeldi-of-Honour-_-Mikeldi-de-Honor-2020-300x200.jpg\"><source media=\"(max-width: 400px)\" data-srcset=\"https:\/\/zinebi.eus\/assets\/media\/Jean-Pierre-_-Luc-Dardenne-Mikeldi-Saria-_-Mikeldi-of-Honour-_-Mikeldi-de-Honor-2020-400x267.jpg\"><source media=\"(max-width: 480px)\" data-srcset=\"https:\/\/zinebi.eus\/assets\/media\/Jean-Pierre-_-Luc-Dardenne-Mikeldi-Saria-_-Mikeldi-of-Honour-_-Mikeldi-de-Honor-2020-480x320.jpg\"><source media=\"(max-width: 550px)\" data-srcset=\"https:\/\/zinebi.eus\/assets\/media\/Jean-Pierre-_-Luc-Dardenne-Mikeldi-Saria-_-Mikeldi-of-Honour-_-Mikeldi-de-Honor-2020-550x367.jpg\"><source media=\"(max-width: 768px)\" data-srcset=\"https:\/\/zinebi.eus\/assets\/media\/Jean-Pierre-_-Luc-Dardenne-Mikeldi-Saria-_-Mikeldi-of-Honour-_-Mikeldi-de-Honor-2020-768x512.jpg\"><img class=\"lazyload \" data-src=\"https:\/\/zinebi.eus\/assets\/media\/Jean-Pierre-_-Luc-Dardenne-Mikeldi-Saria-_-Mikeldi-of-Honour-_-Mikeldi-de-Honor-2020.jpg\" alt=\"Jean-Pierre _ Luc Dardenne (Mikeldi Saria _ Mikeldi of Honour _ Mikeldi de Honor (2020)\"><\/source><\/source><\/source><\/source><\/source><\/source><\/picture>\t\t\t\t\t\t\t\t\n\t\t\t\t\t\t\t\t\t<span class=\"cb-galeria__item-text\">\n\t\t\t\t\t\t\t\t\t\t<span class=\"cb-galeria__text-inner\">\n\t\t\t\t\t\t\t\t\t\t\t<span class=\"cb-galeria__text-capsule\">\n\t\t\t\t\t\t\t\t\t\t\t\t<small>Jean-Pierre &amp; Luc Dardenne (Mikeldi Saria \/ Mikeldi of Honour \/ Mikeldi de Honor (2020)<\/small>\n\t\t\t\t\t\t\t\t\t\t\t<\/span>\t\n\t\t\t\t\t\t\t\t\t\t<\/span>\t\t\t\t\t\t\t\t\t\n\t\t\t\t\t\t\t\t\t<\/span>\n\t\t\t\t\t\t\t\t\t\t\t\t\t\t\t\t\t<\/a>\n\t\t\t\t\t\t\t<\/div>\n\t\t\t\t\t\t<\/article>\n\t\t\t\t\t\t\t\t\t\t<article class=\"cb-galeria__item\">\n\t\t\t\t\t\t\t<div class=\"cb-galeria__item-card\">\n\t\t\t\t\t\t\t\t<a href=\"https:\/\/zinebi.eus\/assets\/media\/Jean-Pierre-_-Luc-Dardenne-Mikeldi-Saria-_-Mikeldi-of-Honour-_-Mikeldi-de-Honor-20201.jpg\" class=\"cb-gallery__item\" title=\"Jean-Pierre &amp; Luc Dardenne (Mikeldi Saria \/ Mikeldi of Honour \/ Mikeldi de Honor (2020)\">\n\t\t\t\t\t\t\t\t\t<picture id=\"thumbnail-8525\" class=\"lazyload cb-img-thumbnail ratio-horizontal\"><source media=\"(max-width: 150px)\" data-srcset=\"https:\/\/zinebi.eus\/assets\/media\/Jean-Pierre-_-Luc-Dardenne-Mikeldi-Saria-_-Mikeldi-of-Honour-_-Mikeldi-de-Honor-20201-150x84.jpg\"><source media=\"(max-width: 300px)\" data-srcset=\"https:\/\/zinebi.eus\/assets\/media\/Jean-Pierre-_-Luc-Dardenne-Mikeldi-Saria-_-Mikeldi-of-Honour-_-Mikeldi-de-Honor-20201-300x169.jpg\"><source media=\"(max-width: 400px)\" data-srcset=\"https:\/\/zinebi.eus\/assets\/media\/Jean-Pierre-_-Luc-Dardenne-Mikeldi-Saria-_-Mikeldi-of-Honour-_-Mikeldi-de-Honor-20201-400x225.jpg\"><source media=\"(max-width: 480px)\" data-srcset=\"https:\/\/zinebi.eus\/assets\/media\/Jean-Pierre-_-Luc-Dardenne-Mikeldi-Saria-_-Mikeldi-of-Honour-_-Mikeldi-de-Honor-20201-480x270.jpg\"><source media=\"(max-width: 550px)\" data-srcset=\"https:\/\/zinebi.eus\/assets\/media\/Jean-Pierre-_-Luc-Dardenne-Mikeldi-Saria-_-Mikeldi-of-Honour-_-Mikeldi-de-Honor-20201-550x309.jpg\"><source media=\"(max-width: 768px)\" data-srcset=\"https:\/\/zinebi.eus\/assets\/media\/Jean-Pierre-_-Luc-Dardenne-Mikeldi-Saria-_-Mikeldi-of-Honour-_-Mikeldi-de-Honor-20201-768x432.jpg\"><img class=\"lazyload \" data-src=\"https:\/\/zinebi.eus\/assets\/media\/Jean-Pierre-_-Luc-Dardenne-Mikeldi-Saria-_-Mikeldi-of-Honour-_-Mikeldi-de-Honor-20201.jpg\" alt=\"Jean-Pierre _ Luc Dardenne (Mikeldi Saria _ Mikeldi of Honour _ Mikeldi de Honor (2020)(1)\"><\/source><\/source><\/source><\/source><\/source><\/source><\/picture>\t\t\t\t\t\t\t\t\n\t\t\t\t\t\t\t\t\t<span class=\"cb-galeria__item-text\">\n\t\t\t\t\t\t\t\t\t\t<span class=\"cb-galeria__text-inner\">\n\t\t\t\t\t\t\t\t\t\t\t<span class=\"cb-galeria__text-capsule\">\n\t\t\t\t\t\t\t\t\t\t\t\t<small>Jean-Pierre &amp; Luc Dardenne (Mikeldi Saria \/ Mikeldi of Honour \/ Mikeldi de Honor (2020)<\/small>\n\t\t\t\t\t\t\t\t\t\t\t<\/span>\t\n\t\t\t\t\t\t\t\t\t\t<\/span>\t\t\t\t\t\t\t\t\t\n\t\t\t\t\t\t\t\t\t<\/span>\n\t\t\t\t\t\t\t\t\t\t\t\t\t\t\t\t\t<\/a>\n\t\t\t\t\t\t\t<\/div>\n\t\t\t\t\t\t<\/article>\n\t\t\t\t\t\t\t<\/div>\t\n\t\t<\/main>\n\t\t<\/section><!-- \/cb-galeria__block -->\r\n\r\n<\/div>\r\n<\/div>\r\n<\/div>","protected":false},"excerpt":{"rendered":"<p>THE DARDENNE BROTHERS. REALITY AND ITS SHADOW As one of the most forceful and recognisable voices of European social cinema, the Dardenne brothers have forged one of the most coherent and rigorous filmographies in the recent history of the cinema. ZINEBI is awarding the brothers the Mikeldi of Honour in recognition of their indefatigable and [&hellip;]<\/p>\n","protected":false},"author":3,"featured_media":1535,"parent":369,"menu_order":0,"comment_status":"closed","ping_status":"closed","template":"templates\/page-hero-mikeldi.php","meta":{"_acf_changed":false,"footnotes":""},"class_list":["post-1206","page","type-page","status-publish","has-post-thumbnail","hentry"],"acf":[],"_links":{"self":[{"href":"https:\/\/zinebi.eus\/en\/wp-json\/wp\/v2\/pages\/1206","targetHints":{"allow":["GET"]}}],"collection":[{"href":"https:\/\/zinebi.eus\/en\/wp-json\/wp\/v2\/pages"}],"about":[{"href":"https:\/\/zinebi.eus\/en\/wp-json\/wp\/v2\/types\/page"}],"author":[{"embeddable":true,"href":"https:\/\/zinebi.eus\/en\/wp-json\/wp\/v2\/users\/3"}],"replies":[{"embeddable":true,"href":"https:\/\/zinebi.eus\/en\/wp-json\/wp\/v2\/comments?post=1206"}],"version-history":[{"count":7,"href":"https:\/\/zinebi.eus\/en\/wp-json\/wp\/v2\/pages\/1206\/revisions"}],"predecessor-version":[{"id":19345,"href":"https:\/\/zinebi.eus\/en\/wp-json\/wp\/v2\/pages\/1206\/revisions\/19345"}],"up":[{"embeddable":true,"href":"https:\/\/zinebi.eus\/en\/wp-json\/wp\/v2\/pages\/369"}],"wp:featuredmedia":[{"embeddable":true,"href":"https:\/\/zinebi.eus\/en\/wp-json\/wp\/v2\/media\/1535"}],"wp:attachment":[{"href":"https:\/\/zinebi.eus\/en\/wp-json\/wp\/v2\/media?parent=1206"}],"curies":[{"name":"wp","href":"https:\/\/api.w.org\/{rel}","templated":true}]}}