 {"id":1222,"date":"2021-09-29T15:53:19","date_gmt":"2021-09-29T15:53:19","guid":{"rendered":"https:\/\/zinebi.eus\/festival\/mikeldi-of-honor\/marta-meszaros\/"},"modified":"2022-09-14T14:46:39","modified_gmt":"2022-09-14T14:46:39","slug":"marta-meszaros","status":"publish","type":"page","link":"https:\/\/zinebi.eus\/en\/festival\/mikeldi-of-honour\/marta-meszaros\/","title":{"rendered":"M\u00c1RTA M\u00c9SZ\u00c1ROS"},"content":{"rendered":"<div class=\"row\">\r\n <div class=\"col-md-12\">\r\n\t\t\t\t\t\t\t\t\r\n\t\t\t\t\t\t\t<h2>THE IMAGES OF A THOUSAND WORDS THE CINEMA OF M\u00c1RTA M\u00c9SZ\u00c1ROS<\/h2>\r\n\t\t\t\t\t\t\t\t<p>Belonging to the generation of female filmmakers that\u2014like Mai Zetterling, Liliana Cavani and Agn\u00e8s Varda, amongst others\u2014appeared in the film production sector in the mid-20th century, M\u00e1rta M\u00e9sz\u00e1ros creates her cinema, sharing with them a radical passion for imagery, with feeling and narratives that are capable of capturing the everyday emotions that reflect life itsel<\/p>\r\n                                <p>It is amazing to review her work today and see the perfect construction and articulation that the time and space of the composition create in her narratives. The precision of her magnificent framing, the extraordinarily brilliant use of tracking shots with camera dollies that accompany the characters or present them, or using them to circle around a conversation, rejecting the stale shot\/reverse sequence, the first shots of characters in scenes of respectful intimacy\u2026 A camera that is hostile to the show and hungry for expressivity.<\/p>\r\n                                <p>And through this framework, she tackles matters such as sexuality, paid work, the domestic space, maternity, intergenerational relationships that are not at all canonised, visualisation of complicities and empathy between characters outside the system, as a form of radical resis- tance in order to live their live freely and as they wish; to all of this M\u00e9sz\u00e1ros lends her time.<\/p>\r\n                                <p>We see females working in factories, in kitchens, in the fields, in offices, in institutions. The daily lives of her characters accompany and form an organic part of their stories. Her\u2014almost exclu- sively female\u2014stars are also there to give us an account of official history, in this case, that of Hungary, discussing its arrogance and dogmatism from a personal perspective, which is also political. Women face a present full of prejudices in the successive decades during which she creates her filmography and they tackle them radically with decisions that go against the tide without any need for proclamations or argument. She simply states the facts through delicate, indisputable, pragmatic film feminism.<\/p>\r\n<p>Her films have been valued and awarded by diverse international festivals and rescued at different times, when forgetfulness was setting in, by those who have especially showcased filmographies by female filmmakers, such as Cr\u00e9teil International Women\u2019s Film Festival. Now, ZINEBI is showing her work and career in an essential tribute to a person who was and is a master of film. Thank you.<\/p>\r\n\t\t\t\t\t\t\t\t\r\n\t\t<p><strong>Marta Selva Masoliver<\/strong>.<br>Barcelona International Women\u2019s Film Festival<\/p>\t\t\t\t\t  \r\n\t\t\t\t\t\t\t  <br>\r\n<iframe loading=\"lazy\" width=\"560\" height=\"315\" src=\"https:\/\/www.youtube.com\/embed\/Gb7HxmmKCOo?controls=0\" title=\"YouTube video player\" frameborder=\"0\" allow=\"accelerometer; autoplay; clipboard-write; encrypted-media; gyroscope; picture-in-picture\" allowfullscreen><\/iframe>\r\n\r\n<section id=\"galeria-id-8573\" class=\"cb-galeria__block\">\n\t\t<header class=\"cb-galeria__header\">\n\t\t<div class=\"block-cross-line\">\n\t\t\t<div>\n\t\t\t\tM\u00c1RTA M\u00c9SZ\u00c1ROS\t   \t\t\t\t\t\t\t\t\t\t\t\n\t\t\t<\/div>\n\t\t<\/div>\n\t<\/header>\n\t\t\t<!-- style grid gallery -->\n\t\t<style type=\"text\/css\">\n\t\t\t\t\t\t\t#galeria-id-8573 .cb-galeria__grid > .cb-galeria__item {\n\t\t\t\t\twidth : 20.00%;\n\t\t\t\t}\n\t\t\t\t\t\t<\/style>\n\t\t\t\t<main class=\"cb-galeria cb-gallery\">\n\t\t\t<div class=\"cb-galeria__grid force-1x1\">\n\t\t\t\t\t\t\t\t\t\t<article class=\"cb-galeria__item\">\n\t\t\t\t\t\t\t<div class=\"cb-galeria__item-card\">\n\t\t\t\t\t\t\t\t<a href=\"https:\/\/zinebi.eus\/assets\/media\/Cleo-Lada%CC%81nyi.-Ma%CC%81rta-Me%CC%81sza%CC%81ros-Iloba-_-Nieta-_-Granddaughter.jpg\" class=\"cb-gallery__item\" title=\"Cleo Lad\u00e1nyi. M\u00e1rta M\u00e9sz\u00e1ros Iloba \/ Nieta \/ Granddaughter\">\n\t\t\t\t\t\t\t\t\t<picture id=\"thumbnail-8574\" class=\"lazyload cb-img-thumbnail ratio-vertical\"><source media=\"(max-width: 150px)\" data-srcset=\"https:\/\/zinebi.eus\/assets\/media\/Cleo-Lada\u0301nyi.-Ma\u0301rta-Me\u0301sza\u0301ros-Iloba-_-Nieta-_-Granddaughter-150x226.jpg\"><source media=\"(max-width: 300px)\" data-srcset=\"https:\/\/zinebi.eus\/assets\/media\/Cleo-Lada\u0301nyi.-Ma\u0301rta-Me\u0301sza\u0301ros-Iloba-_-Nieta-_-Granddaughter-300x451.jpg\"><source media=\"(max-width: 400px)\" data-srcset=\"https:\/\/zinebi.eus\/assets\/media\/Cleo-Lada\u0301nyi.-Ma\u0301rta-Me\u0301sza\u0301ros-Iloba-_-Nieta-_-Granddaughter-400x602.jpg\"><source media=\"(max-width: 480px)\" data-srcset=\"https:\/\/zinebi.eus\/assets\/media\/Cleo-Lada\u0301nyi.-Ma\u0301rta-Me\u0301sza\u0301ros-Iloba-_-Nieta-_-Granddaughter-480x722.jpg\"><source media=\"(max-width: 550px)\" data-srcset=\"https:\/\/zinebi.eus\/assets\/media\/Cleo-Lada\u0301nyi.-Ma\u0301rta-Me\u0301sza\u0301ros-Iloba-_-Nieta-_-Granddaughter-550x827.jpg\"><source media=\"(max-width: 768px)\" data-srcset=\"https:\/\/zinebi.eus\/assets\/media\/Cleo-Lada\u0301nyi.-Ma\u0301rta-Me\u0301sza\u0301ros-Iloba-_-Nieta-_-Granddaughter-768x1155.jpg\"><img class=\"lazyload \" data-src=\"https:\/\/zinebi.eus\/assets\/media\/Cleo-Lada\u0301nyi.-Ma\u0301rta-Me\u0301sza\u0301ros-Iloba-_-Nieta-_-Granddaughter.jpg\" alt=\"Cleo Lada\u0301nyi. Ma\u0301rta Me\u0301sza\u0301ros Iloba _ Nieta _ Granddaughter\"><\/source><\/source><\/source><\/source><\/source><\/source><\/picture>\t\t\t\t\t\t\t\t\n\t\t\t\t\t\t\t\t\t<span class=\"cb-galeria__item-text\">\n\t\t\t\t\t\t\t\t\t\t<span class=\"cb-galeria__text-inner\">\n\t\t\t\t\t\t\t\t\t\t\t<span class=\"cb-galeria__text-capsule\">\n\t\t\t\t\t\t\t\t\t\t\t\t<small>Cleo Lad\u00e1nyi. M\u00e1rta M\u00e9sz\u00e1ros Iloba \/ Nieta \/ Granddaughter<\/small>\n\t\t\t\t\t\t\t\t\t\t\t<\/span>\t\n\t\t\t\t\t\t\t\t\t\t<\/span>\t\t\t\t\t\t\t\t\t\n\t\t\t\t\t\t\t\t\t<\/span>\n\t\t\t\t\t\t\t\t\t\t\t\t\t\t\t\t\t<\/a>\n\t\t\t\t\t\t\t<\/div>\n\t\t\t\t\t\t<\/article>\n\t\t\t\t\t\t\t\t\t\t<article class=\"cb-galeria__item\">\n\t\t\t\t\t\t\t<div class=\"cb-galeria__item-card\">\n\t\t\t\t\t\t\t\t<a href=\"https:\/\/zinebi.eus\/assets\/media\/Cleo-Lada%CC%81nyi.-Ma%CC%81rta-Me%CC%81sza%CC%81ros-Iloba-_-Nieta-_-Granddaughter1.jpg\" class=\"cb-gallery__item\" title=\"Cleo Lad\u00e1nyi. M\u00e1rta M\u00e9sz\u00e1ros Iloba \/ Nieta \/ Granddaughter\">\n\t\t\t\t\t\t\t\t\t<picture id=\"thumbnail-8577\" class=\"lazyload cb-img-thumbnail ratio-horizontal\"><source media=\"(max-width: 150px)\" data-srcset=\"https:\/\/zinebi.eus\/assets\/media\/Cleo-Lada\u0301nyi.-Ma\u0301rta-Me\u0301sza\u0301ros-Iloba-_-Nieta-_-Granddaughter1-150x100.jpg\"><source media=\"(max-width: 300px)\" data-srcset=\"https:\/\/zinebi.eus\/assets\/media\/Cleo-Lada\u0301nyi.-Ma\u0301rta-Me\u0301sza\u0301ros-Iloba-_-Nieta-_-Granddaughter1-300x199.jpg\"><source media=\"(max-width: 400px)\" data-srcset=\"https:\/\/zinebi.eus\/assets\/media\/Cleo-Lada\u0301nyi.-Ma\u0301rta-Me\u0301sza\u0301ros-Iloba-_-Nieta-_-Granddaughter1-400x266.jpg\"><source media=\"(max-width: 480px)\" data-srcset=\"https:\/\/zinebi.eus\/assets\/media\/Cleo-Lada\u0301nyi.-Ma\u0301rta-Me\u0301sza\u0301ros-Iloba-_-Nieta-_-Granddaughter1-480x319.jpg\"><source media=\"(max-width: 550px)\" data-srcset=\"https:\/\/zinebi.eus\/assets\/media\/Cleo-Lada\u0301nyi.-Ma\u0301rta-Me\u0301sza\u0301ros-Iloba-_-Nieta-_-Granddaughter1-550x365.jpg\"><source media=\"(max-width: 768px)\" data-srcset=\"https:\/\/zinebi.eus\/assets\/media\/Cleo-Lada\u0301nyi.-Ma\u0301rta-Me\u0301sza\u0301ros-Iloba-_-Nieta-_-Granddaughter1-768x510.jpg\"><img class=\"lazyload \" data-src=\"https:\/\/zinebi.eus\/assets\/media\/Cleo-Lada\u0301nyi.-Ma\u0301rta-Me\u0301sza\u0301ros-Iloba-_-Nieta-_-Granddaughter1.jpg\" alt=\"Cleo Lada\u0301nyi. Ma\u0301rta Me\u0301sza\u0301ros Iloba _ Nieta _ Granddaughter(1)\"><\/source><\/source><\/source><\/source><\/source><\/source><\/picture>\t\t\t\t\t\t\t\t\n\t\t\t\t\t\t\t\t\t<span class=\"cb-galeria__item-text\">\n\t\t\t\t\t\t\t\t\t\t<span class=\"cb-galeria__text-inner\">\n\t\t\t\t\t\t\t\t\t\t\t<span class=\"cb-galeria__text-capsule\">\n\t\t\t\t\t\t\t\t\t\t\t\t<small>Cleo Lad\u00e1nyi. M\u00e1rta M\u00e9sz\u00e1ros Iloba \/ Nieta \/ Granddaughter<\/small>\n\t\t\t\t\t\t\t\t\t\t\t<\/span>\t\n\t\t\t\t\t\t\t\t\t\t<\/span>\t\t\t\t\t\t\t\t\t\n\t\t\t\t\t\t\t\t\t<\/span>\n\t\t\t\t\t\t\t\t\t\t\t\t\t\t\t\t\t<\/a>\n\t\t\t\t\t\t\t<\/div>\n\t\t\t\t\t\t<\/article>\n\t\t\t\t\t\t\t\t\t\t<article class=\"cb-galeria__item\">\n\t\t\t\t\t\t\t<div class=\"cb-galeria__item-card\">\n\t\t\t\t\t\t\t\t<a href=\"https:\/\/zinebi.eus\/assets\/media\/Cleo-Lada%CC%81nyi.-Ma%CC%81rta-Me%CC%81sza%CC%81ros-Iloba-_-Nieta-_-Granddaughter2.jpg\" class=\"cb-gallery__item\" title=\"Cleo Lad\u00e1nyi. M\u00e1rta M\u00e9sz\u00e1ros Iloba \/ Nieta \/ Granddaughter\">\n\t\t\t\t\t\t\t\t\t<picture id=\"thumbnail-8580\" class=\"lazyload cb-img-thumbnail ratio-horizontal\"><source media=\"(max-width: 150px)\" data-srcset=\"https:\/\/zinebi.eus\/assets\/media\/Cleo-Lada\u0301nyi.-Ma\u0301rta-Me\u0301sza\u0301ros-Iloba-_-Nieta-_-Granddaughter2-150x100.jpg\"><source media=\"(max-width: 300px)\" data-srcset=\"https:\/\/zinebi.eus\/assets\/media\/Cleo-Lada\u0301nyi.-Ma\u0301rta-Me\u0301sza\u0301ros-Iloba-_-Nieta-_-Granddaughter2-300x199.jpg\"><source media=\"(max-width: 400px)\" data-srcset=\"https:\/\/zinebi.eus\/assets\/media\/Cleo-Lada\u0301nyi.-Ma\u0301rta-Me\u0301sza\u0301ros-Iloba-_-Nieta-_-Granddaughter2-400x266.jpg\"><source media=\"(max-width: 480px)\" data-srcset=\"https:\/\/zinebi.eus\/assets\/media\/Cleo-Lada\u0301nyi.-Ma\u0301rta-Me\u0301sza\u0301ros-Iloba-_-Nieta-_-Granddaughter2-480x319.jpg\"><source media=\"(max-width: 550px)\" data-srcset=\"https:\/\/zinebi.eus\/assets\/media\/Cleo-Lada\u0301nyi.-Ma\u0301rta-Me\u0301sza\u0301ros-Iloba-_-Nieta-_-Granddaughter2-550x365.jpg\"><source media=\"(max-width: 768px)\" data-srcset=\"https:\/\/zinebi.eus\/assets\/media\/Cleo-Lada\u0301nyi.-Ma\u0301rta-Me\u0301sza\u0301ros-Iloba-_-Nieta-_-Granddaughter2-768x510.jpg\"><img class=\"lazyload \" data-src=\"https:\/\/zinebi.eus\/assets\/media\/Cleo-Lada\u0301nyi.-Ma\u0301rta-Me\u0301sza\u0301ros-Iloba-_-Nieta-_-Granddaughter2.jpg\" alt=\"Cleo Lada\u0301nyi. Ma\u0301rta Me\u0301sza\u0301ros Iloba _ Nieta _ Granddaughter(2)\"><\/source><\/source><\/source><\/source><\/source><\/source><\/picture>\t\t\t\t\t\t\t\t\n\t\t\t\t\t\t\t\t\t<span class=\"cb-galeria__item-text\">\n\t\t\t\t\t\t\t\t\t\t<span class=\"cb-galeria__text-inner\">\n\t\t\t\t\t\t\t\t\t\t\t<span class=\"cb-galeria__text-capsule\">\n\t\t\t\t\t\t\t\t\t\t\t\t<small>Cleo Lad\u00e1nyi. M\u00e1rta M\u00e9sz\u00e1ros Iloba \/ Nieta \/ Granddaughter<\/small>\n\t\t\t\t\t\t\t\t\t\t\t<\/span>\t\n\t\t\t\t\t\t\t\t\t\t<\/span>\t\t\t\t\t\t\t\t\t\n\t\t\t\t\t\t\t\t\t<\/span>\n\t\t\t\t\t\t\t\t\t\t\t\t\t\t\t\t\t<\/a>\n\t\t\t\t\t\t\t<\/div>\n\t\t\t\t\t\t<\/article>\n\t\t\t\t\t\t\t\t\t\t<article class=\"cb-galeria__item\">\n\t\t\t\t\t\t\t<div class=\"cb-galeria__item-card\">\n\t\t\t\t\t\t\t\t<a href=\"https:\/\/zinebi.eus\/assets\/media\/Gonzalo-Olabarria-Concejal-de-Cultura-Beatriz-Navas-Directora-ICAA-Vanesa-Ferna%CC%81ndez-Guerra-Directora-ZINEBI-Cleo-Lada%CC%81nyi-In-representation-of-Ma%CC%81rta-Me%CC%81sza%CC%81ros-Gotzone-Sagardui-Concejala-Ayto.-de-Bilbao.jpg\" class=\"cb-gallery__item\" title=\"Gonzalo Olabarria (Concejal de Cultura), Beatriz Navas (Directora ICAA), Vanesa Fern\u00e1ndez Guerra (Directora ZINEBI), Cleo Lad\u00e1nyi (In representation of M\u00e1rta M\u00e9sz\u00e1ros), Gotzone Sagardui (Concejala Ayto. de Bilbao)\">\n\t\t\t\t\t\t\t\t\t<picture id=\"thumbnail-8583\" class=\"lazyload cb-img-thumbnail ratio-horizontal\"><source media=\"(max-width: 150px)\" data-srcset=\"https:\/\/zinebi.eus\/assets\/media\/Gonzalo-Olabarria-Concejal-de-Cultura-Beatriz-Navas-Directora-ICAA-Vanesa-Ferna\u0301ndez-Guerra-Directora-ZINEBI-Cleo-Lada\u0301nyi-In-representation-of-Ma\u0301rta-Me\u0301sza\u0301ros-Gotzone-Sagardui-Concejala-Ayto.-de-Bilbao-150x100.jpg\"><source media=\"(max-width: 300px)\" data-srcset=\"https:\/\/zinebi.eus\/assets\/media\/Gonzalo-Olabarria-Concejal-de-Cultura-Beatriz-Navas-Directora-ICAA-Vanesa-Ferna\u0301ndez-Guerra-Directora-ZINEBI-Cleo-Lada\u0301nyi-In-representation-of-Ma\u0301rta-Me\u0301sza\u0301ros-Gotzone-Sagardui-Concejala-Ayto.-de-Bilbao-300x199.jpg\"><source media=\"(max-width: 400px)\" data-srcset=\"https:\/\/zinebi.eus\/assets\/media\/Gonzalo-Olabarria-Concejal-de-Cultura-Beatriz-Navas-Directora-ICAA-Vanesa-Ferna\u0301ndez-Guerra-Directora-ZINEBI-Cleo-Lada\u0301nyi-In-representation-of-Ma\u0301rta-Me\u0301sza\u0301ros-Gotzone-Sagardui-Concejala-Ayto.-de-Bilbao-400x266.jpg\"><source media=\"(max-width: 480px)\" data-srcset=\"https:\/\/zinebi.eus\/assets\/media\/Gonzalo-Olabarria-Concejal-de-Cultura-Beatriz-Navas-Directora-ICAA-Vanesa-Ferna\u0301ndez-Guerra-Directora-ZINEBI-Cleo-Lada\u0301nyi-In-representation-of-Ma\u0301rta-Me\u0301sza\u0301ros-Gotzone-Sagardui-Concejala-Ayto.-de-Bilbao-480x319.jpg\"><source media=\"(max-width: 550px)\" data-srcset=\"https:\/\/zinebi.eus\/assets\/media\/Gonzalo-Olabarria-Concejal-de-Cultura-Beatriz-Navas-Directora-ICAA-Vanesa-Ferna\u0301ndez-Guerra-Directora-ZINEBI-Cleo-Lada\u0301nyi-In-representation-of-Ma\u0301rta-Me\u0301sza\u0301ros-Gotzone-Sagardui-Concejala-Ayto.-de-Bilbao-550x365.jpg\"><source media=\"(max-width: 768px)\" data-srcset=\"https:\/\/zinebi.eus\/assets\/media\/Gonzalo-Olabarria-Concejal-de-Cultura-Beatriz-Navas-Directora-ICAA-Vanesa-Ferna\u0301ndez-Guerra-Directora-ZINEBI-Cleo-Lada\u0301nyi-In-representation-of-Ma\u0301rta-Me\u0301sza\u0301ros-Gotzone-Sagardui-Concejala-Ayto.-de-Bilbao-768x510.jpg\"><img class=\"lazyload \" data-src=\"https:\/\/zinebi.eus\/assets\/media\/Gonzalo-Olabarria-Concejal-de-Cultura-Beatriz-Navas-Directora-ICAA-Vanesa-Ferna\u0301ndez-Guerra-Directora-ZINEBI-Cleo-Lada\u0301nyi-In-representation-of-Ma\u0301rta-Me\u0301sza\u0301ros-Gotzone-Sagardui-Concejala-Ayto.-de-Bilbao.jpg\" alt=\"Gonzalo Olabarria (Concejal de Cultura), Beatriz Navas (Directora ICAA), Vanesa Ferna\u0301ndez Guerra (Directora ZINEBI), Cleo Lada\u0301nyi (In representation of Ma\u0301rta Me\u0301sza\u0301ros), Gotzone Sagardui (Concejala Ayto. de Bilbao)\"><\/source><\/source><\/source><\/source><\/source><\/source><\/picture>\t\t\t\t\t\t\t\t\n\t\t\t\t\t\t\t\t\t<span class=\"cb-galeria__item-text\">\n\t\t\t\t\t\t\t\t\t\t<span class=\"cb-galeria__text-inner\">\n\t\t\t\t\t\t\t\t\t\t\t<span class=\"cb-galeria__text-capsule\">\n\t\t\t\t\t\t\t\t\t\t\t\t<small>Gonzalo Olabarria (Concejal de Cultura), Beatriz Navas (Directora ICAA), Vanesa Fern\u00e1ndez Guerra (Directora ZINEBI), Cleo Lad\u00e1nyi (In representation of M\u00e1rta M\u00e9sz\u00e1ros), Gotzone Sagardui (Concejala Ayto. de Bilbao)<\/small>\n\t\t\t\t\t\t\t\t\t\t\t<\/span>\t\n\t\t\t\t\t\t\t\t\t\t<\/span>\t\t\t\t\t\t\t\t\t\n\t\t\t\t\t\t\t\t\t<\/span>\n\t\t\t\t\t\t\t\t\t\t\t\t\t\t\t\t\t<\/a>\n\t\t\t\t\t\t\t<\/div>\n\t\t\t\t\t\t<\/article>\n\t\t\t\t\t\t\t<\/div>\t\n\t\t<\/main>\n\t\t<\/section><!-- \/cb-galeria__block -->\r\n\t\t\t\t\t\t  <\/div>\r\n\t\t\t\t\t\t\t\r\n\t\t\t\t\t\t<\/div>","protected":false},"excerpt":{"rendered":"<p>THE IMAGES OF A THOUSAND WORDS THE CINEMA OF M\u00c1RTA M\u00c9SZ\u00c1ROS Belonging to the generation of female filmmakers that\u2014like Mai Zetterling, Liliana Cavani and Agn\u00e8s Varda, amongst others\u2014appeared in the film production sector in the mid-20th century, M\u00e1rta M\u00e9sz\u00e1ros creates her cinema, sharing with them a radical passion for imagery, with feeling and narratives that [&hellip;]<\/p>\n","protected":false},"author":3,"featured_media":868,"parent":369,"menu_order":0,"comment_status":"closed","ping_status":"closed","template":"templates\/page-hero-mikeldi.php","meta":{"_acf_changed":false,"footnotes":""},"class_list":["post-1222","page","type-page","status-publish","has-post-thumbnail","hentry"],"acf":[],"_links":{"self":[{"href":"https:\/\/zinebi.eus\/en\/wp-json\/wp\/v2\/pages\/1222","targetHints":{"allow":["GET"]}}],"collection":[{"href":"https:\/\/zinebi.eus\/en\/wp-json\/wp\/v2\/pages"}],"about":[{"href":"https:\/\/zinebi.eus\/en\/wp-json\/wp\/v2\/types\/page"}],"author":[{"embeddable":true,"href":"https:\/\/zinebi.eus\/en\/wp-json\/wp\/v2\/users\/3"}],"replies":[{"embeddable":true,"href":"https:\/\/zinebi.eus\/en\/wp-json\/wp\/v2\/comments?post=1222"}],"version-history":[{"count":7,"href":"https:\/\/zinebi.eus\/en\/wp-json\/wp\/v2\/pages\/1222\/revisions"}],"predecessor-version":[{"id":9870,"href":"https:\/\/zinebi.eus\/en\/wp-json\/wp\/v2\/pages\/1222\/revisions\/9870"}],"up":[{"embeddable":true,"href":"https:\/\/zinebi.eus\/en\/wp-json\/wp\/v2\/pages\/369"}],"wp:featuredmedia":[{"embeddable":true,"href":"https:\/\/zinebi.eus\/en\/wp-json\/wp\/v2\/media\/868"}],"wp:attachment":[{"href":"https:\/\/zinebi.eus\/en\/wp-json\/wp\/v2\/media?parent=1222"}],"curies":[{"name":"wp","href":"https:\/\/api.w.org\/{rel}","templated":true}]}}