 {"id":13105,"date":"2022-10-25T13:48:22","date_gmt":"2022-10-25T13:48:22","guid":{"rendered":"https:\/\/zinebi.eus\/zinebi-industry\/industriazinebi-networking-2022dokumentalen-sorgunea-v-foro-profesional-de-cine-documental-de-bilbao\/aukera\/"},"modified":"2022-10-31T18:44:22","modified_gmt":"2022-10-31T18:44:22","slug":"aukera-programme-professional-meeting","status":"publish","type":"page","link":"https:\/\/zinebi.eus\/en\/zinebi-industry\/zinebi-meetings\/aukera-programme-professional-meeting\/","title":{"rendered":"Aukera Programme Professional Meeting"},"content":{"rendered":"<img class=\"aligncenter size-full wp-image-13044 lazyload\" alt=\"\" width=\"213\" height=\"283\" data-src=\"https:\/\/zinebi.eus\/assets\/media\/Logotipo_Hemen_aukera.jpg\" srcset=\"https:\/\/zinebi.eus\/assets\/media\/Logotipo_Hemen_aukera.jpg 213w, https:\/\/zinebi.eus\/assets\/media\/Logotipo_Hemen_aukera-150x199.jpg 150w\" sizes=\"(max-width: 213px) 100vw, 213px\" \/>\r\n<h2>AUKERA<\/h2>\r\nAukera is a short film mentoring programme for women aged between 18 and 35, launched and organised by the association targeting women in the audiovisual sector and scenic arts (H)emen, alongside Zineuskadi, Kutxa Kultur, the Bizkaia Provincial Council, Gipuzkoa Provincial Council, Araba Provincial Council and ZINEBI.\r\n\r\nAukera aims to protect and empower women wishing to work in the audiovisual sector as they move towards professional status from their studies. Like last year, ZINEBI will be staging the public presentation of pitchings of projects by filmmakers in the second round of the programme, to a jury panel composed of director, scriptwriter and producer Lara Izagirre (Gariza Films), director, editor and producer Nagore Eceiza (El Santo Films) and distributor Mar\u00eda Jes\u00fas D\u00edaz (Barton Films). These specialists will be tasked with assessing the short films and choosing the winners competing for the Aukera (H)emen Saria [Aukera (H)emen Award] and the Sortzaileen Saria [Aukera Award for Creation].\r\n\r\n\u00a0\r\n<h3 class=\"sidelines\"><span class=\"blanco\">PORJECTS<\/span><\/h3>\r\n\u00a0\r\n<div class=\"row justify-content-center\">\r\n<div class=\"col-md-2\"><a href=\"https:\/\/zinebi.eus\/programacion\/88-hadas\/\"><img class=\"alignleft wp-image-13051 size-size_300 lazyload\" alt=\"\" width=\"300\" height=\"424\" data-src=\"https:\/\/zinebi.eus\/assets\/media\/\/Cartel-87-HADAS-300x424.jpg\" srcset=\"https:\/\/zinebi.eus\/assets\/media\/Cartel-87-HADAS-300x424.jpg 300w, https:\/\/zinebi.eus\/assets\/media\/Cartel-87-HADAS-150x212.jpg 150w, https:\/\/zinebi.eus\/assets\/media\/Cartel-87-HADAS-400x566.jpg 400w, https:\/\/zinebi.eus\/assets\/media\/Cartel-87-HADAS-480x679.jpg 480w, https:\/\/zinebi.eus\/assets\/media\/Cartel-87-HADAS.jpg 500w\" sizes=\"(max-width: 300px) 100vw, 300px\" \/><\/a><\/div>\r\n<div class=\"col-md-2\"><a href=\"https:\/\/zinebi.eus\/programacion\/maria-la-brava\/\"><img class=\"alignleft wp-image-13051 size-size_300 lazyload\" alt=\"\" width=\"300\" height=\"424\" data-src=\"https:\/\/zinebi.eus\/assets\/media\/\/Cartel_MARI\u0301A-LA-BRAVA-300x409.jpg\"><\/a><\/div>\r\n<div class=\"col-md-2\"><a href=\"https:\/\/zinebi.eus\/programacion\/ultramarino\/\"><img class=\"alignleft wp-image-13051 size-size_300 lazyload\" alt=\"\" width=\"300\" height=\"435\" data-src=\"https:\/\/zinebi.eus\/assets\/media\/\/cartel-ULTRAMARINO-300x361.jpg\"><\/a><\/div>\r\n<div class=\"col-md-2\"><a><\/a><a href=\"https:\/\/zinebi.eus\/programacion\/komando-marmitako\/\"><img class=\"alignleft wp-image-13051 size-size_300 lazyload\" alt=\"\" width=\"300\" height=\"424\" data-src=\"https:\/\/zinebi.eus\/assets\/media\/\/KOMANDO-MARMITAKO-300x419.png\"><\/a><\/div>\r\n<div class=\"col-md-2\"><a href=\"https:\/\/zinebi.eus\/programacion\/maria-la-brava\/\"><img class=\"alignleft wp-image-13051 size-size_300 lazyload\" alt=\"\" width=\"300\" height=\"424\" data-src=\"https:\/\/zinebi.eus\/assets\/media\/\/Portada-udazkenero-1536x1536-1-300x425.png\"><\/a><\/div>\r\n<\/div>","protected":false},"excerpt":{"rendered":"<p>AUKERA Aukera is a short film mentoring programme for women aged between 18 and 35, launched and organised by the association targeting women in the audiovisual sector and scenic arts (H)emen, alongside Zineuskadi, Kutxa Kultur, the Bizkaia Provincial Council, Gipuzkoa Provincial Council, Araba Provincial Council and ZINEBI. Aukera aims to protect and empower women wishing [&hellip;]<\/p>\n","protected":false},"author":2,"featured_media":10402,"parent":459,"menu_order":0,"comment_status":"closed","ping_status":"closed","template":"templates\/page-hero-sintexto.php","meta":{"_acf_changed":false,"footnotes":""},"class_list":["post-13105","page","type-page","status-publish","has-post-thumbnail","hentry"],"acf":[],"_links":{"self":[{"href":"https:\/\/zinebi.eus\/en\/wp-json\/wp\/v2\/pages\/13105","targetHints":{"allow":["GET"]}}],"collection":[{"href":"https:\/\/zinebi.eus\/en\/wp-json\/wp\/v2\/pages"}],"about":[{"href":"https:\/\/zinebi.eus\/en\/wp-json\/wp\/v2\/types\/page"}],"author":[{"embeddable":true,"href":"https:\/\/zinebi.eus\/en\/wp-json\/wp\/v2\/users\/2"}],"replies":[{"embeddable":true,"href":"https:\/\/zinebi.eus\/en\/wp-json\/wp\/v2\/comments?post=13105"}],"version-history":[{"count":5,"href":"https:\/\/zinebi.eus\/en\/wp-json\/wp\/v2\/pages\/13105\/revisions"}],"predecessor-version":[{"id":13977,"href":"https:\/\/zinebi.eus\/en\/wp-json\/wp\/v2\/pages\/13105\/revisions\/13977"}],"up":[{"embeddable":true,"href":"https:\/\/zinebi.eus\/en\/wp-json\/wp\/v2\/pages\/459"}],"wp:featuredmedia":[{"embeddable":true,"href":"https:\/\/zinebi.eus\/en\/wp-json\/wp\/v2\/media\/10402"}],"wp:attachment":[{"href":"https:\/\/zinebi.eus\/en\/wp-json\/wp\/v2\/media?parent=13105"}],"curies":[{"name":"wp","href":"https:\/\/api.w.org\/{rel}","templated":true}]}}