 {"id":13147,"date":"2022-10-25T11:20:04","date_gmt":"2022-10-25T11:20:04","guid":{"rendered":"https:\/\/zinebi.eus\/zinebi-industry\/industriazinebi-networking-2022dokumentalen-sorgunea-v-foro-profesional-de-cine-documental-de-bilbao\/las-mujeres-en-los-festivales-de-cine-donde-estamos\/"},"modified":"2022-11-13T01:30:41","modified_gmt":"2022-11-13T01:30:41","slug":"las-mujeres-en-los-festivales-de-cine-donde-estamos","status":"publish","type":"page","link":"https:\/\/zinebi.eus\/en\/zinebi-industry\/zinebi-meetings\/las-mujeres-en-los-festivales-de-cine-donde-estamos\/","title":{"rendered":"WOMEN AT FILM FESTIVALS\u2026 WHERE ARE WE?"},"content":{"rendered":"<h2>WOMEN AT FILM FESTIVALS\u2026 WHERE ARE WE? <\/h2>\r\n<p>It is a fact that nowadays women are an essential part of the team in State film festivals. All of us in this sector know that the teams working on production, communication, copy management, guest services, protocol and other areas of film festivals are mostly composed of women. But what if we take a look at the management posts at the festivals, and the programming teams?<\/p>\r\n\r\n<p>I would love to crunch some numbers for what I am saying here, but I fear that no institution has found the issue sufficiently relevant to merit a study: how many women form part of film festival management teams? how does this percentage vary depending on the \u201ccategory\u201d of the festival? how is this percentage distributed gender-wise in each working area at the festivals? has the percentage distribution changed over the years?<\/p>\r\n<p>This is not a matter of percentages, although percentages and statistics are essential to put the reality in the spotlight. Nor is it a matter of presence quotas, although quotas are definitely essential tools to correct the dynamics of the power structures established.<\/p>\r\n\r\n<p>Real diversity in film festival teams is vital to create plural spaces for programming, reflection and encounters. Comprehension of the concepts of intersectionality and sustainability in terms of their transformational potential, and not simply as terms to be automatically repeated until they have been completely stripped of any meaning is a challenge we cannot avoid. <\/p>\r\n\r\n<p>Creating a less competitive ecosystem, in which strategies of cooperation and symbiosis are increasingly more solid at festivals and within each organisation. Building work methods that are more horizontal and sustainable, both in terms of the environment and the people forming part of it. Breaking the dynamics of exponential growth: more and more projections, more venues, more premieres, more guests, more, more, more. Breaking the paradigm of festivals as a business model. Acknowledging their usefulness as spaces generating new scenarios and focusing on an increase in their social incidence\u2026 Could these be some of the guiding parameters for some possible alternative trajectories?<\/p>\r\n<p><strong>Mar\u00eda Zafra<\/strong>\r\n<br>Director\r\n<br>Mostra Internacional de Films de Dones de Barcelona<\/p>\r\n<br>\r\n<img alt=\"\" width=\"370\" height=\"87\" class=\"aligncenter size-full wp-image-13514 lazyload\" data-src=\"https:\/\/zinebi.eus\/assets\/media\/LOGOS_Emakumeak-1.png\" srcset=\"https:\/\/zinebi.eus\/assets\/media\/LOGOS_Emakumeak-1.png 370w, https:\/\/zinebi.eus\/assets\/media\/LOGOS_Emakumeak-1-150x35.png 150w, https:\/\/zinebi.eus\/assets\/media\/LOGOS_Emakumeak-1-300x71.png 300w\" sizes=\"(max-width: 370px) 100vw, 370px\" \/>\r\n<br>\r\n<br>\r\n<div>\r\n<h3 class=\"sidelines\"><span class=\"blanco\">MODERATORS<\/span><\/h3>\r\n<br>\r\n\r\n<div class=\"row justify-content-center\">\r\n\r\n<div class=\"col-md-4\"><img class=\"alignnone wp-image-10361 size-full lazyload\" data-src=\"https:\/\/zinebi.eus\/assets\/media\/Marta-Selva.jpg\">\r\n<h4><strong>Marta Selva<\/strong>\r\n<br>Director<br>\r\nMostra Internacional de Films de Dones de Barcelona<\/h4>\r\n<\/div>\r\n\r\n<div class=\"col-md-4\"><img class=\"alignnone wp-image-10361 size-full lazyload\" data-src=\"https:\/\/zinebi.eus\/assets\/media\/Anna-Sola\u0300.jpg\">\r\n<h4><strong>Anna Sol\u00e0<\/strong>\r\n<br>Director<br>\r\nMostra Internacional de Films de Dones de Barcelona<\/h4>\r\n<\/div>\r\n\r\n<div class=\"col-md-4\"><img class=\"alignnone wp-image-10361 size-full lazyload\" data-src=\"https:\/\/zinebi.eus\/assets\/media\/MariaZafra2.jpg\">\r\n<h4><strong>Mar\u00eda Zafra<\/strong>\r\n<br>Programmer<br>\r\nMostra Internacional de Films de Dones de Barcelona<\/h4>\r\n<\/div>\r\n<br>\r\n<br>\r\n<\/div>\r\n\r\n<div>\r\n<br>\r\n<br>\r\n<h3 class=\"sidelines\"><span class=\"blanco\">PONENTES<\/span><\/h3>\r\n<br>\r\n\r\n<div class=\"row justify-content-center\">\r\n\r\n<div class=\"col-md-3\"><img class=\"alignnone wp-image-10361 size-full lazyload\" data-src=\"https:\/\/zinebi.eus\/assets\/media\/Izaskun-Arandia.jpg\">\r\n<h4><strong>Izaskun Arandia<\/strong>\r\n<br>President<br>\r\n(H)emen<\/h4>\r\n<\/div>\r\n\r\n<div class=\"col-md-3\"><img class=\"alignnone wp-image-10361 size-full lazyload\" data-src=\"https:\/\/zinebi.eus\/assets\/media\/alaitz-arenzana.jpg\">\r\n<h4><strong>Alaitz Arenzana<\/strong>\r\n<br>Director<br>\r\nZinegoak <\/h4>\r\n<\/div>\r\n\r\n<div class=\"col-md-3\"><img class=\"alignnone wp-image-10361 size-full lazyload\" data-src=\"https:\/\/zinebi.eus\/assets\/media\/maialen-beloki.jpg\">\r\n<h4><strong>Maialen Beloki<\/strong>\r\n<br>Deputy Director <br>\r\nDonostia Zinemaldia (SSIFF) <\/h4>\r\n<\/div>\r\n\r\n<div class=\"col-md-3\"><img class=\"alignnone wp-image-10361 size-full lazyload\" data-src=\"https:\/\/zinebi.eus\/assets\/media\/Mane-Cisneros.jpg\">\r\n<h4><strong>Mane Cisneros<\/strong>\r\n<br>Director<br>\r\nFestival de Cine Africano de Tarifa\r\n<\/h4>\r\n<\/div>\r\n\r\n<div class=\"col-md-3\"><img class=\"alignnone wp-image-10361 size-full lazyload\" data-src=\"https:\/\/zinebi.eus\/assets\/media\/Hilke-Doering.-Jurado-_-Jury-ZINEBI-64-2022-1.jpg\">\r\n<h4><strong>Hilke Doering<\/strong>\r\n<br>Director<br>\r\nOberhausen <\/h4>\r\n<\/div>\r\n\r\n<div class=\"col-md-3\"><img class=\"alignnone wp-image-10361 size-full lazyload\" data-src=\"https:\/\/zinebi.eus\/assets\/media\/Ana-Domi\u0301nguez.jpg\">\r\n<h4><strong>Ana Dom\u00ednguez <\/strong>\r\n<br>Codirector <br>\r\n(S8) Mostra de Cinema Perif\u00e9rico\r\n<\/h4>\r\n<\/div>\r\n\r\n<div class=\"col-md-3\"><img class=\"alignnone wp-image-10361 size-full lazyload\" data-src=\"https:\/\/zinebi.eus\/assets\/media\/Anette-Dujisin-Foto.jpg\">\r\n<h4><strong>Anette Dujisin<\/strong>\r\n<br>Programmer<\/h4>\r\n<\/div>\r\n\r\n<div class=\"col-md-3\"><img class=\"alignnone wp-image-10361 size-full lazyload\" data-src=\"https:\/\/zinebi.eus\/assets\/media\/Vanesa-Fernda\u0301ndez_ZINEBI.jpg\">\r\n<h4><strong>Vanesa Fern\u00e1ndez Guerra<\/strong>\r\n<br>Director<br>\r\nZINEBI \u2013 Festival Internacional de Cine Documental y Cortometraje de Bilbao<\/h4>\r\n<\/div>\r\n\r\n<div class=\"col-md-3\"><img class=\"alignnone wp-image-10361 size-full lazyload\" data-src=\"https:\/\/zinebi.eus\/assets\/media\/Ana-Gutie\u0301rrez.jpg\">\r\n<h4><strong>Ana Guti\u00e9rrez <\/strong>\r\n<br>Director <br>\r\nZinemakumeak Gara!<\/h4>\r\n<\/div>\r\n\r\n<div class=\"col-md-3\"><img class=\"alignnone wp-image-10361 size-full lazyload\" data-src=\"https:\/\/zinebi.eus\/assets\/media\/Gabriela-Marti\u0301_credit-Carlos-Pina.jpg\">\r\n<h4><strong>Gabriela Mart\u00ed <\/strong>\r\n<br>Director <br>\r\nRIZOMA Festival<\/h4>\r\n<\/div>\r\n\r\n<div class=\"col-md-3\"><img class=\"alignnone wp-image-10361 size-full lazyload\" data-src=\"https:\/\/zinebi.eus\/assets\/media\/Garbin\u0303e-Ortega.jpg\">\r\n<h4><strong>Garbi\u00f1e Ortega<\/strong>\r\n<br>Comisaria, Productora de Cine<\/h4>\r\n<\/div>\r\n\r\n<div class=\"col-md-3\"><img class=\"alignnone wp-image-10361 size-full lazyload\" data-src=\"https:\/\/zinebi.eus\/assets\/media\/Estela-Rasal.jpg\">\r\n<h4><strong>Estela Rasal<\/strong>\r\n<br>Direcci\u00f3n de Producci\u00f3n y Producci\u00f3n Ejecutiva<br>\r\nFestival Internacional de Cine de Huesca<\/h4>\r\n<\/div>\r\n\r\n<div class=\"col-md-3\"><img class=\"alignnone wp-image-10361 size-full lazyload\" data-src=\"https:\/\/zinebi.eus\/assets\/media\/eva-rivera.jpg\">\r\n<h4><strong>Eva Rivera<\/strong>\r\n<br>Director <br>\r\nFestival de Cine Documental Musical Dock of the Bay <\/h4>\r\n<\/div>\r\n\r\n<div class=\"col-md-3\"><img class=\"alignnone wp-image-10361 size-full lazyload\" data-src=\"https:\/\/zinebi.eus\/assets\/media\/serrand-charlotte.jpg\">\r\n<h4><strong>Charlotte Serrand<\/strong>\r\n<br>Directora art\u00edstica<br>\r\nFestival International du Film de La Roche-sur-Yon<\/h4>\r\n<\/div>\r\n\r\n<div class=\"col-md-3\"><img class=\"alignnone wp-image-10361 size-full lazyload\" data-src=\"https:\/\/zinebi.eus\/assets\/media\/Joana-Sousa.jpg\">\r\n<h4><strong>Joana Sousa<\/strong>\r\n<br>Coordinadora de Programaci\u00f3n<br>\r\nDocLisboa<\/h4>\r\n<\/div>\r\n\r\n<div class=\"col-md-3\"><img class=\"alignnone wp-image-10361 size-full lazyload\" data-src=\"https:\/\/zinebi.eus\/assets\/media\/Alejandra-Trelles.jpg\">\r\n<h4><strong>Alejandra Trelles<\/strong>\r\n<br>Director <br>\r\nFestival Cinematogr\u00e1fico Internacional del Uruguay<\/h4>\r\n<\/div>\r\n\r\n<div class=\"col-md-3\"><img class=\"alignnone wp-image-10361 size-full lazyload\" data-src=\"https:\/\/zinebi.eus\/assets\/media\/Kristina-Zorita.jpg\">\r\n<h4><strong>Kristina Zorita<\/strong>\r\n<br>President <br>\r\n(H)emen<\/h4>\r\n<\/div>\r\n\r\n<div class=\"col-md-3\"><img width=\"800\" height=\"530\" class=\"alignnone wp-image-10360 size-full lazyload\" data-src=\"https:\/\/zinebi.eus\/assets\/media\/Anca-Caramelea.-Jurado-_-Jury-ZINEBI-64-2022-1.jpg\" srcset=\"https:\/\/zinebi.eus\/assets\/media\/Anca-Caramelea.-Jurado-_-Jury-ZINEBI-64-2022-1.jpg 800w, https:\/\/zinebi.eus\/assets\/media\/Anca-Caramelea.-Jurado-_-Jury-ZINEBI-64-2022-1-150x99.jpg 150w, https:\/\/zinebi.eus\/assets\/media\/Anca-Caramelea.-Jurado-_-Jury-ZINEBI-64-2022-1-300x199.jpg 300w, https:\/\/zinebi.eus\/assets\/media\/Anca-Caramelea.-Jurado-_-Jury-ZINEBI-64-2022-1-400x265.jpg 400w, https:\/\/zinebi.eus\/assets\/media\/Anca-Caramelea.-Jurado-_-Jury-ZINEBI-64-2022-1-480x318.jpg 480w, https:\/\/zinebi.eus\/assets\/media\/Anca-Caramelea.-Jurado-_-Jury-ZINEBI-64-2022-1-550x364.jpg 550w, https:\/\/zinebi.eus\/assets\/media\/Anca-Caramelea.-Jurado-_-Jury-ZINEBI-64-2022-1-768x509.jpg 768w\" sizes=\"(max-width: 800px) 100vw, 800px\" \/>\r\n<h4><strong>Anca Caramelea<\/strong>\r\n<br>Programmer <br>\r\nEcozine Film Festival<\/h4>\r\n<\/div>\r\n\r\n<div class=\"col-md-3\"><img class=\"alignnone wp-image-10360 size-full lazyload\" data-src=\"https:\/\/zinebi.eus\/assets\/media\/Gina-Petropoulou.jpg\">\r\n<h4><strong>Gina Petropoulou<\/strong>\r\n <br>Director\r\n<br>Peloponnisos International Documentary Festival<\/h4><\/div>\r\n<\/div>\r\n\r\n<\/div><\/div>","protected":false},"excerpt":{"rendered":"<p>WOMEN AT FILM FESTIVALS\u2026 WHERE ARE WE? It is a fact that nowadays women are an essential part of the team in State film festivals. All of us in this sector know that the teams working on production, communication, copy management, guest services, protocol and other areas of film festivals are mostly composed of women. [&hellip;]<\/p>\n","protected":false},"author":2,"featured_media":10402,"parent":459,"menu_order":0,"comment_status":"closed","ping_status":"closed","template":"templates\/page-hero-mikeldi.php","meta":{"_acf_changed":false,"footnotes":""},"class_list":["post-13147","page","type-page","status-publish","has-post-thumbnail","hentry"],"acf":[],"_links":{"self":[{"href":"https:\/\/zinebi.eus\/en\/wp-json\/wp\/v2\/pages\/13147","targetHints":{"allow":["GET"]}}],"collection":[{"href":"https:\/\/zinebi.eus\/en\/wp-json\/wp\/v2\/pages"}],"about":[{"href":"https:\/\/zinebi.eus\/en\/wp-json\/wp\/v2\/types\/page"}],"author":[{"embeddable":true,"href":"https:\/\/zinebi.eus\/en\/wp-json\/wp\/v2\/users\/2"}],"replies":[{"embeddable":true,"href":"https:\/\/zinebi.eus\/en\/wp-json\/wp\/v2\/comments?post=13147"}],"version-history":[{"count":12,"href":"https:\/\/zinebi.eus\/en\/wp-json\/wp\/v2\/pages\/13147\/revisions"}],"predecessor-version":[{"id":15120,"href":"https:\/\/zinebi.eus\/en\/wp-json\/wp\/v2\/pages\/13147\/revisions\/15120"}],"up":[{"embeddable":true,"href":"https:\/\/zinebi.eus\/en\/wp-json\/wp\/v2\/pages\/459"}],"wp:featuredmedia":[{"embeddable":true,"href":"https:\/\/zinebi.eus\/en\/wp-json\/wp\/v2\/media\/10402"}],"wp:attachment":[{"href":"https:\/\/zinebi.eus\/en\/wp-json\/wp\/v2\/media?parent=13147"}],"curies":[{"name":"wp","href":"https:\/\/api.w.org\/{rel}","templated":true}]}}