 {"id":13188,"date":"2022-10-25T15:29:55","date_gmt":"2022-10-25T15:29:55","guid":{"rendered":"https:\/\/zinebi.eus\/zinebi-industry\/zinebi-meetings\/reivindicar-la-libertad\/"},"modified":"2022-10-26T15:34:02","modified_gmt":"2022-10-26T15:34:02","slug":"reivindicar-la-libertad","status":"publish","type":"page","link":"https:\/\/zinebi.eus\/en\/zinebi-industry\/zinebi-meetings\/reivindicar-la-libertad\/","title":{"rendered":"CLAIMING FREEDOM"},"content":{"rendered":"<p>Contributing to the strengthening of documentary production through the collaboration between European festivals, ZINEBI \u2013 International Festival of Documentary and Short Film of Bilbao and the Peloponnisos International Documentary Festival, organized by the Creative Documentary Center of Kalamata, have scheduled the round discussion table: Claiming Freedom.<\/p>\r\n\r\n<p>The Greek filmmakers and the Basque ones that directed <em>Claiming Freedom<\/em> (2022) as a collaboration documentary film, will discuss around the creative process of the film, as well as about the communication and collaboration experience during the 8th Peloponnese International Documentary Festival in April 2021, where they presented the progress of their work.<\/p>\r\n\r\n<p>Greek filmmakers: Giorgos Danopoulos, Kalliopi Legaki and Ismini Sakellaropoulou, and Basque ones: Aleix Aguil\u00e0, Marisol Gil Antillano, Paula G\u00f3mez Gonz\u00e1lez, Marcos Urquijo Y\u00e1\u00f1ez, along with Gina Petropoulpou, will take part of the reflection table.\r\nAs said by Gina Petropoulpou (Peloponnisos Film Festival\u2019s director), ZINEBI also wishes to keep promoting a fruitful collaboration and the documentary production of our two countries in the future.<\/p>\r\n\r\n\r\n<img class=\"aligncenter size-full wp-image-13184 lazyload\" alt=\"\" width=\"960\" height=\"540\" data-src=\"https:\/\/zinebi.eus\/assets\/media\/\u03ba\u03b1\u03bb\u03b1\u03bc\u03b1\u03c4\u03b1-meeting.jpg\" srcset=\"https:\/\/zinebi.eus\/assets\/media\/\u03ba\u03b1\u03bb\u03b1\u03bc\u03b1\u03c4\u03b1-meeting.jpg 960w, https:\/\/zinebi.eus\/assets\/media\/\u03ba\u03b1\u03bb\u03b1\u03bc\u03b1\u03c4\u03b1-meeting-150x84.jpg 150w, https:\/\/zinebi.eus\/assets\/media\/\u03ba\u03b1\u03bb\u03b1\u03bc\u03b1\u03c4\u03b1-meeting-300x169.jpg 300w, https:\/\/zinebi.eus\/assets\/media\/\u03ba\u03b1\u03bb\u03b1\u03bc\u03b1\u03c4\u03b1-meeting-400x225.jpg 400w, https:\/\/zinebi.eus\/assets\/media\/\u03ba\u03b1\u03bb\u03b1\u03bc\u03b1\u03c4\u03b1-meeting-480x270.jpg 480w, https:\/\/zinebi.eus\/assets\/media\/\u03ba\u03b1\u03bb\u03b1\u03bc\u03b1\u03c4\u03b1-meeting-550x309.jpg 550w, https:\/\/zinebi.eus\/assets\/media\/\u03ba\u03b1\u03bb\u03b1\u03bc\u03b1\u03c4\u03b1-meeting-768x432.jpg 768w\" sizes=\"(max-width: 960px) 100vw, 960px\" \/>\r\n\r\n\u00a0","protected":false},"excerpt":{"rendered":"<p>Contributing to the strengthening of documentary production through the collaboration between European festivals, ZINEBI \u2013 International Festival of Documentary and Short Film of Bilbao and the Peloponnisos International Documentary Festival, organized by the Creative Documentary Center of Kalamata, have scheduled the round discussion table: Claiming Freedom. The Greek filmmakers and the Basque ones that directed [&hellip;]<\/p>\n","protected":false},"author":2,"featured_media":12752,"parent":459,"menu_order":0,"comment_status":"closed","ping_status":"closed","template":"templates\/page-hero-mikeldi.php","meta":{"_acf_changed":false,"footnotes":""},"class_list":["post-13188","page","type-page","status-publish","has-post-thumbnail","hentry"],"acf":[],"_links":{"self":[{"href":"https:\/\/zinebi.eus\/en\/wp-json\/wp\/v2\/pages\/13188","targetHints":{"allow":["GET"]}}],"collection":[{"href":"https:\/\/zinebi.eus\/en\/wp-json\/wp\/v2\/pages"}],"about":[{"href":"https:\/\/zinebi.eus\/en\/wp-json\/wp\/v2\/types\/page"}],"author":[{"embeddable":true,"href":"https:\/\/zinebi.eus\/en\/wp-json\/wp\/v2\/users\/2"}],"replies":[{"embeddable":true,"href":"https:\/\/zinebi.eus\/en\/wp-json\/wp\/v2\/comments?post=13188"}],"version-history":[{"count":1,"href":"https:\/\/zinebi.eus\/en\/wp-json\/wp\/v2\/pages\/13188\/revisions"}],"predecessor-version":[{"id":13189,"href":"https:\/\/zinebi.eus\/en\/wp-json\/wp\/v2\/pages\/13188\/revisions\/13189"}],"up":[{"embeddable":true,"href":"https:\/\/zinebi.eus\/en\/wp-json\/wp\/v2\/pages\/459"}],"wp:featuredmedia":[{"embeddable":true,"href":"https:\/\/zinebi.eus\/en\/wp-json\/wp\/v2\/media\/12752"}],"wp:attachment":[{"href":"https:\/\/zinebi.eus\/en\/wp-json\/wp\/v2\/media?parent=13188"}],"curies":[{"name":"wp","href":"https:\/\/api.w.org\/{rel}","templated":true}]}}