 {"id":16043,"date":"2022-11-18T07:41:55","date_gmt":"2022-11-18T07:41:55","guid":{"rendered":"https:\/\/zinebi.eus\/zinebi-64\/palmares-zinebi-64\/"},"modified":"2022-11-18T14:29:06","modified_gmt":"2022-11-18T14:29:06","slug":"palmares-zinebi-64","status":"publish","type":"page","link":"https:\/\/zinebi.eus\/en\/zinebi-64\/palmares-zinebi-64\/","title":{"rendered":"Winners <br>ZINEBI 64"},"content":{"rendered":"<div>\r\n<h3><center>Official selection \u2013 Short Film International Competition<\/center><\/h3> <br>\r\n\r\n<h2><center>ZINEBI Grand Award<\/center><\/h2> \r\n<center><img alt=\"\" width=\"1920\" height=\"1080\" class=\"aligncenter size-full wp-image-11136 lazyload\" data-src=\"https:\/\/zinebi.eus\/assets\/media\/Copia-de-ALL-MY-SCARS-VANISH-IN-THE-WIND_still1.png\" srcset=\"https:\/\/zinebi.eus\/assets\/media\/Copia-de-ALL-MY-SCARS-VANISH-IN-THE-WIND_still1.png 1090w, https:\/\/zinebi.eus\/assets\/media\/Copia-de-ALL-MY-SCARS-VANISH-IN-THE-WIND_still1-150x84.png 150w, https:\/\/zinebi.eus\/assets\/media\/Copia-de-ALL-MY-SCARS-VANISH-IN-THE-WIND_still1-300x169.png 300w, https:\/\/zinebi.eus\/assets\/media\/Copia-de-ALL-MY-SCARS-VANISH-IN-THE-WIND_still1-400x225.png 400w, https:\/\/zinebi.eus\/assets\/media\/Copia-de-ALL-MY-SCARS-VANISH-IN-THE-WIND_still1-480x270.png 480w, https:\/\/zinebi.eus\/assets\/media\/Copia-de-ALL-MY-SCARS-VANISH-IN-THE-WIND_still1-550x309.png 550w, https:\/\/zinebi.eus\/assets\/media\/Copia-de-ALL-MY-SCARS-VANISH-IN-THE-WIND_still1-768x432.png 768w, https:\/\/zinebi.eus\/assets\/media\/Copia-de-ALL-MY-SCARS-VANISH-IN-THE-WIND_still1-992x558.png 992w\" sizes=\"(max-width: 1920px) 100vw, 1920px\" \/>\r\n<br><h3><center><a href=\"https:\/\/zinebi.eus\/programacion\/todas-mis-cicatrices-se-desvanecen-en-el-viento\">Todas mis cicatrices se desvanecen en el viento (All My Scars Vanish in the Wind)<\/a><\/center><\/h3><h4> Ang\u00e9lica Restrepo, Carlos Velandia (Colombia, 2022 | 14\u2032 | ANI)<\/h4>\r\n\u201cAn innovative and surprising piece of animation, taking viewers on a journey through time, the space and sound of landscapes in the memory, guiding us through painful memories dissolving around us.\u201d<\/center>\r\n<br>\r\n<br>\r\n\r\n<hr>\r\n<h2><center>Grand Award of Basque Cinema<\/center><\/h2> \r\n<center><img alt=\"\" width=\"1920\" height=\"1080\" class=\"aligncenter size-full wp-image-11136 lazyload\" data-src=\"https:\/\/zinebi.eus\/assets\/media\/Copia-de-WILD-FLOWERS_still.png\">\r\n<br><h3><center><a href=\"https:\/\/zinebi.eus\/programacion\/wild-flowers\">Wild Flowers<\/a><\/center><\/h3><h4> Karla Crn\u010devi\u0107 (Basque Country \u2013 Croatia, 2022 | 11\u2032 | DOC)<\/h4>\r\n\u201d A fully-rounded work, where brutality and tenderness team up to build a deeply sensorial narrative, with precise use of resources as its most striking feature.\u201d<\/center>\r\n<br>\r\n<br>\r\n\r\n<hr>\r\n<h2><center>Grand Award of Spanish Cinema<\/center><\/h2> \r\n<center><img alt=\"\" width=\"1920\" height=\"1080\" class=\"aligncenter size-full wp-image-11136 lazyload\" data-src=\"https:\/\/zinebi.eus\/assets\/media\/Copia-de-SMELLS_1_stills.jpeg\">\r\n<br><h3><center><a href=\"https:\/\/zinebi.eus\/programacion\/olores\">Olores (Smells)<\/a><\/center><\/h3><h4> Alba Esquinas (Spain, 2022 | 10\u2032 | DOC)<\/h4>\r\n\u201cA fully-rounded work, where brutality and tenderness team up to build a deeply sensorial narrative, with precise use of resources as its most striking feature.\u201d<\/center>\r\n<br>\r\n<br>\r\n\r\n<hr>\r\n<h2><center>Mikeldi for Best Fiction Short Film<\/center><\/h2> \r\n<center><img alt=\"\" width=\"1920\" height=\"1080\" class=\"aligncenter size-full wp-image-11136 lazyload\" data-src=\"https:\/\/zinebi.eus\/assets\/media\/Copia-de-backflip_still1.jpg\">\r\n<br><h3><center><a href=\"https:\/\/zinebi.eus\/programacion\/Backflip\">Backflip<\/a><\/center><\/h3><h4> Nikita Diakur (Germany \u2013 France, 2022 | 12\u2032 | FIC)<\/h4>\r\n\u201c<em>Backflip<\/em> tosses us into an abyss through comedy, immersing us in the fiction of an overwhelming reality: the virtual avatar of a human being incessantly attempts a backflip, demonstrating pain, failure, discouragement, and learning through mistakes. This is a comical and also painful film with which spectators can inevitably identify. All of us are that wretched figure: its ridiculousness, its pain and its perseverance are ours.\u201d<\/center>\r\n<br>\r\n<br>\r\n\r\n<hr>\r\n<h2><center>Mikeldi for Best Documentary Short Film <\/center><\/h2> \r\n<center><img alt=\"\" width=\"1920\" height=\"1080\" class=\"aligncenter size-full wp-image-11136 lazyload\" data-src=\"https:\/\/zinebi.eus\/assets\/media\/Copia-de-BALLS_still1.jpg\">\r\n<br><h3><center><a href=\"https:\/\/zinebi.eus\/programacion\/balls\">Balls (Lopte)<\/a><\/center><\/h3><h4> Gorana Jovanovi\u0107 (Serbia \u2013 Slovenia, 2022 | 22\u2019| DOC)<\/h4>\r\n\u201cThe tiny details of <em>Balls<\/em> show us the powerful links between football, war and politics. With some excellent camera and lighting work, the film maintains a latent tension concealing the violence and oppression in male spaces. The film has a mantle under which we can glimpse its context: the patriarchy and the non self-aware claustrophobia it drags along behind it.\u201d<\/center>\r\n<br>\r\n<br>\r\n\r\n<hr>\r\n<h2><center>Mikeldi for Best Animation Short Film <\/center><\/h2> \r\n<center><img alt=\"\" width=\"1920\" height=\"1080\" class=\"aligncenter size-full wp-image-11136 lazyload\" data-src=\"https:\/\/zinebi.eus\/assets\/media\/Copia-de-SEARCHING-HELENY__still1.jpg\">\r\n<br><h3><center><a href=\"https:\/\/zinebi.eus\/programacion\/searching-heleny\">Searching Heleny (Cad\u00ea Heleny?)<\/a><\/center><\/h3><h4>Esther Vital Garc\u00eda (Spain \u2013 Brazil, 2022 | 29\u2032 | DOC\/ANI)<\/h4>\r\n\u201cUsing a technique with close links to the very history of resistance it recounts, the short film alternates the use of soft, tactile materials, apparently innocent, with the reconstruction of events brimming over with violence and brutality. An exhaustive piece of research and development using a specific technique to show what could not have been shown any other way.\u201d<\/center>\r\n<br>\r\n<br>\r\n\r\n<hr>\r\n<h2><center>EITB Audience Award <\/center><\/h2> \r\n<center><img alt=\"\" width=\"1920\" height=\"1080\" class=\"aligncenter size-full wp-image-11136 lazyload\" data-src=\"https:\/\/zinebi.eus\/assets\/media\/Copia-de-SEARCHING-HELENY__still1.jpg\">\r\n<br><h3><center><a href=\"https:\/\/zinebi.eus\/programacion\/searching-heleny\">Searching Heleny (Cad\u00ea Heleny?)<\/a><\/center><\/h3><h4>Esther Vital Garc\u00eda (Spain \u2013 Brazil, 2022 | 29\u2032 | DOC\/ANI)<\/h4><\/center>\r\n<br>\r\n<p><\/p><center><strong>Short Film International Competition Jury <\/strong>Anca Caramelea, Hilke Doering, Juan Soto, Sabina Urraca, Bego\u00f1a Vicario<\/center>\r\n\r\n<hr>\r\n<h2><center>FAS Cineclub Award <\/center><\/h2> \r\n<center><img alt=\"\" width=\"1920\" height=\"1080\" class=\"aligncenter size-full wp-image-11136 lazyload\" data-src=\"https:\/\/zinebi.eus\/assets\/media\/Copia-de-ESPERA_SEDIMENTO_still.jpg\">\r\n<br><h3><center><a href=\"https:\/\/zinebi.eus\/programacion\/espera-y-sedimento\">Espera y sedimento (Hold On &amp; Sediment)<\/a><\/center><\/h3><h4>Tana Garrido Ruiz (Basque Country, 2022 | 13\u2032 | DOC)<\/h4><\/center>\r\n<br>\r\n<br>\r\n\r\n<hr>\r\n<h2><center>UNICEF Award <\/center><\/h2> \r\n<center><img alt=\"\" width=\"1920\" height=\"1080\" class=\"aligncenter size-full wp-image-11136 lazyload\" data-src=\"https:\/\/zinebi.eus\/assets\/media\/Copia-de-Son-of-the-Sun_1_Still.jpg\">\r\n<br><h3><center><a href=\"https:\/\/zinebi.eus\/programacion\/son-of-the-sun\">Son of the Sun (Atasinin Balasi) <\/a><\/center><\/h3><h4>Dastan Madalbekov (Kyrgyzstan, 2022 | 17\u2032 | FIC)<\/h4>\r\n\u201cUNICEF has decided to give its award to the short film <em>Son of the Sun<\/em>, by director Dastan Madalbekov because it addresses children growing up in loneliness, bereft of the protection and affection of a family or those who are their nearest and dearest.\u201d\r\n<br>\r\n<p><\/p><center>Isidro Elezgarai Esteban, UNICEF Chair-Basque Country Committee\r\n\r\n<hr>\r\n<h2><center>European Film Awards 2023 Short Film Candidate<\/center><\/h2> \r\n<img alt=\"\" width=\"1920\" height=\"1080\" class=\"aligncenter size-full wp-image-11136 lazyload\" data-src=\"https:\/\/zinebi.eus\/assets\/media\/Copia-de-Zoon_still5.jpg\">\r\n<br><h3><center><a href=\"https:\/\/zinebi.eus\/programacion\/zoon\">Zoon <\/a><\/center><\/h3><h4>Jonatan Schwenk (Germany, 2022 | 4\u2032 | ANI)<\/h4>\r\n\u201cThe film is a song of praise to the magic of cinema and beauty which needs no message or metaphor to strike a chord. It stands out as a reminder, not to forget that sometimes the prevalence of the enigma and inexplicable fascination can be beautiful.\u201d\r\n<br>\r\n<br>\r\n\r\n<hr>\r\n<div>\r\n<h3><center>ZIFF \u2013 ZINEBI<br>\r\nInternational Competition<\/center><\/h3> <br>\r\n\r\n<h2><center>ZIFF Grand Award <\/center><\/h2> \r\n<img alt=\"\" width=\"1920\" height=\"1080\" class=\"aligncenter size-full wp-image-11136 lazyload\" data-src=\"https:\/\/zinebi.eus\/assets\/media\/Anhell69-Still-1.jpg\">\r\n<br><h3><center><a href=\"https:\/\/zinebi.eus\/programacion\/Anhell69\">Anhell69<\/a><\/center><\/h3><h4> Theo Montoya ( Colombia \u2013 Romania \u2013 France \u2013 Germany, 2022 | 72\u2032 | DOC)<\/h4>\r\n\u201cNot only we fell in love with each of its overwhelming characters; \r\nnot only we fell in love with its brilliant poetic structure; \r\nnot only we fell in love with its spectacular formal hybridity and inventiveness; \r\nbut we also fell in love with the many artistic promises that spring from this magnificent film. Long live Colombian cinema!\u201d\r\n<br>\r\n<br>\r\n\r\n<hr>\r\n<h2><center>ZIFF Special Mention<\/center><\/h2> \r\n<img alt=\"\" width=\"1920\" height=\"1080\" class=\"aligncenter size-full wp-image-11136 lazyload\" data-src=\"https:\/\/zinebi.eus\/assets\/media\/de-our-film_still.jpg\">\r\n<br><h3><center><a href=\"https:\/\/zinebi.eus\/programacion\/Nuestra-pel%C3%ADcula\">Nuestra pel\u00edcula<\/a><\/center><\/h3><h4>Diana Bustamante (Colombia \u2013 France, 2022 | 74\u2019 | DOC)<\/h4>\r\n\u201cFor her brave insight into Colombia\u2019s historical reality, with some brilliant editing for utilisation of the images to take us to a new dimension of remembrance of and respect for the victims of violence.\u201d\r\n<br>\r\n<p><\/p><center><strong>ZIFF \u2013 ZINEBI First Film International Competition Jury <\/strong>Nicole Brenez, Carlos Mara\u00f1\u00f3n, Marta Popivoda<\/center>\r\n\r\n\r\n<hr>\r\n<h2><center>ZIFF Youth Jury Award (UPV\/EHU)<\/center><\/h2> \r\n<img alt=\"\" width=\"1920\" height=\"1080\" class=\"aligncenter size-full wp-image-11136 lazyload\" data-src=\"https:\/\/zinebi.eus\/assets\/media\/How-to-Save-a-Dead-Friend_still.jpg\">\r\n<br><h3><center><a href=\"https:\/\/zinebi.eus\/programacion\/how-to-save-a-dead-friend\/\">How to Save a Dead Friend<\/a><\/center><\/h3><h4>Marusya Syroechkovskaya (Sweden \u2013 Norway \u2013 France \u2013 Germany, 2022 | 103\u2032 | DOC)<\/h4>\r\n\u201cDirector Marusya Syroechkovskaya portrays her relationship with her life partner, Kimi. The idea of bringing back her soul mate from the void culminates in a film which opens up to viewers like an old newspaper. Through the medium of personal records with home-movie aesthetics as a summary of ten years of archive material, we delve into their story and the story of an entire generation. \r\nThe film shows sensitive contemplation of those moments during the day, apparently insignificant, but which, from the perspective of time and death, come across as immense. There is an astounding quality in the images, the work on sound, and the irony used to address issues such as suicide and drug addiction. \r\nAlong with the music of Joy Division and Nirvana, the film is a time capsule for a moving story which poses some major questions on the essence of life.\u201d\r\n<p><\/p><center><strong> ZIFF Youth Jury<\/strong>Julia Rodr\u00edguez Amunarriz, Catalina Uriarte Baztan, Camila Macedo Belon, Elene Larrinaga Bilbao, Garazi Mendieta Eizaguirre, Gabriel Jose Qui\u00f1ones Espinal, Emmanuel Aaron V\u00e1squez Espinoza, I\u00f1igo Zulueta Fern\u00e1ndez, Maialen Molinuevo Galisteo, Sigrid Gallardo, Nahia Arzamendi Garc\u00eda, Mireia Eunate Mart\u00ednez Gast\u00f3n, Amaia Gil, Maitane Aguerre Iparraguirre, Ainara Rodil Jaime, Ane Mart\u00ednez Juez, Mar\u00eda Sampedro Laca, June Oscoz Larra\u00f1aga, Iraia Mendoza Larrea, Endika G\u00f3mez L\u00f3pez, Kevin Lajas L\u00f3pez, Daniel Rodr\u00edguez Miguel, Ane Cuesta Monge, Aitor Abio Moro, Iratxe Ugartetxea Muelas, Marcos Huedo Parres, Bel\u00e9n Pascual, Marc Moragues Pastor, Noemi Graciano Relloso, Sandra Apausa S\u00e1nchez, Ivana Coca Turiel, Ekaitz Vargas, Iker Guti\u00e9rrez Zamakona<\/center>\r\n\r\n<hr>\r\n<div>\r\n<h3><center>NETWORKING<\/center><\/h3> <br>\r\n\r\n<h2><center>ZINEBI Networking EITB 2022 Award <\/center><\/h2> \r\n<img alt=\"\" width=\"1920\" height=\"1080\" class=\"aligncenter size-full wp-image-11136 lazyload\" data-src=\"https:\/\/zinebi.eus\/assets\/media\/ZIKUN\u0303AGAKO-AMA-Still.jpg\">\r\n<br><h3><center><a href=\"https:\/\/zinebi.eus\/programacion\/zikunagako-ama\/\">Ziku\u00f1agako ama<\/a><\/center><\/h3><p><strong>direction<\/strong> Pello Guti\u00e9rrez Pe\u00f1alba | <strong>producer<\/strong> In\u0303aki Sagastume | <strong>production<\/strong> Zazpi T\u2019erdi <\/p>\r\n\u201cBecause it comes up with a relevant question for us \u2013 Why do we attach more importance to an original image? Because it is a local story with a universal projection. Because the docu-thriller genre may gain it a wider audience. Because of the clarity of the concept and a splendid presentation.\u201d\r\n<br>\r\n<p><\/p><center><strong>ZINEBI Networking Euskadi Jury<\/strong> Gloria Bretones (Begin Again Film), Zaida Carmona (Filmin), Ainhoa Gonz\u00e1lez Sanchiz (Creativa Desk Media Euskadi), No\u00e9 Mendelle (Scottish Documentary Institute), Aintzane P\u00e9rez del Palomar (EITB \u2013 Euskal Irrati Telebista), Joana Sousa (DocLisboa)<\/center>\r\n\r\n<hr>\r\n<h2><center>ZINEBI Networking 2022 Award <\/center><\/h2> \r\n<img alt=\"\" width=\"1920\" height=\"1080\" class=\"aligncenter size-full wp-image-11136 lazyload\" data-src=\"https:\/\/zinebi.eus\/assets\/media\/ELENA-DIO-A-LUZ-UN-HERMOSO-NIN\u0303O-Still2.png\">\r\n<br><h3><center><a href=\"https:\/\/zinebi.eus\/programacion\/elena-dio-a-luz-un-hermoso-nino\/\">Elena dio a luz un hermoso ni\u00f1o<\/a><\/center><\/h3><p><strong>direction<\/strong> Chiara Mara\u00f1\u00f3n, Juan Soto | <strong>producer<\/strong> Ricard Sales, Luis Ferr\u00f3n, Sandra Tabares-Duque | <strong>production<\/strong>LaCima Producciones<\/p>\r\n\u201cBecause it is a family story, and universal at the same time. Because of the portrayal of Spain through in-depth historical research. Because it retrieves interesting archive images Because it is an encounter between History and story The jury expects to see a different way of using archives and editing in films\u201d\r\n<br>\r\n<p><\/p><center><strong>ZINEBI Estate\u2019s Networking Jury<\/strong> Lya (Asian Shadows), Anette Dujisin (Filmin Portugal), Elena Mera (Treeline), Ana Pel\u00e1ez (Televisi\u00f3n Espa\u00f1ola), Charlotte Serrand (La Roche-sur-Yon International Film Festival) <\/center>\r\n\r\n<hr>\r\n<div>\r\n<h3><center>Aukera Awards<\/center><\/h3> <br>\r\n\r\n<h2><center>Aukera-(H)emen Award<\/center><\/h2> \r\n<img alt=\"\" width=\"480\" height=\"270\" class=\"aligncenter size-full wp-image-11136 lazyload\" data-src=\"https:\/\/zinebi.eus\/assets\/media\/cartel-ULTRAMARINO.jpg\">\r\n<br><h3><center><a href=\"https:\/\/zinebi.eus\/programacion\/ultramarino\/\">Ultramarino<\/a><\/center><\/h3>\r\n<center><h4>Maren Zubeldia<\/h4><\/center>\r\n<br>\r\n<br>\r\n\r\n<hr>\r\n<h2><center>Aukera-Artistic Creation Award<\/center><\/h2> \r\n<img alt=\"\" width=\"480\" height=\"270\" class=\"aligncenter size-full wp-image-11136 lazyload\" data-src=\"https:\/\/zinebi.eus\/assets\/media\/Cartel-87-HADAS.jpg\">\r\n<br><h3><center><a href=\"https:\/\/zinebi.eus\/programacion\/87-hadas\/\">87 hadas <\/a><\/center><\/h3>\r\n<center><h4>Beatriz de Silva<\/h4><\/center>\r\n<br>\r\n<br>\r\n\r\n<hr>\r\n<h2><center>Aukera-Artistic Creation Special Mention<\/center><\/h2> \r\n<img alt=\"\" width=\"480\" height=\"270\" class=\"aligncenter size-full wp-image-11136 lazyload\" data-src=\"https:\/\/zinebi.eus\/assets\/media\/KOMANDO-MARMITAKO.png\">\r\n<br><h3><center><a href=\"https:\/\/zinebi.eus\/programacion\/komando-marmitako\/\">Komando Marmitako<\/a><\/center><\/h3>\r\n<center><h4>Uxue Botas, Ane Nafarrate<\/h4><\/center>\r\n<br>\r\n<br>\r\n\r\n<hr>\r\n<h2><center>Aukera-Bizkaia Council Award<\/center><\/h2> \r\n<img alt=\"\" width=\"480\" height=\"270\" class=\"aligncenter size-full wp-image-11136 lazyload\" data-src=\"https:\/\/zinebi.eus\/assets\/media\/KOMANDO-MARMITAKO.png\">\r\n<br><h3><center><a href=\"https:\/\/zinebi.eus\/programacion\/komando-marmitako\/\">Komando Marmitako<\/a><\/center><\/h3>\r\n<center><h4>Uxue Botas, Ane Nafarrate<\/h4><\/center>\r\n<br>\r\n<p><\/p><center><strong>Aukera Jury<\/strong>Lara Izagirre Garizurieta, Nagore Eceiza, Mar\u00eda Jes\u00fas Diez Sota<\/center>\r\n\r\n\r\n<\/div><\/div><\/div><\/center><\/center><\/div>","protected":false},"excerpt":{"rendered":"<p>Official selection \u2013 Short Film International Competition ZINEBI Grand Award Todas mis cicatrices se desvanecen en el viento (All My Scars Vanish in the Wind) Ang\u00e9lica Restrepo, Carlos Velandia (Colombia, 2022 | 14\u2032 | ANI) \u201cAn innovative and surprising piece of animation, taking viewers on a journey through time, the space and sound of landscapes [&hellip;]<\/p>\n","protected":false},"author":2,"featured_media":0,"parent":7727,"menu_order":0,"comment_status":"closed","ping_status":"closed","template":"templates\/page-with-container.php","meta":{"_acf_changed":false,"footnotes":""},"class_list":["post-16043","page","type-page","status-publish","hentry"],"acf":[],"_links":{"self":[{"href":"https:\/\/zinebi.eus\/en\/wp-json\/wp\/v2\/pages\/16043","targetHints":{"allow":["GET"]}}],"collection":[{"href":"https:\/\/zinebi.eus\/en\/wp-json\/wp\/v2\/pages"}],"about":[{"href":"https:\/\/zinebi.eus\/en\/wp-json\/wp\/v2\/types\/page"}],"author":[{"embeddable":true,"href":"https:\/\/zinebi.eus\/en\/wp-json\/wp\/v2\/users\/2"}],"replies":[{"embeddable":true,"href":"https:\/\/zinebi.eus\/en\/wp-json\/wp\/v2\/comments?post=16043"}],"version-history":[{"count":8,"href":"https:\/\/zinebi.eus\/en\/wp-json\/wp\/v2\/pages\/16043\/revisions"}],"predecessor-version":[{"id":16315,"href":"https:\/\/zinebi.eus\/en\/wp-json\/wp\/v2\/pages\/16043\/revisions\/16315"}],"up":[{"embeddable":true,"href":"https:\/\/zinebi.eus\/en\/wp-json\/wp\/v2\/pages\/7727"}],"wp:attachment":[{"href":"https:\/\/zinebi.eus\/en\/wp-json\/wp\/v2\/media?parent=16043"}],"curies":[{"name":"wp","href":"https:\/\/api.w.org\/{rel}","templated":true}]}}