 {"id":1705,"date":"2021-10-05T11:38:20","date_gmt":"2021-10-05T11:38:20","guid":{"rendered":"https:\/\/zinebi.eus\/festival\/winners\/ano-2010-2020\/"},"modified":"2023-12-07T16:59:06","modified_gmt":"2023-12-07T16:59:06","slug":"2010-2020-years","status":"publish","type":"page","link":"https:\/\/zinebi.eus\/en\/festival\/winners\/2010-2020-years\/","title":{"rendered":"2010 &#8211; 2022 years"},"content":{"rendered":"<div class=\"row justify-content-center palmares-fechas m-b-30\">\r\n<div class=\"col-md-fecha\">\r\n<div class=\"borde-fecha\">\r\n<p class=\"fecha\"><strong>YEARS<br>\r\n<a href=\"https:\/\/zinebi.eus\/en\/festival\/winners\/2020-2023-years\/\">2020-2023<\/a><\/strong><\/p>\r\n\u00a0\r\n\r\n<\/div>\r\n<\/div>\r\n<div class=\"col-md-fecha\">\r\n<div class=\"borde-fecha\">\r\n<p class=\"fecha\"><strong>YEARS<br>\r\n<a href=\"https:\/\/zinebi.eus\/en\/festival\/winners\/2010-2020-years\/\">2010-2019<\/a><\/strong><\/p>\r\n\u00a0\r\n\r\n<\/div>\r\n<\/div>\r\n<div class=\"col-md-fecha\">\r\n<div class=\"borde-fecha\">\r\n<p class=\"fecha\"><strong>YEARS<br>\r\n<a href=\"https:\/\/zinebi.eus\/en\/festival\/winners\/2000-2009-years\/\">2000-2009<\/a><\/strong><\/p>\r\n\u00a0\r\n\r\n<\/div>\r\n<\/div>\r\n<div class=\"col-md-fecha\">\r\n<div class=\"borde-fecha\">\r\n<p class=\"fecha\"><strong>YEARS<br>\r\n<a href=\"https:\/\/zinebi.eus\/en\/festival\/winners\/1990-1999-years\/\">1990-1999<\/a><\/strong><\/p>\r\n\u00a0\r\n\r\n<\/div>\r\n<\/div>\r\n<div class=\"col-md-fecha\">\r\n<div class=\"borde-fecha\">\r\n<p class=\"fecha\"><strong>YEARS<br>\r\n<a href=\"https:\/\/zinebi.eus\/en\/festival\/winners\/1980-1989-years\/\">1980-1989<\/a><\/strong><\/p>\u00a0\r\n\u00a0\r\n\r\n<\/div>\r\n<\/div>\r\n<div class=\"col-md-fecha\">\r\n<div class=\"borde-fecha\">\r\n<p class=\"fecha\"><strong>YEARS<br>\r\n<a href=\"https:\/\/zinebi.eus\/en\/festival\/winners\/1970-1979-years\/\">1970-1979<\/a><\/strong><\/p>\r\n\u00a0\r\n\r\n<\/div>\r\n<\/div>\r\n<div class=\"col-md-fecha\">\r\n<div class=\"borde-fecha\">\r\n<p class=\"fecha\"><strong>YEARS<br>\r\n<a href=\"https:\/\/zinebi.eus\/en\/festival\/winners\/1959-1969-years\/\">1959-1969<\/a><\/strong><\/p>\r\n\u00a0\r\n\r\n<\/div>\r\n<\/div>\r\n<\/div>\r\n\r\n\t\t\t\t\t\t\t\r\n\t\t\t\t\t\t  <div class=\"col-md-9 palmares\">\r\n\t\t\t\t\t\t\t\t\r\n\t\t\t\t\t\t\t\r\n\t\t\t\t\t\t\t  <h2>2019- 61 EDICI\u00d3N<\/h2>\r\n<p>ZINEBI GRAND AWARD<br>\r\n<b>Entire Days Together<\/b><span style=\"font-weight: 400;\">, Rugil\u0117 Barzd\u017eiukait\u0117 [Doc] (Lithuania)<\/span><\/p>\r\n<p>GRAND AWARD OF BASQUE CINEMA<br>\r\n<b>Mateoren Ama (Mateo\u00b4s Mother), Aitor Arregi<\/b><span style=\"font-weight: 400;\">, Jose Mari Goenaga [Fic] (Euskadi)<\/span><\/p>\r\n<p>GRAND AWARD OF SPANISH CINEMA<br>\r\n<b>Solo son peces (They\u2019re just fish)<\/b><span style=\"font-weight: 400;\">, Ana Serna y Paula Iglesias [Doc] (Euskadi)<\/span><\/p>\r\n<p>MIKELDI FOR BEST DOCUMENTARY SHORT FILM<br>\r\n<b>Carne (Flesh)<\/b><span style=\"font-weight: 400;\">, Camila Kater [Doc] (Brazil, Spain)<\/span><\/p>\r\n<p>MENCI\u00d3N ESPECIAL<br>\r\n<b>The Stroker<\/b><span style=\"font-weight: 400;\">, Pilvi Takala [Doc] (Finland, United Kingdom)<\/span><\/p>\r\n<p>MIKELDI FOR BEST ANIMATION SHORT FILM<br>\r\n<b>The Physics of Sorrow<\/b><span style=\"font-weight: 400;\">, Theodore Ushev (Canada)<\/span><\/p>\r\n<p>MIKELDI FOR BEST FICTION SHORT FILM<br>\r\n<b>Exam<\/b><span style=\"font-weight: 400;\">, Sonia K. Hadad (Iran)\r\n<p>EITB AUDIENCE AWARD<br>\r\n<b>Why Slugs Have no Legs<\/b><span style=\"font-weight: 400;\">, Aline H\u00f6chli [Ani] (Switzerland)<\/span><\/p>\r\n<p>SGAE FOUNDATION BEST BASQUE SCRIPT AWARD<br>\r\n<b>Ant<\/b><span style=\"font-weight: 400;\">, Josu Martinez [Fic] (Euskadi)\r\n<p>FAS CINECLUB AWARD<br>\r\n<b>La v\u00eda flotante (The floating track)<\/b><span style=\"font-weight: 400;\">, Zazpi T\u2019erdi [Doc] (Euskadi)<\/span><\/p>\r\n<p>UNICEF AWARD<br>\r\n<b>Adam<\/b><span style=\"font-weight: 400;\">, Shoki Lin [Fic] (Singapore)<\/span><\/p>\r\n<p>ZIFF GRAND AWARD<br>\r\n<b>Las facultades (The Faculties)<\/b><span style=\"font-weight: 400;\">, Elo\u00edsa Solaas [Doc] (Argentina)<\/span><\/p>\r\n<p>SPECIAL MENTION<br>\r\n<b>Those That, at a Distance<\/b><span style=\"font-weight: 400;\">, Resemble Another, Jessica Sarah Rinland [Doc] (Spain, United Kingdom)<\/span><\/p>\r\n<p>SPECIAL MENTION<br>\r\n<b>Aga\u2019s House<\/b><span style=\"font-weight: 400;\">, Lendit Zeqiraj [Fic] (Kosovo, Croatia, Albania, France)<\/span><\/p>\r\n<p>ZIFF YOUTH JURY AWARD (UPV\/EHU)<br>\r\n<b>Ridge<\/b><span style=\"font-weight: 400;\">, John Skoog [Doc] (Sweden)<\/span><\/p>\r\n<p>ZINEBI NETWORKING AWARD<br>\r\n<b>Bost Minutu<\/b><span style=\"font-weight: 400;\">, Amaia Nerekan Umaran \u2013 Marmoka Films [Doc] (Euskadi)<\/span><\/p>\r\n\r\n\t\t\t\t\t\t\t  \r\n\t\t\t\t\t\t\t<\/span><\/p><\/span><\/p><\/div>\r\n\t\t\t\t\t\t\t\r\n\t\t\t\t\t\t","protected":false},"excerpt":{"rendered":"<p>YEARS 2020-2023 \u00a0 YEARS 2010-2019 \u00a0 YEARS 2000-2009 \u00a0 YEARS 1990-1999 \u00a0 YEARS 1980-1989\u00a0 \u00a0 YEARS 1970-1979 \u00a0 YEARS 1959-1969 \u00a0 2019- 61 EDICI\u00d3N ZINEBI GRAND AWARD Entire Days Together, Rugil\u0117 Barzd\u017eiukait\u0117 [Doc] (Lithuania) GRAND AWARD OF BASQUE CINEMA Mateoren Ama (Mateo\u00b4s Mother), Aitor Arregi, Jose Mari Goenaga [Fic] (Euskadi) GRAND AWARD OF SPANISH CINEMA [&hellip;]<\/p>\n","protected":false},"author":3,"featured_media":0,"parent":390,"menu_order":0,"comment_status":"closed","ping_status":"closed","template":"templates\/page-with-container.php","meta":{"_acf_changed":false,"footnotes":""},"class_list":["post-1705","page","type-page","status-publish","hentry"],"acf":[],"_links":{"self":[{"href":"https:\/\/zinebi.eus\/en\/wp-json\/wp\/v2\/pages\/1705","targetHints":{"allow":["GET"]}}],"collection":[{"href":"https:\/\/zinebi.eus\/en\/wp-json\/wp\/v2\/pages"}],"about":[{"href":"https:\/\/zinebi.eus\/en\/wp-json\/wp\/v2\/types\/page"}],"author":[{"embeddable":true,"href":"https:\/\/zinebi.eus\/en\/wp-json\/wp\/v2\/users\/3"}],"replies":[{"embeddable":true,"href":"https:\/\/zinebi.eus\/en\/wp-json\/wp\/v2\/comments?post=1705"}],"version-history":[{"count":24,"href":"https:\/\/zinebi.eus\/en\/wp-json\/wp\/v2\/pages\/1705\/revisions"}],"predecessor-version":[{"id":28097,"href":"https:\/\/zinebi.eus\/en\/wp-json\/wp\/v2\/pages\/1705\/revisions\/28097"}],"up":[{"embeddable":true,"href":"https:\/\/zinebi.eus\/en\/wp-json\/wp\/v2\/pages\/390"}],"wp:attachment":[{"href":"https:\/\/zinebi.eus\/en\/wp-json\/wp\/v2\/media?parent=1705"}],"curies":[{"name":"wp","href":"https:\/\/api.w.org\/{rel}","templated":true}]}}