 {"id":18215,"date":"2023-04-24T09:55:41","date_gmt":"2023-04-24T09:55:41","guid":{"rendered":"https:\/\/zinebi.eus\/lursaguak-scenes-from-lifeizibene-onederra\/"},"modified":"2023-04-24T09:56:57","modified_gmt":"2023-04-24T09:56:57","slug":"lursaguak-scenes-from-lifeizibene-onederra","status":"publish","type":"page","link":"https:\/\/zinebi.eus\/en\/lursaguak-scenes-from-lifeizibene-onederra\/","title":{"rendered":"LURSAGUAK \/ SCENES FROM LIFE<\/br>Izibene O\u00f1ederra"},"content":{"rendered":"<div class=\"row\">\r\n<div class=\"col-md-3 gallery\">\r\n<figure class=\"gallery-item\"><img class=\"alignnone size-full wp-image-1629 lazyload\" alt=\"\" width=\"800\" height=\"1153\" data-src=\"https:\/\/zinebi.eus\/assets\/media\/20190916164555_izibene-onederra-lursagua_amp_w1200.jpg\">\r\n<\/figure>\r\n<h2><span class=\"ennegro\"><a href=\"https:\/\/zinebi.eus\/en\/oberhausen\/\">&lt;&lt;<\/a><\/span><\/h2>\r\n\r\n\u00a0\r\n\r\n<\/div>\r\n<div class=\"col-md-9 palmares2\">\r\n<h2><span class=\"fondotitulo2\">Izibene O\u00f1ederra (Ani, 12 min, 2019)<\/span><\/h2>\r\n<p>As H\u00e9l\u00e8ne Cixous said, we live in a time when millions of voles of an unknown species are undermining the conceptual basis of an age-old culture.<\/p>\r\n<img alt=\"\" width=\"1314\" height=\"740\" class=\"aligncenter size-full wp-image-17713 lazyload\" data-src=\"https:\/\/zinebi.eus\/assets\/media\/Lursaguak4.jpg\"><\/div>\r\n<\/div>\r\n<img data-src=\"https:\/\/zinebi.eus\/assets\/media\/logos_oberhausen-1.jpg\" class=\" lazyload\">","protected":false},"excerpt":{"rendered":"<p>&lt;&lt; \u00a0 Izibene O\u00f1ederra (Ani, 12 min, 2019) As H\u00e9l\u00e8ne Cixous said, we live in a time when millions of voles of an unknown species are undermining the conceptual basis of an age-old culture.<\/p>\n","protected":false},"author":2,"featured_media":17816,"parent":0,"menu_order":0,"comment_status":"closed","ping_status":"closed","template":"templates\/page-hero-mikeldi.php","meta":{"_acf_changed":false,"footnotes":""},"class_list":["post-18215","page","type-page","status-publish","has-post-thumbnail","hentry"],"acf":[],"_links":{"self":[{"href":"https:\/\/zinebi.eus\/en\/wp-json\/wp\/v2\/pages\/18215","targetHints":{"allow":["GET"]}}],"collection":[{"href":"https:\/\/zinebi.eus\/en\/wp-json\/wp\/v2\/pages"}],"about":[{"href":"https:\/\/zinebi.eus\/en\/wp-json\/wp\/v2\/types\/page"}],"author":[{"embeddable":true,"href":"https:\/\/zinebi.eus\/en\/wp-json\/wp\/v2\/users\/2"}],"replies":[{"embeddable":true,"href":"https:\/\/zinebi.eus\/en\/wp-json\/wp\/v2\/comments?post=18215"}],"version-history":[{"count":2,"href":"https:\/\/zinebi.eus\/en\/wp-json\/wp\/v2\/pages\/18215\/revisions"}],"predecessor-version":[{"id":18219,"href":"https:\/\/zinebi.eus\/en\/wp-json\/wp\/v2\/pages\/18215\/revisions\/18219"}],"wp:featuredmedia":[{"embeddable":true,"href":"https:\/\/zinebi.eus\/en\/wp-json\/wp\/v2\/media\/17816"}],"wp:attachment":[{"href":"https:\/\/zinebi.eus\/en\/wp-json\/wp\/v2\/media?parent=18215"}],"curies":[{"name":"wp","href":"https:\/\/api.w.org\/{rel}","templated":true}]}}