 {"id":22563,"date":"2023-10-19T10:47:59","date_gmt":"2023-10-19T10:47:59","guid":{"rendered":"https:\/\/zinebi.eus\/zinebi-industry\/zinebi-meetings\/modelos-de-produccion-en-el-arte-de-la-animacion-artesania-e-industria\/"},"modified":"2023-11-03T09:31:59","modified_gmt":"2023-11-03T09:31:59","slug":"modelos-de-produccion-en-el-arte-de-la-animacion-artesania-e-industria","status":"publish","type":"page","link":"https:\/\/zinebi.eus\/en\/zinebi-industry\/zinebi-meetings\/modelos-de-produccion-en-el-arte-de-la-animacion-artesania-e-industria\/","title":{"rendered":"Models in the Art of Animation: Artisanship and Industry"},"content":{"rendered":"<div class=\"izq\"><h5>13th november<br>\r\n16:00h<br>\r\nSala Azkuna Zentroa. Sala Bastida Aretoa<\/h5><\/div>\r\n<h1><center>Models in the Art of Animation: Artisanship and Industry <\/center><\/h1>\r\n<p>In a bid to establish itself as a stable meeting point with a solid commitment to a vocationally different kind of cinema such as animation, for its 65th festival ZINEBI is putting together an event open to professionals operating in this area of visual art. At a time when the animation ecosystem in general \u2013 and in the Basque Country in particular \u2013 is striving to consolidate positions with industrial production structures, we must not overlook the fact that, with the assistance available through the application of information technology, there are aspects of this genre that are still being handled using more or less artisan techniques.<\/p>\r\n<p>With the example of the feature film by Isabel Herguera <em>El sue\u00f1o de la sultana<\/em> (2023), recently premiered at the San Sebasti\u00e1n International Film Festival, it is at this crossroads between an artisan activity and an organised procedure where the logical trend ought to opt for the industrial (as is the case with companies which, in the global panorama, head up the animation sector, a phenomenon that goes far beyond films), where all the known exponents of animation in Euskadi seem to show up: the joint efforts by young artists who start up at training outlets such as DigiPen or, in the case of the University of the Basque Country (UPV\/EHU), coordinated by Bego\u00f1a Vicario; the lengthy processes by Izibene O\u00f1ederra, Kote Camacho, Mel Arranz or Aitor O\u00f1ederra to produce free, radical work; and chance productions arising from state or international aid launched by Bizkaia promoter UniKo \u2013 the aforementioned <em>El sue\u00f1o de la sultana<\/em>, for instance, or films by Alberto V\u00e1zquez, Mart\u00edn Romero and Pablo Polledri.<\/p>\r\n<p>Representatives of a number of different realities of Basque animation come together at this 65th festival which gives priority to exposure of the extensive variety of formats and techniques that animation brings to contemporary filmmaking.<\/p>\r\n\r\n\r\n<br>\r\n\r\n<div>\r\n<h3 class=\"sidelines\"><span class=\"blanco\">SPEAKERS<\/span><\/h3>\r\n<br>\r\n<div class=\"row justify-content-center\">\r\n<div class=\"col-md-5\"><img class=\"alignnone lazyload\" wp-image-10359 size-full data-src=\"https:\/\/zinebi.eus\/assets\/media\/SergioMartinez_Foto1.jpg\">\r\n<h4><strong>Sergio Mart\u00ednez<\/strong>\r\n<br>Head Digital Art and Animated Production Department at DigiPen in Bilbao<\/h4>\r\n<\/div>\r\n<div class=\"col-md-5\"><img class=\"alignnone lazyload\" wp-image-10359 size-full data-src=\"https:\/\/zinebi.eus\/assets\/media\/AITOR-ONEDERRA.jpg\">\r\n<h4><strong>Aitor O\u00f1ederra<\/strong>\r\n<br>Animadeba International Animation Film Festival director, animation filmmaker, professor, filmmaker<\/h4>\r\n<\/div>\r\n<div class=\"col-md-5\"><img class=\"alignnone lazyload\" wp-image-10359 size-full data-src=\"https:\/\/zinebi.eus\/assets\/media\/Izibene-foto.jpg\">\r\n<h4><strong>Izibene O\u00f1ederra<\/strong>\r\n<br>Filmmaker<\/h4>\r\n<\/div>\r\n<div class=\"col-md-5\"><img class=\"alignnone lazyload\" wp-image-10359 size-full data-src=\"https:\/\/zinebi.eus\/assets\/media\/Alberto-vazquez-by-andrea-rodriguez-15-1.jpg\">\r\n<h4><strong>Alberto V\u00e1zquez<\/strong>\r\n<br>Filmmaker, screenwriter, illustrator<\/h4>\r\n<\/div>\r\n<\/div>\r\n<\/div>\r\n<div>\r\n<h3 class=\"sidelines\"><span class=\"blanco\">MODERATOR<\/span><\/h3>\r\n<br>\r\n<div class=\"row justify-content-center\">\r\n<div class=\"col-md-5\"><img class=\"alignnone lazyload\" wp-image-10359 size-full data-src=\"https:\/\/zinebi.eus\/assets\/media\/ivan_minambres.jpg\">\r\n<h4><strong>Iv\u00e1n Mi\u00f1ambres<\/strong>\r\n<br>UniKo CEO<\/h4>\r\n<\/div>\r\n<\/div>\r\n<\/div>\r\n","protected":false},"excerpt":{"rendered":"<p>13th november 16:00h Sala Azkuna Zentroa. Sala Bastida Aretoa Models in the Art of Animation: Artisanship and Industry In a bid to establish itself as a stable meeting point with a solid commitment to a vocationally different kind of cinema such as animation, for its 65th festival ZINEBI is putting together an event open to [&hellip;]<\/p>\n","protected":false},"author":2,"featured_media":20619,"parent":459,"menu_order":0,"comment_status":"closed","ping_status":"closed","template":"templates\/page-hero-mikeldi.php","meta":{"_acf_changed":false,"footnotes":""},"class_list":["post-22563","page","type-page","status-publish","has-post-thumbnail","hentry"],"acf":[],"_links":{"self":[{"href":"https:\/\/zinebi.eus\/en\/wp-json\/wp\/v2\/pages\/22563","targetHints":{"allow":["GET"]}}],"collection":[{"href":"https:\/\/zinebi.eus\/en\/wp-json\/wp\/v2\/pages"}],"about":[{"href":"https:\/\/zinebi.eus\/en\/wp-json\/wp\/v2\/types\/page"}],"author":[{"embeddable":true,"href":"https:\/\/zinebi.eus\/en\/wp-json\/wp\/v2\/users\/2"}],"replies":[{"embeddable":true,"href":"https:\/\/zinebi.eus\/en\/wp-json\/wp\/v2\/comments?post=22563"}],"version-history":[{"count":4,"href":"https:\/\/zinebi.eus\/en\/wp-json\/wp\/v2\/pages\/22563\/revisions"}],"predecessor-version":[{"id":24165,"href":"https:\/\/zinebi.eus\/en\/wp-json\/wp\/v2\/pages\/22563\/revisions\/24165"}],"up":[{"embeddable":true,"href":"https:\/\/zinebi.eus\/en\/wp-json\/wp\/v2\/pages\/459"}],"wp:featuredmedia":[{"embeddable":true,"href":"https:\/\/zinebi.eus\/en\/wp-json\/wp\/v2\/media\/20619"}],"wp:attachment":[{"href":"https:\/\/zinebi.eus\/en\/wp-json\/wp\/v2\/media?parent=22563"}],"curies":[{"name":"wp","href":"https:\/\/api.w.org\/{rel}","templated":true}]}}