 {"id":22628,"date":"2023-10-19T11:25:56","date_gmt":"2023-10-19T11:25:56","guid":{"rendered":"https:\/\/zinebi.eus\/zinebi-industry\/jornada-profesional-noka\/"},"modified":"2023-10-19T14:19:18","modified_gmt":"2023-10-19T14:19:18","slug":"jornada-profesional-noka","status":"publish","type":"page","link":"https:\/\/zinebi.eus\/en\/zinebi-industry\/jornada-profesional-noka\/","title":{"rendered":"Professional Conferences Noka"},"content":{"rendered":"<h1><center>Professional Conferences Noka <\/center><\/h1>\r\n<p>NNoka Mentoring is a programme launched by the Basque Government and coordinated by Tabakalera\u2019s film and audiovisual area in association with Zineuskadi, to tutor, assist and support projects for feature films by up-and-coming female directors based in the North and South Basque Country, and also Navarra. <\/p>\r\n\r\n<p>Noka gives the directors time, space, context, professional help and economic assistance during the initial phase of their films, and also helps them draw up a solid dossier with an initial script treatment in order to gain access to funding, professional forums and international film industry residency schemes. <\/p>\r\n\r\n<p>This time around, tutors Celia Rico, Maider Oleaga and Diana Toucedo oversee and monitor the projects of the filmmakers chosen: Mikele Landa with <em>Senda<\/em>, Nerea Castro with <em>Los nidos<\/em>, and Joana Moya with <em>La Koreana<\/em>.<\/p>\r\n\r\n<p>The programme also works on the creative approach to the process of building ideas for a film, and on placement in the market and the film industry, with the assistance of professionals such as Susana S. Rodrigues, Vanesa Fern\u00e1ndez Guerra, Estibaliz Urresola, Marian S\u00e1nchez Carniglia and M\u00f3nica Garc\u00eda, along with stints at the SSIFF and ZINEBI festivals.<\/p>\r\n<br>\r\n<img class=\"aligncenter lazyload\" data-src=\"https:\/\/zinebi.eus\/assets\/media\/BANNER_noka-1.jpg\">\r\n<br>\r\n<br>\r\n<div>\r\n<div>\r\n<h3 class=\"sidelines\"><span class=\"blanco\">MENTORS<\/span><\/h3>\r\n<br>\r\n<div class=\"row justify-content-center\">\r\n<div class=\"col-md-4\"><img class=\"alignnone lazyload\" wp-image-10359 size-full data-src=\"https:\/\/zinebi.eus\/assets\/media\/MAiderOleaga-1.jpg\">\r\n<h4><strong>Maider Oleaga<\/strong>\r\n<br>Director\/h4&gt;\r\n<\/h4><\/div>\r\n<div class=\"col-md-4\"><img class=\"alignnone lazyload\" wp-image-10359 size-full data-src=\"https:\/\/zinebi.eus\/assets\/media\/celiarico-1.jpg\">\r\n<h4><strong>Celia Rico<\/strong>\r\n<br>Screenwriter, director, Direction and Screenplay Professor<\/h4>\r\n<\/div>\r\n<div class=\"col-md-4\"><img class=\"alignnone lazyload\" wp-image-10359 size-full data-src=\"https:\/\/zinebi.eus\/assets\/media\/Diana_toucedo-1.jpg\">\r\n<h4><strong>Diana Toucedo<\/strong>\r\n<br>Independent filmmaker, film editor, producer, associate profesor<\/h4>\r\n<\/div>\r\n<\/div>\r\n<\/div>\r\n<br>\r\n<div>\r\n<h3 class=\"sidelines\"><span class=\"blanco\">PROJECTS<\/span><\/h3>\r\n<br>\r\n<div class=\"row justify-content-center\">\r\n<div class=\"col-md-4\"><img class=\"alignnone lazyload\" wp-image-10359 size-full data-src=\"https:\/\/zinebi.eus\/assets\/media\/JoanaMoya-1.jpg\">\r\n<h4><strong>La Koreana<\/strong>\r\n<br>Joana Moya\/h4&gt;\r\n<\/h4><\/div>\r\n<div class=\"col-md-4\"><img class=\"alignnone lazyload\" wp-image-10359 size-full data-src=\"https:\/\/zinebi.eus\/assets\/media\/Nerea-Castro-1.jpg\">\r\n<h4><strong>Los nidos<\/strong>\r\n<br>Nerea Castro<\/h4>\r\n<\/div>\r\n<div class=\"col-md-4\"><img class=\"alignnone lazyload\" wp-image-10359 size-full data-src=\"https:\/\/zinebi.eus\/assets\/media\/mikelelanda-1.jpg\">\r\n<h4><strong>Sendaz<\/strong>\r\n<br>Mikele Landa<\/h4>\r\n<\/div>\r\n<\/div>\r\n<\/div>\r\n\r\n\r\n<\/div>","protected":false},"excerpt":{"rendered":"<p>Professional Conferences Noka NNoka Mentoring is a programme launched by the Basque Government and coordinated by Tabakalera\u2019s film and audiovisual area in association with Zineuskadi, to tutor, assist and support projects for feature films by up-and-coming female directors based in the North and South Basque Country, and also Navarra. Noka gives the directors time, space, [&hellip;]<\/p>\n","protected":false},"author":2,"featured_media":22992,"parent":439,"menu_order":0,"comment_status":"closed","ping_status":"closed","template":"templates\/page-hero-mikeldi.php","meta":{"_acf_changed":false,"footnotes":""},"class_list":["post-22628","page","type-page","status-publish","has-post-thumbnail","hentry"],"acf":[],"_links":{"self":[{"href":"https:\/\/zinebi.eus\/en\/wp-json\/wp\/v2\/pages\/22628","targetHints":{"allow":["GET"]}}],"collection":[{"href":"https:\/\/zinebi.eus\/en\/wp-json\/wp\/v2\/pages"}],"about":[{"href":"https:\/\/zinebi.eus\/en\/wp-json\/wp\/v2\/types\/page"}],"author":[{"embeddable":true,"href":"https:\/\/zinebi.eus\/en\/wp-json\/wp\/v2\/users\/2"}],"replies":[{"embeddable":true,"href":"https:\/\/zinebi.eus\/en\/wp-json\/wp\/v2\/comments?post=22628"}],"version-history":[{"count":2,"href":"https:\/\/zinebi.eus\/en\/wp-json\/wp\/v2\/pages\/22628\/revisions"}],"predecessor-version":[{"id":22632,"href":"https:\/\/zinebi.eus\/en\/wp-json\/wp\/v2\/pages\/22628\/revisions\/22632"}],"up":[{"embeddable":true,"href":"https:\/\/zinebi.eus\/en\/wp-json\/wp\/v2\/pages\/439"}],"wp:featuredmedia":[{"embeddable":true,"href":"https:\/\/zinebi.eus\/en\/wp-json\/wp\/v2\/media\/22992"}],"wp:attachment":[{"href":"https:\/\/zinebi.eus\/en\/wp-json\/wp\/v2\/media?parent=22628"}],"curies":[{"name":"wp","href":"https:\/\/api.w.org\/{rel}","templated":true}]}}