 {"id":22842,"date":"2023-10-19T18:00:17","date_gmt":"2023-10-19T18:00:17","guid":{"rendered":"https:\/\/zinebi.eus\/zinebi-industry\/difusion-e-internacionalizacion-de-los-cortometrajes-trabajar-en-red-entre-las-comunidades-autonomas\/"},"modified":"2023-11-09T11:05:28","modified_gmt":"2023-11-09T11:05:28","slug":"difusion-e-internacionalizacion-de-los-cortometrajes-trabajar-en-red-entre-las-comunidades-autonomas","status":"publish","type":"page","link":"https:\/\/zinebi.eus\/en\/zinebi-industry\/difusion-e-internacionalizacion-de-los-cortometrajes-trabajar-en-red-entre-las-comunidades-autonomas\/","title":{"rendered":"Dissemination and Internationalisation of Short Films: Networking Between the Autonomous Communities"},"content":{"rendered":"<h1><center>Dissemination and Internationalisation of Short Films: Networking Between the Autonomous Communities<\/center><\/h1>\r\n<p>Como el m\u00e1s veterano de los festivales de cine del Estado especializado en cortometraje y cine documental, ZINEBI es plenamente consciente de la trascendencia que tiene una buena distribuci\u00f3n para el \u00e9xito de un cortometraje. Con el objetivo de ofrecer un respaldo profesionalizado a las muchas veces ingratas tareas de distribuci\u00f3n, desde las distintas comunidades aut\u00f3nomas, y a lo largo de las \u00faltimas d\u00e9cadas, han proliferado los programas de promoci\u00f3n de cortometrajes. En el caso que resulta m\u00e1s pr\u00f3ximo a ZINEBI, el programa Kimuak naci\u00f3 en 1998 como instrumento destinado a potenciar la promoci\u00f3n internacional de los cortometrajes vascos y ya desde su primera edici\u00f3n, este festival incluy\u00f3 uno de los t\u00edtulos de su cat\u00e1logo en su competici\u00f3n internacional (aquella pionera fue la pel\u00edcula de Tinieblas Gonz\u00e1lez <em>Por un infante difunto<\/em>). Con 25 ediciones ya cumplidas, Kimuak es un instrumento s\u00f3lidamente establecido al servicio de los cortometrajes de producci\u00f3n vasca, pero adem\u00e1s posee el gran valor de haberse convertido r\u00e1pidamente en referente, un modelo a imitar en otras comunidades aut\u00f3nomas para beneficio de cineastas emergentes a la b\u00fasqueda de un label de calidad bajo el que hacer llegar sus trabajos a festivales de cine de todo el mundo.<\/p>\r\n\r\n<p>Por ese motivo, no tardaron en ir apareciendo programas como Quercus (en Castilla y Le\u00f3n), Cat\u00e1logos del Audiovisual Andaluz (en Andaluc\u00eda), Shortzinema (en la Comunidad Foral de Navarra), Cantabria en Corto (en Cantabria), Curts (en la Comunidad Valenciana), Madrid en Corto (en la Comunidad de Madrid), ShortCat (en Catalunya) o Jara (en Extremadura), entre otros. La acci\u00f3n de la mayor\u00eda de los programas que brotaron siguiendo aquel ejemplo de Kimuak todav\u00eda se mantiene a d\u00eda de hoy, y por ese motivo, ZINEBI se enorgullece de recibir en su 65\u00aa edici\u00f3n a delegaciones de la mayor parte de ellos para participar en un encuentro que moderar\u00e1 Esther Cabero, actual coordinadora de Kimuak, y que seguir\u00e1 a la presentaci\u00f3n que el miembro del Jurado Internacional del Concurso Internacional de Cortometraje de ZINEBI 65, Florian Fernandez, har\u00e1 del Short Film Corner del Festival de Cannes del que es coordinador<\/p>\r\n\r\n<br>\r\n<img alt=\"\" width=\"1024\" height=\"118\" class=\"aligncenter size-full wp-image-22836 lazyload\" data-src=\"https:\/\/zinebi.eus\/assets\/media\/LOGOS_COMUNIDADES-AUTONOMAS-2.jpg\">\r\n<br>\r\n<div>\r\n<h3 class=\"sidelines\"><span class=\"blanco\">SPEAKERS<\/span><\/h3>\r\n<br>\r\n<div class=\"row justify-content-center\">\r\n<div class=\"col-md-4\"><img class=\"alignnone wp-image-10359 size-full lazyload\" data-src=\"https:\/\/zinebi.eus\/assets\/media\/MAITECONESA.jpg\">\r\n<h4><strong>Maite Conesa<\/strong>\r\n<br>Quercus \u2013 Castilla y Le\u00f3n<\/h4>\r\n<\/div>\r\n<div class=\"col-md-4\"><img class=\"alignnone wp-image-10359 size-full lazyload\" data-src=\"https:\/\/zinebi.eus\/assets\/media\/FLORIANFERNANDEZ.jpg\">\r\n<h4><strong>Florian Fernandez<\/strong>\r\n<br>Short Film Corner | Rendez-vous Industry \u2013 Cannes <\/h4>\r\n<\/div>\r\n<div class=\"col-md-4\"><img class=\"alignnone wp-image-10359 size-full lazyload\" data-src=\"https:\/\/zinebi.eus\/assets\/media\/PABLOGARCIA.jpg\">\r\n<h4><strong>Pablo Garc\u00eda Casado<\/strong>\r\n<br>Cat\u00e1logos del Audiovisual Andaluz \u2013 Andaluc\u00eda\/h4&gt;\r\n<\/h4><\/div>\r\n<div class=\"col-md-4\"><img class=\"alignnone wp-image-10359 size-full lazyload\" data-src=\"https:\/\/zinebi.eus\/assets\/media\/ANAHERRERA.jpg\">\r\n<h4><strong>Ana Herrera<\/strong>\r\n<br>Shortzinema \u2013 Comunidad Foral de Navarra<\/h4>\r\n<\/div>\r\n<div class=\"col-md-4\"><img class=\"alignnone wp-image-10359 size-full lazyload\" data-src=\"https:\/\/zinebi.eus\/assets\/media\/VICTORLAMADRID.jpg\">\r\n<h4><strong>V\u00edctor Lamadrid<\/strong>\r\n<br>Cantabria en Corto \u2013 Cantabria<\/h4>\r\n<\/div>\r\n<div class=\"col-md-4\"><img class=\"alignnone wp-image-10359 size-full lazyload\" data-src=\"https:\/\/zinebi.eus\/assets\/media\/DORACINEMAJOVE.jpg\">\r\n<h4><strong>Dora Mart\u00ed<\/strong>\r\n<br>Curts \u2013 Comunidad Valenciana<\/h4>\r\n<\/div>\r\n<div class=\"col-md-4\"><img class=\"alignnone wp-image-10359 size-full lazyload\" data-src=\"https:\/\/zinebi.eus\/assets\/media\/BRAISROMERO.jpg\">\r\n<h4><strong>Brais Romero<\/strong>\r\n<br>Madrid en Corto \u2013 Comunidad de Madrid<\/h4>\r\n<\/div>\r\n<div class=\"col-md-4\"><img class=\"alignnone wp-image-10359 size-full lazyload\" data-src=\"https:\/\/zinebi.eus\/assets\/media\/ELISALA.jpg\">\r\n<h4><strong>Elisabeth Sala<\/strong>\r\n<br>ShortCat \u2013 Catalunya<\/h4>\r\n<\/div>\r\n<\/div>\r\n<br>\r\n<br>\r\n<div>\r\n<h3 class=\"sidelines\"><span class=\"blanco\">MODERATOR<\/span><\/h3>\r\n<br>\r\n<div class=\"row justify-content-center\">\r\n<div class=\"col-md-4\"><img class=\"alignnone wp-image-10359 size-full lazyload\" data-src=\"https:\/\/zinebi.eus\/assets\/media\/ESTHERCABERO.jpg\">\r\n<h4><strong>Esther Cabero Gonzalo <\/strong>\r\n<br>Kimuak \u2013 Comunidad Aut\u00f3noma de Euskadi<\/h4>\r\n<\/div>\r\n<\/div>\r\n\r\n<\/div>\r\n\r\n<\/div>","protected":false},"excerpt":{"rendered":"<p>Dissemination and Internationalisation of Short Films: Networking Between the Autonomous Communities Como el m\u00e1s veterano de los festivales de cine del Estado especializado en cortometraje y cine documental, ZINEBI es plenamente consciente de la trascendencia que tiene una buena distribuci\u00f3n para el \u00e9xito de un cortometraje. Con el objetivo de ofrecer un respaldo profesionalizado a [&hellip;]<\/p>\n","protected":false},"author":2,"featured_media":22992,"parent":439,"menu_order":0,"comment_status":"closed","ping_status":"closed","template":"templates\/page-hero-mikeldi.php","meta":{"_acf_changed":false,"footnotes":""},"class_list":["post-22842","page","type-page","status-publish","has-post-thumbnail","hentry"],"acf":[],"_links":{"self":[{"href":"https:\/\/zinebi.eus\/en\/wp-json\/wp\/v2\/pages\/22842","targetHints":{"allow":["GET"]}}],"collection":[{"href":"https:\/\/zinebi.eus\/en\/wp-json\/wp\/v2\/pages"}],"about":[{"href":"https:\/\/zinebi.eus\/en\/wp-json\/wp\/v2\/types\/page"}],"author":[{"embeddable":true,"href":"https:\/\/zinebi.eus\/en\/wp-json\/wp\/v2\/users\/2"}],"replies":[{"embeddable":true,"href":"https:\/\/zinebi.eus\/en\/wp-json\/wp\/v2\/comments?post=22842"}],"version-history":[{"count":7,"href":"https:\/\/zinebi.eus\/en\/wp-json\/wp\/v2\/pages\/22842\/revisions"}],"predecessor-version":[{"id":24920,"href":"https:\/\/zinebi.eus\/en\/wp-json\/wp\/v2\/pages\/22842\/revisions\/24920"}],"up":[{"embeddable":true,"href":"https:\/\/zinebi.eus\/en\/wp-json\/wp\/v2\/pages\/439"}],"wp:featuredmedia":[{"embeddable":true,"href":"https:\/\/zinebi.eus\/en\/wp-json\/wp\/v2\/media\/22992"}],"wp:attachment":[{"href":"https:\/\/zinebi.eus\/en\/wp-json\/wp\/v2\/media?parent=22842"}],"curies":[{"name":"wp","href":"https:\/\/api.w.org\/{rel}","templated":true}]}}