 {"id":22918,"date":"2023-10-20T05:17:45","date_gmt":"2023-10-20T05:17:45","guid":{"rendered":"https:\/\/zinebi.eus\/zinebi-industry\/zinebi-meetings\/trabajar-con-y-desde-el-archivo\/"},"modified":"2023-11-14T12:09:45","modified_gmt":"2023-11-14T12:09:45","slug":"working-with-and-from-the-archives","status":"publish","type":"page","link":"https:\/\/zinebi.eus\/en\/zinebi-industry\/zinebi-meetings\/working-with-and-from-the-archives\/","title":{"rendered":"Working with (and from) the Archives"},"content":{"rendered":"<div class=\"izq\"><h5>15th November<br>\r\n16:30h<br>\r\nSala Azkuna Zentroa. Sala Bastida Aretoa<\/h5><\/div>\r\n<h1><center>Working with (and from) the Archives<\/center><\/h1>\r\n<p>For a ZINEBI event which is retrieving unreleased work in several programmes, from the Iv\u00e1n Zulueta archives restored by Filmoteca Espa\u00f1ola, the Festival includes an encounter to publicise and showcase the work of organisations which classify, research and retrieve audiovisual heritage material.<\/p>\r\n\r\n<p>Thus, prior to the screening of the last programme in the cycle <em>A\/Z Zulueta in\u00e9dito<\/em>, ZINEBI is presenting a meeting to be attended by, in addition to the cycle\u2019s co-curator Miguel Fern\u00e1ndez Labayen, the director of Filmoteca Espa\u00f1ola, Valeria Camporesi, the main researcher on the joint research project with the El\u00edas Querejeta Zine Eskola (EQZE) in the ZINEBI deposit at Filmoteca Vasca Santiago Aguilar; Pablo La Parra P\u00e9rez, chief researcher at EQZE, and member of the SSIFF Archives Committee; and Pablo Maravi and Libe Belandia, representing the research project VideoFlux (UPV\/EHU University of the Basque Country), focusing on the Basque videoart audiovisual archives.<\/p>\r\n\r\n<img alt=\"\" width=\"680\" height=\"126\" class=\"aligncenter size-full wp-image-22913 lazyload\" data-src=\"https:\/\/zinebi.eus\/assets\/media\/BANNER_ARCHIVO.jpg\" srcset=\"https:\/\/zinebi.eus\/assets\/media\/BANNER_ARCHIVO.jpg 680w, https:\/\/zinebi.eus\/assets\/media\/BANNER_ARCHIVO-150x28.jpg 150w, https:\/\/zinebi.eus\/assets\/media\/BANNER_ARCHIVO-300x56.jpg 300w, https:\/\/zinebi.eus\/assets\/media\/BANNER_ARCHIVO-400x74.jpg 400w, https:\/\/zinebi.eus\/assets\/media\/BANNER_ARCHIVO-480x89.jpg 480w, https:\/\/zinebi.eus\/assets\/media\/BANNER_ARCHIVO-550x102.jpg 550w\" sizes=\"(max-width: 680px) 100vw, 680px\" \/>\r\n<br>\r\n\r\n<div>\r\n<h3 class=\"sidelines\"><span class=\"blanco\">PONENTES<\/span><\/h3>\r\n<br>\r\n<div class=\"row justify-content-center\">\r\n<div class=\"col-md-4\"><img class=\"alignnone lazyload\" wp-image-10359 size-full data-src=\"https:\/\/zinebi.eus\/assets\/media\/Santiago_Aguilar.jpg\">\r\n<h4><strong>Santiago Aguilar<\/strong>\r\n<br>Chief Researcher on the Joint Research Project with EQZE of the ZINEBI Deposit at Filmoteca Vasca<\/h4>\r\n<\/div>\r\n<div class=\"col-md-4\"><img class=\"alignnone lazyload\" wp-image-10359 size-full data-src=\"https:\/\/zinebi.eus\/assets\/media\/Valeria_camporesi.jpg\">\r\n<h4><strong>Valeria Camporesi<\/strong>\r\n<br>Director of Filmoteca Espa\u00f1ola<\/h4>\r\n<\/div>\r\n<div class=\"col-md-4\"><img class=\"alignnone lazyload\" wp-image-10359 size-full data-src=\"https:\/\/zinebi.eus\/assets\/media\/Miguel_Fernandez.jpg\">\r\n<h4><strong>Miguel Fern\u00e1ndez Labayen<\/strong>\r\n<br>Co-curator of <em>A\/Z Zulueta in\u00e9dito<\/em><\/h4>\r\n<\/div>\r\n<div class=\"col-md-4\"><img class=\"alignnone lazyload\" wp-image-10359 size-full data-src=\"https:\/\/zinebi.eus\/assets\/media\/Pablo-Laparra.jpg\">\r\n<h4><strong>Pablo La Parra P\u00e9rez<\/strong>\r\n<br>Head of the Research Department at EQZE, member of the SSIFF Archives Committee<\/h4>\r\n<\/div>\r\n<div class=\"col-md-4\"><img class=\"alignnone lazyload\" wp-image-10359 size-full data-src=\"https:\/\/zinebi.eus\/assets\/media\/Pablo_Maravi.jpg\">\r\n<h4><strong>Pablo Maravi<\/strong>\r\n<br>VIDEOFLUX (UPV\/EHU) Basque Videocreation Archives <\/h4>\r\n<\/div>\r\n<div class=\"col-md-4\"><img class=\"alignnone lazyload\" wp-image-10359 size-full data-src=\"https:\/\/zinebi.eus\/assets\/media\/Libe_Belandi.jpg\">\r\n<h4><strong>Libe Belandiai<\/strong>\r\n<br>VIDEOFLUX (UPV\/EHU) Basque Videocreation Archives <\/h4>\r\n<\/div>\r\n<div class=\"col-md-4\"><img class=\"alignnone lazyload\" wp-image-10359 size-full data-src=\"https:\/\/zinebi.eus\/assets\/media\/Aida-Vallejo-Vallejo.jpg\">\r\n<h4><strong>Aida Vallejo<\/strong>\r\n<br>Moderator<\/h4>\r\n<\/div>\r\n<\/div>\r\n<\/div>\r\n","protected":false},"excerpt":{"rendered":"<p>15th November 16:30h Sala Azkuna Zentroa. Sala Bastida Aretoa Working with (and from) the Archives For a ZINEBI event which is retrieving unreleased work in several programmes, from the Iv\u00e1n Zulueta archives restored by Filmoteca Espa\u00f1ola, the Festival includes an encounter to publicise and showcase the work of organisations which classify, research and retrieve audiovisual [&hellip;]<\/p>\n","protected":false},"author":2,"featured_media":20619,"parent":459,"menu_order":0,"comment_status":"closed","ping_status":"closed","template":"templates\/page-hero-mikeldi.php","meta":{"_acf_changed":false,"footnotes":""},"class_list":["post-22918","page","type-page","status-publish","has-post-thumbnail","hentry"],"acf":[],"_links":{"self":[{"href":"https:\/\/zinebi.eus\/en\/wp-json\/wp\/v2\/pages\/22918","targetHints":{"allow":["GET"]}}],"collection":[{"href":"https:\/\/zinebi.eus\/en\/wp-json\/wp\/v2\/pages"}],"about":[{"href":"https:\/\/zinebi.eus\/en\/wp-json\/wp\/v2\/types\/page"}],"author":[{"embeddable":true,"href":"https:\/\/zinebi.eus\/en\/wp-json\/wp\/v2\/users\/2"}],"replies":[{"embeddable":true,"href":"https:\/\/zinebi.eus\/en\/wp-json\/wp\/v2\/comments?post=22918"}],"version-history":[{"count":5,"href":"https:\/\/zinebi.eus\/en\/wp-json\/wp\/v2\/pages\/22918\/revisions"}],"predecessor-version":[{"id":26171,"href":"https:\/\/zinebi.eus\/en\/wp-json\/wp\/v2\/pages\/22918\/revisions\/26171"}],"up":[{"embeddable":true,"href":"https:\/\/zinebi.eus\/en\/wp-json\/wp\/v2\/pages\/459"}],"wp:featuredmedia":[{"embeddable":true,"href":"https:\/\/zinebi.eus\/en\/wp-json\/wp\/v2\/media\/20619"}],"wp:attachment":[{"href":"https:\/\/zinebi.eus\/en\/wp-json\/wp\/v2\/media?parent=22918"}],"curies":[{"name":"wp","href":"https:\/\/api.w.org\/{rel}","templated":true}]}}