 {"id":23304,"date":"2023-10-23T14:27:01","date_gmt":"2023-10-23T14:27:01","guid":{"rendered":"https:\/\/zinebi.eus\/zinebi-65\/rita-azevedo-gomes\/"},"modified":"2023-10-24T11:41:26","modified_gmt":"2023-10-24T11:41:26","slug":"rita-azevedo-gomes","status":"publish","type":"page","link":"https:\/\/zinebi.eus\/en\/zinebi-65\/rita-azevedo-gomes\/","title":{"rendered":"Rita Azevedo Gomes"},"content":{"rendered":"<div class=\"container\">\r\n<div class=\"row\">\r\n<div class=\"col-md-12\">\r\n<h2>Alkimista jakin-nahi eta paregabea<h2>\r\n\r\n<\/h2><\/h2><p>A woman of the cinema, a versatile, independent, unique filmmaker, Rita Azevedo Gomes (Lisbon, 1952) is a director, she is a programmer, she is an artist, and her films render poetry tangible in more than one sense. She is an explorer of the territories of cinema, where the classic and the modern converge, and reality amalgamates with fiction and reformulates their ties, breaking conventions. She is without a doubt one of those who make up our cinematographic universe.<\/p>\r\n\r\n<p>Rita Azevedo Gomes is familiar with the essence of literature, of painting, of theatre, of cinema. She is a curious, extraordinary alchemist, who turns everything into cinema. In her films she has frequently worked with adaptations of literary oeuvres, transforming the texts into images and time; under her restless gaze each word becomes infinite and ramifies, but she finds the precise indication, a different tag mark in this tradition.<\/p>\r\n\r\n<p>This may be perceived in her first work, <em>O som da terra a tremer<\/em> (1990), based on texts by Andr\u00e9 Gide, M\u00e1rio de S\u00e1-Carneiro, Leonardo Da Vinci and Agustina Bessa-Lu\u00eds \u2013 with whom Azevedo Gomes also worked on the short <em>A conquista de Faro <\/em>(2005) \u2013 and, on the specific story by Stefan Zweig, A <em>colec\u00e7\u00e3o invis\u00edvel<\/em> (2009) and the free adaptation of a story by Robert Musil in A portuguesa (2018), in which she shifts the focus of the tale to a female personage, <em>Correspond\u00eancias<\/em> (2016) \u2013 screened at the 58th ZINEBI\u2015 on decades of a complicit and deep relationship between writer Jorge de Sena and poet Sophia de Mello, ties updated through the voices of Boris Nelepo, Pierre L\u00e9on, Eva Truffaut and Agathe Bonitzer.<\/p>\r\n\r\n<p>What is true is that Azevedo Gomes does not simply base her work on an adaptation of the plot, but on the very essence of the poetry of words and theatre, with a rigorous distinguished mise en sc\u00e8ne influenced by her previous experience in the scenic and operatic arts, even daring to undertake the free adaptation of a story by Jules Am\u00e9d\u00e9e Barbey d\u2019Aurevilly in <em>A vingan\u00e7a de Uma Mulher<\/em> (2012) or the exceptional theatre text by \u00c9ric Rohmer in <em>O trio em mi bemol<\/em> (2022), starring Rita Dur\u00e3o, Pierre L\u00e9on and Ado Arrieta.<\/p>\r\n\r\n<p><em>15\u00aa Pedra<\/em> (2007), a documentary which arose from her proximity to Jo\u00e3o B\u00e9nard da Costa (with whom she worked at the Gulbenkian Foundation and Cinemateca Portuguesa) and to filmmaker Manoel de Oliveira (of whom she had been a disciple and former assistant), makes the remark that the power of an image does not stem from what it shows but from what it means, a meaning that is not strictly visible and can only be found by going directly into the work itself. The image, painting as another of her sources of inspiration is evidenced in <em>Danses macabres, squelettes et autres fantaisies<\/em> (2019), co-directed with filmmaker Pierre L\u00e9on and philosopher Jean-Louis Schefer, with the playful apparition of dancing skeletons, mundane delights. \u201cThere are images which impregnate you, which go right inside you until, in some way or another, at some point, they come out. There are images you associate with a specific moment, a memory or a feeling, which you can then use in your professional life to express what you feel.\u201d<\/p>\r\n\r\n<p>The elegant configuration she uses to represent feelings is a good example of how Rita Azevedo Gomes\u2019 cinema nestles between art and life. At the end of the day, all the components of her films are used to reach a finale: the finding of ways to express life, to express love. Something so intangible that it requires all this, not to seek a precise unique form, but to be in a position to celebrate it in all its romanticism, in all its ambiguity, in all its innocence. This is what she achieves in <em>Altar<\/em> (2003) and in <em>Fr\u00e1gil como o mundo<\/em> (2002), one of the most painfully beautiful cinema love stories ever filmed. Tales of intimacy, sometimes more remote, others more recent, but where reflections on a today are always resonating. <\/p>\r\n\r\n<br>\r\n<p><strong>Cecilia Barrionuevo<\/strong><br>\r\nProgrammer at Large \/ Film at Lincoln Center<br>\r\nInternational Seminars and Relations \/ ECAM <\/p>\r\n<br>\r\n\r\n\r\n<section class=\"module-sm listado-zinebi\">\r\n   <div class=\"container listado-zinebi__container\">\r\n\r\n   \t\t<main class=\"listado-zinebi__resultados\">\r\n   \t\t\t\t   \t\t\t<section class=\"listado-zinebi__section\">\r\n\t   \t\t\t\t\t\t   \t\t\t\t<section class=\"listado-zinebi__subsection\">\r\n\t\t   \t\t\t\t\t<header class=\"listado-zinebi__subsection-title\">\r\n\t\t   \t\t\t\t\t\t\t<div class=\"block-cross-line\">\r\n\t\t   \t\t\t\t\t\t\t\t\t<div>\r\n\t\t   \t\t\t\t\t\t\t\t\t\t<span>16 Nov<\/span> \u00b7 <a href=\"https:\/\/zinebi.eus\/programacion\/sede\/museo-guggenheim-bilbao\">Guggenheim Bilbao Museum<\/a>\t   \t\t\t\t\t\t\t\t\t\t\t\r\n\t\t   \t\t\t\t\t\t\t\t\t<\/div>\r\n\t\t   \t\t\t\t\t\t\t<\/div>\r\n\t\t   \t\t\t\t\t<\/header>\r\n\t\t   \t\t\t\t\t<div class=\"listado-zinebi__grid\">\r\n\t\t   \t\t\t\t\t\t<article class=\"listado-zinebi__item\">\r\n\t<div class=\"zinebi-item has-excerpt\">\r\n\t\t<div class=\"zinebi-item__bg\">\r\n            <picture id=\"img-23443\" class=\"cb-img-thumbnail ratio-horizontal\"><source media=\"(max-width: 150px)\" data-srcset=\"https:\/\/zinebi.eus\/assets\/media\/som-terra_6-BASILISCO-FILMES-150x84.jpg\" srcset=\"https:\/\/zinebi.eus\/assets\/media\/som-terra_6-BASILISCO-FILMES-150x84.jpg\"><source media=\"(max-width: 300px)\" data-srcset=\"https:\/\/zinebi.eus\/assets\/media\/som-terra_6-BASILISCO-FILMES-300x169.jpg\" srcset=\"https:\/\/zinebi.eus\/assets\/media\/som-terra_6-BASILISCO-FILMES-300x169.jpg\"><source media=\"(max-width: 400px)\" data-srcset=\"https:\/\/zinebi.eus\/assets\/media\/som-terra_6-BASILISCO-FILMES-400x225.jpg\" srcset=\"https:\/\/zinebi.eus\/assets\/media\/som-terra_6-BASILISCO-FILMES-400x225.jpg\"><source media=\"(max-width: 480px)\" data-srcset=\"https:\/\/zinebi.eus\/assets\/media\/som-terra_6-BASILISCO-FILMES-480x270.jpg\" srcset=\"https:\/\/zinebi.eus\/assets\/media\/som-terra_6-BASILISCO-FILMES-480x270.jpg\"><source media=\"(max-width: 550px)\" data-srcset=\"https:\/\/zinebi.eus\/assets\/media\/\/som-terra_6-BASILISCO-FILMES-550x309.jpg\" srcset=\"https:\/\/zinebi.eus\/assets\/media\/\/som-terra_6-BASILISCO-FILMES-550x309.jpg\"><img class=\" lazyloaded lazyload\" data-src=\"https:\/\/zinebi.eus\/assets\/media\/\/som-terra_6-BASILISCO-FILMES-550x309.jpg\" alt=\"som-terra_6 \u2013 BASILISCO FILMES\"><\/source><\/source><\/source><\/source><\/source><\/picture>          \r\n        <\/div>\r\n                <aside class=\"zinebi-item__date\">\r\n            <div class=\"zinebi-item__date-day\">16<\/div>\r\n            <div class=\"zinebi-item__date-month\">Nov<\/div>\r\n        <\/aside>\r\n                <header class=\"zinebi-item__header\">\r\n                        <h4 class=\"zinebi-item__header-title \">\r\n            \t<span class=\"field-first-title\">The Sound of the Shaking Earth<\/span> <span class=\"title-separator\"><\/span> <span class=\"field-second-title\">O som da terra a tremer<\/span>          \t    \r\n            <\/h4>\r\n            <div class=\"zinebi-item__header-subtitle\">\r\n          \t\t<span>Rita Azevedo Gomes<\/span>            <\/div>\r\n        <\/header>\r\n        <main class=\"zinebi-item__info\">\r\n       \t\t<div class=\"zinebi-item__info-text multiline-ellipsis__wrapper overflowed\">\r\n       \t\t\t<div class=\"multiline-ellipsis\">\r\n       \t\t\t\t<p>Alberto, a writer paralysed by indecision, constantly abandons his works. He feigns a journey, relocating within his house to spy on friends\u2019 reactions. His own tale merges with a sailor\u2019s adventures in a foreign port, blurring reality and fiction. Ultimately, he\u2019s consumed by his narrative, becoming a universal outcast. In a way, this is a story about impossible returns.<\/p>\r\n       \t\t\t<\/div>\t\r\n       \t\t<\/div>\t\t\t\t\t\t                  \r\n          \t<a class=\"btn btn-round btn-outline btn-xs btn-brand\" href=\"https:\/\/zinebi.eus\/programacion\/the-sound-of-the-shaking-earth\">\r\n          \t\t<span>M\u00e1s info<\/span>\r\n          \t<\/a>\r\n        <\/main>\r\n                <footer class=\"zinebi-item__footer\">\r\n            <div class=\"zinebi-item__footer-row\">\r\n                <i class=\"fa fa-film\"><\/i>\r\n          \t\t<div class=\"zinebi-item__footer-text\">          \t\t\t\r\n             \t\t<a class=\"\" href=\"https:\/\/zinebi.eus\/programacion\/seccion\/mikeldi-de-honor-rita-azevedo-gomes\">\r\n             \t\t\t<span>Mikeldi of Honour \u2013 Rita Azevedo Gomes<\/span>             \t\t<\/a>\t\t\r\n          \t\t<\/div>\t\t\t\t\t\t                     \r\n            <\/div>\r\n        <\/footer>\r\n               <div class=\"zinebi-item__overlay\"><\/div>\r\n       <a href=\"https:\/\/zinebi.eus\/programacion\/the-sound-of-the-shaking-earth\" class=\"zinebi-item__link-layer\"><\/a>\r\n    <\/div>\r\n<\/article>\t\t   \t\t\t\t\t<\/div><!-- \/listado-zinebi__grid -->\r\n\t\t   \t\t\t\t<\/section><!-- \/listado-zinebi__subsection -->\r\n\t   \t\t\t\t\t   \t\t\t<\/section><!-- \/listado-zinebi__section -->\r\n\t   \t\t\t   \t\t<\/main><!-- \/listado-zinebi__resultados -->\t\r\n\r\n   <\/div><!-- \/ listado-zinebi__container --> \r\n<\/section>\r\n<\/div><\/div><\/div>","protected":false},"excerpt":{"rendered":"<p>Alkimista jakin-nahi eta paregabea A woman of the cinema, a versatile, independent, unique filmmaker, Rita Azevedo Gomes (Lisbon, 1952) is a director, she is a programmer, she is an artist, and her films render poetry tangible in more than one sense. She is an explorer of the territories of cinema, where the classic and the [&hellip;]<\/p>\n","protected":false},"author":2,"featured_media":23496,"parent":20803,"menu_order":0,"comment_status":"closed","ping_status":"closed","template":"templates\/page-hero-mikeldi.php","meta":{"_acf_changed":false,"footnotes":""},"class_list":["post-23304","page","type-page","status-publish","has-post-thumbnail","hentry"],"acf":[],"_links":{"self":[{"href":"https:\/\/zinebi.eus\/en\/wp-json\/wp\/v2\/pages\/23304","targetHints":{"allow":["GET"]}}],"collection":[{"href":"https:\/\/zinebi.eus\/en\/wp-json\/wp\/v2\/pages"}],"about":[{"href":"https:\/\/zinebi.eus\/en\/wp-json\/wp\/v2\/types\/page"}],"author":[{"embeddable":true,"href":"https:\/\/zinebi.eus\/en\/wp-json\/wp\/v2\/users\/2"}],"replies":[{"embeddable":true,"href":"https:\/\/zinebi.eus\/en\/wp-json\/wp\/v2\/comments?post=23304"}],"version-history":[{"count":4,"href":"https:\/\/zinebi.eus\/en\/wp-json\/wp\/v2\/pages\/23304\/revisions"}],"predecessor-version":[{"id":23460,"href":"https:\/\/zinebi.eus\/en\/wp-json\/wp\/v2\/pages\/23304\/revisions\/23460"}],"up":[{"embeddable":true,"href":"https:\/\/zinebi.eus\/en\/wp-json\/wp\/v2\/pages\/20803"}],"wp:featuredmedia":[{"embeddable":true,"href":"https:\/\/zinebi.eus\/en\/wp-json\/wp\/v2\/media\/23496"}],"wp:attachment":[{"href":"https:\/\/zinebi.eus\/en\/wp-json\/wp\/v2\/media?parent=23304"}],"curies":[{"name":"wp","href":"https:\/\/api.w.org\/{rel}","templated":true}]}}