 {"id":24174,"date":"2023-11-03T09:41:28","date_gmt":"2023-11-03T09:41:28","guid":{"rendered":"https:\/\/zinebi.eus\/presentacion-con-rita-azevedo-gomes-y-cecilia-barrionuevo-proyeccion-de-la-pelicula-the-sound-of-the-shaking-head\/"},"modified":"2023-11-07T09:41:43","modified_gmt":"2023-11-07T09:41:43","slug":"presentacion-con-rita-azevedo-gomes-y-cecilia-barrionuevo-proyeccion-de-la-pelicula-the-sound-of-the-shaking-earth","status":"publish","type":"page","link":"https:\/\/zinebi.eus\/en\/presentacion-con-rita-azevedo-gomes-y-cecilia-barrionuevo-proyeccion-de-la-pelicula-the-sound-of-the-shaking-earth\/","title":{"rendered":"Presentation with Rita Azevedo Gomes and Cecilia Barrionuevo. Screening of The Sound of the Shaking Earth"},"content":{"rendered":"<div class=\"izq\"><h5>16 de Noviembre<br>\r\n18:00h<br>\r\nMuseo Guggenheim Bilbao<\/h5><\/div>\r\n<h1><center>Presentaci\u00f3n con Rita Azevedo Gomes y Cecilia Barrionuevo. Proyecci\u00f3n de la pel\u00edcula <em>The Sound of the Shaking Earth<\/em><\/center><\/h1>\r\n<p>El d\u00eda 16 de noviembre, la ganadora de uno de los premios Mikeldi de Honor de la 65\u00aa edici\u00f3n del Festival Internacional de Cine Documental y Cortometraje de Bilbao, Rita Azevedo Gomes, mantendr\u00e1 un encuentro ante el p\u00fablico con Celia Barrionuevo<\/p>\r\n\r\n<p>Azevedo Gomes y Barrionuevo acudir\u00e1n a la proyecci\u00f3n de su primera pel\u00edcula de <em><a href=\"https:\/\/zinebi.eus\/programacion\/the-sound-of-the-shaking-earth\/\">The Sound of the Shaking Earth<\/a><\/em> (1990) en Museo Guggenheim Bilbao<\/p>\r\n<br>\r\n\r\n<div>\r\n<br>\r\n<div class=\"row justify-content-center\">\r\n<div class=\"col-md-5\"><img class=\"alignnone lazyload\" wp-image-10359 size-full data-src='https:\/\/zinebi.eus\/assets\/media\/Cecilia-Barrionuevo.jpg\"'>\r\n<\/div>\r\n<div class=\"col-md-5\"><img class=\"alignnone lazyload\" wp-image-10359 size-full data-src=\"https:\/\/zinebi.eus\/assets\/media\/rita-azevedo-gomes_-cred-Humberto-AgendaCulturalMouco.jpeg\">\r\n<\/div>\r\n<\/div>\r\n<\/div>\r\n\r\n<section class=\"module-sm listado-zinebi\">\r\n   <div class=\"container listado-zinebi__container\">\r\n\r\n   \t\t<main class=\"listado-zinebi__resultados\">\r\n   \t\t\t\t   \t\t\t<section class=\"listado-zinebi__section\">\r\n\t   \t\t\t\t\t\t   \t\t\t\t<section class=\"listado-zinebi__subsection\">\r\n\t\t   \t\t\t\t\t<header class=\"listado-zinebi__subsection-title\">\r\n\t\t   \t\t\t\t\t\t\t<div class=\"block-cross-line\">\r\n\t\t   \t\t\t\t\t\t\t\t\t<div>\r\n\t\t   \t\t\t\t\t\t\t\t\t\t<span>16 Nov<\/span> \u00b7 <a href=\"https:\/\/zinebi.eus\/programacion\/sede\/museo-guggenheim-bilbao\">Museo Guggenheim Bilbao<\/a>\t   \t\t\t\t\t\t\t\t\t\t\t\r\n\t\t   \t\t\t\t\t\t\t\t\t<\/div>\r\n\t\t   \t\t\t\t\t\t\t<\/div>\r\n\t\t   \t\t\t\t\t<\/header>\r\n\t\t   \t\t\t\t\t<div class=\"listado-zinebi__grid\">\r\n\t\t   \t\t\t\t\t\t<article class=\"listado-zinebi__item\">\r\n\t<div class=\"zinebi-item has-excerpt\">\r\n\t\t<div class=\"zinebi-item__bg\">\r\n            <picture id=\"img-23443\" class=\"cb-img-thumbnail ratio-horizontal\"><source media=\"(max-width: 150px)\" data-srcset=\"https:\/\/zinebi.eus\/assets\/media\/som-terra_6-BASILISCO-FILMES-150x84.jpg\" srcset=\"https:\/\/zinebi.eus\/assets\/media\/som-terra_6-BASILISCO-FILMES-150x84.jpg\"><source media=\"(max-width: 300px)\" data-srcset=\"https:\/\/zinebi.eus\/assets\/media\/som-terra_6-BASILISCO-FILMES-300x169.jpg\" srcset=\"https:\/\/zinebi.eus\/assets\/media\/som-terra_6-BASILISCO-FILMES-300x169.jpg\"><source media=\"(max-width: 400px)\" data-srcset=\"https:\/\/zinebi.eus\/assets\/media\/som-terra_6-BASILISCO-FILMES-400x225.jpg\" srcset=\"https:\/\/zinebi.eus\/assets\/media\/som-terra_6-BASILISCO-FILMES-400x225.jpg\"><source media=\"(max-width: 480px)\" data-srcset=\"https:\/\/zinebi.eus\/assets\/media\/som-terra_6-BASILISCO-FILMES-480x270.jpg\" srcset=\"https:\/\/zinebi.eus\/assets\/media\/som-terra_6-BASILISCO-FILMES-480x270.jpg\"><source media=\"(max-width: 550px)\" data-srcset=\"https:\/\/zinebi.eus\/assets\/media\/\/som-terra_6-BASILISCO-FILMES-550x309.jpg\" srcset=\"https:\/\/zinebi.eus\/assets\/media\/\/som-terra_6-BASILISCO-FILMES-550x309.jpg\"><img class=\" lazyloaded lazyload\" data-src=\"https:\/\/zinebi.eus\/assets\/media\/\/som-terra_6-BASILISCO-FILMES-550x309.jpg\" alt=\"som-terra_6 \u2013 BASILISCO FILMES\"><\/source><\/source><\/source><\/source><\/source><\/picture>          \r\n        <\/div>\r\n                <aside class=\"zinebi-item__date\">\r\n            <div class=\"zinebi-item__date-day\">16<\/div>\r\n            <div class=\"zinebi-item__date-month\">Nov<\/div>\r\n        <\/aside>\r\n                <header class=\"zinebi-item__header\">\r\n                        <h4 class=\"zinebi-item__header-title \">\r\n            \t<span class=\"field-first-title\">The Sound of the Shaking Earth<\/span> <span class=\"title-separator\"><\/span> <span class=\"field-second-title\">O som da terra a tremer<\/span>          \t    \r\n            <\/h4>\r\n            <div class=\"zinebi-item__header-subtitle\">\r\n          \t\t<span>Rita Azevedo Gomes<\/span>            <\/div>\r\n        <\/header>\r\n        <main class=\"zinebi-item__info\">\r\n       \t\t<div class=\"zinebi-item__info-text multiline-ellipsis__wrapper overflowed\">\r\n       \t\t\t<div class=\"multiline-ellipsis\">\r\n       \t\t\t\t<p>Alberto, un escritor que se siente paralizado por la indecisi\u00f3n, abandona una y otra vez sus obras. Finge un viaje, desplaz\u00e1ndose por el interior de su casa para espiar las reacciones de sus amigos. Su propio relato se fusiona con las aventuras de un marinero en un puerto extranjero, desdibujando realidad y ficci\u00f3n. Terminar\u00e1 consumido por su narraci\u00f3n, convirti\u00e9ndose en un paria universal. En cierto modo, este relato habla de retornos imposibles.<\/p>\r\n       \t\t\t<\/div>\t\r\n       \t\t<\/div>\t\t\t\t\t\t                  \r\n          \t<a class=\"btn btn-round btn-outline btn-xs btn-brand\" href=\"https:\/\/zinebi.eus\/programacion\/the-sound-of-the-shaking-earth\">\r\n          \t\t<span>M\u00e1s info<\/span>\r\n          \t<\/a>\r\n        <\/main>\r\n                <footer class=\"zinebi-item__footer\">\r\n            <div class=\"zinebi-item__footer-row\">\r\n                <i class=\"fa fa-film\"><\/i>\r\n          \t\t<div class=\"zinebi-item__footer-text\">          \t\t\t\r\n             \t\t<a class=\"\" href=\"https:\/\/zinebi.eus\/programacion\/seccion\/mikeldi-de-honor-rita-azevedo-gomes\">\r\n             \t\t\t<span>Mikeldi de Honor \u2013 Rita Azevedo Gomes<\/span>             \t\t<\/a>\t\t\r\n          \t\t<\/div>\t\t\t\t\t\t                     \r\n            <\/div>\r\n        <\/footer>\r\n               <div class=\"zinebi-item__overlay\"><\/div>\r\n       <a href=\"https:\/\/zinebi.eus\/programacion\/the-sound-of-the-shaking-earth\" class=\"zinebi-item__link-layer\"><\/a>\r\n    <\/div>\r\n<\/article>\t\t   \t\t\t\t\t<\/div><!-- \/listado-zinebi__grid -->\r\n\t\t   \t\t\t\t<\/section><!-- \/listado-zinebi__subsection -->\r\n\t   \t\t\t\t\t   \t\t\t<\/section><!-- \/listado-zinebi__section -->\r\n\t   \t\t\t   \t\t<\/main><!-- \/listado-zinebi__resultados -->\t\r\n\r\n   <\/div><!-- \/ listado-zinebi__container --> \r\n<\/section>\r\n","protected":false},"excerpt":{"rendered":"<p>16 de Noviembre 18:00h Museo Guggenheim Bilbao Presentaci\u00f3n con Rita Azevedo Gomes y Cecilia Barrionuevo. Proyecci\u00f3n de la pel\u00edcula The Sound of the Shaking Earth El d\u00eda 16 de noviembre, la ganadora de uno de los premios Mikeldi de Honor de la 65\u00aa edici\u00f3n del Festival Internacional de Cine Documental y Cortometraje de Bilbao, Rita [&hellip;]<\/p>\n","protected":false},"author":2,"featured_media":20619,"parent":0,"menu_order":0,"comment_status":"closed","ping_status":"closed","template":"templates\/page-hero-mikeldi.php","meta":{"_acf_changed":false,"footnotes":""},"class_list":["post-24174","page","type-page","status-publish","has-post-thumbnail","hentry"],"acf":[],"_links":{"self":[{"href":"https:\/\/zinebi.eus\/en\/wp-json\/wp\/v2\/pages\/24174","targetHints":{"allow":["GET"]}}],"collection":[{"href":"https:\/\/zinebi.eus\/en\/wp-json\/wp\/v2\/pages"}],"about":[{"href":"https:\/\/zinebi.eus\/en\/wp-json\/wp\/v2\/types\/page"}],"author":[{"embeddable":true,"href":"https:\/\/zinebi.eus\/en\/wp-json\/wp\/v2\/users\/2"}],"replies":[{"embeddable":true,"href":"https:\/\/zinebi.eus\/en\/wp-json\/wp\/v2\/comments?post=24174"}],"version-history":[{"count":3,"href":"https:\/\/zinebi.eus\/en\/wp-json\/wp\/v2\/pages\/24174\/revisions"}],"predecessor-version":[{"id":24635,"href":"https:\/\/zinebi.eus\/en\/wp-json\/wp\/v2\/pages\/24174\/revisions\/24635"}],"wp:featuredmedia":[{"embeddable":true,"href":"https:\/\/zinebi.eus\/en\/wp-json\/wp\/v2\/media\/20619"}],"wp:attachment":[{"href":"https:\/\/zinebi.eus\/en\/wp-json\/wp\/v2\/media?parent=24174"}],"curies":[{"name":"wp","href":"https:\/\/api.w.org\/{rel}","templated":true}]}}