 {"id":27543,"date":"2023-12-04T10:06:31","date_gmt":"2023-12-04T10:06:31","guid":{"rendered":"https:\/\/zinebi.eus\/zinebi-65\/jurado-joven\/"},"modified":"2023-12-04T10:10:34","modified_gmt":"2023-12-04T10:10:34","slug":"jurado-joven","status":"publish","type":"page","link":"https:\/\/zinebi.eus\/en\/zinebi-65\/jurado-joven\/","title":{"rendered":"Youth Jury"},"content":{"rendered":"<h2><center>Youth Jury<\/center><\/h2><img alt=\"\" width=\"1200\" height=\"800\" class=\"aligncenter size-size_1200 wp-image-27536 lazyload\" data-src=\"https:\/\/zinebi.eus\/assets\/media\/\/Jurado_Joven_16_11.027-1200x800.jpg\" srcset=\"https:\/\/zinebi.eus\/assets\/media\/Jurado_Joven_16_11.027-1200x800.jpg 1200w, https:\/\/zinebi.eus\/assets\/media\/Jurado_Joven_16_11.027-150x100.jpg 150w, https:\/\/zinebi.eus\/assets\/media\/Jurado_Joven_16_11.027-300x200.jpg 300w, https:\/\/zinebi.eus\/assets\/media\/Jurado_Joven_16_11.027-400x267.jpg 400w, https:\/\/zinebi.eus\/assets\/media\/Jurado_Joven_16_11.027-480x320.jpg 480w, https:\/\/zinebi.eus\/assets\/media\/Jurado_Joven_16_11.027-550x367.jpg 550w, https:\/\/zinebi.eus\/assets\/media\/Jurado_Joven_16_11.027-768x512.jpg 768w, https:\/\/zinebi.eus\/assets\/media\/Jurado_Joven_16_11.027-992x661.jpg 992w, https:\/\/zinebi.eus\/assets\/media\/Jurado_Joven_16_11.027.jpg 1920w\" sizes=\"(max-width: 1200px) 100vw, 1200px\" \/>\r\n<br>\r\n<p>Bego\u00f1a Arana Cobo, Libe Amas Moreno, Sydney Azkarreta P\u00e9rez, Vanessa Casta\u00f1eda, Livio Curatolo, Miriam Guadilla, Kevin Lajas L\u00f3pez, Asier P\u00e9rez Iribarren, Jon de Jes\u00fas Sanabria, Ricardo A. Santana Fonseca, Ekaitz Vargas Guinea, Carmen Villaverde Nartallo<\/p>","protected":false},"excerpt":{"rendered":"<p>Youth Jury Bego\u00f1a Arana Cobo, Libe Amas Moreno, Sydney Azkarreta P\u00e9rez, Vanessa Casta\u00f1eda, Livio Curatolo, Miriam Guadilla, Kevin Lajas L\u00f3pez, Asier P\u00e9rez Iribarren, Jon de Jes\u00fas Sanabria, Ricardo A. Santana Fonseca, Ekaitz Vargas Guinea, Carmen Villaverde Nartallo<\/p>\n","protected":false},"author":2,"featured_media":20619,"parent":20803,"menu_order":0,"comment_status":"closed","ping_status":"closed","template":"templates\/page-hero-mikeldi.php","meta":{"_acf_changed":false,"footnotes":""},"class_list":["post-27543","page","type-page","status-publish","has-post-thumbnail","hentry"],"acf":[],"_links":{"self":[{"href":"https:\/\/zinebi.eus\/en\/wp-json\/wp\/v2\/pages\/27543","targetHints":{"allow":["GET"]}}],"collection":[{"href":"https:\/\/zinebi.eus\/en\/wp-json\/wp\/v2\/pages"}],"about":[{"href":"https:\/\/zinebi.eus\/en\/wp-json\/wp\/v2\/types\/page"}],"author":[{"embeddable":true,"href":"https:\/\/zinebi.eus\/en\/wp-json\/wp\/v2\/users\/2"}],"replies":[{"embeddable":true,"href":"https:\/\/zinebi.eus\/en\/wp-json\/wp\/v2\/comments?post=27543"}],"version-history":[{"count":3,"href":"https:\/\/zinebi.eus\/en\/wp-json\/wp\/v2\/pages\/27543\/revisions"}],"predecessor-version":[{"id":27551,"href":"https:\/\/zinebi.eus\/en\/wp-json\/wp\/v2\/pages\/27543\/revisions\/27551"}],"up":[{"embeddable":true,"href":"https:\/\/zinebi.eus\/en\/wp-json\/wp\/v2\/pages\/20803"}],"wp:featuredmedia":[{"embeddable":true,"href":"https:\/\/zinebi.eus\/en\/wp-json\/wp\/v2\/media\/20619"}],"wp:attachment":[{"href":"https:\/\/zinebi.eus\/en\/wp-json\/wp\/v2\/media?parent=27543"}],"curies":[{"name":"wp","href":"https:\/\/api.w.org\/{rel}","templated":true}]}}