 {"id":279,"date":"2021-09-16T14:05:09","date_gmt":"2021-09-16T14:05:09","guid":{"rendered":"https:\/\/zinebi.eus\/?page_id=279"},"modified":"2025-12-02T16:03:57","modified_gmt":"2025-12-02T15:03:57","slug":"inicio-eng","status":"publish","type":"page","link":"https:\/\/zinebi.eus\/en\/","title":{"rendered":"Home"},"content":{"rendered":"<!-- video cabecera home --><div class=\"falso-slider under-header\">\r\n<section class=\"module-header parallax bg-dark\" data-background=\"https:\/\/zinebi.eus\/assets\/media\/zinebi-temporal-1.jpg\">\r\n               <div class=\"container\">\r\n               <\/div>\r\n            <\/section>\r\n<section class=\"p-t-10 falso-slider__overlay\">\r\n               <div class=\"container\">\r\n                  <div class=\"row zinebi-claim\">\r\n                     <div class=\"col-md-3 wow zoomIn pl-0 zinebi-claim__text\">\r\n                        <p>Bilboko Dokumentalen<br> eta Film Laburren<br> Nazioarteko Jaialdia<br> <strong>Azaroak 20 \u2013 27, 2026<\/strong><\/p>\r\n                     <\/div>\r\n                     <div class=\"col-md-3 wow zoomIn pl-0 zinebi-claim__text\">\r\n                        <p>International Festival of<br> Documentary and Short Film<br> of Bilbao<br><strong>November 20 \u2013 27, 2026<\/strong><\/p>\r\n                     <\/div>\r\n                     <div class=\"col-md-3 wow zoomIn pl-0 zinebi-claim__text\">\r\n                        <p>Festival Internacional de<br> Cine Documental y Cortometraje<br> de Bilbao<br><strong>Noviembre 20 \u2013 27, 2026<\/strong><\/p>\r\n                     <\/div>\r\n                     <div class=\"col-md-3 wow zoomIn text-right p-0 zinebi-claim__img\">\r\n                        <img alt=\"Zinebi\" width=\"250\" height=\"auto\" class=\"alignnone size-full wp-image-328 wow zoomIn logo lazyload\" data-src=\"https:\/\/zinebi.eus\/assets\/media\/logo-zinebi-negativo.png\">\r\n                     <\/div>\r\n                  <\/div>\r\n               <\/div>\r\n            <\/section>\r\n<\/div>\r\n\r\n<!-- hoy en zinebi --><section class=\"home-today-eventos\">\r\n\t<section class=\"dia-es-hoy\">\r\n\t\t<header class=\"dia-es-hoy__header\">\r\n\t\t<div class=\"container\">\r\n\t\t\t<div class=\"fake-h1\"><h6 class=\"dia-es-hoy__header-title\"><span class=\"field-title\">Pr\u00f3ximamente en Zinebi...<\/span><span class=\"field-subtitle\">programming of <a href=\"https:\/\/zinebi.eus\/en\/listings\/date\/21st-november\">21 <\/a><\/span><\/h6><\/div>\t\r\n\t\t<\/div>\t\t\r\n\t<\/header>\r\n\t<aside class=\"dia-es-hoy__contador\">\r\n<\/aside><\/section><section class=\"module-sm listado-zinebi\">\n   <div class=\"container listado-zinebi__container\">\n\n   \t\t<main class=\"listado-zinebi__resultados\">\n   \t\t\t\t   \t\t\t<section class=\"listado-zinebi__section\">\n\t   \t\t\t\t\t\t   \t\t\t\t<section class=\"listado-zinebi__subsection\">\n\t\t   \t\t\t\t\t<header class=\"listado-zinebi__subsection-title\">\n\t\t   \t\t\t\t\t\t\t<div class=\"block-cross-line\">\n\t\t   \t\t\t\t\t\t\t\t\t<div>\n\t\t   \t\t\t\t\t\t\t\t\t\t<span>21 <\/span> \u00b7 <a href=\"https:\/\/zinebi.eus\/en\/listings\/place\/teatro-arriaga-antzokia\">Teatro Arriaga Antzokia<\/a>\t   \t\t\t\t\t\t\t\t\t\t\t\n\t\t   \t\t\t\t\t\t\t\t\t<\/div>\n\t\t   \t\t\t\t\t\t\t<\/div>\n\t\t   \t\t\t\t\t<\/header>\n\t\t   \t\t\t\t\t<div class=\"listado-zinebi__grid\">\n\t\t   \t\t\t\t\t\t<article class=\"listado-zinebi__item\">\n\t<div class=\"zinebi-item \">\n\t\t<div class=\"zinebi-item__bg\">\n            <picture id=\"img-41781\" class=\"cb-img-thumbnail ratio-horizontal\"><source media=\"(max-width: 150px)\" data-srcset=\"https:\/\/zinebi.eus\/assets\/media\/Curiosidades-Teatro-Arriaga-150x100.jpg\"><source media=\"(max-width: 300px)\" data-srcset=\"https:\/\/zinebi.eus\/assets\/media\/Curiosidades-Teatro-Arriaga-300x200.jpg\"><source media=\"(max-width: 400px)\" data-srcset=\"https:\/\/zinebi.eus\/assets\/media\/Curiosidades-Teatro-Arriaga-400x267.jpg\"><source media=\"(max-width: 480px)\" data-srcset=\"https:\/\/zinebi.eus\/assets\/media\/Curiosidades-Teatro-Arriaga-480x320.jpg\"><source media=\"(max-width: 550px)\" data-srcset=\"https:\/\/zinebi.eus\/assets\/media\/Curiosidades-Teatro-Arriaga-550x367.jpg\"><img class=\"lazyload \" data-src=\"https:\/\/zinebi.eus\/assets\/media\/Curiosidades-Teatro-Arriaga-550x367.jpg\" alt=\"Curiosidades-Teatro-Arriaga\"><\/source><\/source><\/source><\/source><\/source><\/picture>          \n        <\/div>\n\n\n                <aside class=\"zinebi-item__date\">\n            <time>\n                <div class=\"zinebi-item__date-day\">21<\/div>\n                <div class=\"zinebi-item__date-month\"><\/div>\n            <\/time>    \n                        <time class=\"zinebi-item__hour \">\n                19:30            <\/time>\n        <\/aside>\n                <header class=\"zinebi-item__header\">\n                        <h4 class=\"zinebi-item__header-title \">\n            \t<span class=\"field-first-title\">Opening gala<\/span>          \t    \n            <\/h4>\n            <div class=\"zinebi-item__header-subtitle\">\n          \t\t            <\/div>\n        <\/header>\n        <main class=\"zinebi-item__info\">\n       \t\t<div class=\"zinebi-item__info-text multiline-ellipsis__wrapper\">\n       \t\t\t<div class=\"multiline-ellipsis\">\n       \t\t\t\t       \t\t\t<\/div>\t\n       \t\t<\/div>\t\t\t\t\t\t                  \n          \t<a class=\"btn btn-round btn-outline btn-xs btn-brand\" href=\"https:\/\/zinebi.eus\/en\/listings\/opening-gala-2\">\n          \t\t<span>More information<\/span>\n          \t<\/a>\n        <\/main>\n               <div class=\"zinebi-item__overlay\"><\/div>\n       <a href=\"https:\/\/zinebi.eus\/en\/listings\/opening-gala-2\" class=\"zinebi-item__link-layer\"><\/a>\n    <\/div>\n<\/article>\t\t   \t\t\t\t\t<\/div><!-- \/listado-zinebi__grid -->\n\t\t   \t\t\t\t<\/section><!-- \/listado-zinebi__subsection -->\n\t   \t\t\t\t\t   \t\t\t<\/section><!-- \/listado-zinebi__section -->\n\t   \t\t\t   \t\t<\/main><!-- \/listado-zinebi__resultados -->\t\n\n   <\/div><!-- \/ listado-zinebi__container --> \n<\/section>\n<\/section>\r\n\r\n<!-- toda la programacion  [_e_template_part_content name=\"template-parts\/eventos-zinebi-home\"]-->\r\n<!-- textos edicion zinebi actual [_e_page_content id=\"36876\" ] -->\r\n<section class=\"module-sm\">\r\n<div class=\"container\">\r\n<div class=\"row justify-content-center\">\r\n\r\n\r\n<div class=\"col-md-12 p-b-50\">\r\n<img alt=\"Zinebi\" width=\"100%\" height=\"auto\" class=\"aligncenter lazyload\" data-src=\"https:\/\/zinebi.eus\/assets\/media\/banner-fechas68-1.jpg\">\r\n<\/div>\r\n<div class=\"col-md-12\">\r\n<a href=\"https:\/\/zinebi.eus\/assets\/media\/palmares-4.jpg\"><img alt=\"Zinebi\" width=\"100%\" height=\"auto\" class=\"aligncenter lazyload\" data-src=\"https:\/\/zinebi.eus\/assets\/media\/palmares-4.jpg\"><\/a>\r\n<\/div>\r\n<\/div>\r\n<\/div>\r\n<\/section>\r\n\r\n\r\n<!-- blog destacado --><section class=\"module blog-featured__block\">\n\t<div class=\"container\">\n\t\t<div class=\"row\">\n\n\t\t\t<div class=\"col-lg-12\">\n\n\t\t\t\t<header class=\"row\">\n\t\t\t\t\t<div class=\"col-md-8 m-auto\">\n\t\t\t\t\t\t<div class=\"blog-featured__claim text-center\">\n\t\t\t\t\t\t\t<div class=\"fake-h5\"><h6 class=\"h2 text-uppercase\">What\u2019s going on at Zinebi<\/h6><\/div>\n\t\t\t\t\t\t<\/div>\n\t\t\t\t\t<\/div>\n\t\t\t\t<\/header>\n\n\t\t\t\t\t\t\t\t<main class=\"row blog-featured\">\n\t\t\t\t\t<div class=\"blog-featured__carousel owl-carousel owl-theme\" data-dots=\"true\" data-nav=\"false\" data-responsive='{ \"0\" : { \"items\" : \"1\" }, \"576\" : { \"items\" : \"2\" }, \"992\" : { \"items\" : \"3\" } }' data-margin=\"0\">\n\t\t\t\t\t\t\t\t\t\t\t\t<article class=\"blog-featured__item\">\n\t\t\t\t\t\t\t\t<!-- Post-->\n<article class=\"post post-featured\">\n\t<div class=\"post-preview\">\n\t\t<a href=\"https:\/\/zinebi.eus\/en\/news\/the-international-festival-of-documentary-and-short-film-of-bilbao-joins-forces-with-icex-and-icaa-to-organise-a-new-showcase-for-spanish-documentary-projects-at-the-cannes-film-festival\">\n\t\t\t<picture id=\"thumbnail-42636\" class=\"cb-img-thumbnail\"><source media=\"(max-width: 150px)\" data-srcset=\"https:\/\/zinebi.eus\/assets\/media\/cannes-principal-150x100.jpg\"><source media=\"(max-width: 300px)\" data-srcset=\"https:\/\/zinebi.eus\/assets\/media\/cannes-principal-300x200.jpg\"><source media=\"(max-width: 400px)\" data-srcset=\"https:\/\/zinebi.eus\/assets\/media\/cannes-principal-400x267.jpg\"><source media=\"(max-width: 480px)\" data-srcset=\"https:\/\/zinebi.eus\/assets\/media\/cannes-principal-480x320.jpg\"><source media=\"(max-width: 550px)\" data-srcset=\"https:\/\/zinebi.eus\/assets\/media\/cannes-principal-550x367.jpg\"><img class=\"lazyload \" data-src=\"https:\/\/zinebi.eus\/assets\/media\/cannes-principal-550x367.jpg\" alt=\"cannes-principal\"><\/source><\/source><\/source><\/source><\/source><\/picture>\t\t\t\n\t\t<\/a>\n\t<\/div>\n\t<div class=\"post-wrapper\">\n\t\t<div class=\"post-header\">\n\t\t\t<h4 class=\"post-title\">\n\t\t\t\t<a href=\"https:\/\/zinebi.eus\/en\/news\/the-international-festival-of-documentary-and-short-film-of-bilbao-joins-forces-with-icex-and-icaa-to-organise-a-new-showcase-for-spanish-documentary-projects-at-the-cannes-film-festival\">\n\t\t\t\t\tTHE INTERNATIONAL FESTIVAL OF DOCUMENTARY AND SHORT FILM OF BILBAO JOINS FORCES WITH ICEX AND ICAA TO ORGANISE A NEW SHOWCASE FOR SPANISH DOCUMENTARY PROJECTS AT THE CANNES FILM FESTIVAL\t\t\t\t\t\t\n\t\t\t\t<\/a>\n\t\t\t<\/h4>\n\t\t\t<ul class=\"post-meta h5\">\n\t\t\t\t\t\t\t\t\t<li><a class=\"link-date\" href=\"date\/2026\/01\/22\">22  2026<\/a><\/li>\n\t\t\t\t\t\t\t<\/ul>\n\t\t<\/div>\n\t\t<div class=\"post-content\">\n\t\t\t<div>\n\t\t\t\tZINEBI, the only Cannes Docs festival partner in Spain, is organising a Spain Showcase in collaboration with ICEX Spain Export and Investment and the Institute of Cinematography and Audiovisual Arts (ICAA). The showcase will take place between 14 and 19 May at the March\u00e9 du Film, the world\u2019s ...\t\t\t<\/div>\t\n\t\t<\/div>\n\t\t<div class=\"post-more\">\n\t\t\t<a href=\"https:\/\/zinebi.eus\/en\/news\/the-international-festival-of-documentary-and-short-film-of-bilbao-joins-forces-with-icex-and-icaa-to-organise-a-new-showcase-for-spanish-documentary-projects-at-the-cannes-film-festival\">Read more \u2192<\/a>\n\t\t<\/div>\n\t<\/div>\n<\/article>\n<!-- Post end-->\t\t\t\t\t\t\t<\/article>\n\t\t\t\t\t\t\t\t\t\t\t\t\t<article class=\"blog-featured__item\">\n\t\t\t\t\t\t\t\t<!-- Post-->\n<article class=\"post post-featured\">\n\t<div class=\"post-preview\">\n\t\t<a href=\"https:\/\/zinebi.eus\/en\/news\/zinebi-consolidates-its-position-at-cannes-docs-as-a-benchmark-for-documentary-filmmaking-as-the-only-festival-from-spain-that-participates-as-an-official-partner-in-cannes-docs-within-the-cannes-fil\">\n\t\t\t<picture id=\"thumbnail-42170\" class=\"cb-img-thumbnail\"><source media=\"(max-width: 150px)\" data-srcset=\"https:\/\/zinebi.eus\/assets\/media\/noticia-cannes02-150x100.jpg\"><source media=\"(max-width: 300px)\" data-srcset=\"https:\/\/zinebi.eus\/assets\/media\/noticia-cannes02-300x200.jpg\"><source media=\"(max-width: 400px)\" data-srcset=\"https:\/\/zinebi.eus\/assets\/media\/noticia-cannes02-400x267.jpg\"><source media=\"(max-width: 480px)\" data-srcset=\"https:\/\/zinebi.eus\/assets\/media\/noticia-cannes02-480x320.jpg\"><source media=\"(max-width: 550px)\" data-srcset=\"https:\/\/zinebi.eus\/assets\/media\/noticia-cannes02-550x367.jpg\"><img class=\"lazyload \" data-src=\"https:\/\/zinebi.eus\/assets\/media\/noticia-cannes02-550x367.jpg\" alt=\"noticia-cannes02\"><\/source><\/source><\/source><\/source><\/source><\/picture>\t\t\t\n\t\t<\/a>\n\t<\/div>\n\t<div class=\"post-wrapper\">\n\t\t<div class=\"post-header\">\n\t\t\t<h4 class=\"post-title\">\n\t\t\t\t<a href=\"https:\/\/zinebi.eus\/en\/news\/zinebi-consolidates-its-position-at-cannes-docs-as-a-benchmark-for-documentary-filmmaking-as-the-only-festival-from-spain-that-participates-as-an-official-partner-in-cannes-docs-within-the-cannes-fil\">\n\t\t\t\t\tZINEBI CONSOLIDATES ITS POSITION AT CANNES DOCS AS A BENCHMARK FOR DOCUMENTARY FILMMAKING AS THE ONLY FESTIVAL FROM SPAIN THAT PARTICIPATES AS AN OFFICIAL PARTNER IN CANNES DOCS, WITHIN THE CANNES FILM MARKET, THE LARGEST FILM MARKET IN THE WORLD\t\t\t\t\t\t\n\t\t\t\t<\/a>\n\t\t\t<\/h4>\n\t\t\t<ul class=\"post-meta h5\">\n\t\t\t\t\t\t\t\t\t<li><a class=\"link-date\" href=\"date\/2025\/11\/11\">11  2025<\/a><\/li>\n\t\t\t\t\t\t\t<\/ul>\n\t\t<\/div>\n\t\t<div class=\"post-content\">\n\t\t\t<div>\n\t\t\t\t\r\n \tThis year, ZINEBI co-organized the Spain Showcase together with the Instituto de Cinematograf\u00eda y Artes Audiovisuales del Ministerio de Cultura (ICAA) and the Instituto de Comercio Exterior (ICEX).\r\n \tThree of the four documentary projects presented were born or were awarded at ZINEBI ...\t\t\t<\/div>\t\n\t\t<\/div>\n\t\t<div class=\"post-more\">\n\t\t\t<a href=\"https:\/\/zinebi.eus\/en\/news\/zinebi-consolidates-its-position-at-cannes-docs-as-a-benchmark-for-documentary-filmmaking-as-the-only-festival-from-spain-that-participates-as-an-official-partner-in-cannes-docs-within-the-cannes-fil\">Read more \u2192<\/a>\n\t\t<\/div>\n\t<\/div>\n<\/article>\n<!-- Post end-->\t\t\t\t\t\t\t<\/article>\n\t\t\t\t\t\t\t\t\t\t\t\t\t<article class=\"blog-featured__item\">\n\t\t\t\t\t\t\t\t<!-- Post-->\n<article class=\"post post-featured\">\n\t<div class=\"post-preview\">\n\t\t<a href=\"https:\/\/zinebi.eus\/en\/news\/zinebi-presenta-su-67a-edicion-con-156-peliculas-de-44-paises\">\n\t\t\t<picture id=\"thumbnail-41890\" class=\"cb-img-thumbnail\"><source media=\"(max-width: 150px)\" data-srcset=\"https:\/\/zinebi.eus\/assets\/media\/zinebi-presentacio\u0301n-150x100.jpg\"><source media=\"(max-width: 300px)\" data-srcset=\"https:\/\/zinebi.eus\/assets\/media\/zinebi-presentacio\u0301n-300x200.jpg\"><source media=\"(max-width: 400px)\" data-srcset=\"https:\/\/zinebi.eus\/assets\/media\/zinebi-presentacio\u0301n-400x267.jpg\"><source media=\"(max-width: 480px)\" data-srcset=\"https:\/\/zinebi.eus\/assets\/media\/zinebi-presentacio\u0301n-480x320.jpg\"><source media=\"(max-width: 550px)\" data-srcset=\"https:\/\/zinebi.eus\/assets\/media\/zinebi-presentacio\u0301n-550x367.jpg\"><img class=\"lazyload \" data-src=\"https:\/\/zinebi.eus\/assets\/media\/zinebi-presentacio\u0301n-550x367.jpg\" alt=\"zinebi-presentacio\u0301n\"><\/source><\/source><\/source><\/source><\/source><\/picture>\t\t\t\n\t\t<\/a>\n\t<\/div>\n\t<div class=\"post-wrapper\">\n\t\t<div class=\"post-header\">\n\t\t\t<h4 class=\"post-title\">\n\t\t\t\t<a href=\"https:\/\/zinebi.eus\/en\/news\/zinebi-presenta-su-67a-edicion-con-156-peliculas-de-44-paises\">\n\t\t\t\t\tZINEBI PRESENTA SU 67\u00aa EDICI\u00d3N CON 156 PEL\u00cdCULAS DE 44 PA\u00cdSES\t\t\t\t\t\t\n\t\t\t\t<\/a>\n\t\t\t<\/h4>\n\t\t\t<ul class=\"post-meta h5\">\n\t\t\t\t\t\t\t\t\t<li><a class=\"link-date\" href=\"date\/2025\/11\/04\">4  2025<\/a><\/li>\n\t\t\t\t\t\t\t<\/ul>\n\t\t<\/div>\n\t\t<div class=\"post-content\">\n\t\t\t<div>\n\t\t\t\t\r\n\tEl Festival Internacional de Cine Documental y Cortometraje de Bilbao, que arrancar\u00e1 el 21 de noviembre en el Teatro Arriaga, entregar\u00e1 sendos Mikeldi de Honor al cineasta Pablo Berger y a la productora Esther Garc\u00eda.\r\n\r\n\tEl Concurso Internacional de Cortometraje acoger\u00e1 58 pel\u00edculas ...\t\t\t<\/div>\t\n\t\t<\/div>\n\t\t<div class=\"post-more\">\n\t\t\t<a href=\"https:\/\/zinebi.eus\/en\/news\/zinebi-presenta-su-67a-edicion-con-156-peliculas-de-44-paises\">Read more \u2192<\/a>\n\t\t<\/div>\n\t<\/div>\n<\/article>\n<!-- Post end-->\t\t\t\t\t\t\t<\/article>\n\t\t\t\t\t\t\t\t\t\t\t\t\t<article class=\"blog-featured__item\">\n\t\t\t\t\t\t\t\t<!-- Post-->\n<article class=\"post post-featured\">\n\t<div class=\"post-preview\">\n\t\t<a href=\"https:\/\/zinebi.eus\/en\/news\/zinebi-67-desvela-su-imagen-jose-luis-agreda-director-artistico-de-robot-dreams-firma-el-cartel-oficial\">\n\t\t\t<picture id=\"thumbnail-\" class=\"cb-img-thumbnail\"><img class=\"lazyload \" data-src=\"\" alt=\"ITALIAN SHORT ANIMATION FILM THE EGGREGORES\u2019 THEORY TAKES THE GRAND AWARD AT ZINEBI 66\"><\/picture>\t\t\t\n\t\t<\/a>\n\t<\/div>\n\t<div class=\"post-wrapper\">\n\t\t<div class=\"post-header\">\n\t\t\t<h4 class=\"post-title\">\n\t\t\t\t<a href=\"https:\/\/zinebi.eus\/en\/news\/zinebi-67-desvela-su-imagen-jose-luis-agreda-director-artistico-de-robot-dreams-firma-el-cartel-oficial\">\n\t\t\t\t\tZINEBI 67 DESVELA SU IMAGEN: JOS\u00c9 LUIS \u00c1GREDA, DIRECTOR ART\u00cdSTICO DE \u201cROBOT DREAMS\u201d, FIRMA EL CARTEL OFICIAL\t\t\t\t\t\t\n\t\t\t\t<\/a>\n\t\t\t<\/h4>\n\t\t\t<ul class=\"post-meta h5\">\n\t\t\t\t\t\t\t\t\t<li><a class=\"link-date\" href=\"date\/2025\/10\/09\">9  2025<\/a><\/li>\n\t\t\t\t\t\t\t<\/ul>\n\t\t<\/div>\n\t\t<div class=\"post-content\">\n\t\t\t<div>\n\t\t\t\t\r\n \tEl Festival Internacional de Cine Documental y Cortometraje de Bilbao apuesta por el reconocido ilustrador y creador de c\u00f3mics, estrechando lazos con su profunda vinculaci\u00f3n a la ciudad.\r\n\r\nEl Festival Internacional de Cine Documental y Cortometraje de Bilbao \u2013 ZINEBI, organizado por el ...\t\t\t<\/div>\t\n\t\t<\/div>\n\t\t<div class=\"post-more\">\n\t\t\t<a href=\"https:\/\/zinebi.eus\/en\/news\/zinebi-67-desvela-su-imagen-jose-luis-agreda-director-artistico-de-robot-dreams-firma-el-cartel-oficial\">Read more \u2192<\/a>\n\t\t<\/div>\n\t<\/div>\n<\/article>\n<!-- Post end-->\t\t\t\t\t\t\t<\/article>\n\t\t\t\t\t\t\t\t\t\t\t\t\t<article class=\"blog-featured__item\">\n\t\t\t\t\t\t\t\t<!-- Post-->\n<article class=\"post post-featured\">\n\t<div class=\"post-preview\">\n\t\t<a href=\"https:\/\/zinebi.eus\/en\/news\/zinebi-consolidates-its-position-at-cannes-docs-as-a-benchmark-for-documentary-filmmaking\">\n\t\t\t<picture id=\"thumbnail-36658\" class=\"cb-img-thumbnail\"><source media=\"(max-width: 150px)\" data-srcset=\"https:\/\/zinebi.eus\/assets\/media\/zinebi-cannes-docs-150x100.jpg\"><source media=\"(max-width: 300px)\" data-srcset=\"https:\/\/zinebi.eus\/assets\/media\/zinebi-cannes-docs-300x200.jpg\"><source media=\"(max-width: 400px)\" data-srcset=\"https:\/\/zinebi.eus\/assets\/media\/zinebi-cannes-docs-400x267.jpg\"><source media=\"(max-width: 480px)\" data-srcset=\"https:\/\/zinebi.eus\/assets\/media\/zinebi-cannes-docs-480x320.jpg\"><source media=\"(max-width: 550px)\" data-srcset=\"https:\/\/zinebi.eus\/assets\/media\/zinebi-cannes-docs-550x367.jpg\"><img class=\"lazyload \" data-src=\"https:\/\/zinebi.eus\/assets\/media\/zinebi-cannes-docs-550x367.jpg\" alt=\"zinebi-cannes-docs\"><\/source><\/source><\/source><\/source><\/source><\/picture>\t\t\t\n\t\t<\/a>\n\t<\/div>\n\t<div class=\"post-wrapper\">\n\t\t<div class=\"post-header\">\n\t\t\t<h4 class=\"post-title\">\n\t\t\t\t<a href=\"https:\/\/zinebi.eus\/en\/news\/zinebi-consolidates-its-position-at-cannes-docs-as-a-benchmark-for-documentary-filmmaking\">\n\t\t\t\t\tZINEBI CONSOLIDATES ITS POSITION AT CANNES DOCS AS A BENCHMARK FOR DOCUMENTARY FILMMAKING\t\t\t\t\t\t\n\t\t\t\t<\/a>\n\t\t\t<\/h4>\n\t\t\t<ul class=\"post-meta h5\">\n\t\t\t\t\t\t\t\t\t<li><a class=\"link-date\" href=\"date\/2025\/04\/17\">17  2025<\/a><\/li>\n\t\t\t\t\t\t\t<\/ul>\n\t\t<\/div>\n\t\t<div class=\"post-content\">\n\t\t\t<div>\n\t\t\t\t\r\n \tZINEBI is the only festival in Spain that participates as an official partner in Cannes Docs, within the March\u00e9 du Film de Cannes, the largest film market in the world.\r\n \tThis year, ZINEBI co-organizes the Spain Showcase together with the Instituto de Cinematograf\u00eda y Artes Audiovisuales del ...\t\t\t<\/div>\t\n\t\t<\/div>\n\t\t<div class=\"post-more\">\n\t\t\t<a href=\"https:\/\/zinebi.eus\/en\/news\/zinebi-consolidates-its-position-at-cannes-docs-as-a-benchmark-for-documentary-filmmaking\">Read more \u2192<\/a>\n\t\t<\/div>\n\t<\/div>\n<\/article>\n<!-- Post end-->\t\t\t\t\t\t\t<\/article>\n\t\t\t\t\t\t\t\t\t\t\t\t\t<article class=\"blog-featured__item\">\n\t\t\t\t\t\t\t\t<!-- Post-->\n<article class=\"post post-featured\">\n\t<div class=\"post-preview\">\n\t\t<a href=\"https:\/\/zinebi.eus\/en\/news\/el-cortometraje-de-animacion-italiano-the-eggregores-theory-logra-el-gran-premio-de-la-66a-edicion-de-zinebi\">\n\t\t\t<picture id=\"thumbnail-35790\" class=\"cb-img-thumbnail\"><source media=\"(max-width: 150px)\" data-srcset=\"https:\/\/zinebi.eus\/assets\/media\/B6Z2085-150x100.jpg\"><source media=\"(max-width: 300px)\" data-srcset=\"https:\/\/zinebi.eus\/assets\/media\/B6Z2085-300x200.jpg\"><source media=\"(max-width: 400px)\" data-srcset=\"https:\/\/zinebi.eus\/assets\/media\/B6Z2085-400x267.jpg\"><source media=\"(max-width: 480px)\" data-srcset=\"https:\/\/zinebi.eus\/assets\/media\/B6Z2085-480x320.jpg\"><source media=\"(max-width: 550px)\" data-srcset=\"https:\/\/zinebi.eus\/assets\/media\/B6Z2085-550x367.jpg\"><img class=\"lazyload \" data-src=\"https:\/\/zinebi.eus\/assets\/media\/B6Z2085-550x367.jpg\" alt=\"_B6Z2085\"><\/source><\/source><\/source><\/source><\/source><\/picture>\t\t\t\n\t\t<\/a>\n\t<\/div>\n\t<div class=\"post-wrapper\">\n\t\t<div class=\"post-header\">\n\t\t\t<h4 class=\"post-title\">\n\t\t\t\t<a href=\"https:\/\/zinebi.eus\/en\/news\/el-cortometraje-de-animacion-italiano-the-eggregores-theory-logra-el-gran-premio-de-la-66a-edicion-de-zinebi\">\n\t\t\t\t\tITALIAN SHORT ANIMATION FILM THE EGGREGORES\u2019 THEORY TAKES THE GRAND AWARD AT ZINEBI 66\t\t\t\t\t\t\n\t\t\t\t<\/a>\n\t\t\t<\/h4>\n\t\t\t<ul class=\"post-meta h5\">\n\t\t\t\t\t\t\t\t\t<li><a class=\"link-date\" href=\"date\/2024\/11\/15\">15  2024<\/a><\/li>\n\t\t\t\t\t\t\t<\/ul>\n\t\t<\/div>\n\t\t<div class=\"post-content\">\n\t\t\t<div>\n\t\t\t\tThe International Festival of Documentary and Short Film of Bilbao \u2013 ZINEBI, organised by Bilbao Town Hall, will be awarding prizes at the 66th festival in the amount of 83,000 euros at the gala closing ceremony this evening, at 19:30 h in the Arriaga Theatre. \r\n\r\nShort animation film The ...\t\t\t<\/div>\t\n\t\t<\/div>\n\t\t<div class=\"post-more\">\n\t\t\t<a href=\"https:\/\/zinebi.eus\/en\/news\/el-cortometraje-de-animacion-italiano-the-eggregores-theory-logra-el-gran-premio-de-la-66a-edicion-de-zinebi\">Read more \u2192<\/a>\n\t\t<\/div>\n\t<\/div>\n<\/article>\n<!-- Post end-->\t\t\t\t\t\t\t<\/article>\n\t\t\t\t\t\t\t\t\t\t\n\t\t\t\t\t<\/div>\n\t\t\t\t<\/main><!-- \/blog-grid -->\n\t\t\t\t\n\t\t\t\t<footer class=\"row blog-featured__footer\">\n\t\t\t\t\t<div class=\"col-md-12\">\n\t\t\t\t\t\t<div class=\"text-center\">\n\t\t\t\t\t\t\t<a class=\"btn btn-lg btn-circle btn-brand\" href=\"\">See all the news items<\/a>\n\t\t\t\t\t\t<\/div>\n\t\t\t\t\t<\/div>\n\t\t\t\t<\/footer>\n\n\t\t\t<\/div><!-- \/col-lg-12 -->\n\n\t\t<\/div><!-- \/row -->\n\t<\/div><!-- \/container -->\t\n<\/section><!-- \/module -->\r\n<!-- filtros zinebi [_e_template_part_content name=\"template-parts\/filtros-zinebi\"] -->\r\n\r\n","protected":false},"excerpt":{"rendered":"","protected":false},"author":3,"featured_media":0,"parent":0,"menu_order":0,"comment_status":"closed","ping_status":"closed","template":"","meta":{"_acf_changed":false,"footnotes":""},"class_list":["post-279","page","type-page","status-publish","hentry"],"acf":[],"_links":{"self":[{"href":"https:\/\/zinebi.eus\/en\/wp-json\/wp\/v2\/pages\/279","targetHints":{"allow":["GET"]}}],"collection":[{"href":"https:\/\/zinebi.eus\/en\/wp-json\/wp\/v2\/pages"}],"about":[{"href":"https:\/\/zinebi.eus\/en\/wp-json\/wp\/v2\/types\/page"}],"author":[{"embeddable":true,"href":"https:\/\/zinebi.eus\/en\/wp-json\/wp\/v2\/users\/3"}],"replies":[{"embeddable":true,"href":"https:\/\/zinebi.eus\/en\/wp-json\/wp\/v2\/comments?post=279"}],"version-history":[{"count":59,"href":"https:\/\/zinebi.eus\/en\/wp-json\/wp\/v2\/pages\/279\/revisions"}],"predecessor-version":[{"id":42591,"href":"https:\/\/zinebi.eus\/en\/wp-json\/wp\/v2\/pages\/279\/revisions\/42591"}],"wp:attachment":[{"href":"https:\/\/zinebi.eus\/en\/wp-json\/wp\/v2\/media?parent=279"}],"curies":[{"name":"wp","href":"https:\/\/api.w.org\/{rel}","templated":true}]}}