 {"id":31563,"date":"2024-10-21T06:53:57","date_gmt":"2024-10-21T06:53:57","guid":{"rendered":"https:\/\/zinebi.eus\/reglamento-zinebi-66\/ventana-quebec\/"},"modified":"2024-10-21T08:20:27","modified_gmt":"2024-10-21T08:20:27","slug":"ventana-quebec","status":"publish","type":"page","link":"https:\/\/zinebi.eus\/en\/zinebi-66\/ventana-quebec\/","title":{"rendered":"WINDOW TO QUEBEC"},"content":{"rendered":"<h1>WINDOW TO QUEBEC<\/h1>\r\n\r\n<p>In association with Instituto Vasco Etxepare and the Quebec Office in Barcelona, the 66th ZINEBI Festival has arranged a special session given over to contemporary Quebec cinema. Thanks to mediation by the Quebec City Film Festival (FCVQ), the International Festival of Documentary and Short Film of Bilbao is arranging a State premiere of the latest documentary by Quebec photographer and director Pedro Ruiz, <em>Le huiti\u00e8me \u00e9tage. Jours de r\u00e9volte<\/em>, a hybrid work (combining documentary sections and others recreated by actors) about the life and times of a former member of the Front de Lib\u00e9ration du Qu\u00e9bec, the separatist Jacques Lanct\u00f4t, who was sentenced to three years in prison in 1979 for his part in the kidnapping of British diplomat James Richard Cross. The film focuses on the period during which Lanct\u00f4t was exiled in Cuba.<\/p>\r\n\r\n<p>The 13th FCVQ gave ZINEBI \u201ccarte blanche\u201d for a session to present Basque short films to Quebec cinemagoers \u2013 <em>Hirugarren koadernoa<\/em> (Lur Olaizola, 2022), <em>Kusikozu<\/em> (Aitor Irulegi, 2023), <em>La mujer ilustrada<\/em> (Isabel Herguera, 2023), <em>Semana 12<\/em><em> (Isabel Delclaux, 2023) and <em>Ximinoa<\/em> (Itziar Leemans, 2023).<\/em><\/p>\r\n\r\n<p>The exchange was carried out as part of the Qu\u00e9bec \u2013 Pays Basque Programme created by Etxepare Euskal Institutua and the Quebec Ministry of Culture and Communication, for the purposes of developing relations among artists, creators, festivals and cultural agents in both countries.<\/p>\r\n\/p&gt;\r\n\r\n<div class=\"row\">\r\n<div class=\"col-md-12 p-b-50\">\r\n<div class=\"module-title text-center\">\r\n<h3 class=\"sidelines\"><span class=\"blanco\">THE EIGHTH FLOOR<br>\r\nLE HUITI\u00c8ME \u00c9TAGE, JOURS DE R\u00c9VOLTE<\/span><\/h3>\r\n<\/div>\r\n<\/div>\r\n<\/div>\r\n<div class=\"row justify-content-center\">\r\n<div class=\"col-md-7\"><img class=\"alignnone wp-image-10359 size-full lazyload\" alt=\"\" width=\"800\" height=\"530\" data-src=\"https:\/\/zinebi.eus\/assets\/media\/Banner-Octavo-Piso-ESP-Pedro-Ruiz.png\">\r\n<p class=\"text-center\"><a class=\"btn btn-lg btn-circle btn-brand\" href=\"https:\/\/zinebi.eus\/programacion\/the-eighth-floor\/\">INFO +<\/a><\/p>\r\n<\/div>\r\n<\/div>","protected":false},"excerpt":{"rendered":"<p>WINDOW TO QUEBEC In association with Instituto Vasco Etxepare and the Quebec Office in Barcelona, the 66th ZINEBI Festival has arranged a special session given over to contemporary Quebec cinema. Thanks to mediation by the Quebec City Film Festival (FCVQ), the International Festival of Documentary and Short Film of Bilbao is arranging a State premiere [&hellip;]<\/p>\n","protected":false},"author":2,"featured_media":30368,"parent":29300,"menu_order":0,"comment_status":"closed","ping_status":"closed","template":"templates\/page-hero-mikeldi.php","meta":{"_acf_changed":false,"footnotes":""},"class_list":["post-31563","page","type-page","status-publish","has-post-thumbnail","hentry"],"acf":[],"_links":{"self":[{"href":"https:\/\/zinebi.eus\/en\/wp-json\/wp\/v2\/pages\/31563","targetHints":{"allow":["GET"]}}],"collection":[{"href":"https:\/\/zinebi.eus\/en\/wp-json\/wp\/v2\/pages"}],"about":[{"href":"https:\/\/zinebi.eus\/en\/wp-json\/wp\/v2\/types\/page"}],"author":[{"embeddable":true,"href":"https:\/\/zinebi.eus\/en\/wp-json\/wp\/v2\/users\/2"}],"replies":[{"embeddable":true,"href":"https:\/\/zinebi.eus\/en\/wp-json\/wp\/v2\/comments?post=31563"}],"version-history":[{"count":3,"href":"https:\/\/zinebi.eus\/en\/wp-json\/wp\/v2\/pages\/31563\/revisions"}],"predecessor-version":[{"id":31614,"href":"https:\/\/zinebi.eus\/en\/wp-json\/wp\/v2\/pages\/31563\/revisions\/31614"}],"up":[{"embeddable":true,"href":"https:\/\/zinebi.eus\/en\/wp-json\/wp\/v2\/pages\/29300"}],"wp:featuredmedia":[{"embeddable":true,"href":"https:\/\/zinebi.eus\/en\/wp-json\/wp\/v2\/media\/30368"}],"wp:attachment":[{"href":"https:\/\/zinebi.eus\/en\/wp-json\/wp\/v2\/media?parent=31563"}],"curies":[{"name":"wp","href":"https:\/\/api.w.org\/{rel}","templated":true}]}}