 {"id":378,"date":"2021-09-27T07:48:38","date_gmt":"2021-09-27T07:48:38","guid":{"rendered":"https:\/\/zinebi.eus\/?page_id=378"},"modified":"2025-11-12T13:05:43","modified_gmt":"2025-11-12T12:05:43","slug":"team","status":"publish","type":"page","link":"https:\/\/zinebi.eus\/en\/festival\/team\/","title":{"rendered":"ABOUT US"},"content":{"rendered":"<div class=\"row\">\r\n<div class=\"col-md-10 m-auto\">\r\n\r\n<h3>C.A.C. TEATRO ARRIAGA<\/h3>\r\n<h4>BOARD OF DIRECTORS<\/h4>\r\n<table class=\"table\">\r\n<tbody>\r\n<tr>\r\n<td><strong>Chairman<\/strong><\/td>\r\n<td> Gonzalo Olabarria Villota <\/td>\r\n<\/tr>\r\n<tr>\r\n<td> <strong>Vice-Chairman<\/strong><\/td>\r\n<td> Itziar Urtasun Jimeno<\/td>\r\n<\/tr>\r\n<tr>\r\n<td> <strong>Director<\/strong><\/td>\r\n<td> Marta Ajuria Arribas<\/td>\r\n<\/tr>\r\n<tr>\r\n<td> <strong>Director<\/strong><\/td>\r\n<td>  Nora Abete Garc\u00eda<\/td>\r\n<\/tr>\r\n<tr>\r\n<td> <strong>Director<\/strong><\/td>\r\n<td>  Garazi Perea Prego<\/td>\r\n<\/tr>\r\n<tr>\r\n<td> <strong>Director<\/strong><\/td>\r\n<td>  Javier Caballero Honorato<\/td>\r\n<\/tr>\r\n<tr>\r\n<td> <strong>Director<\/strong><\/td>\r\n<td>  In\u00e9s Nerea Llanos G\u00f3mez<\/td>\r\n<\/tr>\r\n<tr>\r\n<td> <strong>Director<\/strong><\/td>\r\n<td>  Joseba Jauregui Urresti<\/td>\r\n<\/tr>\r\n<tr>\r\n<td> <strong>Director<\/strong><\/td>\r\n<td>  Nekane Alonso Santamar\u00eda<\/td>\r\n<\/tr>\r\n<tr>\r\n<td> <strong>Director<\/strong><\/td>\r\n<td>  I\u00f1aki L\u00f3pez de Aguileta D\u00edaz<\/td>\r\n<\/tr>\r\n<tr>\r\n<td> <strong>Director<\/strong><\/td>\r\n<td>  Lorenzo Delgado Vicente<\/td>\r\n<\/tr>\r\n<tr>\r\n<td> <strong>Secretary<\/strong><\/td>\r\n<td>  I\u00f1igo Villate Carrasco<\/td>\r\n<\/tr>\r\n<tr>\r\n<td colspan=\"2\">ZINEBI and its activities are part of the Arriaga Theatre and counts with the support and collaboration of its professionals.<\/td>\r\n<\/tr>\r\n<\/tbody>\r\n<\/table>\r\n<br>\r\n<br>\r\n\r\n<h3>ZINEBI<\/h3><table class=\"table\">\r\n<tbody>\r\n<tr>\r\n<td><strong>Director <\/strong><\/td>\r\n<td>Joseba Lopezortega Aguirre<\/td>\r\n<\/tr>\r\n<tr>\r\n<td><strong>General Secretary<\/strong><\/td>\r\n<td>In\u00e9s Intxausti Garmendia<\/td>\r\n<\/tr>\r\n<tr>\r\n<td><strong>Head of Programming <\/strong><\/td>\r\n<td>Rub\u00e9n Corral Gim\u00e9nez<\/td>\r\n<\/tr>\r\n<tr>\r\n<td><strong>Assistant Programming and Secretariat Technician<\/strong><\/td>\r\n<td>Cristina Ezquerra Campos<\/td>\r\n<\/tr>\r\n<tr>\r\n<td><strong>Selection Committee<\/strong><\/td>\r\n<td>Alaitz Arenzana Letamendi, Ram\u00f3n Ganuza \u00c1lvarez, V\u00edctor Iturregui Garc\u00eda de Motiloa, Laura Lazcano Marina, Aitziber Olaskoaga Ajuria, Marcos Urquijo Y\u00e1\u00f1ez<\/td>\r\n<\/tr>\r\n<tr>\r\n<td colspan=\"2\"><strong>Jury Secretaries <\/strong><\/td>\r\n<\/tr>\r\n<tr>\r\n<td><strong>Short Film International Competition <\/strong><\/td>\r\n<td>Jose Manuel Arias Delgado<\/td>\r\n<\/tr>\r\n<tr>\r\n<td><strong>ZINEBI Networking <\/strong><\/td>\r\n<td>Ane In\u00e9s Landeta Urrabaso \u2013 <a href=\"mailto:info@pacay.es\">Pacay Kulturmedia S.L.<\/a> <\/td>\r\n<\/tr>\r\n<tr>\r\n<td><strong>Guests and production<\/strong><\/td>\r\n<td>Soraya G\u00f3mez Mu\u00f1oz \u2013 <a href=\"mailto:info@pacay.es\">Pacay Kulturmedia S.L.<\/a> <\/td>\r\n<\/tr>\r\n<tr>\r\n<td><strong>Editorial<\/strong><\/td>\r\n<td>Jon Toral Mor\u00e1n \u2013 <a href=\"mailto:info@pacay.es\">Pacay Kulturmedia S.L.<\/a> <\/td>\r\n<\/tr>\r\n\t\r\n<tr>\r\n<td><strong>Press Office \/strong&gt;<\/strong><\/td>\r\n<td>Andr\u00e9s Garc\u00eda de la Riva \u2013 <a href=\"mailto:9cartascomunicacion@gmail.com\">Nueve Cartas Comunicaci\u00f3n<\/a> <\/td>\r\n<\/tr>\r\n<tr>\r\n<td><strong>Advertising and Media Agency <\/strong><\/td>\r\n<td>Josune Iratxeta \u2013 <a href=\"https:\/\/www.aurman.com\/es\/\">Aurman<\/a> <\/td>\r\n<\/tr>\r\n<tr>\r\n<td><strong>Graphic Design<\/strong><\/td>\r\n<td>Aitor Arberas, Ane S\u00e1nchez \u2013 <a href=\"https:\/\/www.binaricomunicacion.com\/\">Binari Servicios Globales de Comunicaci\u00f3n<\/a><\/td><td>\r\n<\/td><\/tr>\r\n\r\n\r\n<tr>\r\n<td><strong>Web<\/strong><\/td>\r\n<td>Imanol Francia Carbajo, Raul Diaz Ruimonte \u2013 <a href=\"https:\/\/www.trupp.es\" rel=\"noopener\" target=\"_blank\">Trek Media S.L.U.<\/a><\/td><td>\r\n<\/td><\/tr>\r\n<tr>\r\n<td><strong>Social Media<\/strong><\/td>\r\n<td>Nerea Arketa Sanchez, Ainhoa Amezua Romero, Ane Villate Barato \u2013 <a href=\"https:\/\/www.trupp.es\" rel=\"noopener\" target=\"_blank\">Trek Media S.L.U.<\/a><\/td><td>\r\n<\/td><\/tr>\r\n<tr>\r\n<td><strong>Artistic Direction of the Galas<\/strong><\/td>\r\n<td>Ramon Barea, Inigo Cobo, Maitane Zalduegi-Viar, Galder Irusta<\/td>\r\n<\/tr>\r\n\t\r\n<tr>\r\n<td><strong>Executive production of the Galas <\/strong><\/td>\r\n<td><a href=\"https:\/\/pabellon6.org\/\" target=\"_blank\">Pabell\u00f3n 6<\/a><\/td>\r\n<\/tr>\r\n\t\r\n<tr>\r\n<td><strong>Photography ZINEBI<\/strong><\/td>\r\n<td>Xabier Uria Garc\u00eda, Carlos Gil Santa Eugenia \u2013 <a href=\"mailto:xabier@caostica.org\">Caostica<\/a><\/td>\r\n<\/tr>\r\n\t\r\n<tr>\r\n<td><strong>Video ZINEBI<\/strong><\/td>\r\n<td>Larraitz Zuazo Aurrekoetxea, Iker Maguregi Luzan, Andrea Mart\u00ednez G\u00f3mez, Nagore Ruedas Cubas, Ane Rotaetxe Torrontegi \u2013 <a href=\"http:\/\/info@begiraprodukzioak.eus\" target=\"_blank\">Begira Produkzioak<\/a><\/td>\r\n<\/tr>\r\n\t\r\n<tr>\r\n<td><strong>Translations<\/strong><\/td>\r\n<td><a href=\"mailto:info@tisasa.es\">Traductores e Int\u00e9rpretes S. A. \u2013 TISA<\/a><\/td>\r\n<\/tr>\r\n<tr>\r\n<td><strong>Electronic Subtitling &amp; Technical Service and Projections<\/strong><\/td>\r\n<td> Eugenio Puerto Garc\u00eda, Ana Salas Ferrero <a href=\"mailto:info@pacay.es\">(Pacay Kulturmedia S.L.<\/a>)<\/td>\r\n<\/tr>\r\n<tr>\r\n<td><strong>Transfers<\/strong><\/td>\r\n<td>Leticia Gorbea Ibarbengoetxea, Ricardo Ib\u00e1\u00f1ez Vallbona \u2013 <a href=\"https:\/\/rockabona.com\/\" target=\"_blank\">Rockabona<\/a><\/td>\r\n<\/tr>\r\n<tr>\r\n<td><strong>Imprimatzailea<\/strong><\/td>\r\n<td><a href=\"mailto:vascograf@vascograf.com\" target=\"_blank\">Vascograf<\/a><\/td>\r\n<\/tr>\r\n<tr>\r\n<td><strong>Video and photography ZAL<\/strong><\/td>\r\n<td>Media Attack<\/td>\r\n<\/tr>\r\n<tr>\r\n<td><strong>Video and photography ZAL Workshop <\/strong><\/td>\r\n<td>Juan Dopico<\/td>\r\n<\/tr>\r\n\r\n<\/tbody>\r\n<\/table>\r\n<\/div>\r\n<\/div>\r\n<br>\r\n<br>\r\n\r\n\r\n","protected":false},"excerpt":{"rendered":"<p>C.A.C. TEATRO ARRIAGA BOARD OF DIRECTORS Chairman Gonzalo Olabarria Villota Vice-Chairman Itziar Urtasun Jimeno Director Marta Ajuria Arribas Director Nora Abete Garc\u00eda Director Garazi Perea Prego Director Javier Caballero Honorato Director In\u00e9s Nerea Llanos G\u00f3mez Director Joseba Jauregui Urresti Director Nekane Alonso Santamar\u00eda Director I\u00f1aki L\u00f3pez de Aguileta D\u00edaz Director Lorenzo Delgado Vicente Secretary I\u00f1igo [&hellip;]<\/p>\n","protected":false},"author":3,"featured_media":1501,"parent":357,"menu_order":5,"comment_status":"closed","ping_status":"closed","template":"templates\/page-with-container.php","meta":{"_acf_changed":false,"footnotes":""},"class_list":["post-378","page","type-page","status-publish","has-post-thumbnail","hentry"],"acf":[],"_links":{"self":[{"href":"https:\/\/zinebi.eus\/en\/wp-json\/wp\/v2\/pages\/378","targetHints":{"allow":["GET"]}}],"collection":[{"href":"https:\/\/zinebi.eus\/en\/wp-json\/wp\/v2\/pages"}],"about":[{"href":"https:\/\/zinebi.eus\/en\/wp-json\/wp\/v2\/types\/page"}],"author":[{"embeddable":true,"href":"https:\/\/zinebi.eus\/en\/wp-json\/wp\/v2\/users\/3"}],"replies":[{"embeddable":true,"href":"https:\/\/zinebi.eus\/en\/wp-json\/wp\/v2\/comments?post=378"}],"version-history":[{"count":26,"href":"https:\/\/zinebi.eus\/en\/wp-json\/wp\/v2\/pages\/378\/revisions"}],"predecessor-version":[{"id":41984,"href":"https:\/\/zinebi.eus\/en\/wp-json\/wp\/v2\/pages\/378\/revisions\/41984"}],"up":[{"embeddable":true,"href":"https:\/\/zinebi.eus\/en\/wp-json\/wp\/v2\/pages\/357"}],"wp:featuredmedia":[{"embeddable":true,"href":"https:\/\/zinebi.eus\/en\/wp-json\/wp\/v2\/media\/1501"}],"wp:attachment":[{"href":"https:\/\/zinebi.eus\/en\/wp-json\/wp\/v2\/media?parent=378"}],"curies":[{"name":"wp","href":"https:\/\/api.w.org\/{rel}","templated":true}]}}