 {"id":39624,"date":"2025-10-29T10:14:19","date_gmt":"2025-10-29T09:14:19","guid":{"rendered":"https:\/\/zinebi.eus\/?page_id=39624"},"modified":"2025-10-29T10:16:04","modified_gmt":"2025-10-29T09:16:04","slug":"zinebi-animation-lab","status":"publish","type":"page","link":"https:\/\/zinebi.eus\/en\/zinebi-networking\/zinebi-animation-lab\/","title":{"rendered":"Zinebi Animation Lab"},"content":{"rendered":"<div class=\"row\">\r\n<div class=\"col-md-12\">\r\n<h2>MENTORING SESSIONS 2025<\/h2>\r\n<h4>Do you have an ongoing animation project you\u2019d like to run past us? <strong>We\u2019d love to hear about it.<\/strong><\/h4>\r\n\r\n<p> <strong>The ZINEBI Animation Lab at the International Festival of Documentary and Short Film of Bilbao, ZINEBI 67,<\/strong> is offering you a panel of professional practitioners across a range of disciplines on <strong>26, 27 and 28 November.<\/strong> In a series of customised meetings, they will help you move forward with your project, and advise you on how to present it.<\/p>\r\n\r\n<p>If you have a project for a short film, series or feature film, you can submit it to networking@zinebi.eus from today until <strong>10 November.<\/strong> A team composed of director Ane In\u00e9s Landeta, producer Iv\u00e1n Mi\u00f1ambres and screenwriter Pedro Rivero will select six projects, to be announced on 14 November.<\/p>\r\n\r\n<p>To apply, simply fill in this form and send the material required \u2014 submissions will be handled with ZINEBI\u2019s guarantee of confidentiality.<\/p>\r\n\r\n<p class=\"text-center\"><a class=\"btn btn-lg btn-circle btn-brand\" href=\"https:\/\/docs.google.com\/forms\/d\/e\/1FAIpQLScm_cBHDnk7gbrUMr8001LzBlCJLRmEKCgnH41x-_Jz9MURnA\/viewform?usp=header\" target=\"_blank\" rel=\"noopener\">REGISTRATIONS<\/a><\/p>\r\n\r\n<h3>CONDITIONS<\/h3>\r\n\r\n<p><strong>Each project selected <\/strong>will entitle <strong>a representative<\/strong> (producer or director) to take part in various individual sessions with the team of consultants.<\/p>\r\n\r\n<p>The festival will cover accommodation for three nights for those travelling from outside the Territory of Bizkaia.<\/p>\r\n\r\n<p>Participants will receive accreditation from ZINEBI granting access to all festival screenings and activities during their stay. They will also be expected to prepare a presentation of their project for the final day of mentoring, including the likely results of the consultations.<\/p>\r\n\r\n<p><strong>The working language of the sessions will be either English or Spanish, depending on the consultant involved in the process.<\/strong><\/p>\r\n\r\n<h3>MENTORING TEAM<\/h3>\r\n\r\n<p><strong>Pedro Rivero<\/strong> (screenwriter and director), <strong>S\u00e9bastien Sperer<\/strong> (member of the Annecy Festival selection committee for over twenty years), <strong>Daniel Suljic<\/strong> (artistic director of Animafest Zagreb), and <strong>Ivana and Thomas Volda<\/strong> (filmmakers).<\/p>\r\n\r\n<p><strong>The projects selected must be submitted in English<\/strong> before 21 November.<\/p>\r\n\r\n<p>The sessions will be held in the <strong>Sala Bastida<\/strong> at <strong>Azkuna Zentroa<\/strong> (Plaza Arriquibar 4, Bilbao).<\/p>\r\n <\/div>\r\n<\/div>\r\n\r\n<div class=\"row\">\r\n\r\n<div class=\"col-md-12 p-t-50 p-b-20\"><h3>SCHEDULE<\/h3><\/div>\r\n<div class=\"col-md-4\">\r\n<h4>Wednesday, 26 November<\/h4>\r\n<p>10:00<br>\r\n<strong>Initial presentation meeting.<\/strong><br>\r\n10:30 to 13:30<br>\r\n<strong>Customised 45-minute meetings on a rotating basis with each consultant.<\/strong><br>\r\n14:00<br>\r\n<strong>Lunch courtesy of ZINEBI Animation Lab.<\/strong><\/p>\r\n<\/div>\r\n\r\n<div class=\"col-md-4\">\r\n<h4>Thursday, 27 November<\/h4>\r\n<p>10:30 to 13:30<br>\r\n<strong>Customised 45-minute meetings on a rotating basis with each consultant.<\/strong><br>\r\n14:00<br>\r\n<strong>Lunch courtesy of ZINEBI Animation Lab<\/strong>.<\/p>\r\n <\/div>\r\n\r\n<div class=\"col-md-4\">\r\n<h4>Friday, 28 November<\/h4>\r\n<p>10:30 to 13:00<br>\r\n<strong>Seven-minute individual pitching round with the consultants and other festival participants, followed by <em>in situ<\/em> feedback.<\/strong>.<br>\r\n14:00<br>\r\n<strong>Lunch courtesy of ZINEBI Animation Lab<\/strong>.<\/p>\r\n <\/div>\r\n\r\n\r\n<div class=\"col-md-12 p-t-20 p-b-20\">\r\n<p><strong>Selected projects will also have the opportunity for a follow-up consultation three months after the ZINEBI Animation Lab comes to an end.<\/strong><\/p>\r\n<p>For any queries or clarifications: <a href=\"mailto:networking@zinebi.eus\"><strong>networking@zinebi.eus<\/strong><\/a><\/p>\r\n<\/div>\r\n<\/div>","protected":false},"excerpt":{"rendered":"<p>MENTORING SESSIONS 2025 Do you have an ongoing animation project you\u2019d like to run past us? We\u2019d love to hear about it. The ZINEBI Animation Lab at the International Festival of Documentary and Short Film of Bilbao, ZINEBI 67, is offering you a panel of professional practitioners across a range of disciplines on 26, 27 [&hellip;]<\/p>\n","protected":false},"author":3,"featured_media":39625,"parent":32491,"menu_order":0,"comment_status":"closed","ping_status":"closed","template":"templates\/page-with-container.php","meta":{"_acf_changed":false,"footnotes":""},"class_list":["post-39624","page","type-page","status-publish","has-post-thumbnail","hentry"],"acf":[],"_links":{"self":[{"href":"https:\/\/zinebi.eus\/en\/wp-json\/wp\/v2\/pages\/39624","targetHints":{"allow":["GET"]}}],"collection":[{"href":"https:\/\/zinebi.eus\/en\/wp-json\/wp\/v2\/pages"}],"about":[{"href":"https:\/\/zinebi.eus\/en\/wp-json\/wp\/v2\/types\/page"}],"author":[{"embeddable":true,"href":"https:\/\/zinebi.eus\/en\/wp-json\/wp\/v2\/users\/3"}],"replies":[{"embeddable":true,"href":"https:\/\/zinebi.eus\/en\/wp-json\/wp\/v2\/comments?post=39624"}],"version-history":[{"count":2,"href":"https:\/\/zinebi.eus\/en\/wp-json\/wp\/v2\/pages\/39624\/revisions"}],"predecessor-version":[{"id":39634,"href":"https:\/\/zinebi.eus\/en\/wp-json\/wp\/v2\/pages\/39624\/revisions\/39634"}],"up":[{"embeddable":true,"href":"https:\/\/zinebi.eus\/en\/wp-json\/wp\/v2\/pages\/32491"}],"wp:featuredmedia":[{"embeddable":true,"href":"https:\/\/zinebi.eus\/en\/wp-json\/wp\/v2\/media\/39625"}],"wp:attachment":[{"href":"https:\/\/zinebi.eus\/en\/wp-json\/wp\/v2\/media?parent=39624"}],"curies":[{"name":"wp","href":"https:\/\/api.w.org\/{rel}","templated":true}]}}