 {"id":41404,"date":"2025-10-30T15:36:49","date_gmt":"2025-10-30T14:36:49","guid":{"rendered":"https:\/\/zinebi.eus\/zinebi-67\/zinebi-67ren-kanpaina-grafikoa\/"},"modified":"2025-11-12T13:33:01","modified_gmt":"2025-11-12T12:33:01","slug":"zinebi-67-graphic-campaign","status":"publish","type":"page","link":"https:\/\/zinebi.eus\/en\/zinebi-67\/zinebi-67-graphic-campaign\/","title":{"rendered":"Zinebi 67 graphic campaign"},"content":{"rendered":"<div class=\"row\">\r\n<div class=\"col-md-8\">\r\n<p>For the 67th Festival image, illustrator and art director Jos\u00e9 Luis \u00c1greda has created a vibrant, energetic composition to celebrate the collective power of cinema.<\/p>\r\n<p>\u00c1greda places movement and collaboration at the centre \u2014 a shared race in which each figure represents an essential role in the filmmaking process. The poster\u2019s main features are its strong use of colour and visual dynamism. The stylised figures convey energy, diversity and the spirit of teamwork.<\/p>\r\n<p>The design combines precise geometry with a clean, contemporary line to create an image that is both modern and optimistic, perfectly in tune with ZINEBI\u2019s youthful, participatory spirit. The artwork serves to reinforce the festival\u2019s identity as a vibrant meeting space for dialogue and shared cultural creation among filmmakers, institutions and audiences.<\/p>\r\n<p>\u00c1greda, a leading figure in Spanish illustration and animation (art director for works such as <em>Bu\u00f1uel en el laberinto de las tortugas<\/em> \u2013 Goya 2020 \u2013 and the Oscar-nominated <em>Robot Dreams<\/em> \u2013 2023 -), brings his hallmark style \u2013 marked by narrative clarity and the expressive power of colour \u2013 to this poster, which symbolises \u201cthe collective strength that drives cinema.\u201d\r\n<\/p>\r\n\r\n\t\r\n<\/div>\r\n\t\r\n<div class=\"col-md-4\">\r\n<p><img alt=\"ilustrador\" data-src=\"https:\/\/zinebi.eus\/assets\/media\/Jose-Luis-Agreda.jpg\" class=\" lazyload\"><\/p>\r\n\r\n<\/div>\r\n<\/div>\t","protected":false},"excerpt":{"rendered":"<p>For the 67th Festival image, illustrator and art director Jos\u00e9 Luis \u00c1greda has created a vibrant, energetic composition to celebrate the collective power of cinema. \u00c1greda places movement and collaboration at the centre \u2014 a shared race in which each figure represents an essential role in the filmmaking process. The poster\u2019s main features are its [&hellip;]<\/p>\n","protected":false},"author":3,"featured_media":39625,"parent":36753,"menu_order":0,"comment_status":"closed","ping_status":"closed","template":"templates\/page-with-container.php","meta":{"_acf_changed":false,"footnotes":""},"class_list":["post-41404","page","type-page","status-publish","has-post-thumbnail","hentry"],"acf":[],"_links":{"self":[{"href":"https:\/\/zinebi.eus\/en\/wp-json\/wp\/v2\/pages\/41404","targetHints":{"allow":["GET"]}}],"collection":[{"href":"https:\/\/zinebi.eus\/en\/wp-json\/wp\/v2\/pages"}],"about":[{"href":"https:\/\/zinebi.eus\/en\/wp-json\/wp\/v2\/types\/page"}],"author":[{"embeddable":true,"href":"https:\/\/zinebi.eus\/en\/wp-json\/wp\/v2\/users\/3"}],"replies":[{"embeddable":true,"href":"https:\/\/zinebi.eus\/en\/wp-json\/wp\/v2\/comments?post=41404"}],"version-history":[{"count":3,"href":"https:\/\/zinebi.eus\/en\/wp-json\/wp\/v2\/pages\/41404\/revisions"}],"predecessor-version":[{"id":41407,"href":"https:\/\/zinebi.eus\/en\/wp-json\/wp\/v2\/pages\/41404\/revisions\/41407"}],"up":[{"embeddable":true,"href":"https:\/\/zinebi.eus\/en\/wp-json\/wp\/v2\/pages\/36753"}],"wp:featuredmedia":[{"embeddable":true,"href":"https:\/\/zinebi.eus\/en\/wp-json\/wp\/v2\/media\/39625"}],"wp:attachment":[{"href":"https:\/\/zinebi.eus\/en\/wp-json\/wp\/v2\/media?parent=41404"}],"curies":[{"name":"wp","href":"https:\/\/api.w.org\/{rel}","templated":true}]}}