 {"id":4186,"date":"2021-11-05T12:51:45","date_gmt":"2021-11-05T12:51:45","guid":{"rendered":"https:\/\/zinebi.eus\/zinebi-industry\/zinebi-meetings\/encuentro-con-enrique-urbizu-y-carlos-alberto-gomez\/"},"modified":"2023-11-04T07:06:20","modified_gmt":"2023-11-04T07:06:20","slug":"meetings2023","status":"publish","type":"page","link":"https:\/\/zinebi.eus\/en\/zinebi-industry\/zinebi-meetings\/meetings2023\/","title":{"rendered":"Meetings 2023"},"content":{"rendered":"<div class=\"row\">\r\n<div class=\"col-md-4\">\r\n<div class=\"support-box p-4 text-center\">\r\n<div class=\"support-box-icon\"><i class=\"far fa fa-users\"><\/i><\/div>\r\n<div class=\"support-box-title\">\r\n<h4><a href=\"https:\/\/zinebi.eus\/zinebi-industry\/zinebi-meetings\/cine-y-literatura-vasca\/\">CINE Y LITERATURA VASCA<\/a><\/h4>\r\n<\/div>\r\n<\/div>\r\n<\/div>\r\n\t\t\t\t\t\t\t\r\n<div class=\"col-md-4\">\r\n<div class=\"support-box p-5 text-center\">\r\n<div class=\"support-box-icon\"><i class=\"far fa fa-users\"><\/i><\/div>\r\n<div class=\"support-box-title\">\r\n<h4><a href=\"https:\/\/zinebi.eus\/zinebi-industry\/zinebi-meetings\/presentacion-con-frederick-wiseman-y-albert-serra-proyeccion-de-la-pelicula-menus-plaisirs\/\">PRESENTACI\u00d3N CON FREDERICK WISEMAN Y ALBERT SERRA. PROYECCI\u00d3N DE LA PEL\u00cdCULA <em>MENUS PLAISIRS<\/em><\/a><\/h4>\r\n<\/div>\r\n<\/div>\r\n<\/div>\r\n\t\t\t\t\t\t\t\r\n<div class=\"col-md-4\">\r\n<div class=\"support-box p-5 text-center\">\r\n<div class=\"support-box-icon\"><i class=\"far fa fa-users\"><\/i><\/div>\r\n<div class=\"support-box-title\">\r\n<h4><a href=\"https:\/\/zinebi.eus\/presentacion-con-rita-azevedo-gomes-y-cecilia-barrionuevo-proyeccion-de-la-pelicula-the-sound-of-the-shaking-head\/\">PRESENTACI\u00d3N CON RITA AZEVEDO GOMES Y CECILIA BARRIONUEVO. PROYECCI\u00d3N DE LA PEL\u00cdCULA <em>THE SOUND OF THE SHAKING HEAD<\/em><\/a><\/h4>\r\n<\/div>\r\n<\/div>\r\n<\/div>\r\n\r\n<div class=\"col-md-4\">\r\n<div class=\"support-box p-5 text-center\">\r\n<div class=\"support-box-icon\"><i class=\"far fa fa-users\"><\/i><\/div>\r\n<div class=\"support-box-title\">\r\n<h4><a href=\"https:\/\/zinebi.eus\/zinebi-industry\/zinebi-meetings\/modelos-de-produccion-en-el-arte-de-la-animacion-artesania-e-industria\/\">MODELOS DE PRODUCCI\u00d3N EN EL ARTE DE LA ANIMACI\u00d3N: ARTESAN\u00cdA E INDUSTRIA<\/a><\/h4>\r\n<\/div>\r\n<\/div>\r\n<\/div>\r\n\t\t\t\t\t\t\t\r\n<div class=\"col-md-4\">\r\n<div class=\"support-box p-5 text-center\">\r\n<div class=\"support-box-icon\"><i class=\"far fa fa-users\"><\/i><\/div>\r\n<div class=\"support-box-title\">\r\n<h4><a href=\"https:\/\/zinebi.eus\/zinebi-industry\/zinebi-meetings\/trabajar-con-y-desde-el-archivo\/\">TRABAJAR CON (Y DESDE) EL ARCHIVO<\/a><\/h4>\r\n<\/div>\r\n<\/div>\r\n<\/div>\r\n\r\n<div class=\"col-md-4\">\r\n<div class=\"support-box p-5 text-center\">\r\n<div class=\"support-box-icon\"><i class=\"far fa fa-users\"><\/i><\/div>\r\n<div class=\"support-box-title\">\r\n<h4><a href=\"https:\/\/zinebi.eus\/zinebi-industry\/zinebi-meetings\/ritmo-imagenes-y-cuerpos\/\">MESA DE MONTAJE<\/a><\/h4>\r\n<\/div>\r\n<\/div>\r\n<\/div>\r\n\r\n<div class=\"col-md-4\">\r\n<div class=\"support-box p-5 text-center\">\r\n<div class=\"support-box-icon\"><i class=\"far fa fa-users\"><\/i><\/div>\r\n<div class=\"support-box-title\">\r\n<h4><a href=\"https:\/\/zinebi.eus\/zinebi-industry\/cine-documental-series-documentales-y-plataformas\/\">CINE DOCUMENTAL, SERIES DOCUMENTALES Y PLATAFORMAS<\/a><\/h4>\r\n<\/div>\r\n<\/div>\r\n<\/div>\r\n\t\t\t\t\t\t\t\r\n<\/div>  ","protected":false},"excerpt":{"rendered":"<p>CINE Y LITERATURA VASCA PRESENTACI\u00d3N CON FREDERICK WISEMAN Y ALBERT SERRA. PROYECCI\u00d3N DE LA PEL\u00cdCULA MENUS PLAISIRS PRESENTACI\u00d3N CON RITA AZEVEDO GOMES Y CECILIA BARRIONUEVO. PROYECCI\u00d3N DE LA PEL\u00cdCULA THE SOUND OF THE SHAKING HEAD MODELOS DE PRODUCCI\u00d3N EN EL ARTE DE LA ANIMACI\u00d3N: ARTESAN\u00cdA E INDUSTRIA TRABAJAR CON (Y DESDE) EL ARCHIVO MESA DE [&hellip;]<\/p>\n","protected":false},"author":3,"featured_media":24664,"parent":459,"menu_order":0,"comment_status":"closed","ping_status":"closed","template":"templates\/page-with-container.php","meta":{"_acf_changed":false,"footnotes":""},"class_list":["post-4186","page","type-page","status-publish","has-post-thumbnail","hentry"],"acf":[],"_links":{"self":[{"href":"https:\/\/zinebi.eus\/en\/wp-json\/wp\/v2\/pages\/4186","targetHints":{"allow":["GET"]}}],"collection":[{"href":"https:\/\/zinebi.eus\/en\/wp-json\/wp\/v2\/pages"}],"about":[{"href":"https:\/\/zinebi.eus\/en\/wp-json\/wp\/v2\/types\/page"}],"author":[{"embeddable":true,"href":"https:\/\/zinebi.eus\/en\/wp-json\/wp\/v2\/users\/3"}],"replies":[{"embeddable":true,"href":"https:\/\/zinebi.eus\/en\/wp-json\/wp\/v2\/comments?post=4186"}],"version-history":[{"count":8,"href":"https:\/\/zinebi.eus\/en\/wp-json\/wp\/v2\/pages\/4186\/revisions"}],"predecessor-version":[{"id":24226,"href":"https:\/\/zinebi.eus\/en\/wp-json\/wp\/v2\/pages\/4186\/revisions\/24226"}],"up":[{"embeddable":true,"href":"https:\/\/zinebi.eus\/en\/wp-json\/wp\/v2\/pages\/459"}],"wp:featuredmedia":[{"embeddable":true,"href":"https:\/\/zinebi.eus\/en\/wp-json\/wp\/v2\/media\/24664"}],"wp:attachment":[{"href":"https:\/\/zinebi.eus\/en\/wp-json\/wp\/v2\/media?parent=4186"}],"curies":[{"name":"wp","href":"https:\/\/api.w.org\/{rel}","templated":true}]}}