 {"id":42391,"date":"2025-11-12T15:41:34","date_gmt":"2025-11-12T14:41:34","guid":{"rendered":"https:\/\/zinebi.eus\/zinebi-networking\/portico-zinebi-ataria\/"},"modified":"2025-11-19T13:54:34","modified_gmt":"2025-11-19T12:54:34","slug":"portico-zinebi-ataria","status":"publish","type":"page","link":"https:\/\/zinebi.eus\/en\/zinebi-networking\/portico-zinebi-ataria\/","title":{"rendered":"P\u00f3rtico ZINEBI Ataria"},"content":{"rendered":"<div class=\"row\">\r\n<div class=\"col-md-12 p-b-50\">\r\n<h2>An encounter for living in cinema<\/h2>\r\n<p>This programme offers an open space for dialogue and reflection on the many ways of living, thinking and making films today. Aimed at young film students and recent graduates, the gathering invites participants to explore the diversity of professional paths which shape the contemporary audiovisual landscape.<\/p>\r\n<p>In the course of a morning, professionals from a range of disciplines \u2013 such as production, directing, archiving, curating and distribution \u2013 will share their trajectories, experiences and ways of understanding their craft. Beyond the traditional boundaries between the technical and the artistic, the proposal seeks to broaden the idea of \u201cmaking films\u201d as a living practice, in constant dialogue with its social and cultural context.<\/p>\r\n<p>The format will be a round table moderated by actress and filmmaker Aia Kruse, in discussions with a number of professionals who are engaged in multiple roles in the industry, and form part of a generation which combines practice, reflection and a close rapport with new audiences.<\/p>\r\n<p>Here, cinema is presented as a tool for critical thought, a meeting point, and a form of collective action. Listening to how each guest inhabits this territory opens up ways of imagining new forms of collaboration, creation and sustainability for projects in an ever-changing audiovisual world. You are invited to take part in a space for sharing, questioning and reimagining together what cinema can be today.<\/p>\r\n<p><strong>Julieta Juncadella<\/strong><\/p>\r\n<\/div>\r\n<\/div>\r\n\t\r\n<div class=\"row\">\r\n<div class=\"col-md-12 p-b-50\">\r\n<table class=\"table\" width=\"100%\" border=\"0\" cellspacing=\"0\" cellpadding=\"0\">\r\n  <tbody>\r\n    <tr>\r\n      <td>\r\n\t\t  <h2>\u201cP\u00d3RTICO \/ ATARIA\u201d PROGRAMME \u2013 ZINEBI<\/h2>\r\n\t\t<p><strong>\ud83d\udcc5 Saturday 22 November \u2013 From: 10:30 to 13:30 h Cines Golem Alh\u00f3ndiga \u2013 Azkuna Zentro.<\/strong><\/p>\r\n\t\t<\/td>\r\n    <\/tr>\r\n    <tr>\r\n      <td>\r\n<h4>10:30 \u2013 Welcome, Round Table and Presentations<\/h4>\r\n<p><strong>Estimated duration: 1 h 45 min<\/strong><\/p>\r\n\t\t<h4>Round table<\/h4>\r\n\t\t\r\n\r\n<p>Participants:<br>\r\n\u25cf Ana\u00eds C\u00f3rdova P\u00e1ez<br>\r\n\u25cf Antonio Miguel Arenas<br>\r\n\u25cf Emilio Papamija<br>\r\n\u25cf Irene Baqu\u00e9<br>\r\n<strong>Host and moderator:<\/strong> Aia Kruse<\/p>\r\n<p>Colloquium<br>\r\nParticipants:\r\n<br>\r\n\u25cf Mat\u00edas Fajn<br>\r\n\u25cf Esmeralda Reynoth<br>\r\n<strong>Host and moderator:<\/strong> Aia Kruse<\/p><\/td>\r\n    <\/tr>\r\n    <tr>\r\n      <td>\r\n\t\t<h4>12:15 h \u2013 Gaztedoku Awards Ceremony and ZINEBI EXPRESS Awards Ceremony<\/h4>\r\n<p><strong>Presented and moderated by: <\/strong>Ugaitz Alegr\u00eda<\/p>\r\n\t\t<p><strong>Estimated duration: 1 h 15 min<\/strong><\/p>\r\n\t\t  <p>\r\n\u2022\tScreening of ZINEBI Express short films<br>\r\n\u2022\tZINEBI Express Awards Ceremony, sponsored by IDOM<br>\r\n\u2022\tScreening of award-winning films from the GazteDoku competition, organized by the SGAE Foundation:\r\n\r\n<\/p><p style=\"padding-left:30px;\">\r\n\u2022\t<strong>Best Documentary Award:<\/strong> <em>Lehen Saiakera<\/em>, by Marina Perosanz<br>\r\n\u2022\t<strong>Best Documentary in Basque:<\/strong> <em>Honek ez diz orduk<\/em> (\u201cEstas no son horas\u201d), by Nitya Lopez Saitua\r\n<\/p>\r\n\t\t<\/td>\r\n    <\/tr>\r\n    <tr>\r\n      <td><p><strong>\u23f1\ufe0f Total duration of the event: 195 minutes.<\/strong><\/p><\/td>\r\n    <\/tr>\r\n  \r\n  <\/tbody>\r\n<\/table>\r\n\r\n\r\n\r\n<\/div>\r\n<\/div>\r\n\r\n\r\n\r\n<div class=\"row\">\r\n<div class=\"col-md-12 p-b-50\">\r\n<div class=\"module-title text-center\">\r\n<h3 class=\"sidelines\"><span class=\"blanco\">ROUND TABLE GUESTS<\/span><\/h3>\r\n<\/div>\r\n<\/div>\r\n<\/div>\r\n<div class=\"row justify-content-center\">\r\n<div class=\"col-md-3\"><img alt=\"jurado\" data-src=\"https:\/\/zinebi.eus\/assets\/media\/Anais-Cordova-Paez.jpg\" class=\" lazyload\">\r\n<h4 class=\"m-t-20\">ANA\u00cdS C\u00d3RDOVA-P\u00c1EZ<\/h4>\r\n<p>She reflects on how politics, ecology, gender and moving images interact in the Internet era. She conducts her research from a transhackfeminist perspective. Her work makes care the centre, challenging art production and exhibition processes. She experiments with film, programmes at EQUIS Feminist Film Festival (Ecuador) and Zinegoak (Bilbao) and is a curator at UNSEEN (Croatia). She was a 2022 Flaherty Seminar Fellow and an international <em>Atmospheres of Violence<\/em> guest at Harvard University 2023.Her latest short film, Viento, co-directed with Sof\u00eda La Suerte, will be premiered at Zinebi 2025.\r\n<\/p>\r\n<\/div>\r\n<div class=\"col-md-3\"><img alt=\"jurado\" data-src=\"https:\/\/zinebi.eus\/assets\/media\/Emilio-Papamija.jpg\" class=\" lazyload\">\r\n<h4 class=\"m-t-20\">EMILIO PAPAMIJA<\/h4>\r\n<p>Emilio Papamija is an artist and a trans anti-racist decolonial activist. He is currently an audiovisual adviser and trainer specialising in diversity at IntimAct, and has delivered training programmes at institutions such as the Academy of Cinema, Netflix, ECAM, TAI, the SSIFF, LesGaiCineMad, SANFIC (Chile), Greenpeace, Matadero Madrid and La Casa Encendida. He also works in several lines of subaltern pedagogy and research.\r\nAs a specialist in the implementation of gender policies and cultural policies, he worked on government projects and political campaigns in Spain and Colombia, including the Spanish Ministry of Culture\u2019s current cultural rights plan (2024). He trained in cultural mediation with the deaf community and in herpetology.\r\n<\/p>\r\n\r\n<\/div>\r\n<div class=\"col-md-3\"><img alt=\"jurado\" data-src=\"https:\/\/zinebi.eus\/assets\/media\/irene-baque.jpg\" class=\" lazyload\">\r\n<h4 class=\"m-t-20\">IRENE BAQU\u00c9<\/h4>\r\n<p>She is a film director and photographer. Her work explores themes related to identity and gender, portraying real stories and characters both in her commercial work and in her documentaries. Her images are authentic, intimate and feminine, playing with colour and composition. Her latest short film, <em>Mal de madre<\/em>, will have its national premiere at Zinebi 2025.<\/p>\r\n<\/div>\r\n\t\r\n<div class=\"col-md-3\"><img alt=\"jurado\" data-src=\"https:\/\/zinebi.eus\/assets\/media\/Antonio-Miguel-Arenas.jpg\" class=\" lazyload\">\r\n<h4 class=\"m-t-20\">ANTONIO MIGUEL ARENAS<\/h4>\r\n<p>Filmmaker. He was one of the founders of Revista Magnolia, an online film criticism and analysis publication. He formed part of the Punto de Vista press office in 2016 and 2017. In 2018 he completed the Postgraduate Curating Programme at the El\u00edas Querejeta Zine Eskola Film School in San Sebasti\u00e1n. Since 2021 he has been t artistic director for the Festival J\u00f3venes Realizadores in Granada, with which he has been linked for a decade. He directed the short film Topo estrellado (2023), curated by the Jos\u00e9 Guerrero Centre in Granada. He is currently the coordinator of La Distribuidora at ECAM, where he is also a lecturer.<\/p>\r\n<\/div>\r\n\t\r\n\t\r\n\t\r\n<\/div>\r\n\r\n\t\r\n\t\r\n<div class=\"row\">\r\n<div class=\"col-md-12 p-b-50 p-t-50\">\r\n<div class=\"module-title text-center\">\r\n<h3 class=\"sidelines\"><span class=\"blanco\">EQZE FILM SCHOOL GUESTS \u2013 \u201cDEP\u00d3SITO ZINEBI\u201d PROJECT<\/span><\/h3>\r\n<\/div>\r\n<\/div>\r\n<\/div>\r\n<div class=\"row justify-content-center\">\r\n<div class=\"col-md-4\"><img alt=\"jurado\" data-src=\"https:\/\/zinebi.eus\/assets\/media\/Matias-Fajn.jpg\" class=\" lazyload\">\r\n<h4 class=\"m-t-20\">MATIAS FAJN<\/h4>\r\n<p>Mat\u00edas Fajn (Buenos Aires, 1995) is a film researcher. For five years he was general producer at the Avellaneda Municipal Audiovisual Communication Secretariat. He carried out cataloguing, research and curating work on film and documentary collections at the ARTIUM Basque Country Contemporary Art Museum, at the San Sebasti\u00e1n International Film Festival, and for the \u201cDep\u00f3sito ZINEBI\u201d project by the El\u00edas Querejeta Zine Eskola Film School.<\/p>\r\n<\/div>\r\n<div class=\"col-md-4\"><img alt=\"jurado\" data-src=\"https:\/\/zinebi.eus\/assets\/media\/Esmeralda-Reynoth.jpg\" class=\" lazyload\">\r\n<h4 class=\"m-t-20\">ESMERALDA REYNOTH<\/h4>\r\n<p>From Honduras, albeit based in Argentina. She studied Combined Arts and the Teacher Training Programme in Arts for Higher and Middle Education at the University of Buenos Aires. She worked at the UNTREF audiovisual production company on academic series and cultural entertainment productions. She has worked with independent cultural magazines. She has served as a jury member at the Mar del Plata International Film Festival, the \u00cdcaro Honduras Festival and FUSAGASUG\u00c1; and has been involved in the Berlinale Talents and Locarno Industry Academy programmes. She was also a curator at Cine En Femenino Festival, and she coordinates Archivo Kaikaya, a study space on Honduran cinema from which she directs the Semana de Cine Recuperado and Cineclub Utop\u00eda.\r\n<\/p>\r\n\r\n<\/div>\r\n\r\n<\/div>\r\n","protected":false},"excerpt":{"rendered":"<p>An encounter for living in cinema This programme offers an open space for dialogue and reflection on the many ways of living, thinking and making films today. Aimed at young film students and recent graduates, the gathering invites participants to explore the diversity of professional paths which shape the contemporary audiovisual landscape. In the course [&hellip;]<\/p>\n","protected":false},"author":3,"featured_media":40528,"parent":32491,"menu_order":0,"comment_status":"closed","ping_status":"closed","template":"templates\/page-with-container.php","meta":{"_acf_changed":false,"footnotes":""},"class_list":["post-42391","page","type-page","status-publish","has-post-thumbnail","hentry"],"acf":[],"_links":{"self":[{"href":"https:\/\/zinebi.eus\/en\/wp-json\/wp\/v2\/pages\/42391","targetHints":{"allow":["GET"]}}],"collection":[{"href":"https:\/\/zinebi.eus\/en\/wp-json\/wp\/v2\/pages"}],"about":[{"href":"https:\/\/zinebi.eus\/en\/wp-json\/wp\/v2\/types\/page"}],"author":[{"embeddable":true,"href":"https:\/\/zinebi.eus\/en\/wp-json\/wp\/v2\/users\/3"}],"replies":[{"embeddable":true,"href":"https:\/\/zinebi.eus\/en\/wp-json\/wp\/v2\/comments?post=42391"}],"version-history":[{"count":5,"href":"https:\/\/zinebi.eus\/en\/wp-json\/wp\/v2\/pages\/42391\/revisions"}],"predecessor-version":[{"id":42478,"href":"https:\/\/zinebi.eus\/en\/wp-json\/wp\/v2\/pages\/42391\/revisions\/42478"}],"up":[{"embeddable":true,"href":"https:\/\/zinebi.eus\/en\/wp-json\/wp\/v2\/pages\/32491"}],"wp:featuredmedia":[{"embeddable":true,"href":"https:\/\/zinebi.eus\/en\/wp-json\/wp\/v2\/media\/40528"}],"wp:attachment":[{"href":"https:\/\/zinebi.eus\/en\/wp-json\/wp\/v2\/media?parent=42391"}],"curies":[{"name":"wp","href":"https:\/\/api.w.org\/{rel}","templated":true}]}}