 {"id":7990,"date":"2022-08-17T10:57:58","date_gmt":"2022-08-17T10:57:58","guid":{"rendered":"https:\/\/zinebi.eus\/?page_id=7990"},"modified":"2022-08-23T09:11:42","modified_gmt":"2022-08-23T09:11:42","slug":"ana-murugarren-maria-eugenia-salaverri","status":"publish","type":"page","link":"https:\/\/zinebi.eus\/en\/festival\/mikeldi-of-honour\/ana-murugarren-maria-eugenia-salaverri\/","title":{"rendered":"ANA MURUGARREN &#038; MAR\u00cdA EUGENIA SALAVERRI"},"content":{"rendered":"<div class=\"container\">\r\n<div class=\"row\">\r\n<div class=\"col-md-12\">\r\n<h2>ANA MURUGARREN &amp; MAR\u00cdA EUGENIA SALAVERRI. TWO HIGHLY VALUED FEMALE FILMMAKERS<\/h2>\r\n<p>In life, there are sometimes exceptional, unexpected occasions or situations that tend to make us look around in search of valid points of reference to help us overcome difficulties, not lose hope, and succeed and overcome. The coronavirus pandemic that we are experiencing is testing our personal character and, especially, capacity for resistance and the cohesion of our communities. In this observation of everything that we are and could be, we often realise that the best thing we have is much closer than we think. We have always done so, but even more so for this 62nd festival, ZINEBI has taken a look around at what we have nearby: at our Basque cinema. We know that our audiovisual industry is a constantly developing economic, cultural and artistic sector, whose current reality is the work of men and women who, in conditions that are not always easy, give us the best of themselves in so many memorable films that form part of our country\u2019s cinematographic heritage.<\/p>\r\n\r\n<p>During the 1980s and 1990s, at a time when the presence of women in Basque productions was usually reduced to secondary roles, both the director, scriptwriter and editor Ana Murugarren and the writer, scriptwriter and producer Mar\u00eda Eugenia Salaverri soon became acknowledged as authentic pioneers. Their work and their tenacity make them worthy of this Mikeldi of Honour.<\/p>\r\n\r\n<p>Ana Murugarren (Marcilla, Navarra, 1965), with a degree in Information Sciences from the UPV-EHU, is a film director, writer and editor, having worked in the latter capacity with filmmakers such as Enrique Urbizu, Pablo Berger and \u00c1lex de la Iglesia. In the 1980s, she founded the Bilbao production company Creativideo with the aforementioned Urbizu, Joaqu\u00edn Trincado and Luis Mar\u00edas, and her first work as a director was the video clip for the band Eskorbuto: <em>Antes de las guerras<\/em> (1985).<\/p>\r\n\r\n<p>In 2005, she directed the documentary feature film <em>Esto no es la vida privada de Javier Krahe<\/em>, followed by the mini television series <em>El precio de la libertad<\/em> (2011), dedicated to the Basque politician Mario Onaindia, the medium-length film set in medieval times <em>La dama guerrera<\/em> (2012), and the feature films <em>Tres mentiras<\/em> (2014), a stark view of the theft of children in Franco\u2019s Spain, and <em>La higuera de los bastardos <\/em>(2017), based on the book of the same name by Ramiro Pinilla on Falangist repression in Getxo during the Spanish civil war. She is currently filming the comedy <em>Garc\u00eda y Garc\u00eda<\/em>, starring Jos\u00e9 Mota and Pepe Viyuela. Her films have received numerous awards, including the Silver Screen Award at the Hollywood Film Festival for <em>La higuera de los bastardos<\/em>, and her main themes are the condemnation of different situations of injustice and the conservation of our historic memory.<\/p>\r\n\r\n<p>For her part, Mar\u00eda Eugenia Salaverri (Bilbao, 1957) is a journalist, writer, scriptwriter, and a songwriter too. In her literary facet, her stories have been awarded prizes such as the Samaniego, the Imag\u00ednate Euskadi and the Julio Cort\u00e1zar and have been published in compilations and anthologies such as Narradores vascos,<em> \u00daltimos narradores (Antolog\u00eda de la narrativa breve espa\u00f1ola)<\/em>, <em>Relato espa\u00f1ol actual<\/em> and <em>Rainy Days (Short Stories by Contemporary Spanish Women Writers)<\/em>. She has been the chairperson of the Basque Writers\u2019 Association since 2012.<\/p>\r\n\r\n<p>In 1996, with Javier Rebollo directing, she began her cinematographic activity as a scriptwriter for the feature films <em>Calor\u2026 y celos<\/em> (1996), <em>Marujas asesinas<\/em> (2001) and <em>Locos por el sexo<\/em> (2006). Subsequently, with the production company Karambola, founded with Rebollo, she has written and produced the TV films <em>El extra\u00f1o anfitri\u00f3n <\/em>(2012), <em>La buena hija<\/em> (2013), <em>La matanza <\/em>(2015) and <em>De los ojos adentro<\/em> (2019). She also participated in the collective film <em>Bilbao-Bizkaia. Exterior-D\u00eda <\/em>(<em>El amigo imaginario<\/em> segment) (2015), a ZINEBI production released by the festival that same year. Her work has always been inspired by a very dark, expressionist sense of humour\u2014with arguments that often come from genres such as horror and fantasy\u2014which she has used to tackle some of the blackest areas of human behaviour with brilliant frankness.<\/p>\r\n\r\n<p>Mar\u00eda Eugenia and Ana are one of the main points of reference for this ZINEBI62. And they are because, through their effort, their talent and their ethical and aesthetic qualities, they show us that, in the pandemical times we are living, Basque cinema still has lots of very good stories to tell us.<\/p>\r\n\r\n<p>That\u2014and because we love them loads\u2014is why ZINEBI has decided to award them the Mikeldi of Honour for this so unforgettable 2020, as an expression of its acknowledgement, and that of the men and women of Bilbao, for their valuable contribution to the cinematography of Bilbao and of the Basque Country.<\/p>\r\n\r\n<p><strong>Luis Eguiraun<\/strong>\r\nProgrammer<\/p>\r\n\r\n<iframe loading=\"lazy\" width=\"560\" height=\"315\" src=\"https:\/\/www.youtube.com\/embed\/od6tm-pz3Q4\" title=\"YouTube video player\" frameborder=\"0\" allow=\"accelerometer; autoplay; clipboard-write; encrypted-media; gyroscope; picture-in-picture\" allowfullscreen><\/iframe>\r\n<section id=\"galeria-id-8452\" class=\"cb-galeria__block\">\n\t\t<header class=\"cb-galeria__header\">\n\t\t<div class=\"block-cross-line\">\n\t\t\t<div>\n\t\t\t\tANA MURUGARREN &amp; MAR\u00cdA EUGENIA SALAVERRI\t   \t\t\t\t\t\t\t\t\t\t\t\n\t\t\t<\/div>\n\t\t<\/div>\n\t<\/header>\n\t\t\t<!-- style grid gallery -->\n\t\t<style type=\"text\/css\">\n\t\t\t\t\t\t\t#galeria-id-8452 .cb-galeria__grid > .cb-galeria__item {\n\t\t\t\t\twidth : 20.00%;\n\t\t\t\t}\n\t\t\t\t\t\t<\/style>\n\t\t\t\t<main class=\"cb-galeria cb-gallery\">\n\t\t\t<div class=\"cb-galeria__grid force-1x1\">\n\t\t\t\t\t\t\t\t\t\t<article class=\"cb-galeria__item\">\n\t\t\t\t\t\t\t<div class=\"cb-galeria__item-card\">\n\t\t\t\t\t\t\t\t<a href=\"https:\/\/zinebi.eus\/assets\/media\/Ana-Murugarren.-Mikeldi-Saria-_-Mikeldi-of-Honour-_-Mikeldi-de-Honor-2020.jpg\" class=\"cb-gallery__item\" title=\"\">\n\t\t\t\t\t\t\t\t\t<picture id=\"thumbnail-8453\" class=\"lazyload cb-img-thumbnail ratio-horizontal\"><source media=\"(max-width: 150px)\" data-srcset=\"https:\/\/zinebi.eus\/assets\/media\/Ana-Murugarren.-Mikeldi-Saria-_-Mikeldi-of-Honour-_-Mikeldi-de-Honor-2020-150x100.jpg\"><source media=\"(max-width: 300px)\" data-srcset=\"https:\/\/zinebi.eus\/assets\/media\/Ana-Murugarren.-Mikeldi-Saria-_-Mikeldi-of-Honour-_-Mikeldi-de-Honor-2020-300x200.jpg\"><source media=\"(max-width: 400px)\" data-srcset=\"https:\/\/zinebi.eus\/assets\/media\/Ana-Murugarren.-Mikeldi-Saria-_-Mikeldi-of-Honour-_-Mikeldi-de-Honor-2020-400x267.jpg\"><source media=\"(max-width: 480px)\" data-srcset=\"https:\/\/zinebi.eus\/assets\/media\/Ana-Murugarren.-Mikeldi-Saria-_-Mikeldi-of-Honour-_-Mikeldi-de-Honor-2020-480x320.jpg\"><source media=\"(max-width: 550px)\" data-srcset=\"https:\/\/zinebi.eus\/assets\/media\/Ana-Murugarren.-Mikeldi-Saria-_-Mikeldi-of-Honour-_-Mikeldi-de-Honor-2020-550x367.jpg\"><source media=\"(max-width: 768px)\" data-srcset=\"https:\/\/zinebi.eus\/assets\/media\/Ana-Murugarren.-Mikeldi-Saria-_-Mikeldi-of-Honour-_-Mikeldi-de-Honor-2020-768x512.jpg\"><img class=\"lazyload \" data-src=\"https:\/\/zinebi.eus\/assets\/media\/Ana-Murugarren.-Mikeldi-Saria-_-Mikeldi-of-Honour-_-Mikeldi-de-Honor-2020.jpg\" alt=\"Ana Murugarren. Mikeldi Saria _ Mikeldi of Honour _ Mikeldi de Honor (2020)\"><\/source><\/source><\/source><\/source><\/source><\/source><\/picture>\t\t\t\t\t\t\t\t<\/a>\n\t\t\t\t\t\t\t<\/div>\n\t\t\t\t\t\t<\/article>\n\t\t\t\t\t\t\t\t\t\t<article class=\"cb-galeria__item\">\n\t\t\t\t\t\t\t<div class=\"cb-galeria__item-card\">\n\t\t\t\t\t\t\t\t<a href=\"https:\/\/zinebi.eus\/assets\/media\/Ana-Murugarren.-Mikeldi-Saria-_-Mikeldi-of-Honour-_-Mikeldi-de-Honor-20201.jpg\" class=\"cb-gallery__item\" title=\"\">\n\t\t\t\t\t\t\t\t\t<picture id=\"thumbnail-8456\" class=\"lazyload cb-img-thumbnail ratio-horizontal\"><source media=\"(max-width: 150px)\" data-srcset=\"https:\/\/zinebi.eus\/assets\/media\/Ana-Murugarren.-Mikeldi-Saria-_-Mikeldi-of-Honour-_-Mikeldi-de-Honor-20201-150x100.jpg\"><source media=\"(max-width: 300px)\" data-srcset=\"https:\/\/zinebi.eus\/assets\/media\/Ana-Murugarren.-Mikeldi-Saria-_-Mikeldi-of-Honour-_-Mikeldi-de-Honor-20201-300x200.jpg\"><source media=\"(max-width: 400px)\" data-srcset=\"https:\/\/zinebi.eus\/assets\/media\/Ana-Murugarren.-Mikeldi-Saria-_-Mikeldi-of-Honour-_-Mikeldi-de-Honor-20201-400x267.jpg\"><source media=\"(max-width: 480px)\" data-srcset=\"https:\/\/zinebi.eus\/assets\/media\/Ana-Murugarren.-Mikeldi-Saria-_-Mikeldi-of-Honour-_-Mikeldi-de-Honor-20201-480x320.jpg\"><source media=\"(max-width: 550px)\" data-srcset=\"https:\/\/zinebi.eus\/assets\/media\/Ana-Murugarren.-Mikeldi-Saria-_-Mikeldi-of-Honour-_-Mikeldi-de-Honor-20201-550x367.jpg\"><source media=\"(max-width: 768px)\" data-srcset=\"https:\/\/zinebi.eus\/assets\/media\/Ana-Murugarren.-Mikeldi-Saria-_-Mikeldi-of-Honour-_-Mikeldi-de-Honor-20201-768x512.jpg\"><img class=\"lazyload \" data-src=\"https:\/\/zinebi.eus\/assets\/media\/Ana-Murugarren.-Mikeldi-Saria-_-Mikeldi-of-Honour-_-Mikeldi-de-Honor-20201.jpg\" alt=\"Ana Murugarren. Mikeldi Saria _ Mikeldi of Honour _ Mikeldi de Honor (2020)(1)\"><\/source><\/source><\/source><\/source><\/source><\/source><\/picture>\t\t\t\t\t\t\t\t<\/a>\n\t\t\t\t\t\t\t<\/div>\n\t\t\t\t\t\t<\/article>\n\t\t\t\t\t\t\t\t\t\t<article class=\"cb-galeria__item\">\n\t\t\t\t\t\t\t<div class=\"cb-galeria__item-card\">\n\t\t\t\t\t\t\t\t<a href=\"https:\/\/zinebi.eus\/assets\/media\/Mari%CC%81a-Eugenia-Salverri-_-Ana-Murugarren.-Mikeldi-Saria-_-Mikeldi-of-Honour-_-Mikeldi-de-Honor-2020.jpg\" class=\"cb-gallery__item\" title=\"\">\n\t\t\t\t\t\t\t\t\t<picture id=\"thumbnail-8459\" class=\"lazyload cb-img-thumbnail ratio-horizontal\"><source media=\"(max-width: 150px)\" data-srcset=\"https:\/\/zinebi.eus\/assets\/media\/Mari\u0301a-Eugenia-Salverri-_-Ana-Murugarren.-Mikeldi-Saria-_-Mikeldi-of-Honour-_-Mikeldi-de-Honor-2020-150x100.jpg\"><source media=\"(max-width: 300px)\" data-srcset=\"https:\/\/zinebi.eus\/assets\/media\/Mari\u0301a-Eugenia-Salverri-_-Ana-Murugarren.-Mikeldi-Saria-_-Mikeldi-of-Honour-_-Mikeldi-de-Honor-2020-300x200.jpg\"><source media=\"(max-width: 400px)\" data-srcset=\"https:\/\/zinebi.eus\/assets\/media\/Mari\u0301a-Eugenia-Salverri-_-Ana-Murugarren.-Mikeldi-Saria-_-Mikeldi-of-Honour-_-Mikeldi-de-Honor-2020-400x267.jpg\"><source media=\"(max-width: 480px)\" data-srcset=\"https:\/\/zinebi.eus\/assets\/media\/Mari\u0301a-Eugenia-Salverri-_-Ana-Murugarren.-Mikeldi-Saria-_-Mikeldi-of-Honour-_-Mikeldi-de-Honor-2020-480x320.jpg\"><source media=\"(max-width: 550px)\" data-srcset=\"https:\/\/zinebi.eus\/assets\/media\/Mari\u0301a-Eugenia-Salverri-_-Ana-Murugarren.-Mikeldi-Saria-_-Mikeldi-of-Honour-_-Mikeldi-de-Honor-2020-550x367.jpg\"><source media=\"(max-width: 768px)\" data-srcset=\"https:\/\/zinebi.eus\/assets\/media\/Mari\u0301a-Eugenia-Salverri-_-Ana-Murugarren.-Mikeldi-Saria-_-Mikeldi-of-Honour-_-Mikeldi-de-Honor-2020-768x512.jpg\"><img class=\"lazyload \" data-src=\"https:\/\/zinebi.eus\/assets\/media\/Mari\u0301a-Eugenia-Salverri-_-Ana-Murugarren.-Mikeldi-Saria-_-Mikeldi-of-Honour-_-Mikeldi-de-Honor-2020.jpg\" alt=\"Mari\u0301a Eugenia Salverri _ Ana Murugarren. Mikeldi Saria _ Mikeldi of Honour _ Mikeldi de Honor (2020)\"><\/source><\/source><\/source><\/source><\/source><\/source><\/picture>\t\t\t\t\t\t\t\t<\/a>\n\t\t\t\t\t\t\t<\/div>\n\t\t\t\t\t\t<\/article>\n\t\t\t\t\t\t\t\t\t\t<article class=\"cb-galeria__item\">\n\t\t\t\t\t\t\t<div class=\"cb-galeria__item-card\">\n\t\t\t\t\t\t\t\t<a href=\"https:\/\/zinebi.eus\/assets\/media\/Mari%CC%81a-Eugenia-Salverri-_-Ana-Murugarren.-Mikeldi-Saria-_-Mikeldi-of-Honour-_-Mikeldi-de-Honor-2020.JPG.jpg\" class=\"cb-gallery__item\" title=\"\">\n\t\t\t\t\t\t\t\t\t<picture id=\"thumbnail-8462\" class=\"lazyload cb-img-thumbnail ratio-horizontal\"><source media=\"(max-width: 150px)\" data-srcset=\"https:\/\/zinebi.eus\/assets\/media\/Mari\u0301a-Eugenia-Salverri-_-Ana-Murugarren.-Mikeldi-Saria-_-Mikeldi-of-Honour-_-Mikeldi-de-Honor-2020.JPG-150x100.jpg\"><source media=\"(max-width: 300px)\" data-srcset=\"https:\/\/zinebi.eus\/assets\/media\/Mari\u0301a-Eugenia-Salverri-_-Ana-Murugarren.-Mikeldi-Saria-_-Mikeldi-of-Honour-_-Mikeldi-de-Honor-2020.JPG-300x200.jpg\"><source media=\"(max-width: 400px)\" data-srcset=\"https:\/\/zinebi.eus\/assets\/media\/Mari\u0301a-Eugenia-Salverri-_-Ana-Murugarren.-Mikeldi-Saria-_-Mikeldi-of-Honour-_-Mikeldi-de-Honor-2020.JPG-400x267.jpg\"><source media=\"(max-width: 480px)\" data-srcset=\"https:\/\/zinebi.eus\/assets\/media\/Mari\u0301a-Eugenia-Salverri-_-Ana-Murugarren.-Mikeldi-Saria-_-Mikeldi-of-Honour-_-Mikeldi-de-Honor-2020.JPG-480x320.jpg\"><source media=\"(max-width: 550px)\" data-srcset=\"https:\/\/zinebi.eus\/assets\/media\/Mari\u0301a-Eugenia-Salverri-_-Ana-Murugarren.-Mikeldi-Saria-_-Mikeldi-of-Honour-_-Mikeldi-de-Honor-2020.JPG-550x367.jpg\"><source media=\"(max-width: 768px)\" data-srcset=\"https:\/\/zinebi.eus\/assets\/media\/Mari\u0301a-Eugenia-Salverri-_-Ana-Murugarren.-Mikeldi-Saria-_-Mikeldi-of-Honour-_-Mikeldi-de-Honor-2020.JPG-768x512.jpg\"><img class=\"lazyload \" data-src=\"https:\/\/zinebi.eus\/assets\/media\/Mari\u0301a-Eugenia-Salverri-_-Ana-Murugarren.-Mikeldi-Saria-_-Mikeldi-of-Honour-_-Mikeldi-de-Honor-2020.JPG.jpg\" alt=\"Mari\u0301a Eugenia Salverri _ Ana Murugarren. Mikeldi Saria _ Mikeldi of Honour _ Mikeldi de Honor (2020).JPG\"><\/source><\/source><\/source><\/source><\/source><\/source><\/picture>\t\t\t\t\t\t\t\t<\/a>\n\t\t\t\t\t\t\t<\/div>\n\t\t\t\t\t\t<\/article>\n\t\t\t\t\t\t\t\t\t\t<article class=\"cb-galeria__item\">\n\t\t\t\t\t\t\t<div class=\"cb-galeria__item-card\">\n\t\t\t\t\t\t\t\t<a href=\"https:\/\/zinebi.eus\/assets\/media\/Mari%CC%81a-Eugenia-Salverri-_-Ana-Murugarren.-Mikeldi-Saria-_-Mikeldi-of-Honour-_-Mikeldi-de-Honor-20201.jpg\" class=\"cb-gallery__item\" title=\"\">\n\t\t\t\t\t\t\t\t\t<picture id=\"thumbnail-8465\" class=\"lazyload cb-img-thumbnail ratio-horizontal\"><source media=\"(max-width: 150px)\" data-srcset=\"https:\/\/zinebi.eus\/assets\/media\/Mari\u0301a-Eugenia-Salverri-_-Ana-Murugarren.-Mikeldi-Saria-_-Mikeldi-of-Honour-_-Mikeldi-de-Honor-20201-150x84.jpg\"><source media=\"(max-width: 300px)\" data-srcset=\"https:\/\/zinebi.eus\/assets\/media\/Mari\u0301a-Eugenia-Salverri-_-Ana-Murugarren.-Mikeldi-Saria-_-Mikeldi-of-Honour-_-Mikeldi-de-Honor-20201-300x169.jpg\"><source media=\"(max-width: 400px)\" data-srcset=\"https:\/\/zinebi.eus\/assets\/media\/Mari\u0301a-Eugenia-Salverri-_-Ana-Murugarren.-Mikeldi-Saria-_-Mikeldi-of-Honour-_-Mikeldi-de-Honor-20201-400x225.jpg\"><source media=\"(max-width: 480px)\" data-srcset=\"https:\/\/zinebi.eus\/assets\/media\/Mari\u0301a-Eugenia-Salverri-_-Ana-Murugarren.-Mikeldi-Saria-_-Mikeldi-of-Honour-_-Mikeldi-de-Honor-20201-480x270.jpg\"><source media=\"(max-width: 550px)\" data-srcset=\"https:\/\/zinebi.eus\/assets\/media\/Mari\u0301a-Eugenia-Salverri-_-Ana-Murugarren.-Mikeldi-Saria-_-Mikeldi-of-Honour-_-Mikeldi-de-Honor-20201-550x309.jpg\"><source media=\"(max-width: 768px)\" data-srcset=\"https:\/\/zinebi.eus\/assets\/media\/Mari\u0301a-Eugenia-Salverri-_-Ana-Murugarren.-Mikeldi-Saria-_-Mikeldi-of-Honour-_-Mikeldi-de-Honor-20201-768x432.jpg\"><img class=\"lazyload \" data-src=\"https:\/\/zinebi.eus\/assets\/media\/Mari\u0301a-Eugenia-Salverri-_-Ana-Murugarren.-Mikeldi-Saria-_-Mikeldi-of-Honour-_-Mikeldi-de-Honor-20201.jpg\" alt=\"Mari\u0301a Eugenia Salverri _ Ana Murugarren. Mikeldi Saria _ Mikeldi of Honour _ Mikeldi de Honor (2020)(1)\"><\/source><\/source><\/source><\/source><\/source><\/source><\/picture>\t\t\t\t\t\t\t\t<\/a>\n\t\t\t\t\t\t\t<\/div>\n\t\t\t\t\t\t<\/article>\n\t\t\t\t\t\t\t\t\t\t<article class=\"cb-galeria__item\">\n\t\t\t\t\t\t\t<div class=\"cb-galeria__item-card\">\n\t\t\t\t\t\t\t\t<a href=\"https:\/\/zinebi.eus\/assets\/media\/Mari%CC%81a-Eugenia-Salverri-_-Ana-Murugarren.-Mikeldi-Saria-_-Mikeldi-of-Honour-_-Mikeldi-de-Honor-20202.jpg\" class=\"cb-gallery__item\" title=\"\">\n\t\t\t\t\t\t\t\t\t<picture id=\"thumbnail-8468\" class=\"lazyload cb-img-thumbnail ratio-horizontal\"><source media=\"(max-width: 150px)\" data-srcset=\"https:\/\/zinebi.eus\/assets\/media\/Mari\u0301a-Eugenia-Salverri-_-Ana-Murugarren.-Mikeldi-Saria-_-Mikeldi-of-Honour-_-Mikeldi-de-Honor-20202-150x100.jpg\"><source media=\"(max-width: 300px)\" data-srcset=\"https:\/\/zinebi.eus\/assets\/media\/Mari\u0301a-Eugenia-Salverri-_-Ana-Murugarren.-Mikeldi-Saria-_-Mikeldi-of-Honour-_-Mikeldi-de-Honor-20202-300x200.jpg\"><source media=\"(max-width: 400px)\" data-srcset=\"https:\/\/zinebi.eus\/assets\/media\/Mari\u0301a-Eugenia-Salverri-_-Ana-Murugarren.-Mikeldi-Saria-_-Mikeldi-of-Honour-_-Mikeldi-de-Honor-20202-400x267.jpg\"><source media=\"(max-width: 480px)\" data-srcset=\"https:\/\/zinebi.eus\/assets\/media\/Mari\u0301a-Eugenia-Salverri-_-Ana-Murugarren.-Mikeldi-Saria-_-Mikeldi-of-Honour-_-Mikeldi-de-Honor-20202-480x320.jpg\"><source media=\"(max-width: 550px)\" data-srcset=\"https:\/\/zinebi.eus\/assets\/media\/Mari\u0301a-Eugenia-Salverri-_-Ana-Murugarren.-Mikeldi-Saria-_-Mikeldi-of-Honour-_-Mikeldi-de-Honor-20202-550x367.jpg\"><source media=\"(max-width: 768px)\" data-srcset=\"https:\/\/zinebi.eus\/assets\/media\/Mari\u0301a-Eugenia-Salverri-_-Ana-Murugarren.-Mikeldi-Saria-_-Mikeldi-of-Honour-_-Mikeldi-de-Honor-20202-768x512.jpg\"><img class=\"lazyload \" data-src=\"https:\/\/zinebi.eus\/assets\/media\/Mari\u0301a-Eugenia-Salverri-_-Ana-Murugarren.-Mikeldi-Saria-_-Mikeldi-of-Honour-_-Mikeldi-de-Honor-20202.jpg\" alt=\"Mari\u0301a Eugenia Salverri _ Ana Murugarren. Mikeldi Saria _ Mikeldi of Honour _ Mikeldi de Honor (2020)(2)\"><\/source><\/source><\/source><\/source><\/source><\/source><\/picture>\t\t\t\t\t\t\t\t<\/a>\n\t\t\t\t\t\t\t<\/div>\n\t\t\t\t\t\t<\/article>\n\t\t\t\t\t\t\t\t\t\t<article class=\"cb-galeria__item\">\n\t\t\t\t\t\t\t<div class=\"cb-galeria__item-card\">\n\t\t\t\t\t\t\t\t<a href=\"https:\/\/zinebi.eus\/assets\/media\/Mari%CC%81a-Eugenia-Salverri.-Mikeldi-Saria-_-Mikeldi-of-Honour-_-Mikeldi-de-Honor-2020.jpg\" class=\"cb-gallery__item\" title=\"\">\n\t\t\t\t\t\t\t\t\t<picture id=\"thumbnail-8471\" class=\"lazyload cb-img-thumbnail ratio-horizontal\"><source media=\"(max-width: 150px)\" data-srcset=\"https:\/\/zinebi.eus\/assets\/media\/Mari\u0301a-Eugenia-Salverri.-Mikeldi-Saria-_-Mikeldi-of-Honour-_-Mikeldi-de-Honor-2020-150x100.jpg\"><source media=\"(max-width: 300px)\" data-srcset=\"https:\/\/zinebi.eus\/assets\/media\/Mari\u0301a-Eugenia-Salverri.-Mikeldi-Saria-_-Mikeldi-of-Honour-_-Mikeldi-de-Honor-2020-300x200.jpg\"><source media=\"(max-width: 400px)\" data-srcset=\"https:\/\/zinebi.eus\/assets\/media\/Mari\u0301a-Eugenia-Salverri.-Mikeldi-Saria-_-Mikeldi-of-Honour-_-Mikeldi-de-Honor-2020-400x267.jpg\"><source media=\"(max-width: 480px)\" data-srcset=\"https:\/\/zinebi.eus\/assets\/media\/Mari\u0301a-Eugenia-Salverri.-Mikeldi-Saria-_-Mikeldi-of-Honour-_-Mikeldi-de-Honor-2020-480x320.jpg\"><source media=\"(max-width: 550px)\" data-srcset=\"https:\/\/zinebi.eus\/assets\/media\/Mari\u0301a-Eugenia-Salverri.-Mikeldi-Saria-_-Mikeldi-of-Honour-_-Mikeldi-de-Honor-2020-550x367.jpg\"><source media=\"(max-width: 768px)\" data-srcset=\"https:\/\/zinebi.eus\/assets\/media\/Mari\u0301a-Eugenia-Salverri.-Mikeldi-Saria-_-Mikeldi-of-Honour-_-Mikeldi-de-Honor-2020-768x512.jpg\"><img class=\"lazyload \" data-src=\"https:\/\/zinebi.eus\/assets\/media\/Mari\u0301a-Eugenia-Salverri.-Mikeldi-Saria-_-Mikeldi-of-Honour-_-Mikeldi-de-Honor-2020.jpg\" alt=\"Mari\u0301a Eugenia Salverri. Mikeldi Saria _ Mikeldi of Honour _ Mikeldi de Honor (2020)\"><\/source><\/source><\/source><\/source><\/source><\/source><\/picture>\t\t\t\t\t\t\t\t<\/a>\n\t\t\t\t\t\t\t<\/div>\n\t\t\t\t\t\t<\/article>\n\t\t\t\t\t\t\t\t\t\t<article class=\"cb-galeria__item\">\n\t\t\t\t\t\t\t<div class=\"cb-galeria__item-card\">\n\t\t\t\t\t\t\t\t<a href=\"https:\/\/zinebi.eus\/assets\/media\/Mari%CC%81a-Eugenia-Salverri.-Mikeldi-Saria-_-Mikeldi-of-Honour-_-Mikeldi-de-Honor-20201.jpg\" class=\"cb-gallery__item\" title=\"\">\n\t\t\t\t\t\t\t\t\t<picture id=\"thumbnail-8474\" class=\"lazyload cb-img-thumbnail ratio-horizontal\"><source media=\"(max-width: 150px)\" data-srcset=\"https:\/\/zinebi.eus\/assets\/media\/Mari\u0301a-Eugenia-Salverri.-Mikeldi-Saria-_-Mikeldi-of-Honour-_-Mikeldi-de-Honor-20201-150x84.jpg\"><source media=\"(max-width: 300px)\" data-srcset=\"https:\/\/zinebi.eus\/assets\/media\/Mari\u0301a-Eugenia-Salverri.-Mikeldi-Saria-_-Mikeldi-of-Honour-_-Mikeldi-de-Honor-20201-300x169.jpg\"><source media=\"(max-width: 400px)\" data-srcset=\"https:\/\/zinebi.eus\/assets\/media\/Mari\u0301a-Eugenia-Salverri.-Mikeldi-Saria-_-Mikeldi-of-Honour-_-Mikeldi-de-Honor-20201-400x225.jpg\"><source media=\"(max-width: 480px)\" data-srcset=\"https:\/\/zinebi.eus\/assets\/media\/Mari\u0301a-Eugenia-Salverri.-Mikeldi-Saria-_-Mikeldi-of-Honour-_-Mikeldi-de-Honor-20201-480x270.jpg\"><source media=\"(max-width: 550px)\" data-srcset=\"https:\/\/zinebi.eus\/assets\/media\/Mari\u0301a-Eugenia-Salverri.-Mikeldi-Saria-_-Mikeldi-of-Honour-_-Mikeldi-de-Honor-20201-550x309.jpg\"><source media=\"(max-width: 768px)\" data-srcset=\"https:\/\/zinebi.eus\/assets\/media\/Mari\u0301a-Eugenia-Salverri.-Mikeldi-Saria-_-Mikeldi-of-Honour-_-Mikeldi-de-Honor-20201-768x432.jpg\"><img class=\"lazyload \" data-src=\"https:\/\/zinebi.eus\/assets\/media\/Mari\u0301a-Eugenia-Salverri.-Mikeldi-Saria-_-Mikeldi-of-Honour-_-Mikeldi-de-Honor-20201.jpg\" alt=\"Mari\u0301a Eugenia Salverri. Mikeldi Saria _ Mikeldi of Honour _ Mikeldi de Honor (2020)(1)\"><\/source><\/source><\/source><\/source><\/source><\/source><\/picture>\t\t\t\t\t\t\t\t<\/a>\n\t\t\t\t\t\t\t<\/div>\n\t\t\t\t\t\t<\/article>\n\t\t\t\t\t\t\t\t\t\t<article class=\"cb-galeria__item\">\n\t\t\t\t\t\t\t<div class=\"cb-galeria__item-card\">\n\t\t\t\t\t\t\t\t<a href=\"https:\/\/zinebi.eus\/assets\/media\/Mari%CC%81a-Eugenia-Salverri.-Mikeldi-Saria-_-Mikeldi-of-Honour-_-Mikeldi-de-Honor-20202.jpg\" class=\"cb-gallery__item\" title=\"\">\n\t\t\t\t\t\t\t\t\t<picture id=\"thumbnail-8477\" class=\"lazyload cb-img-thumbnail ratio-horizontal\"><source media=\"(max-width: 150px)\" data-srcset=\"https:\/\/zinebi.eus\/assets\/media\/Mari\u0301a-Eugenia-Salverri.-Mikeldi-Saria-_-Mikeldi-of-Honour-_-Mikeldi-de-Honor-20202-150x84.jpg\"><source media=\"(max-width: 300px)\" data-srcset=\"https:\/\/zinebi.eus\/assets\/media\/Mari\u0301a-Eugenia-Salverri.-Mikeldi-Saria-_-Mikeldi-of-Honour-_-Mikeldi-de-Honor-20202-300x169.jpg\"><source media=\"(max-width: 400px)\" data-srcset=\"https:\/\/zinebi.eus\/assets\/media\/Mari\u0301a-Eugenia-Salverri.-Mikeldi-Saria-_-Mikeldi-of-Honour-_-Mikeldi-de-Honor-20202-400x225.jpg\"><source media=\"(max-width: 480px)\" data-srcset=\"https:\/\/zinebi.eus\/assets\/media\/Mari\u0301a-Eugenia-Salverri.-Mikeldi-Saria-_-Mikeldi-of-Honour-_-Mikeldi-de-Honor-20202-480x270.jpg\"><source media=\"(max-width: 550px)\" data-srcset=\"https:\/\/zinebi.eus\/assets\/media\/Mari\u0301a-Eugenia-Salverri.-Mikeldi-Saria-_-Mikeldi-of-Honour-_-Mikeldi-de-Honor-20202-550x309.jpg\"><source media=\"(max-width: 768px)\" data-srcset=\"https:\/\/zinebi.eus\/assets\/media\/Mari\u0301a-Eugenia-Salverri.-Mikeldi-Saria-_-Mikeldi-of-Honour-_-Mikeldi-de-Honor-20202-768x432.jpg\"><img class=\"lazyload \" data-src=\"https:\/\/zinebi.eus\/assets\/media\/Mari\u0301a-Eugenia-Salverri.-Mikeldi-Saria-_-Mikeldi-of-Honour-_-Mikeldi-de-Honor-20202.jpg\" alt=\"Mari\u0301a Eugenia Salverri. Mikeldi Saria _ Mikeldi of Honour _ Mikeldi de Honor (2020)(2)\"><\/source><\/source><\/source><\/source><\/source><\/source><\/picture>\t\t\t\t\t\t\t\t<\/a>\n\t\t\t\t\t\t\t<\/div>\n\t\t\t\t\t\t<\/article>\n\t\t\t\t\t\t\t<\/div>\t\n\t\t<\/main>\n\t\t<\/section><!-- \/cb-galeria__block -->\r\n\r\n<\/div>\r\n<\/div>\r\n<\/div>","protected":false},"excerpt":{"rendered":"<p>ANA MURUGARREN &amp; MAR\u00cdA EUGENIA SALAVERRI. TWO HIGHLY VALUED FEMALE FILMMAKERS In life, there are sometimes exceptional, unexpected occasions or situations that tend to make us look around in search of valid points of reference to help us overcome difficulties, not lose hope, and succeed and overcome. The coronavirus pandemic that we are experiencing is [&hellip;]<\/p>\n","protected":false},"author":2,"featured_media":8464,"parent":369,"menu_order":0,"comment_status":"closed","ping_status":"closed","template":"templates\/page-hero-mikeldi.php","meta":{"_acf_changed":false,"footnotes":""},"class_list":["post-7990","page","type-page","status-publish","has-post-thumbnail","hentry"],"acf":[],"_links":{"self":[{"href":"https:\/\/zinebi.eus\/en\/wp-json\/wp\/v2\/pages\/7990","targetHints":{"allow":["GET"]}}],"collection":[{"href":"https:\/\/zinebi.eus\/en\/wp-json\/wp\/v2\/pages"}],"about":[{"href":"https:\/\/zinebi.eus\/en\/wp-json\/wp\/v2\/types\/page"}],"author":[{"embeddable":true,"href":"https:\/\/zinebi.eus\/en\/wp-json\/wp\/v2\/users\/2"}],"replies":[{"embeddable":true,"href":"https:\/\/zinebi.eus\/en\/wp-json\/wp\/v2\/comments?post=7990"}],"version-history":[{"count":3,"href":"https:\/\/zinebi.eus\/en\/wp-json\/wp\/v2\/pages\/7990\/revisions"}],"predecessor-version":[{"id":8490,"href":"https:\/\/zinebi.eus\/en\/wp-json\/wp\/v2\/pages\/7990\/revisions\/8490"}],"up":[{"embeddable":true,"href":"https:\/\/zinebi.eus\/en\/wp-json\/wp\/v2\/pages\/369"}],"wp:featuredmedia":[{"embeddable":true,"href":"https:\/\/zinebi.eus\/en\/wp-json\/wp\/v2\/media\/8464"}],"wp:attachment":[{"href":"https:\/\/zinebi.eus\/en\/wp-json\/wp\/v2\/media?parent=7990"}],"curies":[{"name":"wp","href":"https:\/\/api.w.org\/{rel}","templated":true}]}}