 {"id":1218,"date":"2021-09-29T15:53:19","date_gmt":"2021-09-29T15:53:19","guid":{"rendered":"https:\/\/zinebi.eus\/jaialdia\/ohorezko-mikeldia\/marta-meszaros\/"},"modified":"2022-09-14T14:46:19","modified_gmt":"2022-09-14T14:46:19","slug":"marta-meszaros","status":"publish","type":"page","link":"https:\/\/zinebi.eus\/eu\/jaialdia\/ohorezko-mikeldia\/marta-meszaros\/","title":{"rendered":"M\u00c1RTA M\u00c9SZ\u00c1ROS"},"content":{"rendered":"<div class=\"row\">\r\n <div class=\"col-md-12\">\r\n\t\t\t\t\t\t\t\t\r\n\t\t\t\t\t\t\t<h2>MILAKA HITZ BILTZEN DITUZTEN IRUDIAK M\u00c1RTA M\u00c9SZ\u00c1ROS-EN ZINEA<\/h2>\r\n\t\t\t\t\t\t\t\t<p>XX. mendearen erdialdean, zinemagileen belaunaldi oso batek (M\u00e1rta M\u00e9sz\u00e1ros bera, Mai Zetterling, Liliana Cavani eta Agn\u00e8s Varda, besteak beste) zinemagintzara jauzia egin zuen ustekabean. M\u00e1rta M\u00e9sz\u00e1rosek, belaunaldi-kideek bezala, zentzuz jositako irudiarekiko pasio erradikala erakusten du bere egitekoan, eta eguneroko afektuen pultsua islatzeko gai diren kontakizunak baliatzen ditu.<\/p>\r\n                                <p>Egun bere lana berrikusita, liluratu egiten gaitu haren narrazioetan denboren eta espazioen eraikuntza eta artikulazio trebeak. Enkoadraketa bikainen zehaztasuna, pertsonaiekin bat da- tozen edota horiek aurkezten dituzten travelling bidezko sekuentzia-planoen erabilera apar- ta, plano\/kontraplano usatuari uko egiten dion elkarrizketen erabilera zirkularra, errespetuz jositako eszena intimoetan pertsonaien lehenengo planoak\u2026 Ikuskizunetik at dagoen kamera darabil, espresibotasun egarriz.<\/p>\r\n                                <p>Eta ezaugarri horiek guztiak baliatuz jorratzen ditu askotariko gaiak: sexualitatea, soldatapeko lana, etxeko espazioa, amatasuna, belaunaldien arteko harremanak, sistematik at ematen den konplizitateen bistaratzea eta pertsonaien arteko enpatia\u2026 Horien guztien bitartez, desiotako bizitza librea bizi ahal izateko erresistentzia erradikala islatzen du. Guztiari ematen dio mere- zitako denbora M\u00e9sz\u00e1rosek.<\/p>\r\n                                <p>Emakume langileak ageri dira, lantegietan, sukaldeetan, baratzeetan, bulegoetan eta institu- zioetan. Pertsonaien eguneroko bizitzako denborak istorioak lagundu eta osatzen ditu. Protago- nistak \u2014emakumezkoak ia guztiak\u2014 historia ofizialari \u2014kasu honetan Hungariakoari\u2014 kargu hartzeko asmoz daude bertan, alderdi pertsonalenetik, politikoa ere baden horretatik, haren larderia eta dogmatismoa kolokan jartzeko asmoz. Filmografian islatzen diren hurrengo ha- markadetan, aurreiritziei aurre egin behar dioten emakumeak dira protagonista; aldarri eta diskurtsorik behar izan gabe, haize kontra erabakiak hartzen dituztenak. Gertakariak besterik ez ditu islatzen, feminismo filmiko delikatu, eztabaidaezin eta pragmatiko baten bidez.<\/p>\r\n<p>Nazioarteko jaialdi ugarik baloratu eta saritu dituzte bere lanak, baita, ahanztura gailentzean, zinemagileen filmografiak mimatu dituzten jaialdiek tarteka berreskuratu ere (Festival de Films de Femmes de Cr\u00e9teil jaialdiak kasu). Orain, ZINEBIk eskainiko ditu haren obra eta ibilbidea, zinearen maisu handia izan den eta den emakume honi merezitako omenaldia egite aldera. Eskerrik asko.<\/p>\r\n\t\t\t\t\t\t\t\t\r\n\t\t<p><strong>Marta Selva Masoliver<\/strong>.<br>Bartzelonako Mostra Internacional de Films de Dones<\/p>\t\t\t\t\t  \r\n\t\t\t\t\t\t\t  <br>\r\n<iframe loading=\"lazy\" width=\"560\" height=\"315\" src=\"https:\/\/www.youtube.com\/embed\/Gb7HxmmKCOo?controls=0\" title=\"YouTube video player\" frameborder=\"0\" allow=\"accelerometer; autoplay; clipboard-write; encrypted-media; gyroscope; picture-in-picture\" allowfullscreen><\/iframe>\r\n\r\n<section id=\"galeria-id-8573\" class=\"cb-galeria__block\">\n\t\t<header class=\"cb-galeria__header\">\n\t\t<div class=\"block-cross-line\">\n\t\t\t<div>\n\t\t\t\tM\u00c1RTA M\u00c9SZ\u00c1ROS\t   \t\t\t\t\t\t\t\t\t\t\t\n\t\t\t<\/div>\n\t\t<\/div>\n\t<\/header>\n\t\t\t<!-- style grid gallery -->\n\t\t<style type=\"text\/css\">\n\t\t\t\t\t\t\t#galeria-id-8573 .cb-galeria__grid > .cb-galeria__item {\n\t\t\t\t\twidth : 20.00%;\n\t\t\t\t}\n\t\t\t\t\t\t<\/style>\n\t\t\t\t<main class=\"cb-galeria cb-gallery\">\n\t\t\t<div class=\"cb-galeria__grid force-1x1\">\n\t\t\t\t\t\t\t\t\t\t<article class=\"cb-galeria__item\">\n\t\t\t\t\t\t\t<div class=\"cb-galeria__item-card\">\n\t\t\t\t\t\t\t\t<a href=\"https:\/\/zinebi.eus\/assets\/media\/Cleo-Lada%CC%81nyi.-Ma%CC%81rta-Me%CC%81sza%CC%81ros-Iloba-_-Nieta-_-Granddaughter.jpg\" class=\"cb-gallery__item\" title=\"Cleo Lad\u00e1nyi. M\u00e1rta M\u00e9sz\u00e1ros Iloba \/ Nieta \/ Granddaughter\">\n\t\t\t\t\t\t\t\t\t<picture id=\"thumbnail-8574\" class=\"lazyload cb-img-thumbnail ratio-vertical\"><source media=\"(max-width: 150px)\" data-srcset=\"https:\/\/zinebi.eus\/assets\/media\/Cleo-Lada\u0301nyi.-Ma\u0301rta-Me\u0301sza\u0301ros-Iloba-_-Nieta-_-Granddaughter-150x226.jpg\"><source media=\"(max-width: 300px)\" data-srcset=\"https:\/\/zinebi.eus\/assets\/media\/Cleo-Lada\u0301nyi.-Ma\u0301rta-Me\u0301sza\u0301ros-Iloba-_-Nieta-_-Granddaughter-300x451.jpg\"><source media=\"(max-width: 400px)\" data-srcset=\"https:\/\/zinebi.eus\/assets\/media\/Cleo-Lada\u0301nyi.-Ma\u0301rta-Me\u0301sza\u0301ros-Iloba-_-Nieta-_-Granddaughter-400x602.jpg\"><source media=\"(max-width: 480px)\" data-srcset=\"https:\/\/zinebi.eus\/assets\/media\/Cleo-Lada\u0301nyi.-Ma\u0301rta-Me\u0301sza\u0301ros-Iloba-_-Nieta-_-Granddaughter-480x722.jpg\"><source media=\"(max-width: 550px)\" data-srcset=\"https:\/\/zinebi.eus\/assets\/media\/Cleo-Lada\u0301nyi.-Ma\u0301rta-Me\u0301sza\u0301ros-Iloba-_-Nieta-_-Granddaughter-550x827.jpg\"><source media=\"(max-width: 768px)\" data-srcset=\"https:\/\/zinebi.eus\/assets\/media\/Cleo-Lada\u0301nyi.-Ma\u0301rta-Me\u0301sza\u0301ros-Iloba-_-Nieta-_-Granddaughter-768x1155.jpg\"><img class=\"lazyload \" data-src=\"https:\/\/zinebi.eus\/assets\/media\/Cleo-Lada\u0301nyi.-Ma\u0301rta-Me\u0301sza\u0301ros-Iloba-_-Nieta-_-Granddaughter.jpg\" alt=\"Cleo Lada\u0301nyi. Ma\u0301rta Me\u0301sza\u0301ros Iloba _ Nieta _ Granddaughter\"><\/source><\/source><\/source><\/source><\/source><\/source><\/picture>\t\t\t\t\t\t\t\t\n\t\t\t\t\t\t\t\t\t<span class=\"cb-galeria__item-text\">\n\t\t\t\t\t\t\t\t\t\t<span class=\"cb-galeria__text-inner\">\n\t\t\t\t\t\t\t\t\t\t\t<span class=\"cb-galeria__text-capsule\">\n\t\t\t\t\t\t\t\t\t\t\t\t<small>Cleo Lad\u00e1nyi. M\u00e1rta M\u00e9sz\u00e1ros Iloba \/ Nieta \/ Granddaughter<\/small>\n\t\t\t\t\t\t\t\t\t\t\t<\/span>\t\n\t\t\t\t\t\t\t\t\t\t<\/span>\t\t\t\t\t\t\t\t\t\n\t\t\t\t\t\t\t\t\t<\/span>\n\t\t\t\t\t\t\t\t\t\t\t\t\t\t\t\t\t<\/a>\n\t\t\t\t\t\t\t<\/div>\n\t\t\t\t\t\t<\/article>\n\t\t\t\t\t\t\t\t\t\t<article class=\"cb-galeria__item\">\n\t\t\t\t\t\t\t<div class=\"cb-galeria__item-card\">\n\t\t\t\t\t\t\t\t<a href=\"https:\/\/zinebi.eus\/assets\/media\/Cleo-Lada%CC%81nyi.-Ma%CC%81rta-Me%CC%81sza%CC%81ros-Iloba-_-Nieta-_-Granddaughter1.jpg\" class=\"cb-gallery__item\" title=\"Cleo Lad\u00e1nyi. M\u00e1rta M\u00e9sz\u00e1ros Iloba \/ Nieta \/ Granddaughter\">\n\t\t\t\t\t\t\t\t\t<picture id=\"thumbnail-8577\" class=\"lazyload cb-img-thumbnail ratio-horizontal\"><source media=\"(max-width: 150px)\" data-srcset=\"https:\/\/zinebi.eus\/assets\/media\/Cleo-Lada\u0301nyi.-Ma\u0301rta-Me\u0301sza\u0301ros-Iloba-_-Nieta-_-Granddaughter1-150x100.jpg\"><source media=\"(max-width: 300px)\" data-srcset=\"https:\/\/zinebi.eus\/assets\/media\/Cleo-Lada\u0301nyi.-Ma\u0301rta-Me\u0301sza\u0301ros-Iloba-_-Nieta-_-Granddaughter1-300x199.jpg\"><source media=\"(max-width: 400px)\" data-srcset=\"https:\/\/zinebi.eus\/assets\/media\/Cleo-Lada\u0301nyi.-Ma\u0301rta-Me\u0301sza\u0301ros-Iloba-_-Nieta-_-Granddaughter1-400x266.jpg\"><source media=\"(max-width: 480px)\" data-srcset=\"https:\/\/zinebi.eus\/assets\/media\/Cleo-Lada\u0301nyi.-Ma\u0301rta-Me\u0301sza\u0301ros-Iloba-_-Nieta-_-Granddaughter1-480x319.jpg\"><source media=\"(max-width: 550px)\" data-srcset=\"https:\/\/zinebi.eus\/assets\/media\/Cleo-Lada\u0301nyi.-Ma\u0301rta-Me\u0301sza\u0301ros-Iloba-_-Nieta-_-Granddaughter1-550x365.jpg\"><source media=\"(max-width: 768px)\" data-srcset=\"https:\/\/zinebi.eus\/assets\/media\/Cleo-Lada\u0301nyi.-Ma\u0301rta-Me\u0301sza\u0301ros-Iloba-_-Nieta-_-Granddaughter1-768x510.jpg\"><img class=\"lazyload \" data-src=\"https:\/\/zinebi.eus\/assets\/media\/Cleo-Lada\u0301nyi.-Ma\u0301rta-Me\u0301sza\u0301ros-Iloba-_-Nieta-_-Granddaughter1.jpg\" alt=\"Cleo Lada\u0301nyi. Ma\u0301rta Me\u0301sza\u0301ros Iloba _ Nieta _ Granddaughter(1)\"><\/source><\/source><\/source><\/source><\/source><\/source><\/picture>\t\t\t\t\t\t\t\t\n\t\t\t\t\t\t\t\t\t<span class=\"cb-galeria__item-text\">\n\t\t\t\t\t\t\t\t\t\t<span class=\"cb-galeria__text-inner\">\n\t\t\t\t\t\t\t\t\t\t\t<span class=\"cb-galeria__text-capsule\">\n\t\t\t\t\t\t\t\t\t\t\t\t<small>Cleo Lad\u00e1nyi. M\u00e1rta M\u00e9sz\u00e1ros Iloba \/ Nieta \/ Granddaughter<\/small>\n\t\t\t\t\t\t\t\t\t\t\t<\/span>\t\n\t\t\t\t\t\t\t\t\t\t<\/span>\t\t\t\t\t\t\t\t\t\n\t\t\t\t\t\t\t\t\t<\/span>\n\t\t\t\t\t\t\t\t\t\t\t\t\t\t\t\t\t<\/a>\n\t\t\t\t\t\t\t<\/div>\n\t\t\t\t\t\t<\/article>\n\t\t\t\t\t\t\t\t\t\t<article class=\"cb-galeria__item\">\n\t\t\t\t\t\t\t<div class=\"cb-galeria__item-card\">\n\t\t\t\t\t\t\t\t<a href=\"https:\/\/zinebi.eus\/assets\/media\/Cleo-Lada%CC%81nyi.-Ma%CC%81rta-Me%CC%81sza%CC%81ros-Iloba-_-Nieta-_-Granddaughter2.jpg\" class=\"cb-gallery__item\" title=\"Cleo Lad\u00e1nyi. M\u00e1rta M\u00e9sz\u00e1ros Iloba \/ Nieta \/ Granddaughter\">\n\t\t\t\t\t\t\t\t\t<picture id=\"thumbnail-8580\" class=\"lazyload cb-img-thumbnail ratio-horizontal\"><source media=\"(max-width: 150px)\" data-srcset=\"https:\/\/zinebi.eus\/assets\/media\/Cleo-Lada\u0301nyi.-Ma\u0301rta-Me\u0301sza\u0301ros-Iloba-_-Nieta-_-Granddaughter2-150x100.jpg\"><source media=\"(max-width: 300px)\" data-srcset=\"https:\/\/zinebi.eus\/assets\/media\/Cleo-Lada\u0301nyi.-Ma\u0301rta-Me\u0301sza\u0301ros-Iloba-_-Nieta-_-Granddaughter2-300x199.jpg\"><source media=\"(max-width: 400px)\" data-srcset=\"https:\/\/zinebi.eus\/assets\/media\/Cleo-Lada\u0301nyi.-Ma\u0301rta-Me\u0301sza\u0301ros-Iloba-_-Nieta-_-Granddaughter2-400x266.jpg\"><source media=\"(max-width: 480px)\" data-srcset=\"https:\/\/zinebi.eus\/assets\/media\/Cleo-Lada\u0301nyi.-Ma\u0301rta-Me\u0301sza\u0301ros-Iloba-_-Nieta-_-Granddaughter2-480x319.jpg\"><source media=\"(max-width: 550px)\" data-srcset=\"https:\/\/zinebi.eus\/assets\/media\/Cleo-Lada\u0301nyi.-Ma\u0301rta-Me\u0301sza\u0301ros-Iloba-_-Nieta-_-Granddaughter2-550x365.jpg\"><source media=\"(max-width: 768px)\" data-srcset=\"https:\/\/zinebi.eus\/assets\/media\/Cleo-Lada\u0301nyi.-Ma\u0301rta-Me\u0301sza\u0301ros-Iloba-_-Nieta-_-Granddaughter2-768x510.jpg\"><img class=\"lazyload \" data-src=\"https:\/\/zinebi.eus\/assets\/media\/Cleo-Lada\u0301nyi.-Ma\u0301rta-Me\u0301sza\u0301ros-Iloba-_-Nieta-_-Granddaughter2.jpg\" alt=\"Cleo Lada\u0301nyi. Ma\u0301rta Me\u0301sza\u0301ros Iloba _ Nieta _ Granddaughter(2)\"><\/source><\/source><\/source><\/source><\/source><\/source><\/picture>\t\t\t\t\t\t\t\t\n\t\t\t\t\t\t\t\t\t<span class=\"cb-galeria__item-text\">\n\t\t\t\t\t\t\t\t\t\t<span class=\"cb-galeria__text-inner\">\n\t\t\t\t\t\t\t\t\t\t\t<span class=\"cb-galeria__text-capsule\">\n\t\t\t\t\t\t\t\t\t\t\t\t<small>Cleo Lad\u00e1nyi. M\u00e1rta M\u00e9sz\u00e1ros Iloba \/ Nieta \/ Granddaughter<\/small>\n\t\t\t\t\t\t\t\t\t\t\t<\/span>\t\n\t\t\t\t\t\t\t\t\t\t<\/span>\t\t\t\t\t\t\t\t\t\n\t\t\t\t\t\t\t\t\t<\/span>\n\t\t\t\t\t\t\t\t\t\t\t\t\t\t\t\t\t<\/a>\n\t\t\t\t\t\t\t<\/div>\n\t\t\t\t\t\t<\/article>\n\t\t\t\t\t\t\t\t\t\t<article class=\"cb-galeria__item\">\n\t\t\t\t\t\t\t<div class=\"cb-galeria__item-card\">\n\t\t\t\t\t\t\t\t<a href=\"https:\/\/zinebi.eus\/assets\/media\/Gonzalo-Olabarria-Concejal-de-Cultura-Beatriz-Navas-Directora-ICAA-Vanesa-Ferna%CC%81ndez-Guerra-Directora-ZINEBI-Cleo-Lada%CC%81nyi-In-representation-of-Ma%CC%81rta-Me%CC%81sza%CC%81ros-Gotzone-Sagardui-Concejala-Ayto.-de-Bilbao.jpg\" class=\"cb-gallery__item\" title=\"Gonzalo Olabarria (Concejal de Cultura), Beatriz Navas (Directora ICAA), Vanesa Fern\u00e1ndez Guerra (Directora ZINEBI), Cleo Lad\u00e1nyi (In representation of M\u00e1rta M\u00e9sz\u00e1ros), Gotzone Sagardui (Concejala Ayto. de Bilbao)\">\n\t\t\t\t\t\t\t\t\t<picture id=\"thumbnail-8583\" class=\"lazyload cb-img-thumbnail ratio-horizontal\"><source media=\"(max-width: 150px)\" data-srcset=\"https:\/\/zinebi.eus\/assets\/media\/Gonzalo-Olabarria-Concejal-de-Cultura-Beatriz-Navas-Directora-ICAA-Vanesa-Ferna\u0301ndez-Guerra-Directora-ZINEBI-Cleo-Lada\u0301nyi-In-representation-of-Ma\u0301rta-Me\u0301sza\u0301ros-Gotzone-Sagardui-Concejala-Ayto.-de-Bilbao-150x100.jpg\"><source media=\"(max-width: 300px)\" data-srcset=\"https:\/\/zinebi.eus\/assets\/media\/Gonzalo-Olabarria-Concejal-de-Cultura-Beatriz-Navas-Directora-ICAA-Vanesa-Ferna\u0301ndez-Guerra-Directora-ZINEBI-Cleo-Lada\u0301nyi-In-representation-of-Ma\u0301rta-Me\u0301sza\u0301ros-Gotzone-Sagardui-Concejala-Ayto.-de-Bilbao-300x199.jpg\"><source media=\"(max-width: 400px)\" data-srcset=\"https:\/\/zinebi.eus\/assets\/media\/Gonzalo-Olabarria-Concejal-de-Cultura-Beatriz-Navas-Directora-ICAA-Vanesa-Ferna\u0301ndez-Guerra-Directora-ZINEBI-Cleo-Lada\u0301nyi-In-representation-of-Ma\u0301rta-Me\u0301sza\u0301ros-Gotzone-Sagardui-Concejala-Ayto.-de-Bilbao-400x266.jpg\"><source media=\"(max-width: 480px)\" data-srcset=\"https:\/\/zinebi.eus\/assets\/media\/Gonzalo-Olabarria-Concejal-de-Cultura-Beatriz-Navas-Directora-ICAA-Vanesa-Ferna\u0301ndez-Guerra-Directora-ZINEBI-Cleo-Lada\u0301nyi-In-representation-of-Ma\u0301rta-Me\u0301sza\u0301ros-Gotzone-Sagardui-Concejala-Ayto.-de-Bilbao-480x319.jpg\"><source media=\"(max-width: 550px)\" data-srcset=\"https:\/\/zinebi.eus\/assets\/media\/Gonzalo-Olabarria-Concejal-de-Cultura-Beatriz-Navas-Directora-ICAA-Vanesa-Ferna\u0301ndez-Guerra-Directora-ZINEBI-Cleo-Lada\u0301nyi-In-representation-of-Ma\u0301rta-Me\u0301sza\u0301ros-Gotzone-Sagardui-Concejala-Ayto.-de-Bilbao-550x365.jpg\"><source media=\"(max-width: 768px)\" data-srcset=\"https:\/\/zinebi.eus\/assets\/media\/Gonzalo-Olabarria-Concejal-de-Cultura-Beatriz-Navas-Directora-ICAA-Vanesa-Ferna\u0301ndez-Guerra-Directora-ZINEBI-Cleo-Lada\u0301nyi-In-representation-of-Ma\u0301rta-Me\u0301sza\u0301ros-Gotzone-Sagardui-Concejala-Ayto.-de-Bilbao-768x510.jpg\"><img class=\"lazyload \" data-src=\"https:\/\/zinebi.eus\/assets\/media\/Gonzalo-Olabarria-Concejal-de-Cultura-Beatriz-Navas-Directora-ICAA-Vanesa-Ferna\u0301ndez-Guerra-Directora-ZINEBI-Cleo-Lada\u0301nyi-In-representation-of-Ma\u0301rta-Me\u0301sza\u0301ros-Gotzone-Sagardui-Concejala-Ayto.-de-Bilbao.jpg\" alt=\"Gonzalo Olabarria (Concejal de Cultura), Beatriz Navas (Directora ICAA), Vanesa Ferna\u0301ndez Guerra (Directora ZINEBI), Cleo Lada\u0301nyi (In representation of Ma\u0301rta Me\u0301sza\u0301ros), Gotzone Sagardui (Concejala Ayto. de Bilbao)\"><\/source><\/source><\/source><\/source><\/source><\/source><\/picture>\t\t\t\t\t\t\t\t\n\t\t\t\t\t\t\t\t\t<span class=\"cb-galeria__item-text\">\n\t\t\t\t\t\t\t\t\t\t<span class=\"cb-galeria__text-inner\">\n\t\t\t\t\t\t\t\t\t\t\t<span class=\"cb-galeria__text-capsule\">\n\t\t\t\t\t\t\t\t\t\t\t\t<small>Gonzalo Olabarria (Concejal de Cultura), Beatriz Navas (Directora ICAA), Vanesa Fern\u00e1ndez Guerra (Directora ZINEBI), Cleo Lad\u00e1nyi (In representation of M\u00e1rta M\u00e9sz\u00e1ros), Gotzone Sagardui (Concejala Ayto. de Bilbao)<\/small>\n\t\t\t\t\t\t\t\t\t\t\t<\/span>\t\n\t\t\t\t\t\t\t\t\t\t<\/span>\t\t\t\t\t\t\t\t\t\n\t\t\t\t\t\t\t\t\t<\/span>\n\t\t\t\t\t\t\t\t\t\t\t\t\t\t\t\t\t<\/a>\n\t\t\t\t\t\t\t<\/div>\n\t\t\t\t\t\t<\/article>\n\t\t\t\t\t\t\t<\/div>\t\n\t\t<\/main>\n\t\t<\/section><!-- \/cb-galeria__block -->\r\n\t\t\t\t\t\t  <\/div>\r\n\t\t\t\t\t\t\t\r\n\t\t\t\t\t\t<\/div>","protected":false},"excerpt":{"rendered":"<p>MILAKA HITZ BILTZEN DITUZTEN IRUDIAK M\u00c1RTA M\u00c9SZ\u00c1ROS-EN ZINEA XX. mendearen erdialdean, zinemagileen belaunaldi oso batek (M\u00e1rta M\u00e9sz\u00e1ros bera, Mai Zetterling, Liliana Cavani eta Agn\u00e8s Varda, besteak beste) zinemagintzara jauzia egin zuen ustekabean. M\u00e1rta M\u00e9sz\u00e1rosek, belaunaldi-kideek bezala, zentzuz jositako irudiarekiko pasio erradikala erakusten du bere egitekoan, eta eguneroko afektuen pultsua islatzeko gai diren kontakizunak baliatzen ditu. [&hellip;]<\/p>\n","protected":false},"author":3,"featured_media":867,"parent":371,"menu_order":0,"comment_status":"closed","ping_status":"closed","template":"templates\/page-hero-mikeldi.php","meta":{"_acf_changed":false,"footnotes":""},"class_list":["post-1218","page","type-page","status-publish","has-post-thumbnail","hentry"],"acf":[],"_links":{"self":[{"href":"https:\/\/zinebi.eus\/eu\/wp-json\/wp\/v2\/pages\/1218","targetHints":{"allow":["GET"]}}],"collection":[{"href":"https:\/\/zinebi.eus\/eu\/wp-json\/wp\/v2\/pages"}],"about":[{"href":"https:\/\/zinebi.eus\/eu\/wp-json\/wp\/v2\/types\/page"}],"author":[{"embeddable":true,"href":"https:\/\/zinebi.eus\/eu\/wp-json\/wp\/v2\/users\/3"}],"replies":[{"embeddable":true,"href":"https:\/\/zinebi.eus\/eu\/wp-json\/wp\/v2\/comments?post=1218"}],"version-history":[{"count":6,"href":"https:\/\/zinebi.eus\/eu\/wp-json\/wp\/v2\/pages\/1218\/revisions"}],"predecessor-version":[{"id":9869,"href":"https:\/\/zinebi.eus\/eu\/wp-json\/wp\/v2\/pages\/1218\/revisions\/9869"}],"up":[{"embeddable":true,"href":"https:\/\/zinebi.eus\/eu\/wp-json\/wp\/v2\/pages\/371"}],"wp:featuredmedia":[{"embeddable":true,"href":"https:\/\/zinebi.eus\/eu\/wp-json\/wp\/v2\/media\/867"}],"wp:attachment":[{"href":"https:\/\/zinebi.eus\/eu\/wp-json\/wp\/v2\/media?parent=1218"}],"curies":[{"name":"wp","href":"https:\/\/api.w.org\/{rel}","templated":true}]}}