 {"id":12850,"date":"2022-10-24T15:47:35","date_gmt":"2022-10-24T15:47:35","guid":{"rendered":"https:\/\/zinebi.eus\/peloponnisos-at-zinebi-64\/"},"modified":"2022-11-08T17:59:21","modified_gmt":"2022-11-08T17:59:21","slug":"peloponnisos-at-zinebi-64","status":"publish","type":"page","link":"https:\/\/zinebi.eus\/eu\/peloponnisos-at-zinebi-64\/","title":{"rendered":"Peloponnisos International Doc Film Festival &#8211; ZINEBI 64"},"content":{"rendered":"<div>\r\n<h2>ASKATASUNA ALDARRIKATZEKO<\/h2>\r\n<p>Peloponesoko Zinema Dokumentalaren Nazioarteko Jaialdia Kalamatako Sorkuntza Zentro Dokumentalak antolatzen du. Kalamatan du egoitza eta Peloponeso eskualdeko beste 12 hiritan proiektatzen da. Europako zinemaldiekin etengabeko lankidetzatan jardutearen esparruan, Peloponesoko Zinema Dokumentalaren Nazioarteko Jaialdiak atsegin handiz egin du elkarlana ZINEBIrekin, Bilboko Dokumentalen eta Film Laburren Nazioarteko Jaialdiarekin, zeina mundu mailan ospetsua den zinemaldia baita.<\/p>\r\n\r\n<p>Duela hiru urte, bi jaialdiak beren zinemagileen lanak sustatzeko moduak aztertzen hasi ziren, baina baita haien arteko komunikazioa eta lankidetza sustatzeko moduak ere. Horrela, lankidetza oso garrantzitsu bat sortu zen azken urteotan: sei zinemagilek, herrialde bakoitzeko hiruk, dokumental modular bat ekoiztea. Honako hauek dira sinatu dutenak: Greziako Ismini Sakellaropoulou, Kalliopi Legaki eta Giorgos Danopoulos, eta Euskadiko Marisol Gil Antillano, Aleix Aguil\u00e1, Paula G\u00f3mez Gonz\u00e1lez eta Marcos Urquijo Ya\u00f1ez. Dokumentalaren izenburua Askatasuna aldarrikatzeko da. Proiektu horrez gain, bi jaialdiek omenaldia egin zioten Euskadiko eta Greziako ekoizpen dokumentalari, eta herrialde bakoitzeko hiruna dokumental proiektatu zituzten beren jaialdietan 2021ean.<\/p>\r\n\r\n<p>Proiektu honetarako beharrezkoa zen zinema-zuzendariek elkar ezagutzea eta, hori dela eta, euskal eta greziar zuzendarien arteko topaketa bat egin zen Peloponesoko Zinema Dokumentalaren Nazioarteko Jaialdiaren 8. edizioan, 2021eko apirilean. Bertan, beren lanaren aurrerapenak aurkeztu zituzten eta oso harrera ona izan zuten ikusleen aldetik. Amaierako emaitza aurtengo ZINEBIn estreinatuko da eta oso pozik gaude koprodukzio honen emaitza burutua ikusita. Zinemagile guztiak etorriko dira dokumentalaren estreinaldira. Garrantzitsua da aipatzea Greziako telebista nazionalak lankidetza hori babestea erabaki zuela eta, horregatik, dokumentala emango duela.<\/p>\r\n\r\n<p>Etorkizunerako lankidetza emankorrak opa ditugu, eta espero dugu gure jaialdiek gure bi herrialdeetako dokumentalen ekoizpena sustatzen jarraituko dutela.<\/p>\r\n\r\n<p><strong>Gina Petropoulou<\/strong><br>\r\nPeloponesoko Zinema Dokumentalaren Nazioarteko Jaialdiko zuzendari artistikoa<\/p>\r\n<br>\r\n\r\n<\/div>\r\n\r\n<div>\r\n<h3 class=\"sidelines\"><span class=\"blanco\">CLAIMING FREEDOM<\/span><\/h3>\r\n<br>\r\n\r\n<img class=\"alignleft size-full wp-image-12764 lazyload\" alt=\"\" width=\"500\" height=\"692\" data-src=\"https:\/\/zinebi.eus\/assets\/media\/\u03c0\u03bf\u03c3\u03c4\u03b5\u03c1-1-1.jpg\" srcset=\"https:\/\/zinebi.eus\/assets\/media\/\u03c0\u03bf\u03c3\u03c4\u03b5\u03c1-1-1.jpg 500w, https:\/\/zinebi.eus\/assets\/media\/\u03c0\u03bf\u03c3\u03c4\u03b5\u03c1-1-1-150x208.jpg 150w, https:\/\/zinebi.eus\/assets\/media\/\u03c0\u03bf\u03c3\u03c4\u03b5\u03c1-1-1-300x415.jpg 300w, https:\/\/zinebi.eus\/assets\/media\/\u03c0\u03bf\u03c3\u03c4\u03b5\u03c1-1-1-400x554.jpg 400w, https:\/\/zinebi.eus\/assets\/media\/\u03c0\u03bf\u03c3\u03c4\u03b5\u03c1-1-1-480x664.jpg 480w\" sizes=\"(max-width: 500px) 100vw, 500px\" \/>\r\n<h4>Grezia \u2013 Euskadi, 2022 | 94 min | Doc. <\/h4>\r\n<strong>Zuzendariak<\/strong> Aleix Aguil\u00e0, Giorgos Danopoulos, Marisol Gil Antillano, Paula G\u00f3mez Gonz\u00e1lez, Kalliopi Legaki, Ismini Sakellaropoulou, Marcos Urquijo Y\u00e1\u00f1ez\r\n\r\nDuela hiru urte, ZINEBI eta Peloponesoko Zinema Dokumentalaren Nazioarteko Jaialdia beren zinemagileen lanak sustatzeko moduak aztertzen hasi ziren, baina baita haien arteko komunikazioa eta lankidetza sustatzeko moduak ere. Horrela, lankidetza oso garrantzitsu bat sortu zen azken urteotan: sei zinemagilek, herrialde bakoitzeko hiruk, dokumental modular bat ekoiztea. Dokumentalaren izenburua <em>Askatasuna aldarrikatzeko<\/em> da. Proiektu horrez gain, bi jaialdiek omenaldia egin zioten Euskadiko eta Greziako ekoizpen dokumentalari, eta herrialde bakoitzeko hiruna dokumental proiektatu zituzten beren jaialdietan 2021ean.\r\n<\/div>\r\n<br>\r\n<div class=\"row justify-content-center\">\r\n\r\n<div class=\"col-md-4\"><a href=\"https:\/\/zinebi.eus\/programacion\/exit-within\/\"><img class=\"alignnone wp-image-10359 size-full lazyload\" alt=\"\" width=\"800\" height=\"530\" data-src=\"https:\/\/zinebi.eus\/assets\/media\/director_George-Danopoulos_perfil.jpg\"><\/a>\r\n<h4><strong>EXIT WITHIN<\/strong>\r\n<br>Giorgos Danopoulos<\/h4>\r\n<\/div>\r\n\r\n<div class=\"col-md-4\"><a href=\"https:\/\/zinebi.eus\/programacion\/kalavrita-guernica\/\"><img class=\"alignnone wp-image-10359 size-full lazyload\" data-src=\"https:\/\/zinebi.eus\/assets\/media\/directora_Ismini_perfil-copia.jpg\"><\/a>\r\n<h4><strong>KALAVRITA-GUERNICA<\/strong><br>\r\nIsmini Sakellaropoulou<\/h4>\r\n<\/div>\r\n\r\n<div class=\"col-md-4\"><a href=\"https:\/\/zinebi.eus\/programacion\/la-otra-luz\/\"><img class=\"alignnone wp-image-10359 size-full lazyload\" data-src=\"https:\/\/zinebi.eus\/assets\/media\/La-Otra-Luz_Paula-Gomez_perfil.jpg\"><\/a>\r\n<h4><strong>LA OTRA LUZ<\/strong>\r\nPaula G\u00f3mez Gonz\u00e1lez<\/h4>\r\n<\/div>\r\n\r\n<div class=\"col-md-4\"><a href=\"https:\/\/zinebi.eus\/programacion\/on-this-wondrous-sea\/\"><img class=\"alignnone wp-image-10359 size-full lazyload\" alt=\"\" width=\"800\" height=\"530\" data-src=\"https:\/\/zinebi.eus\/assets\/media\/directora_Legaki_perfil.jpg\"><\/a>\r\n<h4><strong>ON THIS WONDROUS SEA<\/strong>\r\nKalliopi Legaki<\/h4>\r\n<\/div>\r\n\r\n<div class=\"col-md-4\"><a href=\"https:\/\/zinebi.eus\/programacion\/seamos-francos\/\"><img class=\"alignnone wp-image-10359 size-full lazyload\" data-src=\"https:\/\/zinebi.eus\/assets\/media\/seamos-francos_perfil.jpg\"><\/a>\r\n<h4><strong>SEAMOS FRANCOS<\/strong><br>\r\nAleix Aguil\u00e0, Marisol Gil Antillano<\/h4>\r\n<\/div>\r\n\r\n<div class=\"col-md-4\"><a href=\"https:\/\/zinebi.eus\/programacion\/transfer\/\"><img class=\"alignnone wp-image-10359 size-full lazyload\" data-src=\"https:\/\/zinebi.eus\/assets\/media\/foto-Marcos-Urquijo_perfil.jpg\"><\/a>\r\n<h4><strong>TRANSFER<\/strong><br>\r\nMarcos Urquijo<\/h4>\r\n<\/div>\r\n\r\n<\/div>\r\n<img alt=\"\" width=\"365\" height=\"87\" class=\"alignleft size-full wp-image-12841 lazyload\" data-src=\"https:\/\/zinebi.eus\/assets\/media\/LOGOS_peloponissos.png\" srcset=\"https:\/\/zinebi.eus\/assets\/media\/LOGOS_peloponissos.png 365w, https:\/\/zinebi.eus\/assets\/media\/LOGOS_peloponissos-150x36.png 150w, https:\/\/zinebi.eus\/assets\/media\/LOGOS_peloponissos-300x72.png 300w\" sizes=\"(max-width: 365px) 100vw, 365px\" \/>\r\n\r\n\u00a0","protected":false},"excerpt":{"rendered":"<p>ASKATASUNA ALDARRIKATZEKO Peloponesoko Zinema Dokumentalaren Nazioarteko Jaialdia Kalamatako Sorkuntza Zentro Dokumentalak antolatzen du. Kalamatan du egoitza eta Peloponeso eskualdeko beste 12 hiritan proiektatzen da. Europako zinemaldiekin etengabeko lankidetzatan jardutearen esparruan, Peloponesoko Zinema Dokumentalaren Nazioarteko Jaialdiak atsegin handiz egin du elkarlana ZINEBIrekin, Bilboko Dokumentalen eta Film Laburren Nazioarteko Jaialdiarekin, zeina mundu mailan ospetsua den zinemaldia baita. [&hellip;]<\/p>\n","protected":false},"author":2,"featured_media":10401,"parent":0,"menu_order":0,"comment_status":"closed","ping_status":"closed","template":"templates\/page-with-container.php","meta":{"_acf_changed":false,"footnotes":""},"class_list":["post-12850","page","type-page","status-publish","has-post-thumbnail","hentry"],"acf":[],"_links":{"self":[{"href":"https:\/\/zinebi.eus\/eu\/wp-json\/wp\/v2\/pages\/12850","targetHints":{"allow":["GET"]}}],"collection":[{"href":"https:\/\/zinebi.eus\/eu\/wp-json\/wp\/v2\/pages"}],"about":[{"href":"https:\/\/zinebi.eus\/eu\/wp-json\/wp\/v2\/types\/page"}],"author":[{"embeddable":true,"href":"https:\/\/zinebi.eus\/eu\/wp-json\/wp\/v2\/users\/2"}],"replies":[{"embeddable":true,"href":"https:\/\/zinebi.eus\/eu\/wp-json\/wp\/v2\/comments?post=12850"}],"version-history":[{"count":7,"href":"https:\/\/zinebi.eus\/eu\/wp-json\/wp\/v2\/pages\/12850\/revisions"}],"predecessor-version":[{"id":14253,"href":"https:\/\/zinebi.eus\/eu\/wp-json\/wp\/v2\/pages\/12850\/revisions\/14253"}],"wp:featuredmedia":[{"embeddable":true,"href":"https:\/\/zinebi.eus\/eu\/wp-json\/wp\/v2\/media\/10401"}],"wp:attachment":[{"href":"https:\/\/zinebi.eus\/eu\/wp-json\/wp\/v2\/media?parent=12850"}],"curies":[{"name":"wp","href":"https:\/\/api.w.org\/{rel}","templated":true}]}}