 {"id":13104,"date":"2022-10-25T13:48:22","date_gmt":"2022-10-25T13:48:22","guid":{"rendered":"https:\/\/zinebi.eus\/zinebi-industry\/industriazinebi-networking-2022dokumentalen-sorgunea-v-foro-profesional-de-cine-documental-de-bilbao\/aukera\/"},"modified":"2022-10-31T18:43:55","modified_gmt":"2022-10-31T18:43:55","slug":"aukera-programa-jardunaldi-profesionala","status":"publish","type":"page","link":"https:\/\/zinebi.eus\/eu\/zinebi-industry\/zinebi-meetings\/aukera-programa-jardunaldi-profesionala\/","title":{"rendered":"Aukera programa jardunaldi profesionala"},"content":{"rendered":"<img class=\"aligncenter size-full wp-image-13044 lazyload\" alt=\"\" width=\"213\" height=\"283\" data-src=\"https:\/\/zinebi.eus\/assets\/media\/Logotipo_Hemen_aukera.jpg\" srcset=\"https:\/\/zinebi.eus\/assets\/media\/Logotipo_Hemen_aukera.jpg 213w, https:\/\/zinebi.eus\/assets\/media\/Logotipo_Hemen_aukera-150x199.jpg 150w\" sizes=\"(max-width: 213px) 100vw, 213px\" \/>\r\n<h2>AUKERA<\/h2>\r\nAukera 18 eta 35 urte bitarteko emakumeei zuzendutako film laburren mentore-programa bat da, zeina ikus-entzunezkoen eta arte eszenikoen sektoreko emakumeak gogoan izanda lan egiten duen (H)emen elkarteak sustatzen eta antolatzen baitu, Zineuskadi, Kutxa Kultur, Bizkaiko Foru Aldundia, Gipuzkoako Foru Aldundia, Arabako Foru Aldundia eta ZINEBIrekin lankidetzan.\r\n\r\nIkasketen ondoren profesionalizatzeko bidean, Aukerak ikus-entzunezkoen sektorean lan egin nahi duten emakumeak babestu eta ahaldundu nahi ditu. Iaz bezala, ZINEBIn programaren bigarren edizioan parte hartu duten zinemagileek garatutako proiektuen pitchingaren jendaurreko aurkezpena izango dugu; proiektuen aurkezpenak entzuten egongo dira epaimahaikideak ere: Lara Izagirre (Gariza Films) zuzendari, gidoilari eta ekoizlea; Nagore Eceiza (El Santo Films) zuzendari, editore eta ekoizlea, eta Mar\u00eda Jes\u00fas D\u00edaz (Barton Films) banatzailea. Aditu horiek arduratuko dira film laburren proiektuak baloratzeaz eta (H)emen Saria eta Sortzaileen Saria irabaziko duten hautagaiak zein izango diren erabakitzeaz.\r\n\r\n\u00a0\r\n<h3 class=\"sidelines\"><span class=\"blanco\">PROIEKTUAK<\/span><\/h3>\r\n\u00a0\r\n<div class=\"row justify-content-center\">\r\n<div class=\"col-md-2\"><a href=\"https:\/\/zinebi.eus\/programacion\/88-hadas\/\"><img class=\"alignleft wp-image-13051 size-size_300 lazyload\" alt=\"\" width=\"300\" height=\"424\" data-src=\"https:\/\/zinebi.eus\/assets\/media\/\/Cartel-87-HADAS-300x424.jpg\" srcset=\"https:\/\/zinebi.eus\/assets\/media\/Cartel-87-HADAS-300x424.jpg 300w, https:\/\/zinebi.eus\/assets\/media\/Cartel-87-HADAS-150x212.jpg 150w, https:\/\/zinebi.eus\/assets\/media\/Cartel-87-HADAS-400x566.jpg 400w, https:\/\/zinebi.eus\/assets\/media\/Cartel-87-HADAS-480x679.jpg 480w, https:\/\/zinebi.eus\/assets\/media\/Cartel-87-HADAS.jpg 500w\" sizes=\"(max-width: 300px) 100vw, 300px\" \/><\/a><\/div>\r\n<div class=\"col-md-2\"><a href=\"https:\/\/zinebi.eus\/programacion\/maria-la-brava\/\"><img class=\"alignleft wp-image-13051 size-size_300 lazyload\" alt=\"\" width=\"300\" height=\"424\" data-src=\"https:\/\/zinebi.eus\/assets\/media\/\/Cartel_MARI\u0301A-LA-BRAVA-300x409.jpg\"><\/a><\/div>\r\n<div class=\"col-md-2\"><a href=\"https:\/\/zinebi.eus\/programacion\/ultramarino\/\"><img class=\"alignleft wp-image-13051 size-size_300 lazyload\" alt=\"\" width=\"300\" height=\"435\" data-src=\"https:\/\/zinebi.eus\/assets\/media\/\/cartel-ULTRAMARINO-300x361.jpg\"><\/a><\/div>\r\n<div class=\"col-md-2\"><a><\/a><a href=\"https:\/\/zinebi.eus\/programacion\/komando-marmitako\/\"><img class=\"alignleft wp-image-13051 size-size_300 lazyload\" alt=\"\" width=\"300\" height=\"424\" data-src=\"https:\/\/zinebi.eus\/assets\/media\/\/KOMANDO-MARMITAKO-300x419.png\"><\/a><\/div>\r\n<div class=\"col-md-2\"><a href=\"https:\/\/zinebi.eus\/programacion\/maria-la-brava\/\"><img class=\"alignleft wp-image-13051 size-size_300 lazyload\" alt=\"\" width=\"300\" height=\"424\" data-src=\"https:\/\/zinebi.eus\/assets\/media\/\/Portada-udazkenero-1536x1536-1-300x425.png\"><\/a><\/div>\r\n<\/div>","protected":false},"excerpt":{"rendered":"<p>AUKERA Aukera 18 eta 35 urte bitarteko emakumeei zuzendutako film laburren mentore-programa bat da, zeina ikus-entzunezkoen eta arte eszenikoen sektoreko emakumeak gogoan izanda lan egiten duen (H)emen elkarteak sustatzen eta antolatzen baitu, Zineuskadi, Kutxa Kultur, Bizkaiko Foru Aldundia, Gipuzkoako Foru Aldundia, Arabako Foru Aldundia eta ZINEBIrekin lankidetzan. Ikasketen ondoren profesionalizatzeko bidean, Aukerak ikus-entzunezkoen sektorean lan [&hellip;]<\/p>\n","protected":false},"author":2,"featured_media":10401,"parent":461,"menu_order":0,"comment_status":"closed","ping_status":"closed","template":"templates\/page-hero-sintexto.php","meta":{"_acf_changed":false,"footnotes":""},"class_list":["post-13104","page","type-page","status-publish","has-post-thumbnail","hentry"],"acf":[],"_links":{"self":[{"href":"https:\/\/zinebi.eus\/eu\/wp-json\/wp\/v2\/pages\/13104","targetHints":{"allow":["GET"]}}],"collection":[{"href":"https:\/\/zinebi.eus\/eu\/wp-json\/wp\/v2\/pages"}],"about":[{"href":"https:\/\/zinebi.eus\/eu\/wp-json\/wp\/v2\/types\/page"}],"author":[{"embeddable":true,"href":"https:\/\/zinebi.eus\/eu\/wp-json\/wp\/v2\/users\/2"}],"replies":[{"embeddable":true,"href":"https:\/\/zinebi.eus\/eu\/wp-json\/wp\/v2\/comments?post=13104"}],"version-history":[{"count":8,"href":"https:\/\/zinebi.eus\/eu\/wp-json\/wp\/v2\/pages\/13104\/revisions"}],"predecessor-version":[{"id":13976,"href":"https:\/\/zinebi.eus\/eu\/wp-json\/wp\/v2\/pages\/13104\/revisions\/13976"}],"up":[{"embeddable":true,"href":"https:\/\/zinebi.eus\/eu\/wp-json\/wp\/v2\/pages\/461"}],"wp:featuredmedia":[{"embeddable":true,"href":"https:\/\/zinebi.eus\/eu\/wp-json\/wp\/v2\/media\/10401"}],"wp:attachment":[{"href":"https:\/\/zinebi.eus\/eu\/wp-json\/wp\/v2\/media?parent=13104"}],"curies":[{"name":"wp","href":"https:\/\/api.w.org\/{rel}","templated":true}]}}