 {"id":13187,"date":"2022-10-25T15:29:55","date_gmt":"2022-10-25T15:29:55","guid":{"rendered":"https:\/\/zinebi.eus\/zinebi-industry\/zinebi-meetings\/reivindicar-la-libertad\/"},"modified":"2022-10-26T15:33:22","modified_gmt":"2022-10-26T15:33:22","slug":"reivindicar-la-libertad","status":"publish","type":"page","link":"https:\/\/zinebi.eus\/eu\/zinebi-industry\/zinebi-meetings\/reivindicar-la-libertad\/","title":{"rendered":"ASKATASUNA ALDARRIKATZEKO"},"content":{"rendered":"<p>Europako jaialdien arteko lankidetzaren bitartez dokumentalen ekoizpena indartzen laguntzeko, ZINEBI \u2013 Bilboko Dokumentalen eta Film Laburren Nazioarteko Jaialdiak eta Peloponesoko Zinema Dokumentalaren Nazioarteko Jaialdiak \u2014zeina Kalamatako Sorkuntza Zentro Dokumentalak antolatzen baitu\u2014 mahai inguru hau antolatu dute: Askatasuna aldarrikatzeko.<\/p>\r\n<p><em>Claiming Freedom<\/em> (<em>Askatasuna aldarrikatzeko<\/em>, 2022) izeneko dokumentala elkarlanean zuzendu zuten zinemagile greziar eta euskaldunek filma sortzeko prozesuari buruz arituko dira, eta baita Peloponesoko Zinema Dokumentalaren Nazioarteko 8. Jaialdiaren aurretik eta jaialdian zehar izandako komunikazio- eta lankidetza-esperientziari buruz ere; izan ere, Greziako jaialdian aurkeztu baitzituzten beren lanen aurrerapenak.<\/p>\r\n<p>Zinemagile greziarrak honako hauek izango dira: Giorgos Danopoulos, Kalliopi Legaki eta Ismini Sakellaropoulou, eta euskaldunak: Aleix Aguil\u00e0, Marisol Gil Antillano, Paula G\u00f3mez Gonz\u00e1lez, Marcos Urquijo Y\u00e1\u00f1ez. Gina Petropoulpourekin batera, hausnarketarako antolatutako mahaian izango ditugu.<\/p>\r\nGina Petropoulpouk (Peloponesoko Jaialdiko zuzendariak) esan zuen bezala, ZINEBIk ere etorkizunerako lankidetza emankorrak bultzatzen jarraitu nahi du, eta baita gure bi herrialdeetako dokumentalen ekoizpena ere.\r\n\r\n\r\n\r\n<img class=\"aligncenter size-full wp-image-13183 lazyload\" alt=\"\" width=\"960\" height=\"540\" data-src=\"https:\/\/zinebi.eus\/assets\/media\/\u03ba\u03b1\u03bb\u03b1\u03bc\u03b1\u03c4\u03b1-meeting.jpg\" srcset=\"https:\/\/zinebi.eus\/assets\/media\/\u03ba\u03b1\u03bb\u03b1\u03bc\u03b1\u03c4\u03b1-meeting.jpg 960w, https:\/\/zinebi.eus\/assets\/media\/\u03ba\u03b1\u03bb\u03b1\u03bc\u03b1\u03c4\u03b1-meeting-150x84.jpg 150w, https:\/\/zinebi.eus\/assets\/media\/\u03ba\u03b1\u03bb\u03b1\u03bc\u03b1\u03c4\u03b1-meeting-300x169.jpg 300w, https:\/\/zinebi.eus\/assets\/media\/\u03ba\u03b1\u03bb\u03b1\u03bc\u03b1\u03c4\u03b1-meeting-400x225.jpg 400w, https:\/\/zinebi.eus\/assets\/media\/\u03ba\u03b1\u03bb\u03b1\u03bc\u03b1\u03c4\u03b1-meeting-480x270.jpg 480w, https:\/\/zinebi.eus\/assets\/media\/\u03ba\u03b1\u03bb\u03b1\u03bc\u03b1\u03c4\u03b1-meeting-550x309.jpg 550w, https:\/\/zinebi.eus\/assets\/media\/\u03ba\u03b1\u03bb\u03b1\u03bc\u03b1\u03c4\u03b1-meeting-768x432.jpg 768w\" sizes=\"(max-width: 960px) 100vw, 960px\" \/>\r\n\r\n\u00a0","protected":false},"excerpt":{"rendered":"<p>Europako jaialdien arteko lankidetzaren bitartez dokumentalen ekoizpena indartzen laguntzeko, ZINEBI \u2013 Bilboko Dokumentalen eta Film Laburren Nazioarteko Jaialdiak eta Peloponesoko Zinema Dokumentalaren Nazioarteko Jaialdiak \u2014zeina Kalamatako Sorkuntza Zentro Dokumentalak antolatzen baitu\u2014 mahai inguru hau antolatu dute: Askatasuna aldarrikatzeko. Claiming Freedom (Askatasuna aldarrikatzeko, 2022) izeneko dokumentala elkarlanean zuzendu zuten zinemagile greziar eta euskaldunek filma sortzeko prozesuari [&hellip;]<\/p>\n","protected":false},"author":2,"featured_media":12751,"parent":461,"menu_order":0,"comment_status":"closed","ping_status":"closed","template":"templates\/page-hero-mikeldi.php","meta":{"_acf_changed":false,"footnotes":""},"class_list":["post-13187","page","type-page","status-publish","has-post-thumbnail","hentry"],"acf":[],"_links":{"self":[{"href":"https:\/\/zinebi.eus\/eu\/wp-json\/wp\/v2\/pages\/13187","targetHints":{"allow":["GET"]}}],"collection":[{"href":"https:\/\/zinebi.eus\/eu\/wp-json\/wp\/v2\/pages"}],"about":[{"href":"https:\/\/zinebi.eus\/eu\/wp-json\/wp\/v2\/types\/page"}],"author":[{"embeddable":true,"href":"https:\/\/zinebi.eus\/eu\/wp-json\/wp\/v2\/users\/2"}],"replies":[{"embeddable":true,"href":"https:\/\/zinebi.eus\/eu\/wp-json\/wp\/v2\/comments?post=13187"}],"version-history":[{"count":3,"href":"https:\/\/zinebi.eus\/eu\/wp-json\/wp\/v2\/pages\/13187\/revisions"}],"predecessor-version":[{"id":13243,"href":"https:\/\/zinebi.eus\/eu\/wp-json\/wp\/v2\/pages\/13187\/revisions\/13243"}],"up":[{"embeddable":true,"href":"https:\/\/zinebi.eus\/eu\/wp-json\/wp\/v2\/pages\/461"}],"wp:featuredmedia":[{"embeddable":true,"href":"https:\/\/zinebi.eus\/eu\/wp-json\/wp\/v2\/media\/12751"}],"wp:attachment":[{"href":"https:\/\/zinebi.eus\/eu\/wp-json\/wp\/v2\/media?parent=13187"}],"curies":[{"name":"wp","href":"https:\/\/api.w.org\/{rel}","templated":true}]}}