 {"id":13444,"date":"2022-10-28T09:49:12","date_gmt":"2022-10-28T09:49:12","guid":{"rendered":"https:\/\/zinebi.eus\/zinebi-industry\/zinebi-meetings\/homenaje-a-jean-luc-godard\/"},"modified":"2022-10-28T10:33:51","modified_gmt":"2022-10-28T10:33:51","slug":"homenaje-a-jean-luc-godard","status":"publish","type":"page","link":"https:\/\/zinebi.eus\/eu\/zinebi-industry\/zinebi-meetings\/homenaje-a-jean-luc-godard\/","title":{"rendered":"OMENALDIA JEAN-LUC GODARDI"},"content":{"rendered":"<p>Jean-Luc Godard <i><span style=\"font-weight: 400;\">Nouvelle Vague<\/span><\/i><span style=\"font-weight: 400;\">aren maisu handia izan zen, Zinemaren Historian eragin handienetakoa izan duen mugimendu zinematografikoko kidea. 2022ko irailaren 13an zendu zen Suitzako Rolle herrian: hura izan zuen bizileku lau hamarkada baino gehiagoz, 91 urte zituela \u201cbere etxean modu baketsuan eta maite zituen pertsonez inguratuta\u201d joan zitzaigun arte.<\/span><\/p>\r\n\r\n<p>Jada gure artean ez dauden Jacques Rivette, Fran\u00e7ois Truffaut, Claude Chabrol, Agn\u00e8s Varda edo \u00c9ric Rohmerrekin batera, Godardek mundu osoan zinema egiteko modua astindu zuen <i><span style=\"font-weight: 400;\">Olatu Berri<\/span><\/i><span style=\"font-weight: 400;\"> hura bultzatu zuen. Mugimendu errepikaezin haren ideologo gisa egindako lana nahikoa ez balitz bezala, Godardek bere ibilbidea zinemaren mugen bilaketa nekaezin bihurtu zuen: hasieran, hirurogeiko hamarkadan, zinema modernoa garatzeko funtsezkoak izan ziren obrak egin zituen \u2014<\/span><i><span style=\"font-weight: 400;\">Une femme est une femme<\/span><\/i><span style=\"font-weight: 400;\"> (1961), <\/span><i><span style=\"font-weight: 400;\">Vivre sa vie: Film en douze tableaux<\/span><\/i><span style=\"font-weight: 400;\"> (1962) edo <\/span><i><span style=\"font-weight: 400;\">Le petit soldat<\/span><\/i><span style=\"font-weight: 400;\"> (1963) \u2014. Dom\u00e8nec Font-ek zioen bezala, \u201cgiza izaeraren formak dokumentatzen ditu, eta modernitatearen ezaugarrien eta gatazken erradiografiarik osoena eratzen du\u201d, geroago, bere buruaren ezeztapen eta berrasmatzeen seriea egin zuen, eta, horien bitartez, etengabeko konbikzioz ibili zen industriari bizkarra emateaz harro zegoen zinema militante baten bidetik \u2014horren adibide dira Dziga Vertov Taldeko gainerako kideekin batera egindako lanak\u2014; horien bitartez ere, bideoa modu goiztiarrean aldarrikatu zuen eta film laburren bertuteak defendatu zituen beti, bere obra saiakerara irekiz esperientzia paregabeen bidez, hala nola funtsezkoak diren bere <\/span><i><span style=\"font-weight: 400;\">Histoire(s) du cin\u00e9ma<\/span><\/i><span style=\"font-weight: 400;\"> (1989-1999), <\/span><i><span style=\"font-weight: 400;\">Notre musique<\/span><\/i><span style=\"font-weight: 400;\"> (2004), <\/span><i><span style=\"font-weight: 400;\">Adieu au langage<\/span><\/i><span style=\"font-weight: 400;\"> (2014) edo <\/span><i><span style=\"font-weight: 400;\">Le livre d\u2019image<\/span><\/i><span style=\"font-weight: 400;\"> (2018) bere azken film luzearen bidez (azken hori honako hauek sinatu zuten: osasun ahuleko Godard batek, ekoizpenaren diseinua sinatu zuen Jean-Paul Battaggiak, Fabrice Aragno ekoizle eta argazki zuzendariak, eta Nicole Brenez unibertsitateko irakasle eta idazleak). ZINEBIk ohore handiz aurkezten du azken hau, Godarden heriotzetik bi hilabetera, masterclass batean Godardek utzitako legatuaren garrantzia azter dezan. Masterclassa zabalik egongo da zinemagile frantziar-suitzarraren lan atzemanezina aztertu nahi duen ororentzat.<\/span><\/p>\r\n\r\n<figure id=\"attachment_13454\" aria-describedby=\"caption-attachment-13454\" style=\"width: 550px\" class=\"wp-caption aligncenter\"><img alt=\"\" width=\"550\" height=\"792\" class=\"size-size_550 wp-image-13454 lazyload\" data-src=\"https:\/\/zinebi.eus\/assets\/media\/\/jean-luc_godard_par_philippe_doumic-550x786.jpg\"><figcaption id=\"caption-attachment-13454\" class=\"wp-caption-text\">Jean-Luc Godard (Photograph from Alamy)<\/figcaption><\/figure>\r\n<br>\r\n<p>Brenez Zinematografia Ikasketetako irakaslea da Sorbona Berria \u2013 Paris III Unibertsitatean; Irudiaren eta Soinuaren Lanbideetarako Europako Fundazioaren (LaFemis) Analisi eta Kultura Saileko zuzendaria da 2017tik, eta Frantziako Zinematekako abangoardiako zinema-zikloaren komisarioa 1996tik. Besteak beste, honako hauekin lan egin du: Chantal Akerman (<i><span style=\"font-weight: 400;\">La folie Almayer<\/span><\/i><span style=\"font-weight: 400;\">, 2.011), Jean-Gabriel P\u00e9riot (<\/span><i><span style=\"font-weight: 400;\">Une jeunesse Allemande<\/span><\/i><span style=\"font-weight: 400;\">, 2.015), Oriane Brun-Moschetti (<\/span><i><span style=\"font-weight: 400;\">Salut &amp; Fraternit\u00e9<\/span><\/i><span style=\"font-weight: 400;\">, 2.015) eta Jean-Luc Godard-ekin. Bere argitalpenen artean daude, besteak beste <\/span><i><span style=\"font-weight: 400;\">Cin\u00e9ma d\u2019avant-garde. Mode d\u2019emploi<\/span><\/i><span style=\"font-weight: 400;\"> (Tokio, Gendaishicho-shinsha argitaletxea, 2.012); <\/span><i><span style=\"font-weight: 400;\">We Support Everything Since the Dawn of Time That Has Struggled and Still Struggles. Introduction to Lettrist Cinema<\/span><\/i><span style=\"font-weight: 400;\"> (Stockholm, Moderna Museet \/ Sternberg Press, 2.015); <\/span><i><span style=\"font-weight: 400;\">Jean-Luc Godard th\u00e9oricien des images<\/span><\/i><span style=\"font-weight: 400;\"> (Erroma, La Camera Verde, 2.015); edo <\/span><i><span style=\"font-weight: 400;\">Manifestations. \u00c9crits politiques sur le cin\u00e9ma et autres arts filmiques<\/span><\/i><span style=\"font-weight: 400;\"> (R\u00e9ville, De l\u2019Incidence, 2.020).<\/span><\/p>\r\n\r\n<b>Rub\u00e9n Corral<\/b>","protected":false},"excerpt":{"rendered":"<p>Jean-Luc Godard Nouvelle Vaguearen maisu handia izan zen, Zinemaren Historian eragin handienetakoa izan duen mugimendu zinematografikoko kidea. 2022ko irailaren 13an zendu zen Suitzako Rolle herrian: hura izan zuen bizileku lau hamarkada baino gehiagoz, 91 urte zituela \u201cbere etxean modu baketsuan eta maite zituen pertsonez inguratuta\u201d joan zitzaigun arte. Jada gure artean ez dauden Jacques Rivette, [&hellip;]<\/p>\n","protected":false},"author":2,"featured_media":13501,"parent":461,"menu_order":0,"comment_status":"closed","ping_status":"closed","template":"templates\/page-hero-mikeldi.php","meta":{"_acf_changed":false,"footnotes":""},"class_list":["post-13444","page","type-page","status-publish","has-post-thumbnail","hentry"],"acf":[],"_links":{"self":[{"href":"https:\/\/zinebi.eus\/eu\/wp-json\/wp\/v2\/pages\/13444","targetHints":{"allow":["GET"]}}],"collection":[{"href":"https:\/\/zinebi.eus\/eu\/wp-json\/wp\/v2\/pages"}],"about":[{"href":"https:\/\/zinebi.eus\/eu\/wp-json\/wp\/v2\/types\/page"}],"author":[{"embeddable":true,"href":"https:\/\/zinebi.eus\/eu\/wp-json\/wp\/v2\/users\/2"}],"replies":[{"embeddable":true,"href":"https:\/\/zinebi.eus\/eu\/wp-json\/wp\/v2\/comments?post=13444"}],"version-history":[{"count":4,"href":"https:\/\/zinebi.eus\/eu\/wp-json\/wp\/v2\/pages\/13444\/revisions"}],"predecessor-version":[{"id":13504,"href":"https:\/\/zinebi.eus\/eu\/wp-json\/wp\/v2\/pages\/13444\/revisions\/13504"}],"up":[{"embeddable":true,"href":"https:\/\/zinebi.eus\/eu\/wp-json\/wp\/v2\/pages\/461"}],"wp:featuredmedia":[{"embeddable":true,"href":"https:\/\/zinebi.eus\/eu\/wp-json\/wp\/v2\/media\/13501"}],"wp:attachment":[{"href":"https:\/\/zinebi.eus\/eu\/wp-json\/wp\/v2\/media?parent=13444"}],"curies":[{"name":"wp","href":"https:\/\/api.w.org\/{rel}","templated":true}]}}