 {"id":16042,"date":"2022-11-18T07:41:55","date_gmt":"2022-11-18T07:41:55","guid":{"rendered":"https:\/\/zinebi.eus\/zinebi-64\/palmares-zinebi-64\/"},"modified":"2022-11-18T14:25:52","modified_gmt":"2022-11-18T14:25:52","slug":"palmares-zinebi-64","status":"publish","type":"page","link":"https:\/\/zinebi.eus\/eu\/zinebi-64\/palmares-zinebi-64\/","title":{"rendered":"Palmaresa <br>ZINEBI 64"},"content":{"rendered":"<div>\r\n<h3><center>Sail Ofiziala \u2013 Film Laburren Nazioarteko Lehiaketa \r\n<\/center><\/h3> <br>\r\n\r\n<h2><center>ZINEBIko Sari Nagusia<\/center><\/h2> \r\n<center><img alt=\"\" width=\"1920\" height=\"1080\" class=\"aligncenter size-full wp-image-11135 lazyload\" data-src=\"https:\/\/zinebi.eus\/assets\/media\/Copia-de-ALL-MY-SCARS-VANISH-IN-THE-WIND_still1.png\" srcset=\"https:\/\/zinebi.eus\/assets\/media\/Copia-de-ALL-MY-SCARS-VANISH-IN-THE-WIND_still1.png 1090w, https:\/\/zinebi.eus\/assets\/media\/Copia-de-ALL-MY-SCARS-VANISH-IN-THE-WIND_still1-150x84.png 150w, https:\/\/zinebi.eus\/assets\/media\/Copia-de-ALL-MY-SCARS-VANISH-IN-THE-WIND_still1-300x169.png 300w, https:\/\/zinebi.eus\/assets\/media\/Copia-de-ALL-MY-SCARS-VANISH-IN-THE-WIND_still1-400x225.png 400w, https:\/\/zinebi.eus\/assets\/media\/Copia-de-ALL-MY-SCARS-VANISH-IN-THE-WIND_still1-480x270.png 480w, https:\/\/zinebi.eus\/assets\/media\/Copia-de-ALL-MY-SCARS-VANISH-IN-THE-WIND_still1-550x309.png 550w, https:\/\/zinebi.eus\/assets\/media\/Copia-de-ALL-MY-SCARS-VANISH-IN-THE-WIND_still1-768x432.png 768w, https:\/\/zinebi.eus\/assets\/media\/Copia-de-ALL-MY-SCARS-VANISH-IN-THE-WIND_still1-992x558.png 992w\" sizes=\"(max-width: 1920px) 100vw, 1920px\" \/>\r\n<br><h3><center><a href=\"https:\/\/zinebi.eus\/programacion\/todas-mis-cicatrices-se-desvanecen-en-el-viento\">Todas mis cicatrices se desvanecen en el viento (All My Scars Vanish in the Wind)<\/a><\/center><\/h3><h4> Ang\u00e9lica Restrepo, Carlos Velandia (Colombia, 2022 | 14\u2032 | ANI)<\/h4>\r\n\u201cAnimazio berritzaile bat, harrigarria, ikusleari denboran, espazioan eta oroitzapenen paisaien soinuan zehar bidaiatzeko aukera ematen diona, gure inguruan desegiten diren memoria mingarrietan barrena gidatuz.\u201d<\/center>\r\n<br>\r\n<br>\r\n\r\n<hr>\r\n<h2><center>Euskal Zinemaren Sari Nagusia<\/center><\/h2> \r\n<center><img alt=\"\" width=\"1920\" height=\"1080\" class=\"aligncenter size-full wp-image-11135 lazyload\" data-src=\"https:\/\/zinebi.eus\/assets\/media\/Copia-de-WILD-FLOWERS_still.png\">\r\n<br><h3><center><a href=\"https:\/\/zinebi.eus\/programacion\/wild-flowers\">Wild Flowers<\/a><\/center><\/h3><h4> Karla Crn\u010devi\u0107 (Basque Country \u2013 Croatia, 2022 | 11\u2032 | DOC)<\/h4>\r\n\u201cEsplorazio ausarta eta zintzoa, artxiboko materialari berari eta irudien egileari galdetzen diena, memoriaren hauskortasuna baliatuz, oroipenean gainjartzen diren geruzak erakutsiz.\u201d<\/center>\r\n<br>\r\n<br>\r\n\r\n<hr>\r\n<h2><center>Espainiako Zinemaren Sari Nagusia<\/center><\/h2> \r\n<center><img alt=\"\" width=\"1920\" height=\"1080\" class=\"aligncenter size-full wp-image-11135 lazyload\" data-src=\"https:\/\/zinebi.eus\/assets\/media\/Copia-de-SMELLS_1_stills.jpeg\">\r\n<br><h3><center><a href=\"https:\/\/zinebi.eus\/programacion\/olores\">Olores (Smells)<\/a><\/center><\/h3><h4> Alba Esquinas (Spain, 2022 | 10\u2032 | DOC)<\/h4>\r\n\u201cPieza biribila, non basakeria eta samurtasuna eskutik doazen eta, baliabideen erabilera zehatzari esker, gailentzen den narratiba sakonki sentsorial bat eraikitzen duten.\u201d<\/center><br>\r\n<br>\r\n\r\n<hr>\r\n<h2><center>Fikziozko Film Labur Onenaren Mikeldia<\/center><\/h2> \r\n<center><img alt=\"\" width=\"1920\" height=\"1080\" class=\"aligncenter size-full wp-image-11135 lazyload\" data-src=\"https:\/\/zinebi.eus\/assets\/media\/Copia-de-backflip_still1.jpg\">\r\n<br><h3><center><a href=\"https:\/\/zinebi.eus\/programacion\/Backflip\">Backflip<\/a><\/center><\/h3><h4> Nikita Diakur (Germany \u2013 France, 2022 | 12\u2032 | FIC)<\/h4>\r\n\u201c<em>Backflipek<\/em> amildegi batera garamatza komediaren bidez, eta erabateko errealitate baten fikzioan murgiltzen gaitu: gizaki baten avatar birtuala airean itzulipurdi bat egiten saiatzen da etengabe, mina, porrota, etsipena eta hutsegiteen bidezko ikaskuntza erakutsiz. Ikuslearengan ezinbesteko identifikazioa eragiten duen filma da, komikoa eta, aldi berean, mingarria. Denok gara txotxongilo hori; haren irrigarri geratze hori, haren oinazea eta haren pertseberantzia gureak ere badira.\u201d<\/center>\r\n<br>\r\n<br>\r\n\r\n<hr>\r\n<h2><center>Film Labur Dokumental Onenaren Mikeldia <\/center><\/h2> \r\n<center><img alt=\"\" width=\"1920\" height=\"1080\" class=\"aligncenter size-full wp-image-11135 lazyload\" data-src=\"https:\/\/zinebi.eus\/assets\/media\/Copia-de-BALLS_still1.jpg\">\r\n<br><h3><center><a href=\"https:\/\/zinebi.eus\/programacion\/balls\">Balls (Lopte)<\/a><\/center><\/h3><h4> Gorana Jovanovi\u0107 (Serbia \u2013 Slovenia, 2022 | 22\u2019| DOC)<\/h4>\r\n\u201c<em>Balls<\/em>ek, xehetasun txikien bidez, futbolaren, gerraren eta politikaren arteko lotura indartsua erakusten digu. Kamera- eta argiztapen\u2011lan bikainarekin, ezkutuko tentsioa mantentzen du, zeinak gizonezkoen espazioen indarkeria eta zapalketa ezkutatzen baititu. Filmak azpiko mantu bat du eta haren azpian igar dezakegu zer testuingurutan kokatzen den: patriarkatua eta berarekin arrastaka daraman klaustrofobia ez-autokontzientea.\u201d<\/center>\r\n<br>\r\n<br>\r\n\r\n<hr>\r\n<h2><center>Animaziozko Film Labur Onenaren Mikeldia <\/center><\/h2> \r\n<center><img alt=\"\" width=\"1920\" height=\"1080\" class=\"aligncenter size-full wp-image-11135 lazyload\" data-src=\"https:\/\/zinebi.eus\/assets\/media\/Copia-de-SEARCHING-HELENY__still1.jpg\">\r\n<br><h3><center><a href=\"https:\/\/zinebi.eus\/programacion\/searching-heleny\">Searching Heleny (Cad\u00ea Heleny?)<\/a><\/center><\/h3><h4>Esther Vital Garc\u00eda (Spain \u2013 Brazil, 2022 | 29\u2032 | DOC\/ANI)<\/h4>\r\n\u201cKontatzen duen erresistentziazko istorioari berari estuki lotutako teknika erabiliz, labur metraiak kontrajarri egiten du, batetik, itxuraz errugabeak diren material bigunen eta ukigarrien erabilera eta, bestetik, indarkeriaz eta basakeriaz beteriko egitateen berreraikuntza. Ikerketa eta garapen lan sakon bat da, eta berariazko teknika bat erabiltzen du bestela erakutsi ezin izango zitekeena irakasteko.\u201d<\/center>\r\n<br>\r\n<br>\r\n\r\n<hr>\r\n<h2><center>Publikoaren EITB Saria <\/center><\/h2> \r\n<center><img alt=\"\" width=\"1920\" height=\"1080\" class=\"aligncenter size-full wp-image-11135 lazyload\" data-src=\"https:\/\/zinebi.eus\/assets\/media\/Copia-de-SEARCHING-HELENY__still1.jpg\">\r\n<br><h3><center><a href=\"https:\/\/zinebi.eus\/programacion\/searching-heleny\">Searching Heleny (Cad\u00ea Heleny?)<\/a><\/center><\/h3><h4>Esther Vital Garc\u00eda (Spain \u2013 Brazil, 2022 | 29\u2032 | DOC\/ANI)<\/h4><\/center>\r\n<br>\r\n<p><\/p><center><strong>Film Laburren Nazioarteko Lehiaketaren Epaimahaia <\/strong>Anca Caramelea, Hilke Doering, Juan Soto, Sabina Urraca, Bego\u00f1a Vicario<\/center>\r\n\r\n<hr>\r\n<h2><center>Cineclub FAS Saria <\/center><\/h2> \r\n<center><img alt=\"\" width=\"1920\" height=\"1080\" class=\"aligncenter size-full wp-image-11135 lazyload\" data-src=\"https:\/\/zinebi.eus\/assets\/media\/Copia-de-ESPERA_SEDIMENTO_still.jpg\">\r\n<br><h3><center><a href=\"https:\/\/zinebi.eus\/programacion\/espera-y-sedimento\">Espera y sedimento (Hold On &amp; Sediment)<\/a><\/center><\/h3><h4>Tana Garrido Ruiz (Basque Country, 2022 | 13\u2032 | DOC)<\/h4>\r\n<br>\r\n<br>\r\n\r\n<hr>\r\n<h2><center>UNICEF Saria <\/center><\/h2> \r\n<center><img alt=\"\" width=\"1920\" height=\"1080\" class=\"aligncenter size-full wp-image-11135 lazyload\" data-src=\"https:\/\/zinebi.eus\/assets\/media\/Copia-de-Son-of-the-Sun_1_Still.jpg\">\r\n<br><h3><center><a href=\"https:\/\/zinebi.eus\/programacion\/son-of-the-sun\">Son of the Sun (Atasinin Balasi) <\/a><\/center><\/h3><h4>Dastan Madalbekov (Kyrgyzstan, 2022 | 17\u2032 | FIC)<\/h4>\r\n\u201cUNICEFek erabaki du bere saria Dastan Madalbekov zuzendariaren <em>Son of the Sun<\/em> film laburrari ematea, bakardadean hazten den haurtzaroaz hitz egiten duelako; familia baten babesa eta maitasuna eduki gabe, eta inolako erreferenterik gabe hazten diren haur horiez.\u201d<\/center><br>\r\n<p><\/p><center>Isidro Elezgarai Esteban, UNICEF-Euskal Herriko Batzordeko presidentea\r\n\r\n<hr>\r\n<h2><center>European Film Awards 2023ko Hautagai Film Laburra<\/center><\/h2> \r\n<img alt=\"\" width=\"1920\" height=\"1080\" class=\"aligncenter size-full wp-image-11135 lazyload\" data-src=\"https:\/\/zinebi.eus\/assets\/media\/Copia-de-Zoon_still5.jpg\">\r\n<br><h3><center><a href=\"https:\/\/zinebi.eus\/programacion\/zoon\">Zoon <\/a><\/center><\/h3><h4>Jonatan Schwenk (Germany, 2022 | 4\u2032 | ANI)<\/h4>\r\n\u201cFilma zinemaren magiari egindako kantu bat da, liluratzeko inolako mezurik edo ezerren metafora izateko beharrik ez duen edertasunari egindakoa. Oroigarri batek bezala distiratzen du, ez dezagun ahaztu batzuetan ederra dela enigma eta ulertezina den lilura gailentzea.\u201d\r\n<br>\r\n<br>\r\n\r\n<hr>\r\n<div>\r\n<h3><center>ZIFF \u2013 ZINEBI<br>\r\nFirst Film Nazioarteko Lehiaketa<\/center><\/h3> <br>\r\n\r\n<h2><center>ZIFF Sari Nagusia <\/center><\/h2> \r\n<img alt=\"\" width=\"1920\" height=\"1080\" class=\"aligncenter size-full wp-image-11135 lazyload\" data-src=\"https:\/\/zinebi.eus\/assets\/media\/Anhell69-Still-1.jpg\">\r\n<br><h3><center><a href=\"https:\/\/zinebi.eus\/programacion\/Anhell69\">Anhell69<\/a><\/center><\/h3><h4> Theo Montoya ( Colombia \u2013 Romania \u2013 France \u2013 Germany, 2022 | 72\u2032 | DOC)<\/h4>\r\n\u201cBere pertsonaia aparta bakoitzaz maitemindu gara; bere egitura poetiko bikainaz maitemindu gara; bere hibridotasun formalaz eta asmamenaz maitemindu gara; baina horretaz guztiaz gain, film bikain honetatik sortzen diren promes artistiko paregabe ugariez ere maitemindu gara. Gora Kolonbiako zinema!\u201d\r\n<br>\r\n<br>\r\n\r\n<hr>\r\n<h2><center>ZIFF Aipamen Berezia<\/center><\/h2> \r\n<img alt=\"\" width=\"1920\" height=\"1080\" class=\"aligncenter size-full wp-image-11135 lazyload\" data-src=\"https:\/\/zinebi.eus\/assets\/media\/de-our-film_still.jpg\">\r\n<br><h3><center><a href=\"https:\/\/zinebi.eus\/programacion\/Nuestra-pel%C3%ADcula\">Nuestra pel\u00edcula<\/a><\/center><\/h3><h4>Diana Bustamante (Colombia \u2013 France, 2022 | 74\u2019 | DOC)<\/h4>\r\n\u201cKolonbiako errealitate historikora egindako hurbilketa ausartagatik. Muntaia bikaina da, eta irudien erabilerak indarkeriaren biktimak gogoratzen eta errespetatzen dituen dimentsio berri batera hurbiltzen gaitu.\u201d\r\n<br>\r\n<p><\/p><center><strong>ZINEBI First Film Nazioarteko Lehiaketaren Epaimahaia <\/strong>Nicole Brenez, Carlos Mara\u00f1\u00f3n, Marta Popivoda<\/center>\r\n\r\n<hr>\r\n<h2><center>ZIFF Gazte Epaimahaiaren Saria (UPV\/EHU)<\/center><\/h2> \r\n<img alt=\"\" width=\"1920\" height=\"1080\" class=\"aligncenter size-full wp-image-11135 lazyload\" data-src=\"https:\/\/zinebi.eus\/assets\/media\/How-to-Save-a-Dead-Friend_still.jpg\">\r\n<br><h3><center><a href=\"https:\/\/zinebi.eus\/programacion\/how-to-save-a-dead-friend\/\">How to Save a Dead Friend<\/a><\/center><\/h3><h4>Marusya Syroechkovskaya (Sweden \u2013 Norway \u2013 France \u2013 Germany, 2022 | 103\u2032 | DOC)<\/h4>\r\n\u201cMarusya Syroechkovskaya zuzendariak bere bidelagun Kimirekin duen harremana erretratatzen du filmean. Bere arima bikia ahanzturatik ateratzeko ideia, azkenean, ikuslearen aurrean eguneroko zahar bat bezala irekitzen den obra bihurtzen da. Artxiboko materialaren hamar urte baino gehiago bilduz, eta etxean egindako bideoen estetika duten erregistro pertsonalen bidez, haren istorioa ezagutuko dugu, eta baita belaunaldi oso batena ere. \r\nBegien bistakoa da filmak zer nolako begirada sentikorra duen, egunerokotasuneko une itxuraz hutsal horiek denboraren eta heriotzaren distantziatik ikusten ditugunean hartzen duten izari monumentalari dagokionez. Harrigarriak dira irudien kalitatea, soinuarekin egindako lana, eta suizidioa eta drogekiko menpekotasuna bezalako gaiak jorratzeko orduan erabilitako ironia. \r\nJoy Division eta Nirvanaren erritmoari jarraituz, filmak denboraren kapsula bat proposatzen du, bizitzaren mamiari buruzko galdera garrantzitsuak planteatzen dituen istorio hunkigarri bat proposatzeko.\u201d\r\n<br>\r\n<p><\/p><center><strong>ZIFF Gazte Epaimahaia<\/strong>Julia Rodr\u00edguez Amunarriz, Catalina Uriarte Baztan, Camila Macedo Belon, Elene Larrinaga Bilbao, Garazi Mendieta Eizaguirre, Gabriel Jose Qui\u00f1ones Espinal, Emmanuel Aaron V\u00e1squez Espinoza, I\u00f1igo Zulueta Fern\u00e1ndez, Maialen Molinuevo Galisteo, Sigrid Gallardo, Nahia Arzamendi Garc\u00eda, Mireia Eunate Mart\u00ednez Gast\u00f3n, Amaia Gil, Maitane Aguerre Iparraguirre, Ainara Rodil Jaime, Ane Mart\u00ednez Juez, Mar\u00eda Sampedro Laca, June Oscoz Larra\u00f1aga, Iraia Mendoza Larrea, Endika G\u00f3mez L\u00f3pez, Kevin Lajas L\u00f3pez, Daniel Rodr\u00edguez Miguel, Ane Cuesta Monge, Aitor Abio Moro, Iratxe Ugartetxea Muelas, Marcos Huedo Parres, Bel\u00e9n Pascual, Marc Moragues Pastor, Noemi Graciano Relloso, Sandra Apausa S\u00e1nchez, Ivana Coca Turiel, Ekaitz Vargas, Iker Guti\u00e9rrez Zamakona<\/center>\r\n\r\n<hr>\r\n<div>\r\n<h3><center>NETWORKING<\/center><\/h3> <br>\r\n\r\n<h2><center>ZINEBI Networking EITB 2022 Saria <\/center><\/h2> \r\n<img alt=\"\" width=\"1920\" height=\"1080\" class=\"aligncenter size-full wp-image-11135 lazyload\" data-src=\"https:\/\/zinebi.eus\/assets\/media\/ZIKUN\u0303AGAKO-AMA-Still.jpg\">\r\n<br><h3><center><a href=\"https:\/\/zinebi.eus\/programacion\/zikunagako-ama\/\">Ziku\u00f1agako ama<\/a><\/center><\/h3><p><strong>zuzendaria<\/strong> Pello Guti\u00e9rrez Pe\u00f1alba | <strong>ekoizlea<\/strong> In\u0303aki Sagastume | <strong>ekoizpena<\/strong> Zazpi T\u2019erdi <\/p>\r\n\u201cGaldera garrantzitsu bat luzatzen digulako: Zergatik ematen diogu balio handiagoa irudi original bati? Proiekzio unibertsala duen bertako istorio bat delako. Doku\u2011thriller generoak\r\nikusleria zabalago batera iristea eragin dezakeelako Kontzeptuaren argitasunagatik eta aurkezpen onagatik.\u201d\r\n<br>\r\n<p><\/p><center><strong>ZINEBI Networking Euskadi Epaimahaia<\/strong> Gloria Bretones (Begin Again Film), Zaida Carmona (Filmin), Ainhoa Gonz\u00e1lez Sanchiz (Creativa Desk Media Euskadi), No\u00e9 Mendelle (Scottish Documentary Institute), Aintzane P\u00e9rez del Palomar (EITB \u2013 Euskal Irrati Telebista), Joana Sousa (DocLisboa)\r\n<\/center>\r\n\r\n<hr>\r\n<h2><center>ZINEBI Networking 2022 Saria <\/center><\/h2> \r\n<img alt=\"\" width=\"1920\" height=\"1080\" class=\"aligncenter size-full wp-image-11135 lazyload\" data-src=\"https:\/\/zinebi.eus\/assets\/media\/ELENA-DIO-A-LUZ-UN-HERMOSO-NIN\u0303O-Still2.png\">\r\n<br><h3><center><a href=\"https:\/\/zinebi.eus\/programacion\/elena-dio-a-luz-un-hermoso-nino\/\">Elena dio a luz un hermoso ni\u00f1o<\/a><\/center><\/h3><p><strong>zuzendariak<\/strong> Chiara Mara\u00f1\u00f3n, Juan Soto | <strong>ekoizleak<\/strong> Ricard Sales, Luis Ferr\u00f3n, Sandra Tabares-Duque | <strong>ekoizpena<\/strong>LaCima Producciones<\/p>\r\n\u201cIstorio familiar bat delako baina, aldi berean, unibertsala delako. Espainiaren erretratu bat egiten duelako, ikerketa historiko sakon baten bidez. Interesekoak diren artxiboko\r\n irudiak berreskuratzeagatik. Historiak eta istorioak topo egiten dutelako. Epaimahaiak artxiboa eta zinemako edizioa beste modu batera erabili dela ikustea espero du.\u201d\r\n<br> \r\n<p><\/p><center><strong>ZINEBI Estatuko Networking Epaimahaia<\/strong> Lya (Asian Shadows), Anette Dujisin (Filmin Portugal), Elena Mera (Treeline), Ana Pel\u00e1ez (Televisi\u00f3n Espa\u00f1ola), Charlotte Serrand (La Roche-sur-Yon International Film Festival) <\/center>\r\n\r\n<hr>\r\n<div>\r\n<h3><center>Aukera Sariak<\/center><\/h3> <br>\r\n\r\n<h2><center>Aukera-(H)emen Saria<\/center><\/h2> \r\n<img alt=\"\" width=\"480\" height=\"270\" class=\"aligncenter size-full wp-image-11135 lazyload\" data-src=\"https:\/\/zinebi.eus\/assets\/media\/cartel-ULTRAMARINO.jpg\">\r\n<br><h3><center><a href=\"https:\/\/zinebi.eus\/programacion\/ultramarino\/\">Ultramarino<\/a><\/center><\/h3>\r\n<center><h4>Maren Zubeldia<\/h4><\/center>\r\n<br>\r\n<br>\r\n\r\n<hr>\r\n<h2><center>Aukera-Sortzaileen Saria<\/center><\/h2> \r\n<img alt=\"\" width=\"480\" height=\"270\" class=\"aligncenter size-full wp-image-11135 lazyload\" data-src=\"https:\/\/zinebi.eus\/assets\/media\/Cartel-87-HADAS.jpg\">\r\n<br><h3><center><a href=\"https:\/\/zinebi.eus\/programacion\/87-hadas\/\">87 hadas <\/a><\/center><\/h3>\r\n<center><h4>Beatriz de Silva<\/h4><\/center>\r\n<br>\r\n<br>\r\n\r\n<hr>\r\n<h2><center>Aukera-Artistic Creation Aipamen Berezia<\/center><\/h2> \r\n<img alt=\"\" width=\"480\" height=\"270\" class=\"aligncenter size-full wp-image-11135 lazyload\" data-src=\"https:\/\/zinebi.eus\/assets\/media\/KOMANDO-MARMITAKO.png\">\r\n<br><h3><center><a href=\"https:\/\/zinebi.eus\/programacion\/komando-marmitako\/\">Komando Marmitako<\/a><\/center><\/h3>\r\n<center><h4>Uxue Botas, Ane Nafarrate<\/h4><\/center>\r\n<br>\r\n<br>\r\n\r\n<hr>\r\n<h2><center>Aukera-Bizkaiko Foru Aldundia Saria<\/center><\/h2> \r\n<img alt=\"\" width=\"480\" height=\"270\" class=\"aligncenter size-full wp-image-11135 lazyload\" data-src=\"https:\/\/zinebi.eus\/assets\/media\/KOMANDO-MARMITAKO.png\">\r\n<br><h3><center><a href=\"https:\/\/zinebi.eus\/programacion\/komando-marmitako\/\">Komando Marmitako<\/a><\/center><\/h3>\r\n<center><h4>Uxue Botas, Ane Nafarrate<\/h4><\/center>\r\n<br>\r\n<br>\r\n<p><\/p><center><strong>Aukera Epaimahaia<\/strong>Lara Izagirre Garizurieta, Nagore Eceiza, Mar\u00eda Jes\u00fas Diez Sota<\/center>\r\n\r\n<\/div><\/div><\/div><\/center><\/center><\/div>","protected":false},"excerpt":{"rendered":"<p>Sail Ofiziala \u2013 Film Laburren Nazioarteko Lehiaketa ZINEBIko Sari Nagusia Todas mis cicatrices se desvanecen en el viento (All My Scars Vanish in the Wind) Ang\u00e9lica Restrepo, Carlos Velandia (Colombia, 2022 | 14\u2032 | ANI) \u201cAnimazio berritzaile bat, harrigarria, ikusleari denboran, espazioan eta oroitzapenen paisaien soinuan zehar bidaiatzeko aukera ematen diona, gure inguruan desegiten diren [&hellip;]<\/p>\n","protected":false},"author":2,"featured_media":0,"parent":7725,"menu_order":0,"comment_status":"closed","ping_status":"closed","template":"templates\/page-with-container.php","meta":{"_acf_changed":false,"footnotes":""},"class_list":["post-16042","page","type-page","status-publish","hentry"],"acf":[],"_links":{"self":[{"href":"https:\/\/zinebi.eus\/eu\/wp-json\/wp\/v2\/pages\/16042","targetHints":{"allow":["GET"]}}],"collection":[{"href":"https:\/\/zinebi.eus\/eu\/wp-json\/wp\/v2\/pages"}],"about":[{"href":"https:\/\/zinebi.eus\/eu\/wp-json\/wp\/v2\/types\/page"}],"author":[{"embeddable":true,"href":"https:\/\/zinebi.eus\/eu\/wp-json\/wp\/v2\/users\/2"}],"replies":[{"embeddable":true,"href":"https:\/\/zinebi.eus\/eu\/wp-json\/wp\/v2\/comments?post=16042"}],"version-history":[{"count":9,"href":"https:\/\/zinebi.eus\/eu\/wp-json\/wp\/v2\/pages\/16042\/revisions"}],"predecessor-version":[{"id":16314,"href":"https:\/\/zinebi.eus\/eu\/wp-json\/wp\/v2\/pages\/16042\/revisions\/16314"}],"up":[{"embeddable":true,"href":"https:\/\/zinebi.eus\/eu\/wp-json\/wp\/v2\/pages\/7725"}],"wp:attachment":[{"href":"https:\/\/zinebi.eus\/eu\/wp-json\/wp\/v2\/media?parent=16042"}],"curies":[{"name":"wp","href":"https:\/\/api.w.org\/{rel}","templated":true}]}}