 {"id":20802,"date":"2023-10-04T10:23:53","date_gmt":"2023-10-04T10:23:53","guid":{"rendered":"https:\/\/zinebi.eus\/zinebi-65\/"},"modified":"2023-10-04T10:23:53","modified_gmt":"2023-10-04T10:23:53","slug":"zinebi-65","status":"publish","type":"page","link":"https:\/\/zinebi.eus\/eu\/zinebi-65\/","title":{"rendered":"ZINEBI 65"},"content":{"rendered":"<div class=\"falso-slider under-header\">\r\n<section class=\"module-header parallax bg-dark bg-dark-60 \" data-jarallax-video=\"https:\/\/youtu.be\/SffpFKJuEf0?si=gwdBourqlRb_G2AH\">\r\n               <div class=\"container\">\r\n               <\/div>\r\n            <\/section>\r\n<section class=\"p-0 falso-slider__overlay\">\r\n               <div class=\"container\">\r\n                  <div class=\"row zinebi-claim\">\r\n                     <div class=\"col-md-3 wow zoomIn pl-0 zinebi-claim__text\">\r\n                        <p>Bilboko Dokumentalen<br>eta Film Laburren<br>Nazioarteko Jaialdia<br><strong>Azaroak 20 \u2013 27, 2026<\/strong><\/p>\r\n                     <\/div>\r\n                     <div class=\"col-md-3 wow zoomIn pl-0 zinebi-claim__text\">\r\n                        <p>International Festival of<br>Documentary and Short Film<br>of Bilbao<br><strong>November 20 \u2013 27, 2026<\/strong><\/p>\r\n                     <\/div>\r\n                     <div class=\"col-md-3 wow zoomIn pl-0 zinebi-claim__text\">\r\n                        <p>Festival Internacional de<br>Cine Documental y Cortometraje<br>de Bilbao<br><strong>Noviembre 20 \u2013 27, 2026<\/strong><\/p>\r\n                     <\/div>\r\n                     <div class=\"col-md-3 wow zoomIn text-right p-0 zinebi-claim__img\">\r\n                        <img alt=\"Zinebi\" width=\"250\" height=\"auto\" class=\"alignnone size-full wp-image-328 wow zoomIn logo lazyload\" data-src=\"https:\/\/zinebi.eus\/assets\/media\/logo-zinebi-negativo.png\">\r\n                     <\/div>\r\n                  <\/div>\r\n               <\/div>\r\n            <\/section>\r\n<\/div>\r\n\r\n<section class=\"module-sm\">\r\n<div class=\"container\">\r\n<img alt=\"\" width=\"1200\" height=\"419\" class=\"aligncenter size-full wp-image-20631 lazyload\" data-src=\"https:\/\/zinebi.eus\/assets\/media\/CARTELES_ZINEBI65_VEDIA-1.jpg\">\r\n<br>\r\n<div class=\"row\">\r\n<div class=\"col-md-12\"><iframe loading=\"lazy\" title=\"YouTube video player\" src=\"https:\/\/www.youtube.com\/embed\/ZC3z-C3wBO8?controls=0\" width=\"560\" height=\"315\" frameborder=\"0\" allowfullscreen=\"allowfullscreen\"><\/iframe><\/div>\r\n<div class=\"col-md-6 align-self-center\"><\/div>\r\n<\/div>\r\n<\/div>\r\n<\/section>\r\n<section class=\"module blog-featured__block\">\n\t<div class=\"container\">\n\t\t<div class=\"row\">\n\n\t\t\t<div class=\"col-lg-12\">\n\n\t\t\t\t<header class=\"row\">\n\t\t\t\t\t<div class=\"col-md-8 m-auto\">\n\t\t\t\t\t\t<div class=\"blog-featured__claim text-center\">\n\t\t\t\t\t\t\t<div class=\"fake-h5\"><h6 class=\"h2 text-uppercase\">Zinebiri buruzko azken albisteak<\/h6><\/div>\n\t\t\t\t\t\t<\/div>\n\t\t\t\t\t<\/div>\n\t\t\t\t<\/header>\n\n\t\t\t\t\t\t\t\t<main class=\"row blog-featured\">\n\t\t\t\t\t<div class=\"blog-featured__carousel owl-carousel owl-theme\" data-dots=\"true\" data-nav=\"false\" data-responsive='{ \"0\" : { \"items\" : \"1\" }, \"576\" : { \"items\" : \"2\" }, \"992\" : { \"items\" : \"3\" } }' data-margin=\"0\">\n\t\t\t\t\t\t\t\t\t\t\t\t<article class=\"blog-featured__item\">\n\t\t\t\t\t\t\t\t<!-- Post-->\n<article class=\"post post-featured\">\n\t<div class=\"post-preview\">\n\t\t<a href=\"https:\/\/zinebi.eus\/eu\/albisteak\/bilboko-dokumentalen-eta-film-laburren-nazioarteko-jaialdiak-icex-eta-icaa-proiektuekin-bat-egin-du-cannesko-zinemaldian-dokumentalen-estatu-mailako-proiektuetarako-erakusleiho-berri-bat-antolatzeko\">\n\t\t\t<picture id=\"thumbnail-42635\" class=\"cb-img-thumbnail\"><source media=\"(max-width: 150px)\" data-srcset=\"https:\/\/zinebi.eus\/assets\/media\/cannes-principal-150x100.jpg\"><source media=\"(max-width: 300px)\" data-srcset=\"https:\/\/zinebi.eus\/assets\/media\/cannes-principal-300x200.jpg\"><source media=\"(max-width: 400px)\" data-srcset=\"https:\/\/zinebi.eus\/assets\/media\/cannes-principal-400x267.jpg\"><source media=\"(max-width: 480px)\" data-srcset=\"https:\/\/zinebi.eus\/assets\/media\/cannes-principal-480x320.jpg\"><source media=\"(max-width: 550px)\" data-srcset=\"https:\/\/zinebi.eus\/assets\/media\/cannes-principal-550x367.jpg\"><img class=\"lazyload \" data-src=\"https:\/\/zinebi.eus\/assets\/media\/cannes-principal-550x367.jpg\" alt=\"cannes-principal\"><\/source><\/source><\/source><\/source><\/source><\/picture>\t\t\t\n\t\t<\/a>\n\t<\/div>\n\t<div class=\"post-wrapper\">\n\t\t<div class=\"post-header\">\n\t\t\t<h4 class=\"post-title\">\n\t\t\t\t<a href=\"https:\/\/zinebi.eus\/eu\/albisteak\/bilboko-dokumentalen-eta-film-laburren-nazioarteko-jaialdiak-icex-eta-icaa-proiektuekin-bat-egin-du-cannesko-zinemaldian-dokumentalen-estatu-mailako-proiektuetarako-erakusleiho-berri-bat-antolatzeko\">\n\t\t\t\t\tBILBOKO DOKUMENTALEN ETA FILM LABURREN NAZIOARTEKO JAIALDIAK ICEX ETA ICAA PROIEKTUEKIN BAT EGIN DU CANNESKO ZINEMALDIAN DOKUMENTALEN ESTATU MAILAKO PROIEKTUETARAKO ERAKUSLEIHO BERRI BAT ANTOLATZEKO\t\t\t\t\t\t\n\t\t\t\t<\/a>\n\t\t\t<\/h4>\n\t\t\t<ul class=\"post-meta h5\">\n\t\t\t\t\t\t\t\t\t<li><a class=\"link-date\" href=\"data\/2026\/01\/22\">22  2026<\/a><\/li>\n\t\t\t\t\t\t\t<\/ul>\n\t\t<\/div>\n\t\t<div class=\"post-content\">\n\t\t\t<div>\n\t\t\t\tZINEBIk, Cannes Docs-en Espainiako estatuko partner jaialdi bakarrak, ICEX Espa\u00f1a Exportaci\u00f3n e Inversiones eta ICAArekin batera, Spain Showcase bat antolatuko du, maiatzaren 14tik 19ra bitartean, March\u00e9 du Filmen, munduan eragin handiena duen zinema dokumentalaren merkatuan.\r\n\r\nNazioarteko ...\t\t\t<\/div>\t\n\t\t<\/div>\n\t\t<div class=\"post-more\">\n\t\t\t<a href=\"https:\/\/zinebi.eus\/eu\/albisteak\/bilboko-dokumentalen-eta-film-laburren-nazioarteko-jaialdiak-icex-eta-icaa-proiektuekin-bat-egin-du-cannesko-zinemaldian-dokumentalen-estatu-mailako-proiektuetarako-erakusleiho-berri-bat-antolatzeko\">Gehiago irakurri \u2192<\/a>\n\t\t<\/div>\n\t<\/div>\n<\/article>\n<!-- Post end-->\t\t\t\t\t\t\t<\/article>\n\t\t\t\t\t\t\t\t\t\t\t\t\t<article class=\"blog-featured__item\">\n\t\t\t\t\t\t\t\t<!-- Post-->\n<article class=\"post post-featured\">\n\t<div class=\"post-preview\">\n\t\t<a href=\"https:\/\/zinebi.eus\/eu\/albisteak\/correct-me-if-i-m-wrong-film-laburrak-zinebiren-67-edizioko-sari-nagusia-lortu-du\">\n\t\t\t<picture id=\"thumbnail-37433\" class=\"cb-img-thumbnail\"><source media=\"(max-width: 150px)\" data-srcset=\"https:\/\/zinebi.eus\/assets\/media\/PORTADA-14-150x84.jpg\"><source media=\"(max-width: 300px)\" data-srcset=\"https:\/\/zinebi.eus\/assets\/media\/PORTADA-14-300x169.jpg\"><source media=\"(max-width: 400px)\" data-srcset=\"https:\/\/zinebi.eus\/assets\/media\/PORTADA-14-400x225.jpg\"><source media=\"(max-width: 480px)\" data-srcset=\"https:\/\/zinebi.eus\/assets\/media\/PORTADA-14-480x270.jpg\"><source media=\"(max-width: 550px)\" data-srcset=\"https:\/\/zinebi.eus\/assets\/media\/PORTADA-14-550x309.jpg\"><img class=\"lazyload \" data-src=\"https:\/\/zinebi.eus\/assets\/media\/PORTADA-14-550x309.jpg\" alt=\"PORTADA\"><\/source><\/source><\/source><\/source><\/source><\/picture>\t\t\t\n\t\t<\/a>\n\t<\/div>\n\t<div class=\"post-wrapper\">\n\t\t<div class=\"post-header\">\n\t\t\t<h4 class=\"post-title\">\n\t\t\t\t<a href=\"https:\/\/zinebi.eus\/eu\/albisteak\/correct-me-if-i-m-wrong-film-laburrak-zinebiren-67-edizioko-sari-nagusia-lortu-du\">\n\t\t\t\t\t\u201cCORRECT ME IF I \u2018M WRONG\u201d FILM LABURRAK ZINEBIREN 67. EDIZIOKO SARI NAGUSIA LORTU DU\t\t\t\t\t\t\n\t\t\t\t<\/a>\n\t\t\t<\/h4>\n\t\t\t<ul class=\"post-meta h5\">\n\t\t\t\t\t\t\t\t\t<li><a class=\"link-date\" href=\"data\/2025\/11\/28\">28  2025<\/a><\/li>\n\t\t\t\t\t\t\t<\/ul>\n\t\t<\/div>\n\t\t<div class=\"post-content\">\n\t\t\t<div>\n\t\t\t\t\r\n \t\u201cHabana industrial\u201d filmak irabazi du Euskal Film Labur Onenaren Sari Nagusia, eta \u201cGeratzen den hori\u201d lanak, Espainiako Film Labur Onenarena.\r\n \tSarien banaketa gaur arratsaldean 19:30ean Arriaga Antzokian ospatuko den itxiera galan egingo da.\r\n\r\n(Bilbon, 2025eko azaroaren 28an).\u2013 ...\t\t\t<\/div>\t\n\t\t<\/div>\n\t\t<div class=\"post-more\">\n\t\t\t<a href=\"https:\/\/zinebi.eus\/eu\/albisteak\/correct-me-if-i-m-wrong-film-laburrak-zinebiren-67-edizioko-sari-nagusia-lortu-du\">Gehiago irakurri \u2192<\/a>\n\t\t<\/div>\n\t<\/div>\n<\/article>\n<!-- Post end-->\t\t\t\t\t\t\t<\/article>\n\t\t\t\t\t\t\t\t\t\t\t\t\t<article class=\"blog-featured__item\">\n\t\t\t\t\t\t\t\t<!-- Post-->\n<article class=\"post post-featured\">\n\t<div class=\"post-preview\">\n\t\t<a href=\"https:\/\/zinebi.eus\/eu\/albisteak\/zinebik-akelarre-marearen-kontra-aurkeztuko-du-arriaga-antzokian-euskal-talde-mitikoaren-hiru-hamarkada-baino-gehiagoko-ibilbidea-ospatzeko\">\n\t\t\t<picture id=\"thumbnail-41799\" class=\"cb-img-thumbnail\"><source media=\"(max-width: 150px)\" data-srcset=\"https:\/\/zinebi.eus\/assets\/media\/PORTADA-167-150x84.jpg\"><source media=\"(max-width: 300px)\" data-srcset=\"https:\/\/zinebi.eus\/assets\/media\/PORTADA-167-300x169.jpg\"><source media=\"(max-width: 400px)\" data-srcset=\"https:\/\/zinebi.eus\/assets\/media\/PORTADA-167-400x225.jpg\"><source media=\"(max-width: 480px)\" data-srcset=\"https:\/\/zinebi.eus\/assets\/media\/PORTADA-167-480x270.jpg\"><source media=\"(max-width: 550px)\" data-srcset=\"https:\/\/zinebi.eus\/assets\/media\/PORTADA-167-550x309.jpg\"><img class=\"lazyload \" data-src=\"https:\/\/zinebi.eus\/assets\/media\/PORTADA-167-550x309.jpg\" alt=\"PORTADA\"><\/source><\/source><\/source><\/source><\/source><\/picture>\t\t\t\n\t\t<\/a>\n\t<\/div>\n\t<div class=\"post-wrapper\">\n\t\t<div class=\"post-header\">\n\t\t\t<h4 class=\"post-title\">\n\t\t\t\t<a href=\"https:\/\/zinebi.eus\/eu\/albisteak\/zinebik-akelarre-marearen-kontra-aurkeztuko-du-arriaga-antzokian-euskal-talde-mitikoaren-hiru-hamarkada-baino-gehiagoko-ibilbidea-ospatzeko\">\n\t\t\t\t\tZINEBIK \u201cAKELARRE: MAREAREN KONTRA\u201d AURKEZTUKO DU ARRIAGA ANTZOKIAN, EUSKAL TALDE MITIKOAREN HIRU HAMARKADA BAINO GEHIAGOKO IBILBIDEA OSPATZEKO\t\t\t\t\t\t\n\t\t\t\t<\/a>\n\t\t\t<\/h4>\n\t\t\t<ul class=\"post-meta h5\">\n\t\t\t\t\t\t\t\t\t<li><a class=\"link-date\" href=\"data\/2025\/11\/27\">27  2025<\/a><\/li>\n\t\t\t\t\t\t\t<\/ul>\n\t\t<\/div>\n\t\t<div class=\"post-content\">\n\t\t\t<div>\n\t\t\t\t\r\n \tProiekzioa Bertoko Begiradak \u2013 Miradas desde Euskadi sailaren parte da eta jaialdiaren palmares ofizialaren zati baten proiekzioarekin partekatuko da\r\n \tSaioa azaroaren 29an, larunbata, izango da, 18:30ean, Arriaga Antzokian.\r\n\r\n(Bilbao, 2025eko azaroaren 27an).\u2013 Bilboko Udalak antolatutako ...\t\t\t<\/div>\t\n\t\t<\/div>\n\t\t<div class=\"post-more\">\n\t\t\t<a href=\"https:\/\/zinebi.eus\/eu\/albisteak\/zinebik-akelarre-marearen-kontra-aurkeztuko-du-arriaga-antzokian-euskal-talde-mitikoaren-hiru-hamarkada-baino-gehiagoko-ibilbidea-ospatzeko\">Gehiago irakurri \u2192<\/a>\n\t\t<\/div>\n\t<\/div>\n<\/article>\n<!-- Post end-->\t\t\t\t\t\t\t<\/article>\n\t\t\t\t\t\t\t\t\t\t\t\t\t<article class=\"blog-featured__item\">\n\t\t\t\t\t\t\t\t<!-- Post-->\n<article class=\"post post-featured\">\n\t<div class=\"post-preview\">\n\t\t<a href=\"https:\/\/zinebi.eus\/eu\/albisteak\/esther-garciak-jasoko-du-zinebiren-67-edizioko-ohorezko-bigarren-mikeldi-saria-ostiral-honetan-arriaga-antzokian\">\n\t\t\t<picture id=\"thumbnail-41686\" class=\"cb-img-thumbnail\"><source media=\"(max-width: 150px)\" data-srcset=\"https:\/\/zinebi.eus\/assets\/media\/Esther-Garcia-Rodriguez-1-150x82.jpg\"><source media=\"(max-width: 300px)\" data-srcset=\"https:\/\/zinebi.eus\/assets\/media\/Esther-Garcia-Rodriguez-1-300x164.jpg\"><source media=\"(max-width: 400px)\" data-srcset=\"https:\/\/zinebi.eus\/assets\/media\/Esther-Garcia-Rodriguez-1-400x218.jpg\"><source media=\"(max-width: 480px)\" data-srcset=\"https:\/\/zinebi.eus\/assets\/media\/Esther-Garcia-Rodriguez-1-480x262.jpg\"><source media=\"(max-width: 550px)\" data-srcset=\"https:\/\/zinebi.eus\/assets\/media\/Esther-Garcia-Rodriguez-1-550x300.jpg\"><img class=\"lazyload \" data-src=\"https:\/\/zinebi.eus\/assets\/media\/Esther-Garcia-Rodriguez-1-550x300.jpg\" alt=\"Esther-Garcia-Rodriguez\"><\/source><\/source><\/source><\/source><\/source><\/picture>\t\t\t\n\t\t<\/a>\n\t<\/div>\n\t<div class=\"post-wrapper\">\n\t\t<div class=\"post-header\">\n\t\t\t<h4 class=\"post-title\">\n\t\t\t\t<a href=\"https:\/\/zinebi.eus\/eu\/albisteak\/esther-garciak-jasoko-du-zinebiren-67-edizioko-ohorezko-bigarren-mikeldi-saria-ostiral-honetan-arriaga-antzokian\">\n\t\t\t\t\tESTHER GARCIAK JASOKO DU ZINEBIREN 67. EDIZIOKO OHOREZKO BIGARREN MIKELDI SARIA, OSTIRAL HONETAN, ARRIAGA ANTZOKIAN\t\t\t\t\t\t\n\t\t\t\t<\/a>\n\t\t\t<\/h4>\n\t\t\t<ul class=\"post-meta h5\">\n\t\t\t\t\t\t\t\t\t<li><a class=\"link-date\" href=\"data\/2025\/11\/26\">26  2025<\/a><\/li>\n\t\t\t\t\t\t\t<\/ul>\n\t\t<\/div>\n\t\t<div class=\"post-content\">\n\t\t\t<div>\n\t\t\t\t\r\n \tSaria emango zaio Espainiako zinema garaikidearen funtsezko figura eta ekoizpen zinematografikoan erreferente eztabaidaezina izateagatik.\r\n \tSari hori jasotzeko galan, edizio honetako sariak ere banatuko dira, eta Annecy Jaialdiko \u201cWhat The fuck Off\u2019 saileko lanak proiektatuko dira.\r\n ...\t\t\t<\/div>\t\n\t\t<\/div>\n\t\t<div class=\"post-more\">\n\t\t\t<a href=\"https:\/\/zinebi.eus\/eu\/albisteak\/esther-garciak-jasoko-du-zinebiren-67-edizioko-ohorezko-bigarren-mikeldi-saria-ostiral-honetan-arriaga-antzokian\">Gehiago irakurri \u2192<\/a>\n\t\t<\/div>\n\t<\/div>\n<\/article>\n<!-- Post end-->\t\t\t\t\t\t\t<\/article>\n\t\t\t\t\t\t\t\t\t\t\t\t\t<article class=\"blog-featured__item\">\n\t\t\t\t\t\t\t\t<!-- Post-->\n<article class=\"post post-featured\">\n\t<div class=\"post-preview\">\n\t\t<a href=\"https:\/\/zinebi.eus\/eu\/albisteak\/zinebik-llamame-sinsorga-film-dokumentalaren-estatuko-estreinaldia-hartuko-du\">\n\t\t\t<picture id=\"thumbnail-42540\" class=\"cb-img-thumbnail\"><source media=\"(max-width: 150px)\" data-srcset=\"https:\/\/zinebi.eus\/assets\/media\/2H4A5504-150x100.jpg\"><source media=\"(max-width: 300px)\" data-srcset=\"https:\/\/zinebi.eus\/assets\/media\/2H4A5504-300x200.jpg\"><source media=\"(max-width: 400px)\" data-srcset=\"https:\/\/zinebi.eus\/assets\/media\/2H4A5504-400x267.jpg\"><source media=\"(max-width: 480px)\" data-srcset=\"https:\/\/zinebi.eus\/assets\/media\/2H4A5504-480x320.jpg\"><source media=\"(max-width: 550px)\" data-srcset=\"https:\/\/zinebi.eus\/assets\/media\/2H4A5504-550x367.jpg\"><img class=\"lazyload \" data-src=\"https:\/\/zinebi.eus\/assets\/media\/2H4A5504-550x367.jpg\" alt=\"2H4A5504\"><\/source><\/source><\/source><\/source><\/source><\/picture>\t\t\t\n\t\t<\/a>\n\t<\/div>\n\t<div class=\"post-wrapper\">\n\t\t<div class=\"post-header\">\n\t\t\t<h4 class=\"post-title\">\n\t\t\t\t<a href=\"https:\/\/zinebi.eus\/eu\/albisteak\/zinebik-llamame-sinsorga-film-dokumentalaren-estatuko-estreinaldia-hartuko-du\">\n\t\t\t\t\tZINEBIK \u201cLL\u00c1MAME SINSORGA\u201d FILM DOKUMENTALAREN ESTATUKO ESTREINALDIA HARTUKO DU\t\t\t\t\t\t\n\t\t\t\t<\/a>\n\t\t\t<\/h4>\n\t\t\t<ul class=\"post-meta h5\">\n\t\t\t\t\t\t\t\t\t<li><a class=\"link-date\" href=\"data\/2025\/11\/24\">24  2025<\/a><\/li>\n\t\t\t\t\t\t\t<\/ul>\n\t\t<\/div>\n\t\t<div class=\"post-content\">\n\t\t\t<div>\n\t\t\t\t\r\n\t\tIrantzu Varela eta Andrea Momoitio kazetariek La Sinsorga, emakumeek kudeatutako Bilboko kulturgune bat, berreraikitzeko prozesua islatzen du documental honek.\r\n\r\n\tLuzemetraia gaur, azaroak 24, izango da ikusgai, 19:30ean, BBK Aretoan, zinema-aretoetan estreinatu baino egun batzuk ...\t\t\t<\/div>\t\n\t\t<\/div>\n\t\t<div class=\"post-more\">\n\t\t\t<a href=\"https:\/\/zinebi.eus\/eu\/albisteak\/zinebik-llamame-sinsorga-film-dokumentalaren-estatuko-estreinaldia-hartuko-du\">Gehiago irakurri \u2192<\/a>\n\t\t<\/div>\n\t<\/div>\n<\/article>\n<!-- Post end-->\t\t\t\t\t\t\t<\/article>\n\t\t\t\t\t\t\t\t\t\t\t\t\t<article class=\"blog-featured__item\">\n\t\t\t\t\t\t\t\t<!-- Post-->\n<article class=\"post post-featured\">\n\t<div class=\"post-preview\">\n\t\t<a href=\"https:\/\/zinebi.eus\/eu\/albisteak\/bost-euskal-film-labur-lehiatuko-dira-zinebiren-67-edizioko-sail-ofizialean\">\n\t\t\t<picture id=\"thumbnail-42483\" class=\"cb-img-thumbnail\"><source media=\"(max-width: 150px)\" data-srcset=\"https:\/\/zinebi.eus\/assets\/media\/ULTRAMARINO_MASTER_.00_01_37_13.Imagen-fija004-Alejo-Duclo\u0301s-992x640-1-150x97.jpg\"><source media=\"(max-width: 300px)\" data-srcset=\"https:\/\/zinebi.eus\/assets\/media\/ULTRAMARINO_MASTER_.00_01_37_13.Imagen-fija004-Alejo-Duclo\u0301s-992x640-1-300x194.jpg\"><source media=\"(max-width: 400px)\" data-srcset=\"https:\/\/zinebi.eus\/assets\/media\/ULTRAMARINO_MASTER_.00_01_37_13.Imagen-fija004-Alejo-Duclo\u0301s-992x640-1-400x259.jpg\"><source media=\"(max-width: 480px)\" data-srcset=\"https:\/\/zinebi.eus\/assets\/media\/ULTRAMARINO_MASTER_.00_01_37_13.Imagen-fija004-Alejo-Duclo\u0301s-992x640-1-480x311.jpg\"><source media=\"(max-width: 550px)\" data-srcset=\"https:\/\/zinebi.eus\/assets\/media\/ULTRAMARINO_MASTER_.00_01_37_13.Imagen-fija004-Alejo-Duclo\u0301s-992x640-1-550x356.jpg\"><img class=\"lazyload \" data-src=\"https:\/\/zinebi.eus\/assets\/media\/ULTRAMARINO_MASTER_.00_01_37_13.Imagen-fija004-Alejo-Duclo\u0301s-992x640-1-550x356.jpg\" alt=\"ULTRAMARINO_MASTER_.00_01_37_13.Imagen-fija004-Alejo-Duclo\u0301s-992\u00d7640\"><\/source><\/source><\/source><\/source><\/source><\/picture>\t\t\t\n\t\t<\/a>\n\t<\/div>\n\t<div class=\"post-wrapper\">\n\t\t<div class=\"post-header\">\n\t\t\t<h4 class=\"post-title\">\n\t\t\t\t<a href=\"https:\/\/zinebi.eus\/eu\/albisteak\/bost-euskal-film-labur-lehiatuko-dira-zinebiren-67-edizioko-sail-ofizialean\">\n\t\t\t\t\tBOST EUSKAL FILM LABUR LEHIATUKO DIRA ZINEBIREN 67. EDIZIOKO SAIL OFIZIALEAN\t\t\t\t\t\t\n\t\t\t\t<\/a>\n\t\t\t<\/h4>\n\t\t\t<ul class=\"post-meta h5\">\n\t\t\t\t\t\t\t\t\t<li><a class=\"link-date\" href=\"data\/2025\/11\/21\">21  2025<\/a><\/li>\n\t\t\t\t\t\t\t<\/ul>\n\t\t<\/div>\n\t\t<div class=\"post-content\">\n\t\t\t<div>\n\t\t\t\t\r\n \tAzken lanak aurkeztuko dituzte Bea Lemak, Aitor Gametxok, Ainhoa Ordo\u00f1ezek, Giulia Cosentinok, Perla Sardellak, Maren Zubeldiak eta Silvina Guglielmottik. \r\n \tHonako sari hauek eskuratu ahal izango dituzte: ZINEBI Sari Nagusia; Euskal Zinemaren Sari Nagusia; Espainiako Zinemaren Sari Nagusia; ...\t\t\t<\/div>\t\n\t\t<\/div>\n\t\t<div class=\"post-more\">\n\t\t\t<a href=\"https:\/\/zinebi.eus\/eu\/albisteak\/bost-euskal-film-labur-lehiatuko-dira-zinebiren-67-edizioko-sail-ofizialean\">Gehiago irakurri \u2192<\/a>\n\t\t<\/div>\n\t<\/div>\n<\/article>\n<!-- Post end-->\t\t\t\t\t\t\t<\/article>\n\t\t\t\t\t\t\t\t\t\t\n\t\t\t\t\t<\/div>\n\t\t\t\t<\/main><!-- \/blog-grid -->\n\t\t\t\t\n\t\t\t\t<footer class=\"row blog-featured__footer\">\n\t\t\t\t\t<div class=\"col-md-12\">\n\t\t\t\t\t\t<div class=\"text-center\">\n\t\t\t\t\t\t\t<a class=\"btn btn-lg btn-circle btn-brand\" href=\"\">Albiste guztiak ikusi<\/a>\n\t\t\t\t\t\t<\/div>\n\t\t\t\t\t<\/div>\n\t\t\t\t<\/footer>\n\n\t\t\t<\/div><!-- \/col-lg-12 -->\n\n\t\t<\/div><!-- \/row -->\n\t<\/div><!-- \/container -->\t\n<\/section><!-- \/module -->\r\n<section class=\"module-sm pb-0 bloque-ig\">\r\n   <article class=\"container\">\r\n      <div class=\"row\">\r\n         <div class=\"col-md-8 m-auto\">\r\n            <div class=\"module-title text-center p-0 m-0\">\r\n               <ul class=\"social-icons\">\r\n                  <li><a href=\"https:\/\/mobile.twitter.com\/ZinebiFest\" target=\"_blank\" rel=\"noopener\"><i class=\"fa fa-twitter fa-2x mr-2\"><\/i><\/a><\/li>\r\n                  <li><a href=\"https:\/\/m.facebook.com\/zinebifestival\" target=\"_blank\" rel=\"noopener\"><i class=\"fa fa-facebook fa-2x mr-2\"><\/i><\/a><\/li>\r\n                  <li><a href=\"https:\/\/www.instagram.com\/zinebifilmfest\/\" target=\"_blank\" rel=\"noopener\"><i class=\"fa fa-instagram fa-2x mr-2\"><\/i><\/a><\/li>\r\n                  <li><a href=\"https:\/\/m.youtube.com\/user\/ZinebiBilbao\" target=\"_blank\" rel=\"noopener\"><i class=\"fa fa-youtube fa-2x\"><\/i><\/a><\/li>\r\n               <\/ul>\r\n           \r\n               <p>S\u00edgue nuestras novedades en Instagram y nuestras redes sociales <\/p>\r\n            <\/div>\r\n         <\/div>\r\n         <main class=\"col-md-12 bloque-ig__plugin\">[jr_instagram id=\u201d1\u2033]<\/main>\r\n      <\/div>\r\n   <\/article>\r\n<\/section>\r\n\r\n\r\n\r\n","protected":false},"excerpt":{"rendered":"","protected":false},"author":2,"featured_media":0,"parent":0,"menu_order":0,"comment_status":"closed","ping_status":"closed","template":"","meta":{"_acf_changed":false,"footnotes":""},"class_list":["post-20802","page","type-page","status-publish","hentry"],"acf":[],"_links":{"self":[{"href":"https:\/\/zinebi.eus\/eu\/wp-json\/wp\/v2\/pages\/20802","targetHints":{"allow":["GET"]}}],"collection":[{"href":"https:\/\/zinebi.eus\/eu\/wp-json\/wp\/v2\/pages"}],"about":[{"href":"https:\/\/zinebi.eus\/eu\/wp-json\/wp\/v2\/types\/page"}],"author":[{"embeddable":true,"href":"https:\/\/zinebi.eus\/eu\/wp-json\/wp\/v2\/users\/2"}],"replies":[{"embeddable":true,"href":"https:\/\/zinebi.eus\/eu\/wp-json\/wp\/v2\/comments?post=20802"}],"version-history":[{"count":0,"href":"https:\/\/zinebi.eus\/eu\/wp-json\/wp\/v2\/pages\/20802\/revisions"}],"wp:attachment":[{"href":"https:\/\/zinebi.eus\/eu\/wp-json\/wp\/v2\/media?parent=20802"}],"curies":[{"name":"wp","href":"https:\/\/api.w.org\/{rel}","templated":true}]}}