 {"id":22627,"date":"2023-10-19T11:25:56","date_gmt":"2023-10-19T11:25:56","guid":{"rendered":"https:\/\/zinebi.eus\/zinebi-industry\/jornada-profesional-noka\/"},"modified":"2023-10-19T14:16:03","modified_gmt":"2023-10-19T14:16:03","slug":"jornada-profesional-noka","status":"publish","type":"page","link":"https:\/\/zinebi.eus\/eu\/zinebi-industry\/jornada-profesional-noka\/","title":{"rendered":"Noka Jardunaldi Profezionala"},"content":{"rendered":"<h1><center>Jornada Profesional Noka <\/center><\/h1>\r\n<p>Noka Mentoring, Eusko Jaurlaritzak bultzatutako programa bat da, eta Tabakalerako zinema eta ikus-entzunezkoen arloak koordinatzen du Zineuskadirekin lankidetzan, Euskal Autonomia Erkidegoan, Nafarroan eta Iparralden oinarritutako emakume zuzendari hasiberrien proiektuak tutorizatu, lagundu eta bultzatzeko. <\/p>\r\n\r\n<p>Noka Mentoringek denbora, espazioa, testuingurua, akonpainamendu profesionala eta laguntza ekonomikoa eskaintzen die parte hartzen duten zuzendariei euren filmen hasierako fasean; zuzendari-txosten sendo bat eta gidoiaren lehen tratamendua egiten lagunduko zaie, nazioarteko industria zinematografikoko finantzaketa, foro profesional eta egonaldietara aurkeztu ahal izan daitezen. <\/p>\r\n\r\n<p>Edizio honetan, Celia Rico, Maider Oleaga eta Diana Toucedo tutoreak arduratuko dira hautatutako zinemagileen proiektuei laguntzeaz eta jarraipena emateaz. Hona hemen horien izenak: Mikele Landa-ren <em>Senda<\/em>, Nerea Castro-ren <em>Los nidos<\/em> eta Joana Moya-ren <em>La Koreana<\/em>.<\/p>\r\n\r\n<p>Gainera, programan zehar hainbat alderdi lantzen dira: batetik, film baten ideazio-prozesura sormenaren bidez hurbiltzea eta, bestetik, proiektu horiek merkatuan eta zinemaren industrian txertatzea. Horiek lantzeko, hainbat profesional izango dituzte, hala nola Susana S. Rodrigues, Vanesa Fern\u00e1ndez Guerra, Estibaliz Urresola, Marian S\u00e1nchez Carniglia eta M\u00f3nica Garc\u00eda, baita SSIFF eta ZINEBIn egingo dituzten egonaldiak ere.<\/p>\r\n<br>\r\n<img class=\"aligncenter lazyload\" data-src=\"https:\/\/zinebi.eus\/assets\/media\/BANNER_noka-1.jpg\">\r\n<br>\r\n<br>\r\n<div>\r\n<div>\r\n<h3 class=\"sidelines\"><span class=\"blanco\">TUTOREAK<\/span><\/h3>\r\n<br>\r\n<div class=\"row justify-content-center\">\r\n<div class=\"col-md-4\"><img class=\"alignnone lazyload\" wp-image-10359 size-full data-src=\"https:\/\/zinebi.eus\/assets\/media\/MAiderOleaga-1.jpg\">\r\n<h4><strong>Maider Oleaga<\/strong>\r\n<br>Zuzendaria<\/h4>\r\n<\/div>\r\n<div class=\"col-md-4\"><img class=\"alignnone lazyload\" wp-image-10359 size-full data-src=\"https:\/\/zinebi.eus\/assets\/media\/celiarico-1.jpg\">\r\n<h4><strong>Celia Rico<\/strong>\r\n<br>Guionista, directora, profesora de direcci\u00f3n y guion<\/h4>\r\n<\/div>\r\n<div class=\"col-md-4\"><img class=\"alignnone lazyload\" wp-image-10359 size-full data-src=\"https:\/\/zinebi.eus\/assets\/media\/Diana_toucedo-1.jpg\">\r\n<h4><strong>Diana Toucedo<\/strong>\r\n<br>Cineasta, editora, productora, profesora asociada<\/h4>\r\n<\/div>\r\n<\/div>\r\n<\/div>\r\n<br>\r\n<div>\r\n<h3 class=\"sidelines\"><span class=\"blanco\">PROIEKTUAK<\/span><\/h3>\r\n<br>\r\n<div class=\"row justify-content-center\">\r\n<div class=\"col-md-4\"><img class=\"alignnone lazyload\" wp-image-10359 size-full data-src=\"https:\/\/zinebi.eus\/assets\/media\/JoanaMoya-1.jpg\">\r\n<h4><strong>La Koreana<\/strong>\r\n<br>Joana Moya\/h4&gt;\r\n<\/h4><\/div>\r\n<div class=\"col-md-4\"><img class=\"alignnone lazyload\" wp-image-10359 size-full data-src=\"https:\/\/zinebi.eus\/assets\/media\/Nerea-Castro-1.jpg\">\r\n<h4><strong>Los nidos<\/strong>\r\n<br>Nerea Castro<\/h4>\r\n<\/div>\r\n<div class=\"col-md-4\"><img class=\"alignnone lazyload\" wp-image-10359 size-full data-src=\"https:\/\/zinebi.eus\/assets\/media\/mikelelanda-1.jpg\">\r\n<h4><strong>Sendaz<\/strong>\r\n<br>Mikele Landa<\/h4>\r\n<\/div>\r\n<\/div>\r\n<\/div>\r\n\r\n\r\n<\/div>","protected":false},"excerpt":{"rendered":"<p>Jornada Profesional Noka Noka Mentoring, Eusko Jaurlaritzak bultzatutako programa bat da, eta Tabakalerako zinema eta ikus-entzunezkoen arloak koordinatzen du Zineuskadirekin lankidetzan, Euskal Autonomia Erkidegoan, Nafarroan eta Iparralden oinarritutako emakume zuzendari hasiberrien proiektuak tutorizatu, lagundu eta bultzatzeko. Noka Mentoringek denbora, espazioa, testuingurua, akonpainamendu profesionala eta laguntza ekonomikoa eskaintzen die parte hartzen duten zuzendariei euren filmen hasierako [&hellip;]<\/p>\n","protected":false},"author":2,"featured_media":22991,"parent":441,"menu_order":0,"comment_status":"closed","ping_status":"closed","template":"templates\/page-hero-mikeldi.php","meta":{"_acf_changed":false,"footnotes":""},"class_list":["post-22627","page","type-page","status-publish","has-post-thumbnail","hentry"],"acf":[],"_links":{"self":[{"href":"https:\/\/zinebi.eus\/eu\/wp-json\/wp\/v2\/pages\/22627","targetHints":{"allow":["GET"]}}],"collection":[{"href":"https:\/\/zinebi.eus\/eu\/wp-json\/wp\/v2\/pages"}],"about":[{"href":"https:\/\/zinebi.eus\/eu\/wp-json\/wp\/v2\/types\/page"}],"author":[{"embeddable":true,"href":"https:\/\/zinebi.eus\/eu\/wp-json\/wp\/v2\/users\/2"}],"replies":[{"embeddable":true,"href":"https:\/\/zinebi.eus\/eu\/wp-json\/wp\/v2\/comments?post=22627"}],"version-history":[{"count":2,"href":"https:\/\/zinebi.eus\/eu\/wp-json\/wp\/v2\/pages\/22627\/revisions"}],"predecessor-version":[{"id":22631,"href":"https:\/\/zinebi.eus\/eu\/wp-json\/wp\/v2\/pages\/22627\/revisions\/22631"}],"up":[{"embeddable":true,"href":"https:\/\/zinebi.eus\/eu\/wp-json\/wp\/v2\/pages\/441"}],"wp:featuredmedia":[{"embeddable":true,"href":"https:\/\/zinebi.eus\/eu\/wp-json\/wp\/v2\/media\/22991"}],"wp:attachment":[{"href":"https:\/\/zinebi.eus\/eu\/wp-json\/wp\/v2\/media?parent=22627"}],"curies":[{"name":"wp","href":"https:\/\/api.w.org\/{rel}","templated":true}]}}