 {"id":26788,"date":"2023-11-16T09:22:24","date_gmt":"2023-11-16T09:22:24","guid":{"rendered":"https:\/\/zinebi.eus\/zinebi-65\/palmares-zinebi65\/"},"modified":"2023-12-22T09:57:46","modified_gmt":"2023-12-22T09:57:46","slug":"palmares-zinebi65","status":"publish","type":"page","link":"https:\/\/zinebi.eus\/eu\/zinebi-65\/palmares-zinebi65\/","title":{"rendered":"Palmaresa <br> ZINEBI65"},"content":{"rendered":"<div><center><h1>Sail Ofiziala<\/h1>\r\n<h2>Film Laburren Nazioarteko Lehiaketa<\/h2>\r\n<\/center><\/div>\r\n<br>\r\n<br>\r\n\r\n<h3 class=\"sidelines\"><span class=\"blanco\">ZINEBIko Sari Nagusia<\/span><\/h3>\r\n<br>\r\n<div class=\"row justify-content-center\">\r\n<div class=\"col-md-5\">\r\n<h3>Beyond the Other Shore (\u6ce2\u7f57\u871c)<\/h3>\r\n<h5>Pek Jia Hao &amp; Ang Jia Jun \u2013 Singapur \u2013 15\u2019 \u2013 2023 \u2013 FIC<\/h5>\r\n<p><strong>Epaimahaiaren erabakia<\/strong> Zinematografia oso zainduaren bidez, poesiaz beteriko film labur honek doluaren bidean barrena garamatza. Sentikortasun handiz, ikusleari aukera ematen dio noraez fisikoaren eta protagonista nagusiaren barne-sentimenduen artean nabigatzeko. Protagonistak bezala, eta bidaia honetan zehar, hilkortasunari, sinesmenei eta denboraren joanari buruz dugun pertzepzioari aurre egin beharko diogu. Filmak begirada sotilez sakontzen du gai oso astunetan; egunerokotasunean errotutako film hau samurtasunerako eta autoinduljentziarako dei bat da.<\/p>\r\n<\/div>\r\n<div class=\"col-md-5\"><a href=\"https:\/\/zinebi.eus\/programacion\/beyond-the-other.shore\/\"><img class=\"alignnone lazyload\" wp-image-10359 size-full data-src=\"https:\/\/zinebi.eus\/assets\/media\/1-Clyde-Kam.jpg\"><\/a>\r\n<\/div>\r\n<p><em>Film Laburren Nazioarteko Lehiaketaren Epaimahaia: Florian Fernandez, Haruka Hama, Mariana Hristova, Estibaliz Urresola, Alberto V\u00e1zquez<\/em><\/p>\r\n<\/div>\r\n<br>\r\n\r\n<h3 class=\"sidelines\"><span class=\"blanco\">Euskal Zinemaren Sari Nagusia<\/span><\/h3>\r\n<br>\r\n<div class=\"row justify-content-center\">\r\n<div class=\"col-md-5\">\r\n<h3>Ximinoa (The Monkey)<\/h3>\r\n<h5>Itziar Leemans \u2013 Euskadi \/ Francia \u2013 25\u2019 \u2013 2023 \u2013 FIC<\/h5>\r\n<p><strong>Epaimahaiaren erabakia <\/strong>Itxuraz lasaia den garapen-narratiba baten bidez, film laburrak errealitate isilki bortitz bat jartzen digu aurrez aurre. Aktore gazte batek, irrikaz eta naturaltasunez beteak, geografia mugakide batean barrena garamatza, non helduarora esnatzea nahitaez latza den igarobide bihurtzen baita, belaunaldien, kulturaren eta bizitzaren mugetan zehar, baina, batez ere, klaseen arteko talkan zehar. Bere apustu formal eta estetikoaren argitasuna alde batera utzi gabe, film laburrak giro klaustrofobiko batean murgiltzen gaitu pixkanaka; giro horretan, protagonista nahitaez esnatzen da klaseaz jabetzen denean. \r\n<\/p>\r\n<\/div>\r\n<div class=\"col-md-5\"><a href=\"https:\/\/zinebi.eus\/programacion\/ximinoa\/\"><img class=\"alignnone lazyload\" wp-image-10359 size-full data-src=\"https:\/\/zinebi.eus\/assets\/media\/Ximinoa_01.jpg\"><\/a>\r\n<\/div>\r\n<p><em>Film Laburren Nazioarteko Lehiaketaren Epaimahaia: Florian Fernandez, Haruka Hama, Mariana Hristova, Estibaliz Urresola, Alberto V\u00e1zquez<\/em><\/p>\r\n<\/div>\r\n<br>\r\n\r\n<h3 class=\"sidelines\"><span class=\"blanco\">Espainiako Zinemaren Sari Nagusia<\/span><\/h3>\r\n<br>\r\n<div class=\"row justify-content-center\">\r\n<div class=\"col-md-5\">\r\n<h3>El Soldao<\/h3>\r\n<h5>Alejandro Cabrera \u2013 Espa\u00f1a \u2013 20\u2019 \u2013 2023 \u2013 DOC<\/h5>\r\n<p><strong>Epaimahaiaren erabakia<\/strong> Iragana eta oraina elkarri lotzen zaizkio istorio intimo osatugabe baterako bidaia pertsonal honetan. Bere benetakotasunari esker, Espainiako landa eremuan errotutako dokumental honek arreta handiz irudikatzen du oroitzapenen bilaketa, baina baita denboraren poderioz geratzen denaren eta falta denaren bilaketa ere.<\/p>\r\n<\/div>\r\n<div class=\"col-md-5\"><a href=\"https:\/\/zinebi.eus\/programacion\/el-soldao\/\"><img class=\"alignnone lazyload\" wp-image-10359 size-full data-src=\"https:\/\/zinebi.eus\/assets\/media\/elsoldao_1-Lastor-Media-Polvo-Seran.png\"><\/a>\r\n<\/div>\r\n<p><em>Film Laburren Nazioarteko Lehiaketaren Epaimahaia: Florian Fernandez, Haruka Hama, Mariana Hristova, Estibaliz Urresola, Alberto V\u00e1zquez<\/em><\/p>\r\n<\/div>\r\n<br>\r\n\r\n<h3 class=\"sidelines\"><span class=\"blanco\">Fikziozko Film Labur Onenaren Mikeldia<\/span><\/h3>\r\n<br>\r\n<div class=\"row justify-content-center\">\r\n<div class=\"col-md-5\">\r\n<h3>It Turns Blue (Abi mishavad) <\/h3>\r\n<h5>Shadi Karamroudi \u00b7 Ir\u00e1n \u00b7 15\u2019 \u00b7 2023<\/h5>\r\n<p><strong>Epaimahaiaren erabakia<\/strong> Garrantzi eta unibertsaltasun handiko gai bati adimenez eta ezohiko ikuspegi batetik heltzeagatik. Film laburrak erakutsi egiten dizkigu indarkeriaren begien bistako aztarnak ikusezin bihurtzeko erabiltzen ditugun mekanismo psikologikoak, haurtzarotik bertatik zapalkuntza-sistemak betikotzea ahalbidetzen dutenak. Gidoiak, aldez aurretik ohartarazi gabe, beldur psikologikoaren kodean barneratzen gaitu, non emakume bat etsi-etsian saiatzen den mundu bat babesten, berak handik atera nahi duen arren. Zailtasun handiko gai bati heltzeko hurbilketa ausart eta trebeagatik, fikziozko film labur onenaren saria film honentzat da.<\/p>\r\n<\/div>\r\n<div class=\"col-md-5\"><a href=\"https:\/\/zinebi.eus\/programacion\/it-turns-blue\/\"><img class=\"alignnone lazyload\" wp-image-10359 size-full data-src=\"https:\/\/zinebi.eus\/assets\/media\/It-Turns-Blue_Still_1-shadi-karamroudi.jpg\"><\/a>\r\n<\/div>\r\n<p><em>Film Laburren Nazioarteko Lehiaketaren Epaimahaia: Florian Fernandez, Haruka Hama, Mariana Hristova, Estibaliz Urresola, Alberto V\u00e1zquez<\/em><\/p>\r\n<\/div>\r\n<br>\r\n\r\n\r\n<h3 class=\"sidelines\"><span class=\"blanco\">Film Labur Dokumental Onenaren Mikeldia<\/span><\/h3>\r\n<br>\r\n<div class=\"row justify-content-center\">\r\n<div class=\"col-md-5\">\r\n<h3>The Veiled City<\/h3>\r\n<h5>Natalie Cubides-Brady \u2013 Reino Unido \u2013 13\u2019 \u2013 2023<\/h5>\r\n<p><strong>Epaimahaiaren erabakia<\/strong> Europako hiri handienetako batean gertatutako klima-krisi larri bat berriz aztertzeko asmoz, eta artxiboko irudiak eta etorkizuneko eskutitz poetikoak baliatuz, dokumental apal honek irudimen-zubi bat sortzea lortzen du, parez pare dugun krisia edizio finez eta sormen esperimentalez irudikatzeko.<\/p>\r\n<\/div>\r\n<div class=\"col-md-5\"><a href=\"https:\/\/zinebi.eus\/programacion\/the-veiled-city\/\"><img class=\"alignnone lazyload\" wp-image-10359 size-full data-src=\"https:\/\/zinebi.eus\/assets\/media\/TVC-Press-Still-1_LR-Natalie-Cubides-Brady.jpg\"><\/a>\r\n<\/div>\r\n<p><em>Film Laburren Nazioarteko Lehiaketaren Epaimahaia: Florian Fernandez, Haruka Hama, Mariana Hristova, Estibaliz Urresola, Alberto V\u00e1zquez<\/em><\/p>\r\n<\/div>\r\n<br>\r\n\r\n\r\n<h3 class=\"sidelines\"><span class=\"blanco\">Animaziozko Film Labur Onenaren Mikeldia<\/span><\/h3>\r\n<br>\r\n<div class=\"row justify-content-center\">\r\n<div class=\"col-md-5\">\r\n<h3>La perra <\/h3>\r\n<h5>Carla Melo \u2013 Colombia \/ Francia \u2013 14\u2019 \u2013 2023 \u2013 ANI<\/h5>\r\n<p><strong>Epaimahaiaren erabakia<\/strong> Akuarelaz egindako animazio tradizional, intuitibo eta bizi eder bat, sexualitatearen bilaketarekin ederki lotzen dena. Pertsonaia antropomorfoek alegiazko estetika ematen diote, filma magiko eta hipnotiko bihurtuz.\r\n<\/p><\/div>\r\n<div class=\"col-md-5\"><a href=\"https:\/\/zinebi.eus\/programacion\/la-perra\/\"><img class=\"alignnone lazyload\" wp-image-10359 size-full data-src=\"https:\/\/zinebi.eus\/assets\/media\/4-LA-PERRA.jpg\"><\/a>\r\n<\/div>\r\n<p><em>Film Laburren Nazioarteko Lehiaketaren Epaimahaia: Florian Fernandez, Haruka Hama, Mariana Hristova, Estibaliz Urresola, Alberto V\u00e1zquez<\/em><\/p>\r\n<\/div>\r\n<br>\r\n\r\n\r\n<h3 class=\"sidelines\"><span class=\"blanco\">Publikoaren EITB Saria <\/span><\/h3>\r\n<br>\r\n<div class=\"row justify-content-center\">\r\n<div class=\"col-md-5\">\r\n<h3>It Turns Blue (Abi mishavad) <\/h3>\r\n<h5>Shadi Karamroudi \u00b7 Ir\u00e1n \u00b7 15\u2019 \u00b7 2023<\/h5>\r\n<\/div>\r\n<div class=\"col-md-5\"><a href=\"https:\/\/zinebi.eus\/programacion\/it-turns-blue\/\"><img class=\"alignnone lazyload\" wp-image-10359 size-full data-src=\"https:\/\/zinebi.eus\/assets\/media\/It-Turns-Blue_Still_1-shadi-karamroudi.jpg\"><\/a>\r\n<\/div>\r\n<\/div>\r\n<br>\r\n\r\n\r\n<h3 class=\"sidelines\"><span class=\"blanco\">Cineclub FAS Saria<\/span><\/h3>\r\n<br>\r\n<div class=\"row justify-content-center\">\r\n<div class=\"col-md-5\">\r\n<h3>Kusikozu <\/h3>\r\n<h5>Aitor Irulegi Lopez \u2013 Euskadi \u2013 7\u2019 \u2013 2023 \u2013 ANI<\/h5>\r\n<p><strong>Epaimahaiaren erabakia<\/strong> Bere baliabide musikal eta bisualekin giro limurtzailea sortzeagatik, minimalismoan duen sakontasunagatik, eta zikloetan, bai natura jatorrizkoenera, bai gure existentziaren gehien definitzen duen horretara eramateagatik.<\/p>\r\n<\/div>\r\n<div class=\"col-md-5\"><a href=\"https:\/\/zinebi.eus\/programacion\/kusikozu\/\"><img class=\"alignnone lazyload\" wp-image-10359 size-full data-src=\"https:\/\/zinebi.eus\/assets\/media\/1-Aitor-Irulegi.png\"><\/a>\r\n<\/div>\r\n<p><em>FAS Epaimahaia: Mar\u00eda Corral, Lorenzo Dami\u00e1n Garc\u00eda<\/em><\/p>\r\n<\/div>\r\n<br>\r\n\r\n\r\n<h3 class=\"sidelines\"><span class=\"blanco\">UNICEF Saria<\/span><\/h3>\r\n<br>\r\n<div class=\"row justify-content-center\">\r\n<div class=\"col-md-5\">\r\n<h3>It Turns Blue (Abi mishavad) <\/h3>\r\n<h5>Shadi Karamroudi \u00b7 Ir\u00e1n \u00b7 15\u2019 \u00b7 2023<\/h5>\r\n<p><strong>Epaimahaiaren erabakia<\/strong> UNICEFek erabaki du Shadi Karamroudi zuzendariaren <em>It Turns Blue<\/em> film laburrari ematea errekonozimendua, haurren kontrako indarkeriaren ikusezintasunari heltzen diolako.<\/p>\r\n<\/div>\r\n<div class=\"col-md-5\"><a href=\"https:\/\/zinebi.eus\/programacion\/it-turns-blue\/\"><img class=\"alignnone lazyload\" wp-image-10359 size-full data-src=\"https:\/\/zinebi.eus\/assets\/media\/It-Turns-Blue_Still_1-shadi-karamroudi.jpg\"><\/a>\r\n<\/div>\r\n<p><em>Isidro Elezgarai Esteban, UNICEF-Euskal Herriko Batzordeko presidentea \u00b7 UNICEF Chair-Basque Country Committee \u00b7 Presidente UNICEF-Comit\u00e9 Pa\u00eds Vasco<\/em><\/p>\r\n<\/div>\r\n<br>\r\n\r\n\r\n<h3 class=\"sidelines\"><span class=\"blanco\">European Film Awards 2024ko Hautagai Film Laburra<\/span><\/h3>\r\n<br>\r\n<div class=\"row justify-content-center\">\r\n<div class=\"col-md-5\">\r\n<h3>Valerija<\/h3>\r\n<h5>Sara Jurin\u010di\u010d \u2013 Croacia \u2013 15\u2019 \u2013 2023 \u2013 DOC<\/h5>\r\n<p><strong>Epaimahaiaren erabakia<\/strong> EFAren izendapena jasotzen duen filma azpimundurako ontzira igotzen da, biziak eta hilak, une hau eta betikotasuna lotzeko. Oso ohikoak ez diren bitarteko bisualen bidez eta poetika onirikoen bidez, antzinako oroimenaren ahanztura urruntzen duen erritual batean jartzen du arreta, pertsonaiek eta ikusleek beren sustraiekin eta giza esentziarekin berrelkartzeko aukera izan dezaten. \r\n<\/p>\r\n<\/div>\r\n<div class=\"col-md-5\"><a href=\"https:\/\/zinebi.eus\/programacion\/valerija\/\"><img class=\"alignnone lazyload\" wp-image-10359 size-full data-src=\"https:\/\/zinebi.eus\/assets\/media\/still-VALERIJA_03-Lorena-Morin.jpg\"><\/a>\r\n<\/div>\r\n<\/div>\r\n<br>\r\n<br>\r\n\r\n<div><center><h1>ZIFF \u2013 ZINEBI<\/h1>\r\n<h2>First Film Nazioarteko Lehiaketa<\/h2>\r\n<\/center><\/div>\r\n<br>\r\n\r\n<h3 class=\"sidelines\"><span class=\"blanco\">ZIFF Sari Nagusia<\/span><\/h3>\r\n<br>\r\n<div class=\"row justify-content-center\">\r\n<div class=\"col-md-5\">\r\n<h3>In the Rearview (Sk\u0105d dok\u0105d)<\/h3>\r\n<h5>Maciek Hamela \u2013 Polonia, Francia, Ucrania \u2013 84\u2019 \u2013 2023 \u2013 DOC<\/h5>\r\n<p><strong>Epaimahaiaren erabakia<\/strong> Epaimahaiak aho batez erabaki du saria Maciek Hamela-ren<em> In the Rearview<\/em> filmari ematea, nazioarteko gatazka baterako hurbilketa minimalistaren aparteko indarragatik, eta izugarrikeria ikuspegi humanistatik aztertzeko moduagatik. Edizioaren eraikuntza sendoa azpimarratzen dugu, gerraren erretratu poetiko eta hunkigarria sortzen baitu, irudi esplotatzailerik gabe eta hausnarketa sakona egitera gonbidatuz. Pertsonaiak eta zinemagilea gerratik aldentzen ari badira ere, ikusleak gerraren bihotzera joaten dira. <\/p>\r\n<\/div>\r\n<div class=\"col-md-5\"><a href=\"https:\/\/zinebi.eus\/programacion\/in-the-rearview\/\"><img class=\"alignnone lazyload\" wp-image-10359 size-full data-src=\"https:\/\/zinebi.eus\/assets\/media\/In-the-Rearview_dir.-Maciek-Hamela_photo-by-Piotr-Grawender-Cinephil-Docs.png\"><\/a>\r\n<\/div>\r\n<p><em>ZINEBI First Film Nazioarteko Lehiaketaren Epaimahaia: Diana Bustamante, Birgit Kohler, Roc\u00edo Mesa <\/em><\/p>\r\n<\/div>\r\n<br>\r\n\r\n\r\n<h3 class=\"sidelines\"><span class=\"blanco\">ZIFF Gazte Epaimahaiaren Saria (UPV\/EHU)<\/span><\/h3>\r\n<br>\r\n<div class=\"row justify-content-center\">\r\n<div class=\"col-md-5\">\r\n<h3>Zarata<\/h3>\r\n<h5>Tamara Garc\u00eda Iglesias \u2013 Euskadi \u2013 62\u2018 \u2013  2023 \u2013 FIC\/DOC<\/h5>\r\n<p><strong>Epaimahaiaren erabakia<\/strong> Bere originaltasunagatik eta kanon narratiboa hausteagatik,interpretazio eta gidoigintza lanagatik, eta ikus-entzunezkoen egungo ekoizpen-sistemari buruz modu kritikoan hausnartzera gonbidatzeagatik.<\/p>\r\n<\/div>\r\n<div class=\"col-md-5\"><a href=\"https:\/\/zinebi.eus\/programacion\/zarata\/\"><img class=\"alignnone lazyload\" wp-image-10359 size-full data-src=\"https:\/\/zinebi.eus\/assets\/media\/EURIA_20230525_2-Tamara-Garcia.jpg\"><\/a>\r\n<\/div>\r\n<p><em>ZIFF Gazte Epaimahaia: Bego\u00f1a Arana Cobo, Libe Amas Moreno, Sydney Azkarreta P\u00e9rez, Vanessa Casta\u00f1eda, Livio Curatolo, Miriam Guadilla, Kevin Lajas L\u00f3pez, Asier P\u00e9rez Iribarren, Jon de Jes\u00fas Sanabria, Ricardo A. Santana Fonseca, Ekaitz Vargas Guinea, Carmen Villaverde Nartallo<\/em><\/p>\r\n<\/div>\r\n<br>\r\n<br>\r\n<br>\r\n\r\n<div><center><h1>ZINEBI Networking 2023: Dokumentalen Sorgunea <\/h1><\/center>\r\n<\/div>\r\n<br>\r\n\r\n<h3 class=\"sidelines\"><span class=\"blanco\">ZINEBI Networking EITB 2023 Saria<\/span><\/h3>\r\n<br>\r\n<div class=\"row justify-content-center\">\r\n<div class=\"col-md-5\">\r\n<h3>La isla sumergida<\/h3>\r\n<h5>(2024, 90 min)<\/h5>\r\n<p><strong>zuzendaria<br>\r\nekoizpena<\/strong><br>\r\nLuc\u00eda Malandro, Daniel Delgado Saucedo<br>\r\n<strong>ekoiztetxea<\/strong><br>\r\nEl\u00edas Querejeta Zine Eskola \u2013 EQZE<\/p>\r\n<p><strong>Epaimahaiaren erabakia<\/strong> Protagonistak berak esango lukeen bezala, \u201cfantasia garesti ateratzen da\u201d. Arrazoi horregatik, Zinebi Networkingeko epaimahaiak erabaki du babesa eta saria <em>La isla sumergida<\/em>-ri ematea, pertsonaia bakan baten erretratua egiten baitu, Kubako historia dokumentalaren lekuko pribilegiatua eta azken zaindaria denarena. Proiektu honek, irudien kontsumo frenetikoko une honetan, gelditzeko eta hausnartzeko une bat aurkitzen du.<\/p>\r\n<\/div>\r\n<div class=\"col-md-5\"><img class=\"alignnone lazyload\" wp-image-10359 size-full data-src=\"https:\/\/zinebi.eus\/assets\/media\/lis-wide-A3-Lucia-Malandro-Malandro.jpg\">\r\n<\/div>\r\n<p><em>ZINEBI Euskadiko Networking Epaimahaia: Luca D\u2019Introno, Ainhoa Gonz\u00e1lez Sanchiz, No\u00e9 Mendelle, Luis Ferr\u00f3n, Ainhoa Ram\u00edrez, Aintzane P\u00e9rez del Palomar, Elodie Mellado\r\n<\/em><\/p>\r\n<\/div>\r\n<br>\r\n\r\n\r\n<h3 class=\"sidelines\"><span class=\"blanco\">ZINEBI Networking 2023 Saria<\/span><\/h3>\r\n<br>\r\n<div class=\"row justify-content-center\">\r\n<div class=\"col-md-5\">\r\n<h3>Jo S\u00f3c <\/h3>\r\n<h5>(2023, 90 min)<\/h5>\r\n<p><strong>zuzendaria<\/strong><br>\r\nRoger Torras Mayneris<br>\r\n<strong>ekoizpena<\/strong><br>\r\nPatricia M. F\u00e9lix<br>\r\n<strong>ekoiztetxea<\/strong><br>\r\nDiana Toucedo Films, wknd<\/p>\r\n<p><strong><strong>Epaimahaiaren erabakia<\/strong> Azelerazio maximoko une batean, Jo S\u00f3c-ek kontakizunaren denbora eta sorkuntzaren denbora jorratzen ditu, patxadaz behatzeak duen pisutik, emaitza paregabe eta argigarri batekin.<\/strong><\/p><\/div>\r\n<div class=\"col-md-5\"><img class=\"alignnone lazyload\" wp-image-10359 size-full data-src=\"https:\/\/zinebi.eus\/assets\/media\/still-IAM_still-01-A-Roger-Torras.jpg\">\r\n<\/div>\r\n<p><em>ZINEBI Estatuko Networking Epaimahaia: Ana Pel\u00e1ez, Marijo Larra\u00f1aga, Elena Mera, Montse Triolas, Fernando Franco, Anette Dujisin<\/em><\/p>\r\n<\/div>\r\n<br>\r\n\r\n\r\n<h3 class=\"sidelines\"><span class=\"blanco\">Impulso ECAM Saria \u2013 ZINEBI Networking 2023<\/span><\/h3>\r\n<br>\r\n<div class=\"row justify-content-center\">\r\n<div class=\"col-md-5\">\r\n<h3>Inmersas en el Imserso <\/h3>\r\n<h5>(2023, 90 min)<\/h5>\r\n<p><strong>zuzendaria<br>\r\nekozipena<\/strong><br>\r\nAitor Arruti<br>\r\n<strong>gidoia<\/strong><br>\r\nOskar Tejedor<\/p>\r\n<p>Proiektu bati aholkularitza pertsonalizatua ematea, proiektua indartzeko eta garatzeko ezagutzaz eta tresnaz hornitzeko. ECAMek, proiektuaren behar zehatzentzat berariaz eta neurrira egindako mentoretza honen bidez, ikus-entzunezko panoraman sortzen ari den talentua bultzatu eta babestu nahi du.<\/p>\r\n<\/div>\r\n<div class=\"col-md-5\"><img class=\"alignnone lazyload\" wp-image-10359 size-full data-src=\"https:\/\/zinebi.eus\/assets\/media\/04_12_1.58.1-epaitor.jpg\">\r\n<\/div>\r\n<p><em>Impulso ECAM Epaimahaia: Cecilia Barrionuevo, Alba Wystra\u00ebte <\/em><\/p>\r\n<\/div>\r\n<br>\r\n\r\n<div><center><h1>Aukera Sariak<\/h1>\r\n<\/center><\/div>\r\n<br>\r\n\r\n<h3 class=\"sidelines\"><span class=\"blanco\">Aukera-(H)emen Saria<\/span><\/h3>\r\n<br>\r\n<div class=\"row justify-content-center\">\r\n<div class=\"col-md-5\">\r\n<h3>Mi reina<\/h3>\r\n<p><strong>zuzendaria \u2013 gidoia<\/strong><br>\r\nIrene Royo<br>\r\n<strong>ekozipena<\/strong><br>\r\nSara Vozmediano<\/p>\r\n<p><strong>Epaimahaiaren erabakia<\/strong> Proiektu sendoa bere diseinuan eta proposatzen duen gidoian. Trebetasunez eta egile-marka nabarmenarekin garatua, umorez eta ikuspegi berri batetik hitz egiten du gure garaian hain garrantzitsua den gai bati buruz, hala nola, bizitzaren zaintza eta heriotza duin bat izateko laguntzari buruz.<\/p>\r\n<\/div>\r\n<div class=\"col-md-5\"><a href=\"https:\/\/zinebi.eus\/programacion\/mi-reina\/\"><img alt=\"\" width=\"300\" height=\"424\" class=\"aligncenter size-size_150 wp-image-22695 lazyload\" data-src=\"https:\/\/zinebi.eus\/assets\/media\/\/MIREINA-150x212.jpg\" srcset=\"https:\/\/zinebi.eus\/assets\/media\/MIREINA-150x212.jpg 150w, https:\/\/zinebi.eus\/assets\/media\/MIREINA-300x423.jpg 300w, https:\/\/zinebi.eus\/assets\/media\/MIREINA-400x564.jpg 400w, https:\/\/zinebi.eus\/assets\/media\/MIREINA-480x677.jpg 480w, https:\/\/zinebi.eus\/assets\/media\/MIREINA-550x776.jpg 550w, https:\/\/zinebi.eus\/assets\/media\/MIREINA-768x1083.jpg 768w, https:\/\/zinebi.eus\/assets\/media\/MIREINA-992x1399.jpg 992w, https:\/\/zinebi.eus\/assets\/media\/MIREINA.jpg 1024w\" sizes=\"(max-width: 300px) 100vw, 300px\" \/><\/a>\r\n<\/div>\r\n<\/div>\r\n<br>\r\n\r\n\r\n<h3 class=\"sidelines\"><span class=\"blanco\">Aukera-Sortzaileak Saria<\/span><\/h3>\r\n<br>\r\n<div class=\"row justify-content-center\">\r\n<div class=\"col-md-5\">\r\n<h3>Ezagutzen ditugun bekain guztiak<\/h3>\r\n<p><strong>zuzendaria \u2013 gidoia<\/strong><br>\r\nMarta Codesido, N\u00faria Ubach<\/p>\r\n<p><strong>Epaimahaiaren erabakia<\/strong> Itxuraz anekdotikoa den baina giza izaeraren alderdi garrantzitsuak aztertzeko aukera ematen duen arrazoi bati heltzeko hurbilketa burutsua. Hala nola, gorputzarekin harremana, adierazpena eta interakzio soziala. Baliabide estilistiko askotariko baina koherenteak erabiliz osatutako gidoi-proposamenaren sormenagatik, eta transmititzeko gai den aniztasunagatik, bai kulturei eta hizkuntzei dagokienez, bai eta mundua begiratzeko edo ulertzeko moduei dagokienez.<\/p>\r\n<\/div>\r\n<div class=\"col-md-5\"><a href=\"https:\/\/zinebi.eus\/programacion\/ezagutzen-ditugun-bekain-guztiak\/\"><img alt=\"\" width=\"300\" height=\"424\" class=\"aligncenter size-size_150 wp-image-22695 lazyload\" data-src=\"https:\/\/zinebi.eus\/assets\/media\/EZAGUTZEN-DITUGUN-BEKAIN-GUZTIAK_cartel.jpg\"><\/a>\r\n<\/div>\r\n<\/div>\r\n<br>\r\n\r\n\r\n<h3 class=\"sidelines\"><span class=\"blanco\">Aukera \u2013 Nazioartekotze Zineuskadi Saria<\/span><\/h3>\r\n<br>\r\n<div class=\"row justify-content-center\">\r\n<div class=\"col-md-5\">\r\n<h3>Ezagutzen ditugun bekain guztiak<\/h3>\r\n<p><strong>zuzendaria \u2013 gidoia<\/strong><br>\r\nMarta Codesido, N\u00faria Ubach<\/p>\r\n<p><strong>Epaimahaiaren erabakia <\/strong>Sari honen bidez, Europa mailan sinergiak bilatzeko premia handiena duen proiektua nazioartekotzen lagundu nahi du Zineuskadik. Proiektuaren sendotasunagatik, ederki osatutako dosier bat aurkezteagatik, teaser on bat aurkezteagatik eta dena ondo azalduta geratu zen pitching batengatik, Ezagutzen ditugun bekain guztiak proiektuari nazioartekotze-saria ematea erabaki da. Zineuskadik Frantziako dokumentalen merkatuekin dituen akordioak kontuan hartuta, proiektuaren taldearekin batera aukeratuko da beren ibilbidean laguntzeko topaketarik egokiena.<\/p>\r\n<\/div>\r\n<div class=\"col-md-5\"><a href=\"https:\/\/zinebi.eus\/programacion\/ezagutzen-ditugun-bekain-guztiak\/\"><img alt=\"\" width=\"300\" height=\"424\" class=\"aligncenter size-size_150 wp-image-22695 lazyload\" data-src=\"https:\/\/zinebi.eus\/assets\/media\/EZAGUTZEN-DITUGUN-BEKAIN-GUZTIAK_cartel.jpg\"><\/a>\r\n<\/div>\r\n<\/div>\r\n<br>\r\n\r\n\r\n<h3 class=\"sidelines\"><span class=\"blanco\">Aukera \u2013 Bizkaiko Foru Aldundia Saria<\/span><\/h3>\r\n<br>\r\n<div class=\"row justify-content-center\">\r\n<div class=\"col-md-5\">\r\n<h3>Gure gozamena<\/h3>\r\n<p><strong>zuzendaria \u2013 gidoia<\/strong><br>\r\nAmaia Chocarro <br>\r\n<strong>ekoizpena<\/strong><br>\r\nAdriana Gredilla<br>\r\n<strong>argazkia<\/strong><br>\r\nJune Guirado<\/p>\r\n<p><strong>Epaimahaiaren erabakia<\/strong> Funtsezko gai bati heltzean inklusioak eta berdintasunak duten garrantzia azpimarratzeagatik: desgaitasuna duten pertsonek erabateko sexu-bizitza izateko duten eskubidea, estigmei desafio eginez eta onarpena sustatuz. Gure gozamenak, enpatia eta pertzepzio-aldaketa sustatuz aldaketa kulturalari egindako ekarpenagatik saria jasotzea merezi du.\r\n<\/p>\r\n<\/div>\r\n<div class=\"col-md-5\"><a href=\"https:\/\/zinebi.eus\/programacion\/gure-gozamena\/\"><img alt=\"\" width=\"300\" height=\"424\" class=\"aligncenter size-size_150 wp-image-22695 lazyload\" data-src=\"https:\/\/zinebi.eus\/assets\/media\/GUREGOZAMENA.jpg\"><\/a>\r\n<\/div>\r\n<p><em>Aukerako Epaimahaia: Marta G\u00f3mez, Maite Ruiz de Austri, Estibaliz Urresola<\/em><\/p>\r\n<\/div>\r\n<br>\r\n\r\n\r\n\r\n\r\n","protected":false},"excerpt":{"rendered":"<p>Sail Ofiziala Film Laburren Nazioarteko Lehiaketa ZINEBIko Sari Nagusia Beyond the Other Shore (\u6ce2\u7f57\u871c) Pek Jia Hao &amp; Ang Jia Jun \u2013 Singapur \u2013 15\u2019 \u2013 2023 \u2013 FIC Epaimahaiaren erabakia Zinematografia oso zainduaren bidez, poesiaz beteriko film labur honek doluaren bidean barrena garamatza. Sentikortasun handiz, ikusleari aukera ematen dio noraez fisikoaren eta protagonista nagusiaren [&hellip;]<\/p>\n","protected":false},"author":2,"featured_media":0,"parent":20802,"menu_order":0,"comment_status":"closed","ping_status":"closed","template":"templates\/page-hero-mikeldi.php","meta":{"_acf_changed":false,"footnotes":""},"class_list":["post-26788","page","type-page","status-publish","hentry"],"acf":[],"_links":{"self":[{"href":"https:\/\/zinebi.eus\/eu\/wp-json\/wp\/v2\/pages\/26788","targetHints":{"allow":["GET"]}}],"collection":[{"href":"https:\/\/zinebi.eus\/eu\/wp-json\/wp\/v2\/pages"}],"about":[{"href":"https:\/\/zinebi.eus\/eu\/wp-json\/wp\/v2\/types\/page"}],"author":[{"embeddable":true,"href":"https:\/\/zinebi.eus\/eu\/wp-json\/wp\/v2\/users\/2"}],"replies":[{"embeddable":true,"href":"https:\/\/zinebi.eus\/eu\/wp-json\/wp\/v2\/comments?post=26788"}],"version-history":[{"count":9,"href":"https:\/\/zinebi.eus\/eu\/wp-json\/wp\/v2\/pages\/26788\/revisions"}],"predecessor-version":[{"id":29219,"href":"https:\/\/zinebi.eus\/eu\/wp-json\/wp\/v2\/pages\/26788\/revisions\/29219"}],"up":[{"embeddable":true,"href":"https:\/\/zinebi.eus\/eu\/wp-json\/wp\/v2\/pages\/20802"}],"wp:attachment":[{"href":"https:\/\/zinebi.eus\/eu\/wp-json\/wp\/v2\/media?parent=26788"}],"curies":[{"name":"wp","href":"https:\/\/api.w.org\/{rel}","templated":true}]}}