 {"id":31204,"date":"2024-10-17T15:03:48","date_gmt":"2024-10-17T15:03:48","guid":{"rendered":"https:\/\/zinebi.eus\/jaialdia\/ohorezko-mikeldia\/jose-luis-alcaine\/"},"modified":"2024-11-28T09:14:23","modified_gmt":"2024-11-28T09:14:23","slug":"jose-luis-alcaine","status":"publish","type":"page","link":"https:\/\/zinebi.eus\/eu\/jaialdia\/ohorezko-mikeldia\/jose-luis-alcaine\/","title":{"rendered":"JOS\u00c9 LUIS ALCAINE"},"content":{"rendered":"<div class=\"container\">\r\n<div class=\"row\">\r\n<div class=\"col-md-12\">\r\n<h2>ESPAINIAKO ZINEMAREN EZKERREKO BEGIA<\/h2>\r\n<span style=\"font-weight: 400;\">\r\n<p>Gure zinemako maisu handien mugarri zinematografiko batzuk argiztatu dituen gizon eta artista; bere begirada bereziarekin azken berrogeita hamar urteetako zinema espainiarra adierazkortasunez, bolumenez eta kolorez hornitu duena. Bere kamerak gure mugen barruko eta kanpoko antzezle handien emozioak erretratatu ditu, eta Brian de Palm <em>mad doctoraren <\/em>edo Asghar Farhadi irandarraren azken filmaren argazkiak ere egin ditu. Sarien bilduman bost Goya estatuatxo, Zinematografia Sari Nazional bat eta Akademiaren Urrezko Domina bat ditu\u2026 eta, benetan, bere begietako bakarrarekin lan egiten duela esan daiteke. Jos\u00e9 Luis Alcainek Carlos F. Herederori kontatu zion, laurogeita hamarreko hamarkadaren erdialdean egindako elkarrizketa batean, eskuineko begiarekin ez duela ia ikusten, begi horretan \u201cbegirada nagia\u201d duela. Alcainek munduari (zinemaren munduari) ezkerreko begiaz begiratzen dio.<\/p>\r\n\r\n<p>Marokon jaio zen 1938an, eta Afrika iparraldeko aparteko argi hura bere erretinan geratu zen betiko gordeta. Bere heziketa sentimentala joan den mendeko berrogeita hamarreko hamarkadan izan bazen ere, 23 urtez bizi izan zen tokian jaso zuen, Tangerren, alegia; han, Espainian ezinezkoa zen kultur askatasun batez ongi jabetu ahal izan zen. Horri esker, British Journal of Photography irakurri ahal izan zuen gaztetan, baita Cahiers du cin\u00e9ma aldizkarien lehen aleak ere, eta Antonioni, Eisenstein eta Godarden zinema ezagutu ahal izan zuen bere aitak sortutako zine-klubean. Zazpigarren artearekiko zaletasuna transmititzeaz gain, aitak argazki-denda txiki bat zuen, non, gaztetatik, argiaren alkimien hastapenak ikasi zituen eta etalonajearen sekretuak eta sentsibilitateak ikasi zituen argazki turistikoak errebelatuz. Grin handiz hitz egiten du oraindik ere de <em>A Farewell to Arms<\/em> (<em>Adi\u00f3s a las armas<\/em> \u2013 Charles Lang, 1932), <em>Citizen Kane<\/em> (<em>Ciudadano Kane <\/em>\u2013 Gregg Toland, 1941) edo<em> Witness for the Prosecution<\/em> (<em>Testigo de cargo <\/em>\u2013 Russell Harlan, 1957) filmetan argiarekin lotuta egindako aurkikuntzei buruz, nerabe zela bere buruan de <em>M (M, el vampiro de D\u00fcsseldorf<\/em>, 1931) fimaren argi-ilunak birsor zitzakeen grina berarekin, ikusi ez bazuen ere, gidoia buruz ikasi zuelako. <\/p>\r\n\r\n<p>Tangerreko argitik Madrilgo hirurogeiko hamarkadako giro grisaxkara, Zinematografia Eskola Ofizialeko ikasle gisa, ikaskuntza akademizistaren bidea egin zuen, hura apurtzeko, bere lengoaia propioa asmatzeko. Juan Julio Baenak, eskolako kamera irakasleak, beste ogibideren bat bilatzeko esan zion, zinema ez zegoela berarentzat egina. Zorionez, ez zion jaramonik egin, eta bere lehenengo lanetan, hain zuzen ere, bere ikaskideek ogibidean debutatzeko egin zituzten film luzeak argiarekin moldatu zituen: Francisco Betri\u00fa, Manuel Summers, Josefina Molina, Francisco Regueirok\u2026 Itxuraz hain biluzik dagoen film batean ere, <em>Despu\u00e9s de\u2026 <\/em>(Cecilia Bartolom\u00e9, 1983), estilo bisual bat aurkeztu zuen, angelu-objektiboak erabiliz, elkarrizketatzen zen gizabanakoa kolektibitate batean, talde batean, atze oihal sozial batean txertatuz. Beti ulertu zuen argazkia ere kontakizun dela, ideologia, asmo politiko. Zinemak, batez ere, argiarekin duelako zerikusia. <\/p>\r\n\r\n<p>Vel\u00e1zquezen <em>Las meninas<\/em> pinturarekin obsesioa zuen, bolumenarekiko kezka handia zuen, argiak irudietan sortzen duen erliebearekiko: hori ez zen aldatu bere lanean garatutako argazkian. Baita antzezleen begiradaren beharra ere. Ez zuen inoiz zuzendu nahi izan, bere habitata, eroso sentitzen den tokia, filmaketetan izaten delako, eta zuzendariek hiruzpalau urtean behin bakarrik filmatzen dutelako. Bere filmografian zehar, zinema (eta irudia atzemateko moduak) hainbeste aldatu den honetan, ia berrehun filmaketatan parte hartu du, aurreko filmean egin duen gauza bera inoiz egin ez egiteko maximarekin. Etengabeko ikastun gisa ikusten du bere burua, hirurogeita hamarreko hamarkadan argia barreiatzeko aterki zurien erabileran (berak diseinatzen zituen) aitzindaria izan zen esperimentatzaile gisa, eta laurogeiko hamarkadan, beste inork baino lehen, fluoreszente doigarriak erabili zituen lehena gisa. \u201cSiesta-argia\u201d terminoa sortu zuen, eguerdian leihoen ertzetatik sartzen den eta lurra hainbat itzal sortuz jotzen duen argi hori izendatzeko. <\/p>\r\n\r\n<p>Nahikoa da bere filmografiari begirada orokor bat ematea gure zinemaren mende erdiko historia ikusteko, frankismo berantiarrean zehar Espainiar Zinema Berriari bide eman zion horrena, eta, ondoren, demokraziako zinemagileak hartu zituen horrena. Bere ezkerreko begiak Vicente Arandaren pasioaren dementziak filmatzeko modua aurkitu du bere filmografia osoan zehar, Manuel Guti\u00e9rrez Aragonen ameskizun landatarrak (<em>Demonios en el jard\u00edn<\/em> eta <em>El caballero Don Quijote<\/em>), V\u00edctor Ericeren bilaketa poetikoak (<em>El Sur<\/em>), Pilar Mir\u00f3ren atmosfera subjektiboak (El p\u00e1jaro de la felicidad), Montxo Armend\u00e1rizen naturalismoa (Tasio), Fernando Fern\u00e1n-Gomezen egia historikoa (El viaje a ninguna parte eta Mambr\u00fa se fue a la guerra), Cecilia Bartolom\u00e9ren argi beti askea (<em>V\u00e1monos, B\u00e1rbara<\/em>), Carlos Sauraren musikaltasun kromatikoa (<em>Sevillanas<\/em> eta <em>\u00a1Ay, Carmela!<\/em>), Fernando Truebaren inpresionismo panoramikoa <em>(El sue\u00f1o del mono loco<\/em> eta <em>Belle \u00e9poque<\/em>), Alfonso Ungr\u00edaren espazio zentzugabeak (<em>Gulliver<\/em>), Bigas Lunaren sentsualtasun hanpatuak (<em>Jam\u00f3n, jam\u00f3n<\/em> eta <em>Huevos de oro<\/em>) eta, jakina, Pedro Almod\u00f3varrekin duen harreman luzean, bi fasetan. <\/p>\r\n\r\n<p>Elkarrekin egin zuten lehen lanetik, Mujeres al borde de un ataque de nervios filmean, Alcainek aitortu zuen Almod\u00f3varren bilaketa estetikoak argazkilari gisa duen prestakuntzaren kontrako norabidean doazela nolabait, Mantxakoak \u201cez baitu argia lantzen, kolorea baizik\u201d. Agian, horregatik hartu zuten hamabost urteko atsedenaldi bat <em>\u00c1tame<\/em> egin ondoren. Baina <em>La mala educaci\u00f3n<\/em> filmetik aurrera itzuli egin ziren, XXI. mendeko heldutasun almodovartarraren melodrama fantasmagorikoak kolore-eztandetan moldatzeko. Bere borroketako bat, bere eskakizunetako bat, gidoiak eszena bakoitza eguneko zer ordu zehatzetan gertatzen den markatu behar dizkiola da, argiari sinesgarritasuna emateko. <em>Madre paralelas<\/em> filmatu arte itxaron behar izan du ikasitako guztia biltzeko: argazkigintzaz duen ikuspegia, fokuaren sakontasuna azken muturretaraino behartuz, denboraren iragaitza argiaren aldaketen bidez atzemanez. Ez da harritzekoa bere poetikaren puntu gorena Mantxakoarekin lortu izana. <\/p>\r\n\r\n<p>Alcainek itzalen argiaren eta kolorearen portaera aztertu ditu, meteorologo batek fenomeno atmosferikoak aztertzen dituen moduan, ondorioak aurreikusteko asmo ezkutuarekin. Bere film paradigmatikoa, David Watkins-en argazkia duena, <em>Marat Sade<\/em> da (Peter Brook, 1966). Film horretara itzuli izan da bere lanaren oinarriak berretsi behar zituen bakoitzean. Printzipio sorta bati esker, bere teoria propioak diseinatu ditu, pinturaren eta zinemaren arteko harremanei buruz, El Boscoren <em>El jard\u00edn de las delicias (Delizien lorategia)<\/em> eta Picassoren <em>Guernica<\/em> lanetan oinarrituz egin dituen azterlanetan batez ere. Bere azken lanetako bat <em>El puente<\/em> (1977) obraren zaharberritze-lanak, Filmoteca Espa\u00f1olaren ekimenez egindakoak, gainbegiratzea izan da, bera arduratu baitzen argazkiaz duela ia berrogei urte Juan Antonio Bardemek zuzendutako filmean. Ezkerreko begiaren oroimenean eta senean, denboraren joanak jatorrizko negatiboan degradatu zituen tonalitateetara itzultzeko beharrezko informazioa zegoen. Handiak direnen apaltasunarekin, lau aste trinkotan zehar eman zituen argibideek beharrezko dentsitatea itzuli diete irudiei.<\/p><\/span>\r\n<br>\r\n<strong>Carlos Reviriego<\/strong><br>\r\n<p>Zuzendariondoko eta Programazio-Zuzendaria<br>\r\nEspainiako Zinemateka<\/p>\r\n<br>\r\n<iframe loading=\"lazy\" width=\"560\" height=\"315\" src=\"https:\/\/www.youtube.com\/embed\/iCGlDb-u0UA?si=t-Fu-J8e0wIEhZ9j&amp;controls=0\" title=\"YouTube video player\" frameborder=\"0\" allow=\"accelerometer; autoplay; clipboard-write; encrypted-media; gyroscope; picture-in-picture; web-share\" referrerpolicy=\"strict-origin-when-cross-origin\" allowfullscreen><\/iframe>\r\n\r\n<\/div>\r\n<\/div>\r\n<\/div>","protected":false},"excerpt":{"rendered":"<p>ESPAINIAKO ZINEMAREN EZKERREKO BEGIA Gure zinemako maisu handien mugarri zinematografiko batzuk argiztatu dituen gizon eta artista; bere begirada bereziarekin azken berrogeita hamar urteetako zinema espainiarra adierazkortasunez, bolumenez eta kolorez hornitu duena. Bere kamerak gure mugen barruko eta kanpoko antzezle handien emozioak erretratatu ditu, eta Brian de Palm mad doctoraren edo Asghar Farhadi irandarraren azken filmaren [&hellip;]<\/p>\n","protected":false},"author":2,"featured_media":36233,"parent":371,"menu_order":0,"comment_status":"closed","ping_status":"closed","template":"templates\/page-hero-mikeldi.php","meta":{"_acf_changed":false,"footnotes":""},"class_list":["post-31204","page","type-page","status-publish","has-post-thumbnail","hentry"],"acf":[],"_links":{"self":[{"href":"https:\/\/zinebi.eus\/eu\/wp-json\/wp\/v2\/pages\/31204","targetHints":{"allow":["GET"]}}],"collection":[{"href":"https:\/\/zinebi.eus\/eu\/wp-json\/wp\/v2\/pages"}],"about":[{"href":"https:\/\/zinebi.eus\/eu\/wp-json\/wp\/v2\/types\/page"}],"author":[{"embeddable":true,"href":"https:\/\/zinebi.eus\/eu\/wp-json\/wp\/v2\/users\/2"}],"replies":[{"embeddable":true,"href":"https:\/\/zinebi.eus\/eu\/wp-json\/wp\/v2\/comments?post=31204"}],"version-history":[{"count":3,"href":"https:\/\/zinebi.eus\/eu\/wp-json\/wp\/v2\/pages\/31204\/revisions"}],"predecessor-version":[{"id":36559,"href":"https:\/\/zinebi.eus\/eu\/wp-json\/wp\/v2\/pages\/31204\/revisions\/36559"}],"up":[{"embeddable":true,"href":"https:\/\/zinebi.eus\/eu\/wp-json\/wp\/v2\/pages\/371"}],"wp:featuredmedia":[{"embeddable":true,"href":"https:\/\/zinebi.eus\/eu\/wp-json\/wp\/v2\/media\/36233"}],"wp:attachment":[{"href":"https:\/\/zinebi.eus\/eu\/wp-json\/wp\/v2\/media?parent=31204"}],"curies":[{"name":"wp","href":"https:\/\/api.w.org\/{rel}","templated":true}]}}