 {"id":380,"date":"2021-09-27T07:48:58","date_gmt":"2021-09-27T07:48:58","guid":{"rendered":"https:\/\/zinebi.eus\/?page_id=380"},"modified":"2025-11-12T13:01:59","modified_gmt":"2025-11-12T12:01:59","slug":"taldea","status":"publish","type":"page","link":"https:\/\/zinebi.eus\/eu\/jaialdia\/taldea\/","title":{"rendered":"NORTZUK GARA"},"content":{"rendered":"<div class=\"row\">\r\n<div class=\"col-md-10 m-auto\">\r\n\r\n<h3>ARRIAGA ANTZOKIA<\/h3>\r\n<h4>CONSEJO DE ADMINISTRACI\u00d3N<\/h4>\r\n<table class=\"table\">\r\n<tbody>\r\n<tr>\r\n<td><strong>Presidentea<\/strong><\/td>\r\n<td> Gonzalo Olabarria Villota <\/td>\r\n<\/tr>\r\n<tr>\r\n<td> <strong>Presidenteordea<\/strong><\/td>\r\n<td> Itziar Urtasun Jimeno<\/td>\r\n<\/tr>\r\n<tr>\r\n<td> <strong>Kontzeiaria<\/strong><\/td>\r\n<td> Marta Ajuria Arribas<\/td>\r\n<\/tr>\r\n<tr>\r\n<td> <strong>Kontzeiaria <\/strong><\/td>\r\n<td>  Nora Abete Garc\u00eda<\/td>\r\n<\/tr>\r\n<tr>\r\n<td> <strong>Kontzeiaria<\/strong><\/td>\r\n<td>  Garazi Perea Prego<\/td>\r\n<\/tr>\r\n<tr>\r\n<td> <strong>Kontzeiaria <\/strong><\/td>\r\n<td>  Javier Caballero Honorato<\/td>\r\n<\/tr>\r\n<tr>\r\n<td> <strong>Kontzeiaria<\/strong><\/td>\r\n<td>  In\u00e9s Nerea Llanos G\u00f3mez<\/td>\r\n<\/tr>\r\n<tr>\r\n<td> <strong>Kontzeiaria<\/strong><\/td>\r\n<td>  Joseba Jauregui Urresti<\/td>\r\n<\/tr>\r\n<tr>\r\n<td> <strong>Kontzeiaria<\/strong><\/td>\r\n<td>  Nekane Alonso Santamar\u00eda<\/td>\r\n<\/tr>\r\n<tr>\r\n<td> <strong>Kontzeiaria<\/strong><\/td>\r\n<td>  I\u00f1aki L\u00f3pez de Aguileta D\u00edaz<\/td>\r\n<\/tr>\r\n<tr>\r\n<td> <strong>Kontzeiaria<\/strong><\/td>\r\n<td>  Lorenzo Delgado Vicente<\/td>\r\n<\/tr>\r\n<tr>\r\n<td> <strong>Idazkaria<\/strong><\/td>\r\n<td>  I\u00f1igo Villate Carrasco<\/td>\r\n<\/tr>\r\n<tr>\r\n<td colspan=\"2\">ZINEBI Arriaga Antzokiaren barruko jarduera da, eta profesionalen laguntza eta lankidetza du.<\/td>\r\n<\/tr>\r\n<\/tbody>\r\n<\/table>\r\n<br>\r\n<br>\r\n\r\n<h3>ZINEBI<\/h3><table class=\"table\">\r\n<tbody>\r\n<tr>\r\n<td><strong>Zuzendaria<\/strong><\/td>\r\n<td>Joseba Lopezortega Aguirre<\/td>\r\n<\/tr>\r\n<tr>\r\n<td><strong>Zinema Jaialdiko Idazkaria<\/strong><\/td>\r\n<td>In\u00e9s Intxausti Garmendia<\/td>\r\n<\/tr>\r\n<tr>\r\n<td><strong>Programazio-arduraduna<\/strong><\/td>\r\n<td>Rub\u00e9n Corral Gim\u00e9nez<\/td>\r\n<\/tr>\r\n<tr>\r\n<td><strong>Programazio Teknikari-laguntzailea eta Idazkaritza <\/strong><\/td>\r\n<td>Cristina Ezquerra Campos<\/td>\r\n<\/tr>\r\n<tr>\r\n<td><strong>Hautaketa Batzordea<\/strong><\/td>\r\n<td>Alaitz Arenzana Letamendi, Ram\u00f3n Ganuza \u00c1lvarez, V\u00edctor Iturregui Garc\u00eda de Motiloa, Laura Lazcano Marina, Aitziber Olaskoaga Ajuria, Marcos Urquijo Y\u00e1\u00f1ez<\/td>\r\n<\/tr>\r\n<tr>\r\n<td colspan=\"2\"><strong>Epaimahaiaren Idazkariak<\/strong><\/td>\r\n<\/tr>\r\n<tr>\r\n<td><strong>Film Laburren Nazioarteko Lehiaketa<\/strong><\/td>\r\n<td>Jose Manuel Arias Delgado<\/td>\r\n<\/tr>\r\n<tr>\r\n<td><strong>ZINEBI Networking <\/strong><\/td>\r\n<td>Ane In\u00e9s Landeta Urrabaso \u2013 <a href=\"mailto:info@pacay.es\">Pacay Kulturmedia S.L.<\/a> <\/td>\r\n<\/tr>\r\n<tr>\r\n<td><strong>Gonbidatuak eta produkzioa<\/strong><\/td>\r\n<td>Soraya G\u00f3mez Mu\u00f1oz \u2013 <a href=\"mailto:info@pacay.es\">Pacay Kulturmedia S.L.<\/a> <\/td>\r\n<\/tr>\r\n<tr>\r\n<td><strong>Editoriala<\/strong><\/td>\r\n<td>Jon Toral Mor\u00e1n \u2013 <a href=\"mailto:info@pacay.es\">Pacay Kulturmedia S.L.<\/a> <\/td>\r\n<\/tr>\r\n<tr>\r\n<td><strong>Prentsa Bulegoa<\/strong><\/td>\r\n<td>Andr\u00e9s Garc\u00eda de la Riva \u2013 <a href=\"mailto:9cartascomunicacion@gmail.com\">Nueve Cartas Comunicaci\u00f3n<\/a> <\/td>\r\n<\/tr>\r\n<tr>\r\n<td><strong>Publizitate eta Komunikazio Agenzia<\/strong><\/td>\r\n<td>Josune Iratxeta \u2013 <a href=\"https:\/\/www.aurman.com\/es\/\">Aurman<\/a> <\/td>\r\n<\/tr>\r\n<tr>\r\n<td><strong>Diseinu Gr\u00e1fikoa<\/strong><\/td>\r\n<td>Aitor Arberas, Ane S\u00e1nchez \u2013 <a href=\"https:\/\/www.binaricomunicacion.com\/\">Binari Servicios Globales de Comunicaci\u00f3n<\/a><\/td><td>\r\n<\/td><\/tr>\r\n<tr>\r\n<td><strong>Irudi-kanpaina ZINEBI 67 <\/strong><\/td>\r\n<td>Jose Luis Agreda; Aitor Arberas, Ane Sanchez \u2013 <a href=\"https:\/\/www.binaricomunicacion.com\/\">Binari Servicios Globales de Comunicaci\u00f3n<\/a><\/td><td>\r\n<\/td><\/tr>\r\n<tr>\r\n<td><strong>ZINEBI 67 Trailer<\/strong><\/td>\r\n<td>Pedro Rivero \u2013 <a href=\"\">Zinebi Animation Lab (ZAL)<\/a><\/td><td>\r\n<\/td><\/tr>\r\n<tr>\r\n<td><strong>Webgunea<\/strong><\/td>\r\n<td>Imanol Francia Carbajo, Raul Diaz Ruimonte \u2013 <a href=\"https:\/\/www.trupp.es\" rel=\"noopener\" target=\"_blank\">Trek Media S.L.U.<\/a><\/td><td>\r\n<\/td><\/tr>\r\n<tr>\r\n<td><strong>Sare Sozialak<\/strong><\/td>\r\n<td>Nerea Arketa Sanchez, Ainhoa Amezua Romero, Ane Villate Barato \u2013 <a href=\"https:\/\/www.trupp.es\" rel=\"noopener\" target=\"_blank\">Trek Media S.L.U.<\/a><\/td><td>\r\n<\/td><\/tr>\r\n\r\n<tr>\r\n<td><strong>Ekitaldien Zuzendaritza Artistikoa<\/strong><\/td>\r\n<td>Ram\u00f3n Barea, I\u00f1igo Cobo, Maitane Zalduegi-Viar <\/td>\r\n<\/tr>\r\n\t\r\n<tr>\r\n<td><strong>Ekitaldien ekoizpen exekutiboa<\/strong><\/td>\r\n<td><a href=\"https:\/\/pabellon6.org\/\" target=\"_blank\">Pabell\u00f3n 6<\/a><\/td>\r\n<\/tr>\r\n\t\r\n<tr>\r\n<td><strong>Argazkilaritza ZINEBI<\/strong><\/td>\r\n<td>Xabier Uria Garc\u00eda, Carlos Gil Santa Eugenia \u2013 <a href=\"mailto:xabier@caostica.org\">Caostica<\/a><\/td>\r\n<\/tr>\r\n\t\r\n<tr>\r\n<td><strong>Bideogintza ZINEBI<\/strong><\/td>\r\n<td>Larraitz Zuazo Aurrekoetxea, Iker Maguregi Luzan, Andrea Mart\u00ednez G\u00f3mez, Nagore Ruedas Cubas, Ane Rotaetxe Torrontegi \u2013 <a href=\"http:\/\/info@begiraprodukzioak.eus\" target=\"_blank\">Begira Produkzioak<\/a><\/td>\r\n<\/tr>\r\n<tr>\r\n<td><strong>Itzulpenak <\/strong><\/td>\r\n<td><a href=\"mailto:info@tisasa.es\">Traductores e Int\u00e9rpretes S. A. \u2013 TISA<\/a><\/td>\r\n<\/tr>\r\n<tr>\r\n<td><strong>Azpititulo Elektronikoa &amp; Zerbitzu Teknikoa eta Proiekzioak <\/strong><\/td>\r\n<td> Eugenio Puerto Garc\u00eda, Ana Salas Ferrero <a href=\"mailto:info@pacay.es\">(Pacay Kulturmedia S.L.<\/a>)<\/td>\r\n<\/tr>\r\n<tr>\r\n<td><strong>Transfers<\/strong><\/td>\r\n<td>Leticia Gorbea Ibarbengoetxea, Ricardo Ib\u00e1\u00f1ez Vallbona \u2013 <a href=\"https:\/\/rockabona.com\/\" target=\"_blank\">Rockabona<\/a><\/td>\r\n<\/tr>\r\n<tr>\r\n<td><strong>Imprimatzailea<\/strong><\/td>\r\n<td><a href=\"mailto:vascograf@vascograf.com\" target=\"_blank\">Vascograf<\/a><\/td>\r\n<\/tr>\r\n<tr>\r\n<td><strong>Bideogintza eta argazkilaritza ZAL <\/strong><\/td>\r\n<td>Media Attack<\/td>\r\n<\/tr>\r\n<tr>\r\n<td><strong>Bideogintza eta argazkilaritza ZAL tailerra<\/strong><\/td>\r\n<td>Juan Dopico<\/td>\r\n<\/tr>\r\n\r\n<\/tbody>\r\n<\/table>\r\n<\/div>\r\n<\/div>\r\n<br>\r\n<br>\r\n\r\n\r\n","protected":false},"excerpt":{"rendered":"<p>ARRIAGA ANTZOKIA CONSEJO DE ADMINISTRACI\u00d3N Presidentea Gonzalo Olabarria Villota Presidenteordea Itziar Urtasun Jimeno Kontzeiaria Marta Ajuria Arribas Kontzeiaria Nora Abete Garc\u00eda Kontzeiaria Garazi Perea Prego Kontzeiaria Javier Caballero Honorato Kontzeiaria In\u00e9s Nerea Llanos G\u00f3mez Kontzeiaria Joseba Jauregui Urresti Kontzeiaria Nekane Alonso Santamar\u00eda Kontzeiaria I\u00f1aki L\u00f3pez de Aguileta D\u00edaz Kontzeiaria Lorenzo Delgado Vicente Idazkaria I\u00f1igo Villate [&hellip;]<\/p>\n","protected":false},"author":3,"featured_media":1500,"parent":359,"menu_order":5,"comment_status":"closed","ping_status":"closed","template":"templates\/page-with-container.php","meta":{"_acf_changed":false,"footnotes":""},"class_list":["post-380","page","type-page","status-publish","has-post-thumbnail","hentry"],"acf":[],"_links":{"self":[{"href":"https:\/\/zinebi.eus\/eu\/wp-json\/wp\/v2\/pages\/380","targetHints":{"allow":["GET"]}}],"collection":[{"href":"https:\/\/zinebi.eus\/eu\/wp-json\/wp\/v2\/pages"}],"about":[{"href":"https:\/\/zinebi.eus\/eu\/wp-json\/wp\/v2\/types\/page"}],"author":[{"embeddable":true,"href":"https:\/\/zinebi.eus\/eu\/wp-json\/wp\/v2\/users\/3"}],"replies":[{"embeddable":true,"href":"https:\/\/zinebi.eus\/eu\/wp-json\/wp\/v2\/comments?post=380"}],"version-history":[{"count":31,"href":"https:\/\/zinebi.eus\/eu\/wp-json\/wp\/v2\/pages\/380\/revisions"}],"predecessor-version":[{"id":41983,"href":"https:\/\/zinebi.eus\/eu\/wp-json\/wp\/v2\/pages\/380\/revisions\/41983"}],"up":[{"embeddable":true,"href":"https:\/\/zinebi.eus\/eu\/wp-json\/wp\/v2\/pages\/359"}],"wp:featuredmedia":[{"embeddable":true,"href":"https:\/\/zinebi.eus\/eu\/wp-json\/wp\/v2\/media\/1500"}],"wp:attachment":[{"href":"https:\/\/zinebi.eus\/eu\/wp-json\/wp\/v2\/media?parent=380"}],"curies":[{"name":"wp","href":"https:\/\/api.w.org\/{rel}","templated":true}]}}