 {"id":39632,"date":"2025-10-29T10:14:19","date_gmt":"2025-10-29T09:14:19","guid":{"rendered":"https:\/\/zinebi.eus\/zinebi-networking\/zinebi-animation-lab\/"},"modified":"2025-10-29T10:14:19","modified_gmt":"2025-10-29T09:14:19","slug":"zinebi-animation-lab","status":"publish","type":"page","link":"https:\/\/zinebi.eus\/eu\/zinebi-networking\/zinebi-animation-lab\/","title":{"rendered":"Zinebi Animation Lab"},"content":{"rendered":"<div class=\"row\">\r\n<div class=\"col-md-12\">\r\n<h2>MENTORING SESSIONS 2025<\/h2>\r\n<h4>Ba al daukazu abian duzun eta kontrastatu nahi duzun animazio-proiekturik? <strong>Zure proiektua ezagutu nahi dugu.<\/strong><\/h4>\r\n\r\n<p><strong>ZINEBI Bilboko Dokumentalen eta Film Laburren Nazioarteko Jaialdian egingo den ZINEBI Animation Lab<\/strong>-ek hainbat diziplinatako profesionalen talde bat jarriko dizu eskura <strong>azaroaren 26, 27 eta 28an<\/strong>, zeure proiektuarekin aurrera egiten eta proiektua aurkezteko moduarekin laguntzeko antolatutako topaketa pertsonalizatu batzuen bidez.<\/p>\r\n\r\n<p>Animaziozko film labur, telesail edo film luze baterako proiekturen bat baduzu, <a href=\"mailto:networking@zinebi.eus\">networking@zinebi.eus<\/a> helbidera bidal dezakezu gaurtik <strong>azaroaren 10era arte<\/strong>. Ane In\u00e9s Landeta errealizadoreak, Iv\u00e1n Mi\u00f1ambres produktoreak eta Pedro Rivero gidoigileak osatutako talde batek sei proiektu hautatuko ditu, eta azaroaren 14an emango da aukeraketaren berri.<\/p>\r\n\r\n<p>Hautagai izan nahi baduzu, formulario hau bete eta dagokion materiala bidali besterik ez duzu egin behar, ZINEBIren konfidentzialtasun-bermearekin.<\/p>\r\n\r\n<p class=\"text-center\"><a class=\"btn btn-lg btn-circle btn-brand\" href=\"https:\/\/docs.google.com\/forms\/d\/e\/1FAIpQLScm_cBHDnk7gbrUMr8001LzBlCJLRmEKCgnH41x-_Jz9MURnA\/viewform?usp=header\" target=\"_blank\" rel=\"noopener\">IZENA EMAN<\/a><\/p>\r\n\r\n<h3>BALDINTZAK<\/h3>\r\n<p><strong>Hautatutako proiektu bakoitzak<\/strong> eskubidea emango du <strong>ordezkari batek <\/strong>(produktoreak edo zuzendariak) aholkularitza taldearekin egiten diren topaketa pertsonalizatuetan parte hartzeko.<\/p>\r\n\r\n<p>Horretarako, jaialdiak bere gain hartuko ditu hiru gaueko ostatu gastuak, baldin eta parte hartzaileak Bizkaiko Lurralde kanpotik etorri behar badira.<\/p>\r\n\r\n<p>ZINEBIk parte hartzaileak akreditatuko ditu, egonaldian zehar, Jaialdiko jarduera eta saio guztietara sartu ahal izan daitezen. Betiere, kontuan izanda mentoretzaren azken egunerako beren proiektuen aurkezpena prestatu beharko dutela, kontsulten emaitza posibleak barne.<\/p>\r\n\r\n<p><strong>Kontsultetarako erabiliko diren hizkuntzak ingelesa edo gaztelania izango dira, prozesuan zehar norekin lan egiten dutenaren arabera.<\/strong><\/p>\r\n\r\n<h3>MENTORE TALDEA<\/h3>\r\n<p><strong>Pedro Rivero <\/strong>(gidoigilea eta zuzendaria), <strong>S\u00e9bastien Sperer<\/strong> (Annecy Festival-eko hautaketa batzordeko kidea hogei urtez baino gehiagoz), <strong>Daniel Suljic<\/strong> (Animafest Zagreb jaialdiko zuzendari artistikoa), <strong>Ivana eta Thomas Volda<\/strong> (errealizadoreak).<\/p>\r\n\r\n<p>Helburu horretarako,<strong> hautatutako proiektuak ingelesez bidali behar dira <\/strong>azaroaren 21a baino lehen.<\/p>\r\n\r\n<p>Topaketak <strong>Azkuna Zentroko Bastida Aretoan<\/strong> izango dira (Arriqu\u00edbar plaza 4, Bilbo)<\/p>\r\n\r\n<\/div>\r\n<\/div>\r\n<div class=\"row\">\r\n<div class=\"col-md-12 p-t-50 p-b-20\">\r\n<h3>EGUTEGIA<\/h3>\r\n<\/div>\r\n<div class=\"col-md-4\">\r\n<h4>Mi\u00e9rcoles 26 de Noviembre<\/h4>\r\n<p>10:00<br>\r\n<strong>Reuni\u00f3n inicial de presentaci\u00f3n.<\/strong><br>\r\nDe 10:30 a 13:30<br>\r\n<strong>Encuentros personalizados de 45 minutos en turno rotatorio con cada uno de los consultores.<\/strong>\r\n14:00\r\n<strong>Comida a cargo de ZINEBI Animation Lab.<\/strong><\/p>\r\n\r\n<\/div>\r\n<div class=\"col-md-4\">\r\n<h4>Jueves 27 de Noviembre<\/h4>\r\n<p>De 10:30 a 13:30<br>\r\n<strong>Encuentros personalizados de 45 minutos en turno rotatorio con cada uno de los consultores.<\/strong><br>\r\n14:00<br>\r\n<strong>Comida a cargo de ZINEBI Animation Lab<\/strong>.<\/p>\r\n\r\n<\/div>\r\n<div class=\"col-md-4\">\r\n<h4>Viernes 28 de Noviembre<\/h4>\r\n<p>De 10:30 a 13:00<br>\r\n<strong>Ronda de pitchings individuales (7 minutos) ante los consultores y dem\u00e1s participantes en el festival, con valoraci\u00f3n in situ<\/strong>.<br>\r\n14:00<br>\r\n<strong>Comida a cargo de ZINEBI Animation Lab<\/strong>.<\/p>\r\n\r\n<\/div>\r\n<div class=\"col-md-12 p-t-20 p-b-20\">\r\n\r\n<p><strong>Los proyectos dispondr\u00e1n de la oportunidad de una consulta de seguimiento tres meses despu\u00e9s de la celebraci\u00f3n de ZINEBI Animation Lab.<\/strong>\r\n<\/p>\r\n<p>Para cualquier duda o aclaraci\u00f3n: <a href=\"mailto:networking@zinebi.eus\" target=\"_blank\" rel=\"noopener\"><strong>networking@zinebi.eus<\/strong><\/a><\/p>\r\n\r\n<\/div>\r\n<\/div>","protected":false},"excerpt":{"rendered":"<p>MENTORING SESSIONS 2025 Ba al daukazu abian duzun eta kontrastatu nahi duzun animazio-proiekturik? Zure proiektua ezagutu nahi dugu. ZINEBI Bilboko Dokumentalen eta Film Laburren Nazioarteko Jaialdian egingo den ZINEBI Animation Lab-ek hainbat diziplinatako profesionalen talde bat jarriko dizu eskura azaroaren 26, 27 eta 28an, zeure proiektuarekin aurrera egiten eta proiektua aurkezteko moduarekin laguntzeko antolatutako topaketa [&hellip;]<\/p>\n","protected":false},"author":3,"featured_media":39626,"parent":32490,"menu_order":0,"comment_status":"closed","ping_status":"closed","template":"templates\/page-with-container.php","meta":{"_acf_changed":false,"footnotes":""},"class_list":["post-39632","page","type-page","status-publish","has-post-thumbnail","hentry"],"acf":[],"_links":{"self":[{"href":"https:\/\/zinebi.eus\/eu\/wp-json\/wp\/v2\/pages\/39632","targetHints":{"allow":["GET"]}}],"collection":[{"href":"https:\/\/zinebi.eus\/eu\/wp-json\/wp\/v2\/pages"}],"about":[{"href":"https:\/\/zinebi.eus\/eu\/wp-json\/wp\/v2\/types\/page"}],"author":[{"embeddable":true,"href":"https:\/\/zinebi.eus\/eu\/wp-json\/wp\/v2\/users\/3"}],"replies":[{"embeddable":true,"href":"https:\/\/zinebi.eus\/eu\/wp-json\/wp\/v2\/comments?post=39632"}],"version-history":[{"count":0,"href":"https:\/\/zinebi.eus\/eu\/wp-json\/wp\/v2\/pages\/39632\/revisions"}],"up":[{"embeddable":true,"href":"https:\/\/zinebi.eus\/eu\/wp-json\/wp\/v2\/pages\/32490"}],"wp:featuredmedia":[{"embeddable":true,"href":"https:\/\/zinebi.eus\/eu\/wp-json\/wp\/v2\/media\/39626"}],"wp:attachment":[{"href":"https:\/\/zinebi.eus\/eu\/wp-json\/wp\/v2\/media?parent=39632"}],"curies":[{"name":"wp","href":"https:\/\/api.w.org\/{rel}","templated":true}]}}