 {"id":408,"date":"2021-09-27T07:54:40","date_gmt":"2021-09-27T07:54:40","guid":{"rendered":"https:\/\/zinebi.eus\/?page_id=408"},"modified":"2022-10-05T09:50:38","modified_gmt":"2022-10-05T09:50:38","slug":"epaimahaiak-2021","status":"publish","type":"page","link":"https:\/\/zinebi.eus\/eu\/zinebi-63\/epaimahaiak-2021\/","title":{"rendered":"Epaimahaiak 2021"},"content":{"rendered":"\t<div class=\"row\">\r\n<div class=\"col-md-12 p-b-50\">\r\n<div class=\"module-title text-center\">\r\n<h3 class=\"sidelines\"><span class=\"blanco\">Sail Ofizialeko Film Laburren Nazioarteko <br>Lehiaketako Nazioarteko Epaimahaia<\/span><\/h3>\r\n<\/div>\r\n<\/div>\r\n<\/div>\r\n\t\t\t\t\t\t\t\r\n\t\t\t\t\t\t\r\n\t\t\t\t\t\t\r\n\t\t\t\t\t\t<div class=\"row justify-content-center\">\r\n\t\t\t\t\t\t\t\r\n\t\t\t\t\t\t\t <div class=\"col-md-4\">\r\n\t\t\t\t\t\t\t   <img alt=\"Isabel Herguera\" width=\"800\" height=\"530\" class=\"alignnone size-full wp-image-1623 lazyload\" data-src=\"https:\/\/zinebi.eus\/assets\/media\/isabel-helguera.jpg\" srcset=\"https:\/\/zinebi.eus\/assets\/media\/isabel-helguera.jpg 800w, https:\/\/zinebi.eus\/assets\/media\/isabel-helguera-150x99.jpg 150w, https:\/\/zinebi.eus\/assets\/media\/isabel-helguera-300x199.jpg 300w, https:\/\/zinebi.eus\/assets\/media\/isabel-helguera-400x265.jpg 400w, https:\/\/zinebi.eus\/assets\/media\/isabel-helguera-480x318.jpg 480w, https:\/\/zinebi.eus\/assets\/media\/isabel-helguera-550x364.jpg 550w, https:\/\/zinebi.eus\/assets\/media\/isabel-helguera-768x509.jpg 768w\" sizes=\"(max-width: 800px) 100vw, 800px\" \/>\r\n\t\t\t\t\t\t\t\t<h4 class=\"m-t-20\">Isabel Herguera <\/h4>\r\n\t\t\t\t\t\t\t\t <p>Isabel Herguerak hainbat film labur zuzendu eta ekoitzi ditu, esaterako, La gallina ciega (2005), Animaziozko Film labur Onenaren Goya sarirako izendatua, eta mundu osoko zinemaldietan hautatuak izen diren \u00c1m\u00e1r (2010), Bajo la almohada (2012), Amore d\u2019inverno (2015), ZINEBIko Euskal Zinemaren Sari Nagusia lortutakoa, edo Kutxa beltza (2016). Halaber, Mostra Internacional de Cinema d\u2019Animaci\u00f3 de Catalunyako zuzendaria izan zen 2011ra arte. Gaur egun, irakasle dihardu KHM-Koloniako Kunsthochschule f\u00fcr Medien-en, eta bere animaziozko lehen film luzea egiten ari da, <em>El sue\u00f1o de la sultana <\/em>izenekoa.<\/p>\r\n\t\t\t\t\t\t\t<\/div>\r\n\t\t\t\t\t\t\t\r\n\t\t\t\t\t\t\t<div class=\"col-md-4\">\r\n\t\t\t\t\t\t\t   <img alt=\"Itandehui Jansen\" width=\"800\" height=\"530\" class=\"alignnone size-full wp-image-1605 lazyload\" data-src=\"https:\/\/zinebi.eus\/assets\/media\/Itandehui-Jansen-.jpg\" srcset=\"https:\/\/zinebi.eus\/assets\/media\/Itandehui-Jansen-.jpg 800w, https:\/\/zinebi.eus\/assets\/media\/Itandehui-Jansen--150x99.jpg 150w, https:\/\/zinebi.eus\/assets\/media\/Itandehui-Jansen--300x199.jpg 300w, https:\/\/zinebi.eus\/assets\/media\/Itandehui-Jansen--400x265.jpg 400w, https:\/\/zinebi.eus\/assets\/media\/Itandehui-Jansen--480x318.jpg 480w, https:\/\/zinebi.eus\/assets\/media\/Itandehui-Jansen--550x364.jpg 550w, https:\/\/zinebi.eus\/assets\/media\/Itandehui-Jansen--768x509.jpg 768w\" sizes=\"(max-width: 800px) 100vw, 800px\" \/>\r\n\t\t\t\t\t\t\t\t<h4 class=\"m-t-20\">Itandehui Jansen <\/h4>\r\n\t\t\t\t\t\t\t\t  <p>Itandehui Jansen Oaxacan jaio zen, Mexikon, eta Zuzendaritza ikasketak egin zituen Herbehereetako Zinema Akademian. Nazioarteko hainbat programatan parte hartu du, hala nola Torino Film Lab-ean eta Berlinale Talents-ean. Bere dokumentalak eta film laburrak hainbat jaialditan proiektatu dira, hala nola Amsterdamgo Zinema Dokumentalaren Nazioarteko Jaialdian (IDFA) eta Moreliako Nazioarteko Zinemaldian (FICM). El \u00faltimo consejo film laburrarekin nazioarteko hainbat sari irabazi zituen eta Mexikoko zinema kritikaren Diosa de Plata sarirako izendatu zuten. Gaur egun zinema irakaslea da Edinburgoko Unibertsitatean (Erresuma Batua).<\/p>\r\n\t\t\t\t\t\t\t<\/div> \r\n\t\t\t\t\t\t\t\r\n\t\t\t\t\t\t\t<div class=\"col-md-4\">\r\n\t\t\t\t\t\t\t  <img alt=\"Jone Laspiur\" width=\"800\" height=\"530\" class=\"alignnone size-full wp-image-1611 lazyload\" data-src=\"https:\/\/zinebi.eus\/assets\/media\/Jone-Laspiur.jpg\" srcset=\"https:\/\/zinebi.eus\/assets\/media\/Jone-Laspiur.jpg 800w, https:\/\/zinebi.eus\/assets\/media\/Jone-Laspiur-150x99.jpg 150w, https:\/\/zinebi.eus\/assets\/media\/Jone-Laspiur-300x199.jpg 300w, https:\/\/zinebi.eus\/assets\/media\/Jone-Laspiur-400x265.jpg 400w, https:\/\/zinebi.eus\/assets\/media\/Jone-Laspiur-480x318.jpg 480w, https:\/\/zinebi.eus\/assets\/media\/Jone-Laspiur-550x364.jpg 550w, https:\/\/zinebi.eus\/assets\/media\/Jone-Laspiur-768x509.jpg 768w\" sizes=\"(max-width: 800px) 100vw, 800px\" \/>\r\n\t\t\t\t\t\t\t\t<h4 class=\"m-t-20\">Jone Laspiur<\/h4>\r\n\t\t\t\t\t\t\t\t <p>Arte Ederrak ikasi zituen Leioan eta tartean urtebete egin zuen Buenos Aireseko UMSAn. Arteko Galerian eta Asmoz Kultur Fundazioan aritu zen lanean eta 2018an Peruko Cutervo herrian izan zen Gazteaukera kooperazio programaren barruan. Beranduago Donostiako Azpi espazioan aritu zen bere lan pertsonala garatzen, eta 2019an Eusko Jaurlaritzaren sorkuntzarako laguntza jaso zuen. Ondoren MIAC (Master de Investigaci\u00f3n y Creaci\u00f3n en Arte) masterra egin zuen Madrilen UCMen. 2019an Pablo Agueroren Akelarre pelikulan estrenatu zen aktore gisa, eta ondoren David P.Sa\u00f1udoren Ane ri gorputza eman zion, paper horrekin 2021eko Aktore Berri Onenaren Goya saria jaso zuen. Zuzendari beraren Alardea telesailean ere aritu zen, hala nola Esti Urresolaren Polvo somos laburmetraian, eta Ic\u00edar Bolla\u00ednen Maixabel en. Aktoretza formazioari dagokionean Madrilgo Mar Navarroren eskolan ikasten ari da.br&gt;<em>Argazkia \u00a9 Daniel Mills Salcedo<\/em> <\/p>\r\n\t\t\t\t\t\t\t<\/div> \r\n\t\t\t\t\t\t\t\r\n\t\t\t\t\t\t\t\t \r\n\t\t\t\t\t\t\t\t \r\n\t\t\t\t\t  <\/div>\r\n\t\t\t\t\t\t\r\n\t\t\t\t\t\t<div class=\"row justify-content-center\">\r\n\t\t\t\t\t\t\t\r\n\t\t\t\t\t\t\t\r\n\t\t\t\t\t\t\t<div class=\"col-md-4\">\r\n\t\t\t\t\t\t\t<img alt=\"James Lattimer\" width=\"800\" height=\"530\" class=\"alignnone size-full wp-image-1608 lazyload\" data-src=\"https:\/\/zinebi.eus\/assets\/media\/James-Lattimer.jpg\" srcset=\"https:\/\/zinebi.eus\/assets\/media\/James-Lattimer.jpg 800w, https:\/\/zinebi.eus\/assets\/media\/James-Lattimer-150x99.jpg 150w, https:\/\/zinebi.eus\/assets\/media\/James-Lattimer-300x199.jpg 300w, https:\/\/zinebi.eus\/assets\/media\/James-Lattimer-400x265.jpg 400w, https:\/\/zinebi.eus\/assets\/media\/James-Lattimer-480x318.jpg 480w, https:\/\/zinebi.eus\/assets\/media\/James-Lattimer-550x364.jpg 550w, https:\/\/zinebi.eus\/assets\/media\/James-Lattimer-768x509.jpg 768w\" sizes=\"(max-width: 800px) 100vw, 800px\" \/>\r\n\t\t\t\t\t\t\t\t<h4 class=\"m-t-20\">James Lattimer <\/h4>\r\n\t\t\t\t\t\t\t\t <p>James Lattimer programatzailea, kritikaria eta zinemagilea da. Berlinale Forumeko hautapen-batzordeko kide da 2011tik, eta 2018an Viennale erakundean sartu zen programazio-aholkulari gisa. Documenta Madrid 2020ko komisario gonbidatua izan zen. All Still Orbit film laburra zuzendu zuen Dane Komljenekin eta Afterwater film luze berriaren gidoilaria da. Kritikari bezala Cinema Scope, Sight and Sound, The Brooklyn Rail eta Firefliesen argitaratzen du. TEXTURreko, Viennalek argitaratzen duen zuzendari garaikideei buruzko sail berri bat, editorea da. Lehen edizioek Angela Schanelec, Kelly Reichardt eta Terence Daviesizan dituzte protagonista.<\/p>\r\n<\/div> \r\n\t\t\t\t\t\t\t\r\n\t\t\t\t\t\t\t<div class=\"col-md-4\">\r\n\t\t\t\t\t\t\t  <img alt=\"Florencia de Mugica\" width=\"800\" height=\"530\" class=\"alignnone size-full wp-image-1801 lazyload\" data-src=\"https:\/\/zinebi.eus\/assets\/media\/Florencia-Mugica.jpg\" srcset=\"https:\/\/zinebi.eus\/assets\/media\/Florencia-Mugica.jpg 800w, https:\/\/zinebi.eus\/assets\/media\/Florencia-Mugica-150x99.jpg 150w, https:\/\/zinebi.eus\/assets\/media\/Florencia-Mugica-300x199.jpg 300w, https:\/\/zinebi.eus\/assets\/media\/Florencia-Mugica-400x265.jpg 400w, https:\/\/zinebi.eus\/assets\/media\/Florencia-Mugica-480x318.jpg 480w, https:\/\/zinebi.eus\/assets\/media\/Florencia-Mugica-550x364.jpg 550w, https:\/\/zinebi.eus\/assets\/media\/Florencia-Mugica-768x509.jpg 768w\" sizes=\"(max-width: 800px) 100vw, 800px\" \/>\r\n\t\t\t\t\t\t\t\t<h4 class=\"m-t-20\">Florencia de Mugica <\/h4>\r\n\t\t\t\t\t\t\t\t <p>Florencia de Mugica Arte Dramatikoan lizentziaduna da eta Zinematografia Ikastaroetan masterra du Elias Querejeta Zine Eskolak (EQZE). 2015ean Bomba Cine sortu zuen. Bere lanen artean bi opera prima daude: Edgardo Castroren La noche, zinema jaialdi askotan hautatua eta Zinema Independentearen Nazioarteko Jaialdian Epaimahaiaren Sari Bereziaren irabazlea (BAFICI), eta Sol Berruezoren Mam\u00e1, madre, mam\u00e1, Rita Cinerekin batera ekoitzia eta Berlinale 2020an Epaimahaiaren Sari Bereziaren irabazlea; Jaime Levinasen PinPin film laburraz gain. Gaur egun Pablo Ag\u00fcero zuzendariaren proiektu batean ari da lanean.<\/p>\r\n\t\t\t\t\t\t\t<\/div> \r\n\t\t\t\t\t\t\t\r\n\t\t\t\t\t\t\t\t \r\n\t\t\t\t\t\t\t\t \r\n\t\t\t\t\t  <\/div>\r\n\t\t\t\t\t\t\r\n\t\t\t\t\r\n\t\t\t\t\t\t<div class=\"row\">\r\n<div class=\"col-md-12 p-t-50 p-b-50\">\r\n<div class=\"module-title text-center\">\r\n<h3 class=\"sidelines\"><span class=\"blanco\">Sail Ofizialeko ZIFF (ZINEBI FIRST FILM) <br>Nazioarteko Lehiaketako Nazioarteko Epaimahaia<\/span><\/h3>\r\n<\/div>\r\n<\/div>\r\n<\/div>\r\n\t\t\t\t\t\t\t\r\n\t\t\t\t\t\t\r\n\t\t\t\t\t\t\r\n\t\t\t\t\t\t<div class=\"row justify-content-center\">\r\n\t\t\t\t\t\t\t\r\n\t\t\t\t\t\t  <div class=\"col-md-4\">\r\n\t\t\t\t\t\t\t  <img alt=\"Paula Arantzazu Ruiz\" width=\"800\" height=\"530\" class=\"alignnone size-full wp-image-1614 lazyload\" data-src=\"https:\/\/zinebi.eus\/assets\/media\/Paula-Ruiz.jpg\" srcset=\"https:\/\/zinebi.eus\/assets\/media\/Paula-Ruiz.jpg 800w, https:\/\/zinebi.eus\/assets\/media\/Paula-Ruiz-150x99.jpg 150w, https:\/\/zinebi.eus\/assets\/media\/Paula-Ruiz-300x199.jpg 300w, https:\/\/zinebi.eus\/assets\/media\/Paula-Ruiz-400x265.jpg 400w, https:\/\/zinebi.eus\/assets\/media\/Paula-Ruiz-480x318.jpg 480w, https:\/\/zinebi.eus\/assets\/media\/Paula-Ruiz-550x364.jpg 550w, https:\/\/zinebi.eus\/assets\/media\/Paula-Ruiz-768x509.jpg 768w\" sizes=\"(max-width: 800px) 100vw, 800px\" \/>\r\n\t\t\t\t\t\t\t<h4 class=\"m-t-20\">Paula Arantzazu Ruiz  <\/h4>\r\n\t\t\t\t\t\t\t  <p>Paula Arantzazu Ruiz kazetaritzan lizentziatu zen Pompeu Fabra Unibertsitatean (UPF), eta Gizarte Komunikazioan doktoratu zen, UPFn ere, Yervant Gianikian eta Angela Ricci Lucchi italiarren zinemari buruz eta medikuntzaren kultura bisualarekin lotuta egin zuen tesiarekin. Kazetari eta zinema-kritikari gisa, kolaborazioak egiten ditu Cineman\u00eda eta Diari Ara-n, besteak beste, eta Gaztela-Mantxako Unibertsitateko irakasle elkartua da. Bere azken argitalpenen artean, bi obra kolektibo daude: La paranoia contempor\u00e1nea. El cine en la sociedad de control [Trea, 2019] eta Cuerpos representados. Objetos de ciencia art\u00edsticos en Espa\u00f1a, siglos XVIII \u2013 XX [Sans Soleil, 2020].<\/p>\r\n\t\t\t\t\t\t\t<\/div>\r\n\t\t\t\t\t\t\t\r\n\t\t\t\t\t\t  <div class=\"col-md-4\">\r\n\t\t\t\t\t\t\t  <img alt=\"Eva Sangiorgi\" width=\"800\" height=\"530\" class=\"alignnone size-full wp-image-1620 lazyload\" data-src=\"https:\/\/zinebi.eus\/assets\/media\/Eva-Sangiorgi.jpg\" srcset=\"https:\/\/zinebi.eus\/assets\/media\/Eva-Sangiorgi.jpg 800w, https:\/\/zinebi.eus\/assets\/media\/Eva-Sangiorgi-150x99.jpg 150w, https:\/\/zinebi.eus\/assets\/media\/Eva-Sangiorgi-300x199.jpg 300w, https:\/\/zinebi.eus\/assets\/media\/Eva-Sangiorgi-400x265.jpg 400w, https:\/\/zinebi.eus\/assets\/media\/Eva-Sangiorgi-480x318.jpg 480w, https:\/\/zinebi.eus\/assets\/media\/Eva-Sangiorgi-550x364.jpg 550w, https:\/\/zinebi.eus\/assets\/media\/Eva-Sangiorgi-768x509.jpg 768w\" sizes=\"(max-width: 800px) 100vw, 800px\" \/>\r\n\t\t\t\t\t\t\t<h4 class=\"m-t-20\">Eva Sangiorgi <\/h4>\r\n\t\t\t\t\t\t\t   <p>Eva Sangiorgi Vienan bizi den idazle eta programatzailea da. 2011n, Eva Sangiorgik UNAMen Nazioarteko Zinemaldia (FICUNAM) sortu zuen Mexiko Hirian, eta 2018ra arte haren zuzendari gisa jardun zuen. Han bertan, 2016an, Brava Cinema izeneko bere enpresa banatzailea sortu zuen. Sangiorgik zinema-programatzaile eta telebista-aurkezle gisa ere lan egin du zineman espezializatutako programetan. Gaur egun Viennale-ko zuzendari artistikoa da, eta Donostiako EQZE-ko Komisariotza Saileko koordinatzailea.<br><em>Argazkia \u00a9 Alexi Pelekanos<\/em>.<\/p>\r\n<\/div> \r\n\t\t\t\t\t\t\t\r\n\t\t\t\t\t\t  <div class=\"col-md-4\">\r\n\t\t\t\t\t\t\t  <img alt=\"Helena Wittmann\" width=\"800\" height=\"530\" class=\"alignnone size-full wp-image-1617 lazyload\" data-src=\"https:\/\/zinebi.eus\/assets\/media\/Helena-Whittmann.jpg\" srcset=\"https:\/\/zinebi.eus\/assets\/media\/Helena-Whittmann.jpg 800w, https:\/\/zinebi.eus\/assets\/media\/Helena-Whittmann-150x99.jpg 150w, https:\/\/zinebi.eus\/assets\/media\/Helena-Whittmann-300x199.jpg 300w, https:\/\/zinebi.eus\/assets\/media\/Helena-Whittmann-400x265.jpg 400w, https:\/\/zinebi.eus\/assets\/media\/Helena-Whittmann-480x318.jpg 480w, https:\/\/zinebi.eus\/assets\/media\/Helena-Whittmann-550x364.jpg 550w, https:\/\/zinebi.eus\/assets\/media\/Helena-Whittmann-768x509.jpg 768w\" sizes=\"(max-width: 800px) 100vw, 800px\" \/>\r\n\t\t\t\t\t\t\t<h4 class=\"m-t-20\">Helena Wittmann<\/h4>\r\n\t\t\t\t\t\t\t   <p>Helena Wittmann Hanburgon (Alemania) bizi den artista eta zinemagilea da. Erlangen eta Hanburgo artean Filologia Hispanikoa eta Komunikazio Zientziak ikasi ondoren, Hanburgoko Arte Ederren Goi Eskolan (HFBK) graduatu zen 2014an. Bere lehen film luzea, Drift, Veneziako Zinemaldiko Kritikaren Astean estreinatu zen 2017an, eta ZIFF Epaimahaiaren aipamen berezia lortu zuen ZINEBIn, nazioarteko hainbat zinemalditan eta zinema-erakusketatan proiektatu aurretik, bere beste zenbait film labur batzuk bezala, esaterako, Ada Kaleh (2018), 21,3\u00b0C (2014) eta Wildnis (2013). Wittmannek hainbat proiektutan dihardu elkarlanean, hala nola Nika Son-ekin egindakoetan, eta baita beste zinemagile batzuentzat argazki-zuzendari gisa ere. Halaber, ikerketa artistikoko laguntzailea izan zen HFBKn 2020-2021 zikloan, eta mentorea Donostiako Elias Querejeta Zine Eskolan.<\/p>\r\n<\/div> \r\n\t\t\t\t\t\t\t\r\n\t\t\t\t\t\t\t\t \r\n\t\t\t\t\t\t\t\t \r\n\t\t\t\t\t  <\/div>\r\n\t\t\t\t\t\t\r\n\t\t\t\t\t\t\r\n\t\t\t\t\t\t\r\n\t\t\t\t\t\t<div class=\"row\">\r\n<div class=\"col-md-12 p-t-50 p-b-50\">\r\n<div class=\"module-title text-center\">\r\n<h3 class=\"sidelines\"><span class=\"blanco\">SGAE <br>Euskadiko Kontseiluko Epaimahaia<\/span><\/h3>\r\n<\/div>\r\n<\/div>\r\n<\/div>\r\n\r\n<div class=\"row justify-content-center\">\r\n\t\t\t\t\t\t\t\r\n\t\t\t\t\t\t\t <div class=\"col-md-4\">\r\n\t\t\t\t\t\t\t<img alt=\"Ana Hormaetxea\" width=\"800\" height=\"530\" class=\"alignnone size-full wp-image-2652 lazyload\" data-src=\"https:\/\/zinebi.eus\/assets\/media\/Ana-Hormaetxea.jpg\" srcset=\"https:\/\/zinebi.eus\/assets\/media\/Ana-Hormaetxea.jpg 800w, https:\/\/zinebi.eus\/assets\/media\/Ana-Hormaetxea-150x99.jpg 150w, https:\/\/zinebi.eus\/assets\/media\/Ana-Hormaetxea-300x199.jpg 300w, https:\/\/zinebi.eus\/assets\/media\/Ana-Hormaetxea-400x265.jpg 400w, https:\/\/zinebi.eus\/assets\/media\/Ana-Hormaetxea-480x318.jpg 480w, https:\/\/zinebi.eus\/assets\/media\/Ana-Hormaetxea-550x364.jpg 550w, https:\/\/zinebi.eus\/assets\/media\/Ana-Hormaetxea-768x509.jpg 768w\" sizes=\"(max-width: 800px) 100vw, 800px\" \/>\r\n\t\t\t\t\t\t\t\t<h4 class=\"m-t-20\">Ana Hormaetxea<\/h4>\r\n\t\t\t\t\t\t\t\t <p>Ikus-entzunezko Komunikazioan lizentziatua (Nafarroako Unibertsitatea). Telebistako gidoilari gisa, ETBrako serie eta programetan lan egin du batez ere: Go! Azen, Vaya astekaria, Hau ez da serioa, ezta?; Eman buelta bat, T\u00fa al norte y yo al sur eta Balbemendi besteak beste. Gainera, gaur egun film luze eta fikziozko serie batzuk garatzen ari da: Amor s\u00f3lido, Ladronas, 1134 kil\u00f3metros eta El tesoro de Lehman. EHGEPeko (Euskal Gidoigileen Elkarte Profesionala) presidentea eta CIMAko (Emakume Zinemagileen eta Ikus-entzunezko Komunikabideen Elkartea) eta (H)EMENeko (Ikus-entzunezkoen Euskal Emakumeak) elkarteko kidea da.<\/p>\r\n\t\t\t\t\t\t\t<\/div>\r\n\t\t\t\t\t\t\t\r\n\t\t\t\t\t\t\t<div class=\"col-md-4\">\r\n\t\t\t\t\t<img alt=\"Nekane E. Zubiaur Gorozika\" width=\"800\" height=\"530\" class=\"alignnone size-full wp-image-2649 lazyload\" data-src=\"https:\/\/zinebi.eus\/assets\/media\/Nekane-Zubiaur.jpg\" srcset=\"https:\/\/zinebi.eus\/assets\/media\/Nekane-Zubiaur.jpg 800w, https:\/\/zinebi.eus\/assets\/media\/Nekane-Zubiaur-150x99.jpg 150w, https:\/\/zinebi.eus\/assets\/media\/Nekane-Zubiaur-300x199.jpg 300w, https:\/\/zinebi.eus\/assets\/media\/Nekane-Zubiaur-400x265.jpg 400w, https:\/\/zinebi.eus\/assets\/media\/Nekane-Zubiaur-480x318.jpg 480w, https:\/\/zinebi.eus\/assets\/media\/Nekane-Zubiaur-550x364.jpg 550w, https:\/\/zinebi.eus\/assets\/media\/Nekane-Zubiaur-768x509.jpg 768w\" sizes=\"(max-width: 800px) 100vw, 800px\" \/>\r\n\t\t\t\t\t\t\t\t<h4 class=\"m-t-20\">Nekane E. Zubiaur Gorozika <\/h4>\r\n\t\t\t\t\t\t\t\t  <p>Euskal Herriko Ikus-entzunezko Komunikazio eta Publizitate Saileko (UPV \/ EHU) irakasle elkartua da, bertan Fikziozko Gidoia irakasgaia ematen du. Espainiako zinemaren analista eta historialaria da, eta Mutaciones del Audiovisual Contempor\u00e1neo ikerketa taldearen parte da. Onderengo liburuak argitaratu ditu: Peter Weir (2013), Anatom\u00eda de un cineasta pasional, El cine de Manuel Mur Oti (2013), Kimuak-en film laburrak. Semillas del cine vasco (2014) eta Kimuak: The Seeds of Basque Cinema (2018), azken bi hauek Ainhoa Fern\u00e1ndez de Arroyabe eta I\u00f1aki Lazkanorekin batera.<\/p>\r\n\t\t\t\t\t\t\t<\/div> \r\n\t\t\t\t\t\t\t\r\n\t\t\t\t\t\t\t<div class=\"col-md-4\">\r\n\t<img alt=\"Haritz Zubillaga\" width=\"800\" height=\"530\" class=\"alignnone size-full wp-image-2646 lazyload\" data-src=\"https:\/\/zinebi.eus\/assets\/media\/Aritz-Zubilaga.jpg\" srcset=\"https:\/\/zinebi.eus\/assets\/media\/Aritz-Zubilaga.jpg 800w, https:\/\/zinebi.eus\/assets\/media\/Aritz-Zubilaga-150x99.jpg 150w, https:\/\/zinebi.eus\/assets\/media\/Aritz-Zubilaga-300x199.jpg 300w, https:\/\/zinebi.eus\/assets\/media\/Aritz-Zubilaga-400x265.jpg 400w, https:\/\/zinebi.eus\/assets\/media\/Aritz-Zubilaga-480x318.jpg 480w, https:\/\/zinebi.eus\/assets\/media\/Aritz-Zubilaga-550x364.jpg 550w, https:\/\/zinebi.eus\/assets\/media\/Aritz-Zubilaga-768x509.jpg 768w\" sizes=\"(max-width: 800px) 100vw, 800px\" \/>\r\n\t\t\t\t\t\t\t\t<h4 class=\"m-t-20\">Haritz Zubillaga<\/h4>\r\n\t\t\t\t\t\t\t\t <p>El ata\u00fad de cristal (2017) kultuko filmaren zuzendaria da eta nazioartean arrakasta handia izan zuen El hoyo (2019) filmaren muntatzailea ere bada. Lehenengoa Kataluniako Sitgesko Zinemaldi Fantastikoaren Sail Ofizialean estreinatu zen eta hainbat aitortza jaso zituen, besteak beste, Film Onenaren saria FilmQuest (Utah), ShriekFest (LA), Fright Nights (Atenas) eta Rojo Sangre (Buenos Aires) jaialdietan. Las horas muertas (2007) bere film laburra Europako Film Labur Fantastiko Onenaren sarirako izendatu zuten; She\u2019s Lost Control (2010) eta The Devil On Your Back (2015) film laburrek ehundik gora sari jaso zituzten. Gaur egun, bere bigarren film luzea prestatzeaz gain, Heil Flameren debut albuma grabatzen ari da, Norma Vila zinema zuzendariarekin batera osatzen duen synthwave bandan.<\/p>\r\n\t\t\t\t\t\t\t<\/div> \r\n\t\t\t\t\t\t\t\r\n\t\t\t\t\t\t\t\t \r\n\t\t\t\t\t\t\t\t \r\n\t\t\t\t\t  <\/div>","protected":false},"excerpt":{"rendered":"<p>Sail Ofizialeko Film Laburren Nazioarteko Lehiaketako Nazioarteko Epaimahaia Isabel Herguera Isabel Herguerak hainbat film labur zuzendu eta ekoitzi ditu, esaterako, La gallina ciega (2005), Animaziozko Film labur Onenaren Goya sarirako izendatua, eta mundu osoko zinemaldietan hautatuak izen diren \u00c1m\u00e1r (2010), Bajo la almohada (2012), Amore d\u2019inverno (2015), ZINEBIko Euskal Zinemaren Sari Nagusia lortutakoa, edo Kutxa [&hellip;]<\/p>\n","protected":false},"author":3,"featured_media":1637,"parent":400,"menu_order":2,"comment_status":"closed","ping_status":"closed","template":"templates\/page-with-container.php","meta":{"_acf_changed":false,"footnotes":""},"class_list":["post-408","page","type-page","status-publish","has-post-thumbnail","hentry"],"acf":[],"_links":{"self":[{"href":"https:\/\/zinebi.eus\/eu\/wp-json\/wp\/v2\/pages\/408","targetHints":{"allow":["GET"]}}],"collection":[{"href":"https:\/\/zinebi.eus\/eu\/wp-json\/wp\/v2\/pages"}],"about":[{"href":"https:\/\/zinebi.eus\/eu\/wp-json\/wp\/v2\/types\/page"}],"author":[{"embeddable":true,"href":"https:\/\/zinebi.eus\/eu\/wp-json\/wp\/v2\/users\/3"}],"replies":[{"embeddable":true,"href":"https:\/\/zinebi.eus\/eu\/wp-json\/wp\/v2\/comments?post=408"}],"version-history":[{"count":9,"href":"https:\/\/zinebi.eus\/eu\/wp-json\/wp\/v2\/pages\/408\/revisions"}],"predecessor-version":[{"id":10191,"href":"https:\/\/zinebi.eus\/eu\/wp-json\/wp\/v2\/pages\/408\/revisions\/10191"}],"up":[{"embeddable":true,"href":"https:\/\/zinebi.eus\/eu\/wp-json\/wp\/v2\/pages\/400"}],"wp:featuredmedia":[{"embeddable":true,"href":"https:\/\/zinebi.eus\/eu\/wp-json\/wp\/v2\/media\/1637"}],"wp:attachment":[{"href":"https:\/\/zinebi.eus\/eu\/wp-json\/wp\/v2\/media?parent=408"}],"curies":[{"name":"wp","href":"https:\/\/api.w.org\/{rel}","templated":true}]}}