 {"id":42395,"date":"2025-11-12T15:41:34","date_gmt":"2025-11-12T14:41:34","guid":{"rendered":"https:\/\/zinebi.eus\/zinebi-networking\/portico-zinebi-ataria\/"},"modified":"2025-11-19T13:53:26","modified_gmt":"2025-11-19T12:53:26","slug":"portico-zinebi-ataria","status":"publish","type":"page","link":"https:\/\/zinebi.eus\/eu\/zinebi-networking\/portico-zinebi-ataria\/","title":{"rendered":"P\u00f3rtico ZINEBI Ataria"},"content":{"rendered":"<div class=\"row\">\r\n<div class=\"col-md-12 p-b-50\">\r\n<h2>Zinema bizitzeko topaketa bat<\/h2>\r\n<p>Programak elkarrizketarako eta hausnarketarako espazio ireki bat proposatzen du, gaur egun zinema bizitzeko, pentsatzeko eta egiteko askotariko moduen inguruan. Topaketa ikasle gazteei eta zinemagintzan graduatu berri direnei zuzenduta dago, eta gaur egungo ikus-entzunezkoen paisaia osatzen duten ibilbide profesionalen aniztasuna aztertzeko gonbidapen bat da. <\/p>\r\n<p>Goiz batean, hainbat diziplinatako profesionalek \u2014produkzio, zuzendaritza, artxibo, kuratoretza eta banaketakoek\u2014 beren ibilbideak, esperientziak eta lanbidea ulertzeko moduak partekatuko dituzte. Arlo teknikoaren eta artistikoaren arteko muga tradizionaletatik harago, proposamenak \u201czinema egitearen\u201d nozioa zabaldu nahi du, praktika bizi gisa, zeina etengabean ari baita solasean bere testuinguru sozial eta kulturalarekin.  <\/p>\r\n<p>Mahai-inguru formatuan egingo da eta Aia Kruse aktore eta zinemagilea izango da moderatzailea; industriaren hainbat hainbat roletan aktibo dauden hainbat eragileren arteko solasaldi bat izango da, non praktika, gogoeta eta audientzia berriekiko hurbiltasuna uztartzen dituen belaunaldi bateko ordezkariak izango ditugun.<\/p>\r\n<p>Zinema pentsamendu kritikorako tresna, topagune eta ekintza kolektiborako modu gisa aurkezten zaigu hemen. Gonbidatu bakoitza lurralde horretan nola bizi den entzunda, etengabe aldatzen ari den ikus-entzunezko mundu batean lankidetzan aritzeko, proiektuak sortzeko eta horiei eusteko modu berriak irudikatu ahal izango ditugu. Gaur egun zinema izan daitekeenaren inguruan solas egiteko, eta izan daitekeen hori zalantzan jartzeko eta elkarrekin berriz irudikatzeko xedea duen espazio honetan parte hartzera gonbidatzen zaituztegu.<\/p>\r\n<p><strong>Julieta Juncadella<\/strong><\/p>\r\n<\/div>\r\n<\/div>\r\n\t\r\n<div class=\"row\">\r\n<div class=\"col-md-12 p-b-50\">\r\n<table class=\"table\" width=\"100%\" border=\"0\" cellspacing=\"0\" cellpadding=\"0\">\r\n  <tbody>\r\n    <tr>\r\n      <td>\r\n\t\t  <h2>P\u00d3RTICO ATARIA \u2013 ZINEBI EGITARAUA<\/h2>\r\n\t\t<p><strong>\ud83d\udcc5 Azaroaren 22a, larunbata \u2013 10:30etik 13:30era Golem Alh\u00f3ndiga Zineman \u2013 Azkuna Zentroa.<\/strong><\/p>\r\n\t\t<\/td>\r\n    <\/tr>\r\n    <tr>\r\n      <td>\r\n<h4>10:30 \u2013 Ongietorria, mahai-ingurua eta aurkezpenak<\/h4>\r\n<p><strong>Iraupen estimatua: 1 h 45 min<\/strong><\/p>\r\n\t\t<h4>Mahai ingurua<\/h4>\r\n\t\t\r\n<p>Parte-hartzaileak:<br>\r\n\u25cf Ana\u00eds C\u00f3rdova P\u00e1ez<br>\r\n\u25cf Antonio Miguel Arenas<br>\r\n\u25cf Emilio Papamija<br>\r\n\u25cf Irene Baqu\u00e9<br>\r\n<strong>Aurkezlea eta moderatzailea:<\/strong> Aia Kruse<\/p>\r\n<p>Kolokioa<br> Parte-hartzaileak:<br>\r\n\u25cf Mat\u00edas Fajn<br>\r\n\u25cf Esmeralda Reynoth<br>\r\n<strong>Aurkezlea eta moderatzailea:<\/strong> Aia Kruse<\/p><\/td>\r\n    <\/tr>\r\n    <tr>\r\n      <td>\r\n\t\t<h4>12:15 \u2013 Gaztedoku Sari Banaketa eta ZINEBI EXPRESS Sari Banaketa<\/h4>\r\n<p><strong>Aurkezlea eta moduratzailea:<\/strong> Ugaitz Alegr\u00eda<\/p>\r\n\t\t<p><strong>Iraupen estimatua: 1 h 15 min<\/strong><\/p>\r\n\t\t  <p>\r\n\u25cf ZINEBI Express film laburren proiekzioa<br>\r\n\u25cf ZINEBI Express sari banaketa, IDOMen babesarekin<br>\r\n\u25cf GazteDoku lehiaketako saritutako filmen proiekzioa, SGAE Fundazioak antolatua:\r\n<\/p><p style=\"padding-left:30px;\">\r\n\t\u25cf <strong>Dokumental onenaren saria:<\/strong> <em>Lehen Saiakera<\/em>, Marina Perosanzena<br>\r\n\r\n\u25cf <strong>Euskaraz egindako dokumental onena:<\/strong> <em>Honek ez diz orduk<\/em> (\u201cEstas no son horas\u201d), Nitya L\u00f3pez Saituaren lana<\/p>\r\n\r\n\r\n\r\n\r\n\t\t \r\n\t\t<\/td>\r\n    <\/tr>\r\n    <tr>\r\n      <td><p><strong>\u23f1\ufe0f Ekitaldiaren guztizko iraupena: 195 minutu.<\/strong><\/p><\/td>\r\n    <\/tr>\r\n  \r\n  <\/tbody>\r\n<\/table>\r\n\r\n\r\n\r\n<\/div>\r\n<\/div>\r\n\r\n\r\n\r\n<div class=\"row\">\r\n<div class=\"col-md-12 p-b-50\">\r\n<div class=\"module-title text-center\">\r\n<h3 class=\"sidelines\"><span class=\"blanco\">MAHAI INGURUKO GONBIDATUAK<\/span><\/h3>\r\n<\/div>\r\n<\/div>\r\n<\/div>\r\n<div class=\"row justify-content-center\">\r\n<div class=\"col-md-3\"><img alt=\"jurado\" data-src=\"https:\/\/zinebi.eus\/assets\/media\/Anais-Cordova-Paez.jpg\" class=\" lazyload\">\r\n<h4 class=\"m-t-20\">ANA\u00cdS C\u00d3RDOVA-P\u00c1EZ<\/h4>\r\n<p>Interneten garaian politikak, ekologiak, generoak eta mugimenduan dauden irudiek elkarren artean hitz egiteko duten moduaz hausnartzen du. Ikuspegi transhackfeminista batekin egiten du ikerketa lana. Bere lanak zaintza du ardatz, eta desafio egiten die artea ekoizteko eta ikusgai jartzeko prozesuei. Zinemarekin esperimentatzen du, EQUIS Festival de Cine Feminista (Ekuador) eta Zinegoak (Bilbo) jaialdietan programatzen du, eta UNSEENeko (Kroazia) kuradorea da. Flaherty Seminar Fellow 2022 izan zen eta nazioarteko gonbidatua izan zen <em>Atmospheres of Violence<\/em>-en, Harvard Universityn, 2023an. Bere azken film laburra, <em>Viento<\/em>, Sofa La Suerte-rekin batera zuzendu du, eta Zinebiren 2025eko edizioan estreinatuko da.\r\n\r\n<\/p>\r\n<\/div>\r\n<div class=\"col-md-3\"><img alt=\"jurado\" data-src=\"https:\/\/zinebi.eus\/assets\/media\/Emilio-Papamija.jpg\" class=\" lazyload\">\r\n<h4 class=\"m-t-20\">EMILIO PAPAMIJA<\/h4>\r\n<p>Emilio Papamija artista eta aktibista trans antirrazista eta dekoloniala da. Gaur egun, aniztasunean espezializatutako aholkularia eta ikus-entzunezkoetako hezitzailea da IntimAct-en, eta hainbat erakundetan eman ditu formakuntzak, hala nola Zinema Akademia, Netflix, ECAM, TAI, SSIFF, LesGaiCineMad, SANFIC (Txile), Greenpeace, Matadero Madrid edo La Casa Encendidan. Gainera, hainbat ikerketa lerrotan eta mendeko pedagogian lan egiten du. Genero-politiken eta kultura-politiken inplementazioan espezialista da, eta zeregin horietan lan egin du Espainiako eta Kolonbiako gobernu proiektuetan eta kanpaina politikoetan, esaterako, Espainiako kultura ministerioaren egungo kultura eskubideen planean (2024). Gorren komunitatearekiko kultura bitartekaritzan eta herpetologian trebatu da .\r\n<\/p>\r\n\r\n<\/div>\r\n<div class=\"col-md-3\"><img alt=\"jurado\" data-src=\"https:\/\/zinebi.eus\/assets\/media\/irene-baque.jpg\" class=\" lazyload\">\r\n<h4 class=\"m-t-20\">IRENE BAQU\u00c9<\/h4>\r\n<p>Zinema zuzendaria eta argazkilaria da. Bere lanak identitatearekin eta generoarekin lotutako gaiak arakatzen ditu, eta benetako istorioak eta pertsonaiak erretratatzen ditu, bai bere lan komertzialean, bai bere dokumentaletan. Bere irudiak benetakoak dira, intimoak eta femeninoak, eta kolorearekin eta konposizioarekin jolasten dute. Bere azken film laburra den <em>Mal de madre<\/em>-ren Estatu mailako estreinaldia Zinebiren 2025eko edizioan egingo da.<\/p>\r\n<\/div>\r\n\t\r\n<div class=\"col-md-3\"><img alt=\"jurado\" data-src=\"https:\/\/zinebi.eus\/assets\/media\/Antonio-Miguel-Arenas.jpg\" class=\" lazyload\">\r\n<h4 class=\"m-t-20\">ANTONIO MIGUEL ARENAS<\/h4>\r\n<p>Zinemagilea. Magnolia aldizkariaren sortzaileetako bat izan zen, zeina kritika eta analisi zinematografikoko online argitalpen bat baita. Punto de Vistaren prentsa-bulegoko kide izan zen 2016an eta 2017an. 2018an Komisariotza graduondoko ikasketak egin zituen Donostiako El\u00edas Querejeta Zine Eskolan. 2021az geroztik, Granadako Gazte Errealizadoreen Jaialdiko zuzendari artistikoa da eta hamarkada batez baino gehiagoz izan du harremana jaialdi horrekin. Granadako Jos\u00e9 Guerrero Zentroak komisariatutako <em>Topo estrellado<\/em> (2023) film laburra zuzendu du. Gaur egun, ECAMeko La Distribuidoraren koordinatzailea da, eta han dihardu ere irakasle gisa.<\/p>\r\n<\/div>\r\n\t\r\n\t\r\n\t\r\n<\/div>\r\n\r\n\t\r\n\t\r\n<div class=\"row\">\r\n<div class=\"col-md-12 p-b-50 p-t-50\">\r\n<div class=\"module-title text-center\">\r\n<h3 class=\"sidelines\"><span class=\"blanco\">EQZE \u2013 ZINEBI GORDAILUA PROIEKTUKO GONBIDATUAK<\/span><\/h3>\r\n<\/div>\r\n<\/div>\r\n<\/div>\r\n<div class=\"row justify-content-center\">\r\n<div class=\"col-md-4\"><img alt=\"jurado\" data-src=\"https:\/\/zinebi.eus\/assets\/media\/Matias-Fajn.jpg\" class=\" lazyload\">\r\n<h4 class=\"m-t-20\">MATIAS FAJN<\/h4>\r\n<p>Mat\u00edas Fajn (Buenos Aires, 1995) zinemaren arloko ikerlaria da. Bost urtez produktore nagusia izan zen Avellanedako Udalaren Ikus-entzunezko Komunikazio Idazkaritzan. Funts filmiko eta dokumentalen katalogazio, ikerketa eta komisariotza lanak egin ditu ARTIUM Euskal Herriko Arte Garaikidearen Museoan, Donostiako Nazioarteko Zinemaldian eta El\u00edas Querejeta Zine Eskolak bultzatutako ZINEBI Gordailua proiektuan. \r\n<\/p>\r\n<\/div>\r\n<div class=\"col-md-4\"><img alt=\"jurado\" data-src=\"https:\/\/zinebi.eus\/assets\/media\/Esmeralda-Reynoth.jpg\" class=\" lazyload\">\r\n<h4 class=\"m-t-20\">ESMERALDA REYNOTH<\/h4>\r\n<p>Argentinan bizi den hondurastarra. Buenos Airesko Unibertsitatean Arte Konbinatuak eta Goi eta Erdi Hezkuntzako Arte Irakasle ikasketak egin zituen. UNTREFen ikus-entzunezkoen ekoiztetxean lan egin zuen, telesail akademikoetako eta entretenimendu kulturaleko produkzioetan. Hainbat kultur aldizkari independenterekin kolaboratu du. Epaimahaikide izan da Mar del Platako Nazioarteko Zinema Jaialdian, \u00cdcaro Honduras Jaialdian eta FUSAGASUG\u00c1n, eta Berlinale Talents eta Locarno Industry Academy-ko programen parte ere izan da. Horrez gain, kuradorea izan zen Cine En Femenino Festival-en eta Kaikaya Artxiboa koordinatzen du, Hondurasko zinemari buruzko ikerketa gune bat, zeinetatik Berreskuratutako Zinemaren Astea eta Cineclub Utop\u00eda zuzentzen baititu. \r\n<\/p>\r\n\r\n<\/div>\r\n\r\n<\/div>\r\n","protected":false},"excerpt":{"rendered":"<p>Zinema bizitzeko topaketa bat Programak elkarrizketarako eta hausnarketarako espazio ireki bat proposatzen du, gaur egun zinema bizitzeko, pentsatzeko eta egiteko askotariko moduen inguruan. Topaketa ikasle gazteei eta zinemagintzan graduatu berri direnei zuzenduta dago, eta gaur egungo ikus-entzunezkoen paisaia osatzen duten ibilbide profesionalen aniztasuna aztertzeko gonbidapen bat da. Goiz batean, hainbat diziplinatako profesionalek \u2014produkzio, zuzendaritza, artxibo, [&hellip;]<\/p>\n","protected":false},"author":3,"featured_media":40527,"parent":32490,"menu_order":0,"comment_status":"closed","ping_status":"closed","template":"templates\/page-with-container.php","meta":{"_acf_changed":false,"footnotes":""},"class_list":["post-42395","page","type-page","status-publish","has-post-thumbnail","hentry"],"acf":[],"_links":{"self":[{"href":"https:\/\/zinebi.eus\/eu\/wp-json\/wp\/v2\/pages\/42395","targetHints":{"allow":["GET"]}}],"collection":[{"href":"https:\/\/zinebi.eus\/eu\/wp-json\/wp\/v2\/pages"}],"about":[{"href":"https:\/\/zinebi.eus\/eu\/wp-json\/wp\/v2\/types\/page"}],"author":[{"embeddable":true,"href":"https:\/\/zinebi.eus\/eu\/wp-json\/wp\/v2\/users\/3"}],"replies":[{"embeddable":true,"href":"https:\/\/zinebi.eus\/eu\/wp-json\/wp\/v2\/comments?post=42395"}],"version-history":[{"count":4,"href":"https:\/\/zinebi.eus\/eu\/wp-json\/wp\/v2\/pages\/42395\/revisions"}],"predecessor-version":[{"id":42477,"href":"https:\/\/zinebi.eus\/eu\/wp-json\/wp\/v2\/pages\/42395\/revisions\/42477"}],"up":[{"embeddable":true,"href":"https:\/\/zinebi.eus\/eu\/wp-json\/wp\/v2\/pages\/32490"}],"wp:featuredmedia":[{"embeddable":true,"href":"https:\/\/zinebi.eus\/eu\/wp-json\/wp\/v2\/media\/40527"}],"wp:attachment":[{"href":"https:\/\/zinebi.eus\/eu\/wp-json\/wp\/v2\/media?parent=42395"}],"curies":[{"name":"wp","href":"https:\/\/api.w.org\/{rel}","templated":true}]}}