 {"id":7994,"date":"2022-08-17T11:07:21","date_gmt":"2022-08-17T11:07:21","guid":{"rendered":"https:\/\/zinebi.eus\/?page_id=7994"},"modified":"2022-08-23T09:34:31","modified_gmt":"2022-08-23T09:34:31","slug":"ana-murugarren-eta-maria-eugenia-salaverri","status":"publish","type":"page","link":"https:\/\/zinebi.eus\/eu\/jaialdia\/ohorezko-mikeldia\/ana-murugarren-eta-maria-eugenia-salaverri\/","title":{"rendered":"ANA MURUGARREN eta MAR\u00cdA EUGENIA SALAVERRI"},"content":{"rendered":"<div class=\"container\">\r\n<div class=\"row\">\r\n<div class=\"col-md-12\">\r\n<h2>ANA MURUGARREN ETA MAR\u00cdA EUGENIA SALAVERRI. BI ZINEMAGILE PREZIATU<\/h2>\r\n<p>Bizitzan, zenbaitetan, ezusteko eta aparteko egoera edo gertakariek ingurura begiratzera behartzen gaituzte, zailtasunak gainditzeko erreferentzia baliagarrien bila; horrek laguntzen digu itxaropena ez galtzen eta aurrera jarraitzen. Koronabirusak eragindako pandemia hau gure izaeraren sendotasuna eta, batez ere, tinko eusteko gaitasuna neurtzen ari da, baita jendarteen kohesioa ere. Gaur egun garenaren eta egunen batean izan gintezkeenaren inguruko hausnarketa eginez, sarritan konturatzen gara uste baino hurbilago dagoela daukagun gauzarik onena.<\/p>\r\n\r\n<p>ZINEBIn, beti bezala, eta 62. edizio honetan arrazoi handiagoz, inguruan, hurbilen dugunari erreparatu diogu: gure euskal zineari. Badakigu gure ikus-entzunezko industria etengabe garatuz doan sektore ekonomiko, kultural eta artistikoa dela; izan ere, egoerarik latzenetan ere beren onena ematen diguten emakume eta gizonen lanari esker dago gaur dagoen lekuan, gure herriko ondare zinematografikoa osatzen duten film gogoangarriak eskainiz.<\/p>\r\n\r\n<p>80ko eta 90eko hamarkadetan, euskal ekoizpenetan emakumezkoen presentzia bigarren mailako roletara mugatzen zen garai hartan, bi emakume aitzindarik, Ana Murugarren zuzendari, gidoigile eta muntatzaileak eta Maria Eugenia Salaverria idazle, gidoigile eta ekoizleak, agerian utzi zuten euren gaitasuna. Hori horrela, beren lan eta iraunkortasunak eraman ditu gaur Ohorezko Mikeldia jasotzera.<\/p>\r\n\r\n<p>Ana Murugarren (Martzilla, Nafarroa, 1965) Informazioaren Zientzietan lizentziatu zen UPV\/EHUn, eta zine zuzendari, gidoigile eta muntatzailea da (azken rol horretan lan egin izan du Enrique Urbizu, Pablo Berger eta Alex de la Iglesia zinemagileekin, besteak beste). 80ko hamarkadan Creativideo ekoiztetxea sortu zuen Bilbon Urbizurekin, Joaqu\u00edn Trincadorekin eta Luis Mar\u00edasekin, eta zuzendari gisa egindako lehendabiziko lana Eskorbuto taldearen bideoklip bat izan zen, <em>Antes de las guerras<\/em> (1985).<\/p>\r\n\r\n<p>2005. urtean <em>Esto no es la vida privada de Javier Krahe<\/em> film luze dokumentala zuzendu zuen, eta haren atzetik iritsi ziren <em>El precio de la libertad<\/em> (2011) telesail laburra, Mario Onaindia politikari euskaldunaren figurari eskainitakoa; erdi aroan girotutako <em>La dama guerrera<\/em> (2012) film ertaina; eta honako film luze hauek: <em>Tres mentiras<\/em> (2014), Espainia frankistan haur lapurtuen gaineko ikuspegi gordina, eta <em>La higuera de los bastardos<\/em> (2017), Gerra Zibilean Getxon bizi izandako errepresio frankistari buruz Ramiro Pinillak sortutako izen bereko lanean oinarritutakoa. Gaur egun <em>Garc\u00eda y Garc\u00eda<\/em> filmaren errodajean murgilduta dago, Jos\u00e9 Mota eta Pepe Viyuela protagonista dituela. Injustizia egoerak salatzea eta memoria historikoa zaintzea ardatz nagusi dituelarik, sari ugari jaso ditu egindako lanei esker, besteak beste, Hollywood Film Festival-eko Silver Screen Award saria, <em>La higuera de los bastardos <\/em>filmari esker.<\/p>\r\n\r\n<p>Maria Eugenia Salaverri (Bilbo, 1957) kazetaria, idazlea eta zinema-gidoigilea da, baita abestietarako letren egilea ere. Literatura arloan, hainbat sari jaso ditu argitaratutako kontakizunei esker, hala nola Samaniego saria, Imag\u00ednate Euskadi saria eta Julio Cort\u00e1zar saria; eta hainbat lan bilduma eta antologietan argitaratu dizkiote: Narradores vascos, <em>\u00daltimos narradores (Antolog\u00eda de la narrativa breve espa\u00f1ola)<\/em>, <em>Relato espa\u00f1ol actual<\/em> eta <em>Rainy Days (Short Stories by Contemporary Spanish Women Writers)<\/em>. Euskal Idazleen Elkarteko presidentea da 2012. urtetik. 1996. urtean, gidoigile lanetan hasi zen Javier Rebollok zuzendutako <em>Calor\u2026 y celos <\/em>(1996), <em>Marujas asesinas <\/em>(2001) eta <em>Locos por el sexo<\/em> (2006) film luzeetan. Ondoren, Rebollorekin sortutako Karambola ekoiztetxean lanean, zenbait tv-movie idatzi eta ekoitzi ditu: <em>El extra\u00f1o anfitri\u00f3n<\/em> (2012), <em>La buena hija<\/em> (2013), <em>La matanza<\/em> (2015) eta <em>De los ojos adentro<\/em> (2019). ZINEBIk ekoitzi eta 2015eko edizioan estreinatutako <em>Bilbao- -Bizkaia. Etxerior-D\u00eda<\/em> (2015) film kolektiboan ere parte hartu zuen (<em>El amigo imaginario <\/em>atalean).<\/p>\r\n\r\n<p>Maria Eugeniaren lanaren inspirazio iturria beti izan da umore beltz eta espresionista \u2014beldur edota fantasia generoetatik hartutako elementuak erabiliz\u2014, eta horrek balio izan dio giza jokabidearen zirrikitu ilunenak jario bikainaz jorratzeko. Maria Eugenia eta Ana dira ZINEBIren 62. edizio honetako erreferentzia puntu nagusietako bi. Erreferentzia puntu dira, bai, beren esfortzu, talentu eta jarrera etiko zein estetikoek agerian utzi dutelako euskal zineak, garai pandemiatu hauetan ere, istorio on asko dituela aurretik.<\/p>\r\n\r\n<p>Horregatik guztiagatik \u2014eta asko maite ditugulako\u2014, 2020 ahaztezin honetako Ohorezko Mikeldia haiei ematea erabaki du ZINEBIk; beren lana aitortzeko eta Bilboko zein Euskal Herriko zineari egindako ekarpena eskertzeko.<\/p>\r\n\r\n<p><strong>Luis Eguiraun<\/strong>\r\nProgramatzailea<\/p>\r\n\r\n<iframe loading=\"lazy\" width=\"560\" height=\"315\" src=\"https:\/\/www.youtube.com\/embed\/jaOnoCeVxrM\" title=\"YouTube video player\" frameborder=\"0\" allow=\"accelerometer; autoplay; clipboard-write; encrypted-media; gyroscope; picture-in-picture\" allowfullscreen><\/iframe>\r\n<section id=\"galeria-id-8452\" class=\"cb-galeria__block\">\n\t\t<header class=\"cb-galeria__header\">\n\t\t<div class=\"block-cross-line\">\n\t\t\t<div>\n\t\t\t\tANA MURUGARREN eta MAR\u00cdA EUGENIA SALAVERRI\t   \t\t\t\t\t\t\t\t\t\t\t\n\t\t\t<\/div>\n\t\t<\/div>\n\t<\/header>\n\t\t\t<!-- style grid gallery -->\n\t\t<style type=\"text\/css\">\n\t\t\t\t\t\t\t#galeria-id-8452 .cb-galeria__grid > .cb-galeria__item {\n\t\t\t\t\twidth : 20.00%;\n\t\t\t\t}\n\t\t\t\t\t\t<\/style>\n\t\t\t\t<main class=\"cb-galeria cb-gallery\">\n\t\t\t<div class=\"cb-galeria__grid force-1x1\">\n\t\t\t\t\t\t\t\t\t\t<article class=\"cb-galeria__item\">\n\t\t\t\t\t\t\t<div class=\"cb-galeria__item-card\">\n\t\t\t\t\t\t\t\t<a href=\"https:\/\/zinebi.eus\/assets\/media\/Ana-Murugarren.-Mikeldi-Saria-_-Mikeldi-of-Honour-_-Mikeldi-de-Honor-2020.jpg\" class=\"cb-gallery__item\" title=\"\">\n\t\t\t\t\t\t\t\t\t<picture id=\"thumbnail-8453\" class=\"lazyload cb-img-thumbnail ratio-horizontal\"><source media=\"(max-width: 150px)\" data-srcset=\"https:\/\/zinebi.eus\/assets\/media\/Ana-Murugarren.-Mikeldi-Saria-_-Mikeldi-of-Honour-_-Mikeldi-de-Honor-2020-150x100.jpg\"><source media=\"(max-width: 300px)\" data-srcset=\"https:\/\/zinebi.eus\/assets\/media\/Ana-Murugarren.-Mikeldi-Saria-_-Mikeldi-of-Honour-_-Mikeldi-de-Honor-2020-300x200.jpg\"><source media=\"(max-width: 400px)\" data-srcset=\"https:\/\/zinebi.eus\/assets\/media\/Ana-Murugarren.-Mikeldi-Saria-_-Mikeldi-of-Honour-_-Mikeldi-de-Honor-2020-400x267.jpg\"><source media=\"(max-width: 480px)\" data-srcset=\"https:\/\/zinebi.eus\/assets\/media\/Ana-Murugarren.-Mikeldi-Saria-_-Mikeldi-of-Honour-_-Mikeldi-de-Honor-2020-480x320.jpg\"><source media=\"(max-width: 550px)\" data-srcset=\"https:\/\/zinebi.eus\/assets\/media\/Ana-Murugarren.-Mikeldi-Saria-_-Mikeldi-of-Honour-_-Mikeldi-de-Honor-2020-550x367.jpg\"><source media=\"(max-width: 768px)\" data-srcset=\"https:\/\/zinebi.eus\/assets\/media\/Ana-Murugarren.-Mikeldi-Saria-_-Mikeldi-of-Honour-_-Mikeldi-de-Honor-2020-768x512.jpg\"><img class=\"lazyload \" data-src=\"https:\/\/zinebi.eus\/assets\/media\/Ana-Murugarren.-Mikeldi-Saria-_-Mikeldi-of-Honour-_-Mikeldi-de-Honor-2020.jpg\" alt=\"Ana Murugarren. Mikeldi Saria _ Mikeldi of Honour _ Mikeldi de Honor (2020)\"><\/source><\/source><\/source><\/source><\/source><\/source><\/picture>\t\t\t\t\t\t\t\t<\/a>\n\t\t\t\t\t\t\t<\/div>\n\t\t\t\t\t\t<\/article>\n\t\t\t\t\t\t\t\t\t\t<article class=\"cb-galeria__item\">\n\t\t\t\t\t\t\t<div class=\"cb-galeria__item-card\">\n\t\t\t\t\t\t\t\t<a href=\"https:\/\/zinebi.eus\/assets\/media\/Ana-Murugarren.-Mikeldi-Saria-_-Mikeldi-of-Honour-_-Mikeldi-de-Honor-20201.jpg\" class=\"cb-gallery__item\" title=\"\">\n\t\t\t\t\t\t\t\t\t<picture id=\"thumbnail-8456\" class=\"lazyload cb-img-thumbnail ratio-horizontal\"><source media=\"(max-width: 150px)\" data-srcset=\"https:\/\/zinebi.eus\/assets\/media\/Ana-Murugarren.-Mikeldi-Saria-_-Mikeldi-of-Honour-_-Mikeldi-de-Honor-20201-150x100.jpg\"><source media=\"(max-width: 300px)\" data-srcset=\"https:\/\/zinebi.eus\/assets\/media\/Ana-Murugarren.-Mikeldi-Saria-_-Mikeldi-of-Honour-_-Mikeldi-de-Honor-20201-300x200.jpg\"><source media=\"(max-width: 400px)\" data-srcset=\"https:\/\/zinebi.eus\/assets\/media\/Ana-Murugarren.-Mikeldi-Saria-_-Mikeldi-of-Honour-_-Mikeldi-de-Honor-20201-400x267.jpg\"><source media=\"(max-width: 480px)\" data-srcset=\"https:\/\/zinebi.eus\/assets\/media\/Ana-Murugarren.-Mikeldi-Saria-_-Mikeldi-of-Honour-_-Mikeldi-de-Honor-20201-480x320.jpg\"><source media=\"(max-width: 550px)\" data-srcset=\"https:\/\/zinebi.eus\/assets\/media\/Ana-Murugarren.-Mikeldi-Saria-_-Mikeldi-of-Honour-_-Mikeldi-de-Honor-20201-550x367.jpg\"><source media=\"(max-width: 768px)\" data-srcset=\"https:\/\/zinebi.eus\/assets\/media\/Ana-Murugarren.-Mikeldi-Saria-_-Mikeldi-of-Honour-_-Mikeldi-de-Honor-20201-768x512.jpg\"><img class=\"lazyload \" data-src=\"https:\/\/zinebi.eus\/assets\/media\/Ana-Murugarren.-Mikeldi-Saria-_-Mikeldi-of-Honour-_-Mikeldi-de-Honor-20201.jpg\" alt=\"Ana Murugarren. Mikeldi Saria _ Mikeldi of Honour _ Mikeldi de Honor (2020)(1)\"><\/source><\/source><\/source><\/source><\/source><\/source><\/picture>\t\t\t\t\t\t\t\t<\/a>\n\t\t\t\t\t\t\t<\/div>\n\t\t\t\t\t\t<\/article>\n\t\t\t\t\t\t\t\t\t\t<article class=\"cb-galeria__item\">\n\t\t\t\t\t\t\t<div class=\"cb-galeria__item-card\">\n\t\t\t\t\t\t\t\t<a href=\"https:\/\/zinebi.eus\/assets\/media\/Mari%CC%81a-Eugenia-Salverri-_-Ana-Murugarren.-Mikeldi-Saria-_-Mikeldi-of-Honour-_-Mikeldi-de-Honor-2020.jpg\" class=\"cb-gallery__item\" title=\"\">\n\t\t\t\t\t\t\t\t\t<picture id=\"thumbnail-8459\" class=\"lazyload cb-img-thumbnail ratio-horizontal\"><source media=\"(max-width: 150px)\" data-srcset=\"https:\/\/zinebi.eus\/assets\/media\/Mari\u0301a-Eugenia-Salverri-_-Ana-Murugarren.-Mikeldi-Saria-_-Mikeldi-of-Honour-_-Mikeldi-de-Honor-2020-150x100.jpg\"><source media=\"(max-width: 300px)\" data-srcset=\"https:\/\/zinebi.eus\/assets\/media\/Mari\u0301a-Eugenia-Salverri-_-Ana-Murugarren.-Mikeldi-Saria-_-Mikeldi-of-Honour-_-Mikeldi-de-Honor-2020-300x200.jpg\"><source media=\"(max-width: 400px)\" data-srcset=\"https:\/\/zinebi.eus\/assets\/media\/Mari\u0301a-Eugenia-Salverri-_-Ana-Murugarren.-Mikeldi-Saria-_-Mikeldi-of-Honour-_-Mikeldi-de-Honor-2020-400x267.jpg\"><source media=\"(max-width: 480px)\" data-srcset=\"https:\/\/zinebi.eus\/assets\/media\/Mari\u0301a-Eugenia-Salverri-_-Ana-Murugarren.-Mikeldi-Saria-_-Mikeldi-of-Honour-_-Mikeldi-de-Honor-2020-480x320.jpg\"><source media=\"(max-width: 550px)\" data-srcset=\"https:\/\/zinebi.eus\/assets\/media\/Mari\u0301a-Eugenia-Salverri-_-Ana-Murugarren.-Mikeldi-Saria-_-Mikeldi-of-Honour-_-Mikeldi-de-Honor-2020-550x367.jpg\"><source media=\"(max-width: 768px)\" data-srcset=\"https:\/\/zinebi.eus\/assets\/media\/Mari\u0301a-Eugenia-Salverri-_-Ana-Murugarren.-Mikeldi-Saria-_-Mikeldi-of-Honour-_-Mikeldi-de-Honor-2020-768x512.jpg\"><img class=\"lazyload \" data-src=\"https:\/\/zinebi.eus\/assets\/media\/Mari\u0301a-Eugenia-Salverri-_-Ana-Murugarren.-Mikeldi-Saria-_-Mikeldi-of-Honour-_-Mikeldi-de-Honor-2020.jpg\" alt=\"Mari\u0301a Eugenia Salverri _ Ana Murugarren. Mikeldi Saria _ Mikeldi of Honour _ Mikeldi de Honor (2020)\"><\/source><\/source><\/source><\/source><\/source><\/source><\/picture>\t\t\t\t\t\t\t\t<\/a>\n\t\t\t\t\t\t\t<\/div>\n\t\t\t\t\t\t<\/article>\n\t\t\t\t\t\t\t\t\t\t<article class=\"cb-galeria__item\">\n\t\t\t\t\t\t\t<div class=\"cb-galeria__item-card\">\n\t\t\t\t\t\t\t\t<a href=\"https:\/\/zinebi.eus\/assets\/media\/Mari%CC%81a-Eugenia-Salverri-_-Ana-Murugarren.-Mikeldi-Saria-_-Mikeldi-of-Honour-_-Mikeldi-de-Honor-2020.JPG.jpg\" class=\"cb-gallery__item\" title=\"\">\n\t\t\t\t\t\t\t\t\t<picture id=\"thumbnail-8462\" class=\"lazyload cb-img-thumbnail ratio-horizontal\"><source media=\"(max-width: 150px)\" data-srcset=\"https:\/\/zinebi.eus\/assets\/media\/Mari\u0301a-Eugenia-Salverri-_-Ana-Murugarren.-Mikeldi-Saria-_-Mikeldi-of-Honour-_-Mikeldi-de-Honor-2020.JPG-150x100.jpg\"><source media=\"(max-width: 300px)\" data-srcset=\"https:\/\/zinebi.eus\/assets\/media\/Mari\u0301a-Eugenia-Salverri-_-Ana-Murugarren.-Mikeldi-Saria-_-Mikeldi-of-Honour-_-Mikeldi-de-Honor-2020.JPG-300x200.jpg\"><source media=\"(max-width: 400px)\" data-srcset=\"https:\/\/zinebi.eus\/assets\/media\/Mari\u0301a-Eugenia-Salverri-_-Ana-Murugarren.-Mikeldi-Saria-_-Mikeldi-of-Honour-_-Mikeldi-de-Honor-2020.JPG-400x267.jpg\"><source media=\"(max-width: 480px)\" data-srcset=\"https:\/\/zinebi.eus\/assets\/media\/Mari\u0301a-Eugenia-Salverri-_-Ana-Murugarren.-Mikeldi-Saria-_-Mikeldi-of-Honour-_-Mikeldi-de-Honor-2020.JPG-480x320.jpg\"><source media=\"(max-width: 550px)\" data-srcset=\"https:\/\/zinebi.eus\/assets\/media\/Mari\u0301a-Eugenia-Salverri-_-Ana-Murugarren.-Mikeldi-Saria-_-Mikeldi-of-Honour-_-Mikeldi-de-Honor-2020.JPG-550x367.jpg\"><source media=\"(max-width: 768px)\" data-srcset=\"https:\/\/zinebi.eus\/assets\/media\/Mari\u0301a-Eugenia-Salverri-_-Ana-Murugarren.-Mikeldi-Saria-_-Mikeldi-of-Honour-_-Mikeldi-de-Honor-2020.JPG-768x512.jpg\"><img class=\"lazyload \" data-src=\"https:\/\/zinebi.eus\/assets\/media\/Mari\u0301a-Eugenia-Salverri-_-Ana-Murugarren.-Mikeldi-Saria-_-Mikeldi-of-Honour-_-Mikeldi-de-Honor-2020.JPG.jpg\" alt=\"Mari\u0301a Eugenia Salverri _ Ana Murugarren. Mikeldi Saria _ Mikeldi of Honour _ Mikeldi de Honor (2020).JPG\"><\/source><\/source><\/source><\/source><\/source><\/source><\/picture>\t\t\t\t\t\t\t\t<\/a>\n\t\t\t\t\t\t\t<\/div>\n\t\t\t\t\t\t<\/article>\n\t\t\t\t\t\t\t\t\t\t<article class=\"cb-galeria__item\">\n\t\t\t\t\t\t\t<div class=\"cb-galeria__item-card\">\n\t\t\t\t\t\t\t\t<a href=\"https:\/\/zinebi.eus\/assets\/media\/Mari%CC%81a-Eugenia-Salverri-_-Ana-Murugarren.-Mikeldi-Saria-_-Mikeldi-of-Honour-_-Mikeldi-de-Honor-20201.jpg\" class=\"cb-gallery__item\" title=\"\">\n\t\t\t\t\t\t\t\t\t<picture id=\"thumbnail-8465\" class=\"lazyload cb-img-thumbnail ratio-horizontal\"><source media=\"(max-width: 150px)\" data-srcset=\"https:\/\/zinebi.eus\/assets\/media\/Mari\u0301a-Eugenia-Salverri-_-Ana-Murugarren.-Mikeldi-Saria-_-Mikeldi-of-Honour-_-Mikeldi-de-Honor-20201-150x84.jpg\"><source media=\"(max-width: 300px)\" data-srcset=\"https:\/\/zinebi.eus\/assets\/media\/Mari\u0301a-Eugenia-Salverri-_-Ana-Murugarren.-Mikeldi-Saria-_-Mikeldi-of-Honour-_-Mikeldi-de-Honor-20201-300x169.jpg\"><source media=\"(max-width: 400px)\" data-srcset=\"https:\/\/zinebi.eus\/assets\/media\/Mari\u0301a-Eugenia-Salverri-_-Ana-Murugarren.-Mikeldi-Saria-_-Mikeldi-of-Honour-_-Mikeldi-de-Honor-20201-400x225.jpg\"><source media=\"(max-width: 480px)\" data-srcset=\"https:\/\/zinebi.eus\/assets\/media\/Mari\u0301a-Eugenia-Salverri-_-Ana-Murugarren.-Mikeldi-Saria-_-Mikeldi-of-Honour-_-Mikeldi-de-Honor-20201-480x270.jpg\"><source media=\"(max-width: 550px)\" data-srcset=\"https:\/\/zinebi.eus\/assets\/media\/Mari\u0301a-Eugenia-Salverri-_-Ana-Murugarren.-Mikeldi-Saria-_-Mikeldi-of-Honour-_-Mikeldi-de-Honor-20201-550x309.jpg\"><source media=\"(max-width: 768px)\" data-srcset=\"https:\/\/zinebi.eus\/assets\/media\/Mari\u0301a-Eugenia-Salverri-_-Ana-Murugarren.-Mikeldi-Saria-_-Mikeldi-of-Honour-_-Mikeldi-de-Honor-20201-768x432.jpg\"><img class=\"lazyload \" data-src=\"https:\/\/zinebi.eus\/assets\/media\/Mari\u0301a-Eugenia-Salverri-_-Ana-Murugarren.-Mikeldi-Saria-_-Mikeldi-of-Honour-_-Mikeldi-de-Honor-20201.jpg\" alt=\"Mari\u0301a Eugenia Salverri _ Ana Murugarren. Mikeldi Saria _ Mikeldi of Honour _ Mikeldi de Honor (2020)(1)\"><\/source><\/source><\/source><\/source><\/source><\/source><\/picture>\t\t\t\t\t\t\t\t<\/a>\n\t\t\t\t\t\t\t<\/div>\n\t\t\t\t\t\t<\/article>\n\t\t\t\t\t\t\t\t\t\t<article class=\"cb-galeria__item\">\n\t\t\t\t\t\t\t<div class=\"cb-galeria__item-card\">\n\t\t\t\t\t\t\t\t<a href=\"https:\/\/zinebi.eus\/assets\/media\/Mari%CC%81a-Eugenia-Salverri-_-Ana-Murugarren.-Mikeldi-Saria-_-Mikeldi-of-Honour-_-Mikeldi-de-Honor-20202.jpg\" class=\"cb-gallery__item\" title=\"\">\n\t\t\t\t\t\t\t\t\t<picture id=\"thumbnail-8468\" class=\"lazyload cb-img-thumbnail ratio-horizontal\"><source media=\"(max-width: 150px)\" data-srcset=\"https:\/\/zinebi.eus\/assets\/media\/Mari\u0301a-Eugenia-Salverri-_-Ana-Murugarren.-Mikeldi-Saria-_-Mikeldi-of-Honour-_-Mikeldi-de-Honor-20202-150x100.jpg\"><source media=\"(max-width: 300px)\" data-srcset=\"https:\/\/zinebi.eus\/assets\/media\/Mari\u0301a-Eugenia-Salverri-_-Ana-Murugarren.-Mikeldi-Saria-_-Mikeldi-of-Honour-_-Mikeldi-de-Honor-20202-300x200.jpg\"><source media=\"(max-width: 400px)\" data-srcset=\"https:\/\/zinebi.eus\/assets\/media\/Mari\u0301a-Eugenia-Salverri-_-Ana-Murugarren.-Mikeldi-Saria-_-Mikeldi-of-Honour-_-Mikeldi-de-Honor-20202-400x267.jpg\"><source media=\"(max-width: 480px)\" data-srcset=\"https:\/\/zinebi.eus\/assets\/media\/Mari\u0301a-Eugenia-Salverri-_-Ana-Murugarren.-Mikeldi-Saria-_-Mikeldi-of-Honour-_-Mikeldi-de-Honor-20202-480x320.jpg\"><source media=\"(max-width: 550px)\" data-srcset=\"https:\/\/zinebi.eus\/assets\/media\/Mari\u0301a-Eugenia-Salverri-_-Ana-Murugarren.-Mikeldi-Saria-_-Mikeldi-of-Honour-_-Mikeldi-de-Honor-20202-550x367.jpg\"><source media=\"(max-width: 768px)\" data-srcset=\"https:\/\/zinebi.eus\/assets\/media\/Mari\u0301a-Eugenia-Salverri-_-Ana-Murugarren.-Mikeldi-Saria-_-Mikeldi-of-Honour-_-Mikeldi-de-Honor-20202-768x512.jpg\"><img class=\"lazyload \" data-src=\"https:\/\/zinebi.eus\/assets\/media\/Mari\u0301a-Eugenia-Salverri-_-Ana-Murugarren.-Mikeldi-Saria-_-Mikeldi-of-Honour-_-Mikeldi-de-Honor-20202.jpg\" alt=\"Mari\u0301a Eugenia Salverri _ Ana Murugarren. Mikeldi Saria _ Mikeldi of Honour _ Mikeldi de Honor (2020)(2)\"><\/source><\/source><\/source><\/source><\/source><\/source><\/picture>\t\t\t\t\t\t\t\t<\/a>\n\t\t\t\t\t\t\t<\/div>\n\t\t\t\t\t\t<\/article>\n\t\t\t\t\t\t\t\t\t\t<article class=\"cb-galeria__item\">\n\t\t\t\t\t\t\t<div class=\"cb-galeria__item-card\">\n\t\t\t\t\t\t\t\t<a href=\"https:\/\/zinebi.eus\/assets\/media\/Mari%CC%81a-Eugenia-Salverri.-Mikeldi-Saria-_-Mikeldi-of-Honour-_-Mikeldi-de-Honor-2020.jpg\" class=\"cb-gallery__item\" title=\"\">\n\t\t\t\t\t\t\t\t\t<picture id=\"thumbnail-8471\" class=\"lazyload cb-img-thumbnail ratio-horizontal\"><source media=\"(max-width: 150px)\" data-srcset=\"https:\/\/zinebi.eus\/assets\/media\/Mari\u0301a-Eugenia-Salverri.-Mikeldi-Saria-_-Mikeldi-of-Honour-_-Mikeldi-de-Honor-2020-150x100.jpg\"><source media=\"(max-width: 300px)\" data-srcset=\"https:\/\/zinebi.eus\/assets\/media\/Mari\u0301a-Eugenia-Salverri.-Mikeldi-Saria-_-Mikeldi-of-Honour-_-Mikeldi-de-Honor-2020-300x200.jpg\"><source media=\"(max-width: 400px)\" data-srcset=\"https:\/\/zinebi.eus\/assets\/media\/Mari\u0301a-Eugenia-Salverri.-Mikeldi-Saria-_-Mikeldi-of-Honour-_-Mikeldi-de-Honor-2020-400x267.jpg\"><source media=\"(max-width: 480px)\" data-srcset=\"https:\/\/zinebi.eus\/assets\/media\/Mari\u0301a-Eugenia-Salverri.-Mikeldi-Saria-_-Mikeldi-of-Honour-_-Mikeldi-de-Honor-2020-480x320.jpg\"><source media=\"(max-width: 550px)\" data-srcset=\"https:\/\/zinebi.eus\/assets\/media\/Mari\u0301a-Eugenia-Salverri.-Mikeldi-Saria-_-Mikeldi-of-Honour-_-Mikeldi-de-Honor-2020-550x367.jpg\"><source media=\"(max-width: 768px)\" data-srcset=\"https:\/\/zinebi.eus\/assets\/media\/Mari\u0301a-Eugenia-Salverri.-Mikeldi-Saria-_-Mikeldi-of-Honour-_-Mikeldi-de-Honor-2020-768x512.jpg\"><img class=\"lazyload \" data-src=\"https:\/\/zinebi.eus\/assets\/media\/Mari\u0301a-Eugenia-Salverri.-Mikeldi-Saria-_-Mikeldi-of-Honour-_-Mikeldi-de-Honor-2020.jpg\" alt=\"Mari\u0301a Eugenia Salverri. Mikeldi Saria _ Mikeldi of Honour _ Mikeldi de Honor (2020)\"><\/source><\/source><\/source><\/source><\/source><\/source><\/picture>\t\t\t\t\t\t\t\t<\/a>\n\t\t\t\t\t\t\t<\/div>\n\t\t\t\t\t\t<\/article>\n\t\t\t\t\t\t\t\t\t\t<article class=\"cb-galeria__item\">\n\t\t\t\t\t\t\t<div class=\"cb-galeria__item-card\">\n\t\t\t\t\t\t\t\t<a href=\"https:\/\/zinebi.eus\/assets\/media\/Mari%CC%81a-Eugenia-Salverri.-Mikeldi-Saria-_-Mikeldi-of-Honour-_-Mikeldi-de-Honor-20201.jpg\" class=\"cb-gallery__item\" title=\"\">\n\t\t\t\t\t\t\t\t\t<picture id=\"thumbnail-8474\" class=\"lazyload cb-img-thumbnail ratio-horizontal\"><source media=\"(max-width: 150px)\" data-srcset=\"https:\/\/zinebi.eus\/assets\/media\/Mari\u0301a-Eugenia-Salverri.-Mikeldi-Saria-_-Mikeldi-of-Honour-_-Mikeldi-de-Honor-20201-150x84.jpg\"><source media=\"(max-width: 300px)\" data-srcset=\"https:\/\/zinebi.eus\/assets\/media\/Mari\u0301a-Eugenia-Salverri.-Mikeldi-Saria-_-Mikeldi-of-Honour-_-Mikeldi-de-Honor-20201-300x169.jpg\"><source media=\"(max-width: 400px)\" data-srcset=\"https:\/\/zinebi.eus\/assets\/media\/Mari\u0301a-Eugenia-Salverri.-Mikeldi-Saria-_-Mikeldi-of-Honour-_-Mikeldi-de-Honor-20201-400x225.jpg\"><source media=\"(max-width: 480px)\" data-srcset=\"https:\/\/zinebi.eus\/assets\/media\/Mari\u0301a-Eugenia-Salverri.-Mikeldi-Saria-_-Mikeldi-of-Honour-_-Mikeldi-de-Honor-20201-480x270.jpg\"><source media=\"(max-width: 550px)\" data-srcset=\"https:\/\/zinebi.eus\/assets\/media\/Mari\u0301a-Eugenia-Salverri.-Mikeldi-Saria-_-Mikeldi-of-Honour-_-Mikeldi-de-Honor-20201-550x309.jpg\"><source media=\"(max-width: 768px)\" data-srcset=\"https:\/\/zinebi.eus\/assets\/media\/Mari\u0301a-Eugenia-Salverri.-Mikeldi-Saria-_-Mikeldi-of-Honour-_-Mikeldi-de-Honor-20201-768x432.jpg\"><img class=\"lazyload \" data-src=\"https:\/\/zinebi.eus\/assets\/media\/Mari\u0301a-Eugenia-Salverri.-Mikeldi-Saria-_-Mikeldi-of-Honour-_-Mikeldi-de-Honor-20201.jpg\" alt=\"Mari\u0301a Eugenia Salverri. Mikeldi Saria _ Mikeldi of Honour _ Mikeldi de Honor (2020)(1)\"><\/source><\/source><\/source><\/source><\/source><\/source><\/picture>\t\t\t\t\t\t\t\t<\/a>\n\t\t\t\t\t\t\t<\/div>\n\t\t\t\t\t\t<\/article>\n\t\t\t\t\t\t\t\t\t\t<article class=\"cb-galeria__item\">\n\t\t\t\t\t\t\t<div class=\"cb-galeria__item-card\">\n\t\t\t\t\t\t\t\t<a href=\"https:\/\/zinebi.eus\/assets\/media\/Mari%CC%81a-Eugenia-Salverri.-Mikeldi-Saria-_-Mikeldi-of-Honour-_-Mikeldi-de-Honor-20202.jpg\" class=\"cb-gallery__item\" title=\"\">\n\t\t\t\t\t\t\t\t\t<picture id=\"thumbnail-8477\" class=\"lazyload cb-img-thumbnail ratio-horizontal\"><source media=\"(max-width: 150px)\" data-srcset=\"https:\/\/zinebi.eus\/assets\/media\/Mari\u0301a-Eugenia-Salverri.-Mikeldi-Saria-_-Mikeldi-of-Honour-_-Mikeldi-de-Honor-20202-150x84.jpg\"><source media=\"(max-width: 300px)\" data-srcset=\"https:\/\/zinebi.eus\/assets\/media\/Mari\u0301a-Eugenia-Salverri.-Mikeldi-Saria-_-Mikeldi-of-Honour-_-Mikeldi-de-Honor-20202-300x169.jpg\"><source media=\"(max-width: 400px)\" data-srcset=\"https:\/\/zinebi.eus\/assets\/media\/Mari\u0301a-Eugenia-Salverri.-Mikeldi-Saria-_-Mikeldi-of-Honour-_-Mikeldi-de-Honor-20202-400x225.jpg\"><source media=\"(max-width: 480px)\" data-srcset=\"https:\/\/zinebi.eus\/assets\/media\/Mari\u0301a-Eugenia-Salverri.-Mikeldi-Saria-_-Mikeldi-of-Honour-_-Mikeldi-de-Honor-20202-480x270.jpg\"><source media=\"(max-width: 550px)\" data-srcset=\"https:\/\/zinebi.eus\/assets\/media\/Mari\u0301a-Eugenia-Salverri.-Mikeldi-Saria-_-Mikeldi-of-Honour-_-Mikeldi-de-Honor-20202-550x309.jpg\"><source media=\"(max-width: 768px)\" data-srcset=\"https:\/\/zinebi.eus\/assets\/media\/Mari\u0301a-Eugenia-Salverri.-Mikeldi-Saria-_-Mikeldi-of-Honour-_-Mikeldi-de-Honor-20202-768x432.jpg\"><img class=\"lazyload \" data-src=\"https:\/\/zinebi.eus\/assets\/media\/Mari\u0301a-Eugenia-Salverri.-Mikeldi-Saria-_-Mikeldi-of-Honour-_-Mikeldi-de-Honor-20202.jpg\" alt=\"Mari\u0301a Eugenia Salverri. Mikeldi Saria _ Mikeldi of Honour _ Mikeldi de Honor (2020)(2)\"><\/source><\/source><\/source><\/source><\/source><\/source><\/picture>\t\t\t\t\t\t\t\t<\/a>\n\t\t\t\t\t\t\t<\/div>\n\t\t\t\t\t\t<\/article>\n\t\t\t\t\t\t\t<\/div>\t\n\t\t<\/main>\n\t\t<\/section><!-- \/cb-galeria__block -->\r\n\r\n\r\n\r\n<\/div>\r\n<\/div>\r\n<\/div>","protected":false},"excerpt":{"rendered":"<p>ANA MURUGARREN ETA MAR\u00cdA EUGENIA SALAVERRI. BI ZINEMAGILE PREZIATU Bizitzan, zenbaitetan, ezusteko eta aparteko egoera edo gertakariek ingurura begiratzera behartzen gaituzte, zailtasunak gainditzeko erreferentzia baliagarrien bila; horrek laguntzen digu itxaropena ez galtzen eta aurrera jarraitzen. Koronabirusak eragindako pandemia hau gure izaeraren sendotasuna eta, batez ere, tinko eusteko gaitasuna neurtzen ari da, baita jendarteen kohesioa ere. [&hellip;]<\/p>\n","protected":false},"author":2,"featured_media":8454,"parent":371,"menu_order":0,"comment_status":"closed","ping_status":"closed","template":"templates\/page-hero-mikeldi.php","meta":{"_acf_changed":false,"footnotes":""},"class_list":["post-7994","page","type-page","status-publish","has-post-thumbnail","hentry"],"acf":[],"_links":{"self":[{"href":"https:\/\/zinebi.eus\/eu\/wp-json\/wp\/v2\/pages\/7994","targetHints":{"allow":["GET"]}}],"collection":[{"href":"https:\/\/zinebi.eus\/eu\/wp-json\/wp\/v2\/pages"}],"about":[{"href":"https:\/\/zinebi.eus\/eu\/wp-json\/wp\/v2\/types\/page"}],"author":[{"embeddable":true,"href":"https:\/\/zinebi.eus\/eu\/wp-json\/wp\/v2\/users\/2"}],"replies":[{"embeddable":true,"href":"https:\/\/zinebi.eus\/eu\/wp-json\/wp\/v2\/comments?post=7994"}],"version-history":[{"count":4,"href":"https:\/\/zinebi.eus\/eu\/wp-json\/wp\/v2\/pages\/7994\/revisions"}],"predecessor-version":[{"id":8492,"href":"https:\/\/zinebi.eus\/eu\/wp-json\/wp\/v2\/pages\/7994\/revisions\/8492"}],"up":[{"embeddable":true,"href":"https:\/\/zinebi.eus\/eu\/wp-json\/wp\/v2\/pages\/371"}],"wp:featuredmedia":[{"embeddable":true,"href":"https:\/\/zinebi.eus\/eu\/wp-json\/wp\/v2\/media\/8454"}],"wp:attachment":[{"href":"https:\/\/zinebi.eus\/eu\/wp-json\/wp\/v2\/media?parent=7994"}],"curies":[{"name":"wp","href":"https:\/\/api.w.org\/{rel}","templated":true}]}}