 {"id":8166,"date":"2022-08-18T07:55:03","date_gmt":"2022-08-18T07:55:03","guid":{"rendered":"https:\/\/zinebi.eus\/jaialdia\/ohorezko-mikeldia\/patrice-chereau\/"},"modified":"2023-08-01T09:27:28","modified_gmt":"2023-08-01T09:27:28","slug":"patrice-chereau","status":"publish","type":"page","link":"https:\/\/zinebi.eus\/eu\/jaialdia\/ohorezko-mikeldia\/patrice-chereau\/","title":{"rendered":"PATRICE CH\u00c9REAU"},"content":{"rendered":"<h2>PATRICE CH\u00c9REAU. HEZUR-HARAGIKO ZINEMAGILEA<\/h2>\r\n\r\n<p>Distantzia, boxeoan bezala, funtsezko faktoreenetariko bat da Patrice Ch\u00e9reau-ren zineman (L\u00e9zign\u00e9, Frantzia, 1944). Bere filmek, boxeoaren antzera, pertsonaiak haragikoitasun gordineko esperientzia fisiko bizien eraginpean ipintzen dituzte. Horietan, gorputzek gozatzea eta sufritzen dute eta azalek pasioa adina mina jariatzen dute. Bere karrera artistikoaren hastapenetatik antzerkira dedikatu dela, (\u00abama hizkuntzatzat\u00bb dauka antzerkia), berak zurtatu du, ordea, pelikulak egiten dituela gorputzetara gerturatzeko eta antzerkian eskaini ezin duen dentsitate fisiko bat aurkitzeko.<\/p>\r\n\r\n<p>Hainbat muntaiek, esaterako: <em>Fedra<\/em> (Racine), <em>Hamlet <\/em>(Shakespeare), <em>La disputa <\/em>(Marivaux), <em>Peer Gynt <\/em>(Ibsen) edo<em> R\u00eave d\u2019automne<\/em> (Jon Fosse) Europako eszena zuzendari garaikide garrantzitsuenetariko bat bilakatu du eta berari esker, Bernard-Marie Kolt\u00e8s lana jendeari ezagutzera eman zaio, Th\u00e9atre des Amandiers de Nanterre antzokiko zuzendari artistiko jardun zuen bitartean.<\/p>\r\n\r\n<p>Antzerkiko erroak inoiz ahaztu gabe, laster operaren dramaturgia sutsuak tentatu zuen, eta zeregin horietan esperientzia gutxi eduki arren, onartu zuen Richard Wagner-en <em>El Anillo del Nibelungo<\/em> (Der Ring des Nibelungen) tetralogia eszenara eramatea 1976ko Bayreuth Zinemaldian, estreinatu egin zela mendeurrena ospatzeko. Ingmar Bergman-ek, Peter Brook-ek edo Peter Stein-ek aurretik enkarguari uko egin zioten eta Ch\u00e9reau-ren bertsioak, (hiru hilabetetan bakarrik osatua Pierre Boulez-en musika zuzendaritzapean), orduan, kritika zorrotzak piztu bazituen ere, gertaera garrantzitsu bilakatu da opera modernoaren antzezpenean. Frantziako zuzendariek ekintza industria iraultzaren garaira eraman zuen (lana sortu zen testuingurua), agian, Rin-ko urea eta kapitalismoko maldizioaren arteko konexioei buruzko Bernard Shaw-ren ideiak berreskuratuz. Hala ere, bere lanaren berezko ezaugarria izan da abeslariei exijitu zien interpretazio intentsitatea eta haien ez ohiko itxura erotikoa, alegia; bere ondorengo estilo zinematografikoa nabarmen markatu duten bi ezaugarri. Ikuslea bezala, butaken patioan, aktore-aktoresen bilakaerak behatzera behartuta zegoela, Ch\u00e9reau-rek kamera hartzea erabaki zuen antzerkiaren distantzia drastikoki murrizteko: \u00abantzerkiko hizkuntza abstraktuagoa da, zinemakoak errealitatetik gertuago kokatzen nau\u00bb.<\/p>\r\n\r\n<p>Kamera zinematografikoa bere eskuetan erabat organikoa da eta lotsarik eta loturarik gabe mugitzen da, beti distantzia aburren gertutasunean garatzen diren harremanak dituzten pertsonaia batzuen gorputzen inguruan. Haragia dagoeneko agertzen zen bere lehenengo pelikularen izenburuan,<em> La carne de la orqu\u00eddea <\/em>(<em>La Chair de l\u2019orchid\u00e9e<\/em>, 1974), James Hadley Chase-ren eleberri homonimoan oimarrituta, baina hura are nabariagoa da pertsonalagoak diren lau eleberrietan: <em>El hombre herido<\/em> (L\u2019Homme bless\u00e9, 1983), <em>La reina Margot <\/em>(La Reine Margot, 1994), <em>Intimidad <\/em>(Intimacy, 2001) eta <em>Su hermano<\/em> (Son fr\u00e8re,2003). Horietan, zuzendaria gidoilaria ere bada, jarduera zinematografikora esklusiboki erreserbatzen duen alderdia.<\/p>\r\n\r\n<p>Filma hauek kokatzen dira gorputzaren fisizitate eta giza espirituaren intimitatearen sentsualaren eta sarritan, bortitzaren artean, hots; bere zinemaren muinean aurkitzen den dialektika. <em>El hombre herido<\/em> lanak proposatzen du giro zikinean eta marjinalean sortzen den pasio homosexual gorabeheratsu baten erretratu gordina eta osasungaitza. la hogei urte beranduago, <em>Intimidad<\/em>-n, euren korrelatu homosexuala aurkitzen duten bi gizakien arteko behar fisiko estuaren pintura luna da. Hanif Kureishi-ren eleberriaren egokitzapen askea da. Bi ezezagunek, noizbehinkako sexu topaketen bidez, lotura emozional desesperatua sortzen dute, baina hura desegiten hasten da gizona emakumea asetzen ez duten inguruabar pertsonalengatik interesatzen hasten denean. Era horretan, haragizko gozamena espirituaren bakardade gaindiezinarekin lotzen da, eta <em>Intimidad<\/em> bilakatu egiten da <em>Su hermano<\/em>-k planteatutako drama ikaragarriaren alderantzikatutako isla. Bertan, egoera terminalean dagoen gorputz baten degradazio jasanezinak, ordea, aurretik elkarrengandik urrunduko bi anaien arteko maitasuna berreskuratzen du.<\/p>\r\n\r\n<p><em>La Reine Margot<\/em> lanak, azkenean, modu literalean erakusten du Ch\u00e9reau-k eszenara eramaten duena gorputza bera dela, izerditan eta odoletan blai, eta gizakiaren barneko pultsioetatik jariatzen diren plazerrek eta minek suntsituta. Fresko historiko zoragarri eta koloretsu honek, Wagner kutsu nabariarekin, hugonoteen sarraskia irudikatzen du, San Bartolom\u00e9 gauean. Hala ere, Margot-en amaierako irudia da, agian, amorantearen buru gabeko gorpuari so eginez hutsik dagoen gela batean, zarrasta fisikoa Ch\u00e9reau-ren zineman beti intimo bilakatzen dela edertasun piktoriko handienarekin adierazten duena.<\/p>\r\n\r\n<p>Moli\u00e8re Sariak eta Cannes eta Berlineko zinemaldietako sariak ere jaso ditu eta horiek abalatu egiten dituzte Patrice Ch\u00e9reau-k antzerki, opera eta zinemako zuzendari gisako lanak eta noizbehinkako aktore, gidoilari edo ekoizle bezalako lanak uztartzetik lortutako emaitza onak. Ibilbide artistiko polifazetikoak eta aldakorrak. horrenbestez, izendatu u Berpizkundeko Gizakiaren ereduaren ordezkari garaikide legitimo eta duin.<\/p>\r\n\r\n<p><strong>Nekane E. Zubiaur<\/strong><br>\r\nIkertzaile irakaslea (UPV\/EHU)<\/p>\r\n\r\n<iframe loading=\"lazy\" width=\"560\" height=\"315\" src=\"https:\/\/www.youtube.com\/embed\/VDRV9qgbkjQ?controls=0\" title=\"YouTube video player\" frameborder=\"0\" allow=\"accelerometer; autoplay; clipboard-write; encrypted-media; gyroscope; picture-in-picture; web-share\" allowfullscreen><\/iframe>\r\n\r\n","protected":false},"excerpt":{"rendered":"<p>PATRICE CH\u00c9REAU. HEZUR-HARAGIKO ZINEMAGILEA Distantzia, boxeoan bezala, funtsezko faktoreenetariko bat da Patrice Ch\u00e9reau-ren zineman (L\u00e9zign\u00e9, Frantzia, 1944). Bere filmek, boxeoaren antzera, pertsonaiak haragikoitasun gordineko esperientzia fisiko bizien eraginpean ipintzen dituzte. Horietan, gorputzek gozatzea eta sufritzen dute eta azalek pasioa adina mina jariatzen dute. Bere karrera artistikoaren hastapenetatik antzerkira dedikatu dela, (\u00abama hizkuntzatzat\u00bb dauka antzerkia), berak [&hellip;]<\/p>\n","protected":false},"author":2,"featured_media":787,"parent":371,"menu_order":0,"comment_status":"closed","ping_status":"closed","template":"templates\/page-hero-mikeldi.php","meta":{"_acf_changed":false,"footnotes":""},"class_list":["post-8166","page","type-page","status-publish","has-post-thumbnail","hentry"],"acf":[],"_links":{"self":[{"href":"https:\/\/zinebi.eus\/eu\/wp-json\/wp\/v2\/pages\/8166","targetHints":{"allow":["GET"]}}],"collection":[{"href":"https:\/\/zinebi.eus\/eu\/wp-json\/wp\/v2\/pages"}],"about":[{"href":"https:\/\/zinebi.eus\/eu\/wp-json\/wp\/v2\/types\/page"}],"author":[{"embeddable":true,"href":"https:\/\/zinebi.eus\/eu\/wp-json\/wp\/v2\/users\/2"}],"replies":[{"embeddable":true,"href":"https:\/\/zinebi.eus\/eu\/wp-json\/wp\/v2\/comments?post=8166"}],"version-history":[{"count":4,"href":"https:\/\/zinebi.eus\/eu\/wp-json\/wp\/v2\/pages\/8166\/revisions"}],"predecessor-version":[{"id":19556,"href":"https:\/\/zinebi.eus\/eu\/wp-json\/wp\/v2\/pages\/8166\/revisions\/19556"}],"up":[{"embeddable":true,"href":"https:\/\/zinebi.eus\/eu\/wp-json\/wp\/v2\/pages\/371"}],"wp:featuredmedia":[{"embeddable":true,"href":"https:\/\/zinebi.eus\/eu\/wp-json\/wp\/v2\/media\/787"}],"wp:attachment":[{"href":"https:\/\/zinebi.eus\/eu\/wp-json\/wp\/v2\/media?parent=8166"}],"curies":[{"name":"wp","href":"https:\/\/api.w.org\/{rel}","templated":true}]}}